{"id":1362,"date":"2017-11-25T00:12:45","date_gmt":"2017-11-24T17:12:45","guid":{"rendered":"http:\/\/bodam.top\/?post_type=product&#038;p=1362"},"modified":"2024-11-07T09:28:58","modified_gmt":"2024-11-07T02:28:58","slug":"may-bo-dam-cam-tay-kenwood-tk-3207gs","status":"publish","type":"product","link":"https:\/\/bodamviet.com\/?product=may-bo-dam-cam-tay-kenwood-tk-3207gs","title":{"rendered":"B\u1ed9 \u0110\u00e0m Kenwood TK-3207GS"},"content":{"rendered":"<h2><span style=\"color: #ff0000;\">B\u1ed9 \u0110\u00e0m Kenwood TK-3207GS Gi\u00e1 R\u1ebb &#8211; Nh\u1ecf g\u1ecdn th\u00edch h\u1ee3p d\u00f9ng cho nh\u00e0 h\u00e0ng, spa<\/span><\/h2>\n<p>H\u01b0\u1edbng \u0111\u1ebfn ng\u01b0\u1eddi d\u00f9ng \u1edf nh\u1eefng c\u00f4ng vi\u1ec7c \u0111\u01a1n gi\u1ea3n nh\u01b0ng c\u1ea7n giao ti\u1ebfp nhi\u1ec1u v\u1edbi t\u1ea7n su\u1ea5t cao nh\u01b0 nh\u00e0 h\u00e0ng, kh\u00e1ch s\u1ea1n mini, si\u00eau th\u1ecb nh\u1ecf, <a href=\"https:\/\/bodamviet.com\/?product_cat=bo-dam-kenwood\">Kenwood<\/a> ra m\u1eaft th\u1ecb tr\u01b0\u1eddng d\u00f2ng m\u00e1y b\u1ed9 \u0111\u00e0m si\u00eau nh\u1ecf v\u1edbi kh\u1ea3 n\u0103ng li\u00ean l\u1ea1c c\u1ef1c t\u1ed1t, pin kh\u1ecfe, \u00e2m l\u01b0\u1ee3ng r\u00f5 r\u00e0ng k\u1ec3 c\u1ea3 trong nh\u1eefng m\u00f4i tr\u01b0\u1eddng nhi\u1ec1u ti\u1ebfng \u1ed3n &#8211; \u0110\u00f3 ch\u00ednh l\u00e0 l\u00fd do B\u1ed9 \u0111\u00e0m <strong>Kenwood TK-3207GS<\/strong> xu\u1ea5t hi\u1ec7n<\/p>\n<p><img loading=\"lazy\" decoding=\"async\" class=\"aligncenter wp-image-2633 size-full\" title=\"B\u1ed9 \u0110\u00e0m Kenwood TK-3207GS Gi\u00e1 T\u1ed1t Nh\u1ea5t | Bodamviet\" src=\"http:\/\/bodamviet.com\/wp-content\/uploads\/2017\/11\/bo-dam-nha-hang-7.jpg\" alt=\"B\u1ed9 \u0110\u00e0m Kenwood TK-3207GS Gi\u00e1 T\u1ed1t Nh\u1ea5t | Bodamviet\" width=\"846\" height=\"460\" srcset=\"https:\/\/bodamviet.com\/wp-content\/uploads\/2017\/11\/bo-dam-nha-hang-7.jpg 846w, https:\/\/bodamviet.com\/wp-content\/uploads\/2017\/11\/bo-dam-nha-hang-7-768x418.jpg 768w, https:\/\/bodamviet.com\/wp-content\/uploads\/2017\/11\/bo-dam-nha-hang-7-600x326.jpg 600w\" sizes=\"auto, (max-width: 846px) 100vw, 846px\" \/><\/p>\n<h4><span style=\"color: #ff0000;\">B\u1ed9 \u0111\u00e0m c\u1ea7m tay Kenwood TK-3207Gs nh\u1ecf g\u1ecdn, ti\u1ec7n l\u1ee3i<\/span><\/h4>\n<p>\u01afu th\u1ebf c\u1ee7a <strong>Kenwood TK-3207GS<\/strong> l\u00e0 k\u00edch th\u01b0\u1edbc nh\u1ecf, g\u1ecdn; \u0110\u01a1n gi\u1ea3n d\u1ec5 d\u00f9ng v\u1edbi t\u00ednh n\u0103ng \u0111\u01a1n gi\u1ea3n gi\u00fap cho ng\u01b0\u1eddi d\u00f9ng d\u1ec5 d\u00e0ng ki\u1ec3m so\u00e1t v\u00e0 thu\u1eadn ti\u1ec7n li\u00ean l\u1ea1c trong nh\u1eefng kh\u00f4ng gian v\u1eeba v\u00e0 nh\u1ecf k\u1ec3 c\u1ea3 \u1edf \u0111\u00f4 th\u1ecb hay ngo\u1ea1i th\u00e0nh, t\u1eeb nh\u00e0 h\u00e0ng \u0111\u1ebfn kh\u00e1ch s\u1ea1n.<\/p>\n<p>Qua m\u1ed9t cu\u1ed9c kh\u1ea3o s\u00e1t l\u1ea5y \u00ed ki\u1ebfn \u1edf m\u1ed9t s\u1ed1 h\u1ec7 th\u1ed1ng nh\u00e0 h\u00e0ng nh\u01b0 Lotte, BBQ&#8230; ph\u1ea3n h\u1ed3i t\u1eeb ph\u00eda ng\u01b0\u1eddi d\u00f9ng cho c\u1ea3m nh\u1eadn kh\u00e1 t\u1ed1t v\u1ec1 model TK 3207GS\u00a0M\u00e1y nh\u1ecf g\u1ecdn, nh\u00e2n vi\u00ean order d\u1ec5 d\u00e0ng \u0111eo tr\u00ean ng\u01b0\u1eddi ho\u1eb7c b\u1ecf t\u00fai m\u00e0 kh\u00f4ng g\u00e2y tr\u1edf ng\u1ea1i cho vi\u1ec7c di chuy\u1ec3n, b\u01b0ng b\u00ea \u0111\u1ed3 \u0103n u\u1ed1ng m\u00e0 v\u1eabn d\u1ec5 d\u00e0ng li\u00ean h\u1ec7 v\u1edbi c\u00e1c b\u1ed9 ph\u1eadn: B\u1ebfp, bar, b\u1ea3o v\u1ec7 \u0111\u1ec3 ph\u1ee5c v\u1ee5 kh\u00e1ch h\u00e0ng \u0111\u01b0\u1ee3c t\u1ed1t h\u01a1n v\u00e0 mang t\u00ednh chuy\u00ean nghi\u1ec7p cao<\/p>\n<p><img loading=\"lazy\" decoding=\"async\" class=\"aligncenter wp-image-2634 size-full\" title=\"B\u1ed9 \u0110\u00e0m Kenwood TK-3207GS Gi\u00e1 T\u1ed1t Nh\u1ea5t | Bodamviet\" src=\"http:\/\/bodamviet.com\/wp-content\/uploads\/2017\/11\/bo-dam-nha-hang.jpg\" alt=\"B\u1ed9 \u0110\u00e0m Kenwood TK-3207GS Gi\u00e1 T\u1ed1t Nh\u1ea5t | Bodamviet\" width=\"1200\" height=\"630\" srcset=\"https:\/\/bodamviet.com\/wp-content\/uploads\/2017\/11\/bo-dam-nha-hang.jpg 1200w, https:\/\/bodamviet.com\/wp-content\/uploads\/2017\/11\/bo-dam-nha-hang-768x403.jpg 768w, https:\/\/bodamviet.com\/wp-content\/uploads\/2017\/11\/bo-dam-nha-hang-600x315.jpg 600w\" sizes=\"auto, (max-width: 1200px) 100vw, 1200px\" \/><\/p>\n<h4><span style=\"color: #ff0000;\">B\u1ed9 \u0111\u00e0m d\u00f9ng cho nh\u00e0 h\u00e0ng Kenwood TK-3207GS<\/span><\/h4>\n<p>B\u1ed9 \u0111\u00e0m <strong>Kenwood TK-3207Gs<\/strong> tuy nh\u1ecf g\u1ecdn nh\u01b0ng v\u1eabn mang \u0111\u1ea7y \u0111\u1ee7 t\u00ednh n\u0103ng c\u1ee7a m\u1ed9t chi\u1ebfc b\u1ed9 \u0111\u00e0m \u0111\u00fang ngh\u0129a.\u00a0\u1ede c\u00f4ng su\u1ea5t ph\u00e1t 4W, v\u1ec1 m\u1eb7t l\u00fd thuy\u1ebft &#8211; c\u1ef1 ly li\u00ean l\u1ea1c c\u1ee7a <strong>Kenwood TK-3207Gs<\/strong> \u0111\u1ea1t t\u1eeb 1-3km t\u00f9y theo \u0111i\u1ec1u ki\u1ec7n tr\u1ed1ng tho\u00e1ng hay ph\u1ee9c t\u1ea1p c\u1ee7a \u0111\u1ecba h\u00ecnh.<\/p>\n<p>V\u1edbi t\u00f2a nh\u00e0 cao t\u1ea7ng, <strong>Kenwood TK-3207Gs<\/strong> c\u00f3 th\u1ec3 li\u00ean l\u1ea1c t\u1ed1t trong ph\u1ea1m vi t\u1eeb 10-15 t\u1ea7ng t\u00f9y k\u1ebft c\u1ea5u t\u00f2a nh\u00e0; Loa c\u1ee7a Kenwood 3207GS cho \u00e2m thanh r\u00f5 r\u00e0ng, s\u1eafc n\u00e9t gi\u00fap ng\u01b0\u1eddi nghe n\u1eafm b\u1eaft th\u00f4ng tin \u0111\u1ea7y \u0111\u1ee7, m\u1ea1ch l\u1ea1c<\/p>\n<p><img loading=\"lazy\" decoding=\"async\" class=\"aligncenter wp-image-2635 size-full\" title=\"B\u1ed9 \u0110\u00e0m Kenwood TK-3207GS Gi\u00e1 T\u1ed1t Nh\u1ea5t | Bodamviet\" src=\"http:\/\/bodamviet.com\/wp-content\/uploads\/2017\/11\/bo-dam-nha-hang-4.jpg\" alt=\"B\u1ed9 \u0110\u00e0m Kenwood TK-3207GS Gi\u00e1 T\u1ed1t Nh\u1ea5t | Bodamviet\" width=\"650\" height=\"342\" srcset=\"https:\/\/bodamviet.com\/wp-content\/uploads\/2017\/11\/bo-dam-nha-hang-4.jpg 650w, https:\/\/bodamviet.com\/wp-content\/uploads\/2017\/11\/bo-dam-nha-hang-4-600x316.jpg 600w\" sizes=\"auto, (max-width: 650px) 100vw, 650px\" \/><\/p>\n<p>B\u1ed9 \u0111\u00e0m <strong>Kenwood TK-3207Gs<\/strong> l\u00e0 s\u1ef1 l\u1ef1a ch\u1ecdn kh\u00f4n ngoan v\u00e0 tinh t\u1ebf c\u1ee7a c\u00e1c nh\u00e0 h\u00e0ng, kh\u00e1ch s\u1ea1n c\u00f3 quy m\u00f4 v\u1eeba v\u00e0 nh\u1ecf v\u1edbi k\u1ebft n\u1ed1i ho\u00e0n h\u1ea3o cho c\u00f4ng vi\u1ec7c tr\u00f4i ch\u1ea3y. B\u1ed9 \u0111\u00e0m Kenwood n\u00e0y mang l\u1ea1i si\u1ec7u su\u1ea5t lao \u0111\u1ed9ng cao nh\u1ea5t.<\/p>\n<h3><span style=\"color: #ff0000;\">B\u1ed9 \u0111\u00e0m Kenwood TK-3208GS Gi\u00e1 R\u1ebb Nh\u1ea5t t\u1ea1i Bodamviet<\/span><\/h3>\n<p><strong>TH\u00d4NG TIN LI\u00caN H\u1ec6<\/strong><\/p>\n<ul>\n<li>H\u00e3y ch\u00e1t ngay v\u1edbi nh\u00e2n vi\u00ean online c\u1ee7a <a href=\"https:\/\/www.facebook.com\/bodamvietcom\">ch\u00fang t\u00f4i<\/a> t\u1eeb 8h00 t\u1edbi 19h t\u1ed1i \u0111\u1ec3 \u0111\u01b0\u1ee3c gi\u1ea3i \u0111\u00e1p mi\u1ec5n ph\u00ed c\u00e1c c\u00e2u h\u1ecfi th\u01b0\u1eddng g\u1eb7p.<\/li>\n<li>Hotline: 098 809 8828\u00a0 \/\u00a0 094 987 7728<\/li>\n<li>Website:\u00a0<a href=\"https:\/\/bodamviet.com\/\">https:\/\/bodamviet.com<\/a><\/li>\n<li>\u0110\u1ecba Ch\u1ec9: 184 \u0110. Nguy\u1ec5n Tu\u00e2n, Thanh Xu\u00e2n Trung, Thanh Xu\u00e2n, H\u00e0 N\u1ed9i<\/li>\n<li>Gi\u1edd m\u1edf c\u1eeda : 8h00 \u2013 22h00 H\u00e0ng ng\u00e0y \u2013 ( L\u00e0m c\u1ea3 Th\u1ee9 7 &amp; CN)<\/li>\n<\/ul>\n","protected":false},"excerpt":{"rendered":"<p>B\u1ed9 \u0111\u00e0m c\u1ea7m tay Kenwood TK-3207GS Gi\u00e1 R\u1ebb th\u00edch h\u1ee3p d\u00f9ng cho nh\u00e0 h\u00e0ng, qu\u00e1n bar, coffe ho\u1eb7c nh\u00e0 h\u00e0ng c\u00f3 di\u1ec7n t\u00edch kho\u1ea3ng 1000 \u2013 3000m vu\u00f4ng<\/p>\n<p>B\u1ed9 \u0110\u00e0m Kenwod TK-3207GS <strong>Nh\u1ecf \u2013 G\u1ecdn \u2013 Nh\u1eb9<\/strong>\u00a0d\u1ec5 d\u00e0ng s\u1eed d\u1ee5ng v\u00e0 thay th\u1ebf linh ki\u1ec7n.<\/p>\n<p>TK-3207GS: Kho\u1ea3ng c\u00e1ch li\u00ean l\u1ea1c 1 \u2013 3km T\u00f9y tr\u1ed1ng tho\u00e1ng; 5-20 t\u1ea7ng. Pin d\u00f9ng 15h<\/p>\n<p>S\u1ea3n xu\u1ea5t T\u1ea1i China; B\u1ea3o h\u00e0nh 24 th\u00e1ng th\u00e2n m\u00e1y; 06 th\u00e1ng pin x\u1ea1c<\/p>\n","protected":false},"featured_media":2636,"comment_status":"open","ping_status":"closed","template":"","meta":[],"product_cat":[451,437,412,418],"product_tag":[],"class_list":{"0":"post-1362","1":"product","2":"type-product","3":"status-publish","4":"has-post-thumbnail","6":"product_cat-bo-dam-gia-re","7":"product_cat-bo-dam-kenwood","8":"product_cat-bo-dam-nha-hang","9":"product_cat-bo-dam-mini","11":"first","12":"instock","13":"sale","14":"shipping-taxable","15":"purchasable","16":"product-type-simple"},"_links":{"self":[{"href":"https:\/\/bodamviet.com\/index.php?rest_route=\/wp\/v2\/product\/1362","targetHints":{"allow":["GET"]}}],"collection":[{"href":"https:\/\/bodamviet.com\/index.php?rest_route=\/wp\/v2\/product"}],"about":[{"href":"https:\/\/bodamviet.com\/index.php?rest_route=\/wp\/v2\/types\/product"}],"replies":[{"embeddable":true,"href":"https:\/\/bodamviet.com\/index.php?rest_route=%2Fwp%2Fv2%2Fcomments&post=1362"}],"wp:featuredmedia":[{"embeddable":true,"href":"https:\/\/bodamviet.com\/index.php?rest_route=\/wp\/v2\/media\/2636"}],"wp:attachment":[{"href":"https:\/\/bodamviet.com\/index.php?rest_route=%2Fwp%2Fv2%2Fmedia&parent=1362"}],"wp:term":[{"taxonomy":"product_cat","embeddable":true,"href":"https:\/\/bodamviet.com\/index.php?rest_route=%2Fwp%2Fv2%2Fproduct_cat&post=1362"},{"taxonomy":"product_tag","embeddable":true,"href":"https:\/\/bodamviet.com\/index.php?rest_route=%2Fwp%2Fv2%2Fproduct_tag&post=1362"}],"curies":[{"name":"wp","href":"https:\/\/api.w.org\/{rel}","templated":true}]}}