{"id":1489,"date":"2018-06-21T06:25:18","date_gmt":"2018-06-20T23:25:18","guid":{"rendered":"http:\/\/bodam.top\/?post_type=product&#038;p=1489"},"modified":"2024-11-08T15:19:42","modified_gmt":"2024-11-08T08:19:42","slug":"bo-dam-kenwood-tk-520s","status":"publish","type":"product","link":"https:\/\/bodamviet.com\/?product=bo-dam-kenwood-tk-520s","title":{"rendered":"B\u1ed9 \u0110\u00e0m Kenwood TK-520S"},"content":{"rendered":"<h2><span style=\"color: #ff0000;\">B\u1ed9 \u0110\u00e0m Kenwood TK-520S Gi\u00e1 R\u1ebb<\/span><\/h2>\n<p>_ N\u1ebfu b\u1ea1n \u0111ang c\u1ea3m th\u1ea5y m\u1ec7t khi ph\u1ea3i c\u1ea7m tay s\u1eed d\u1ee5ng li\u00ean t\u1ee5c nh\u1eefng m\u1eabu\u00a0b\u1ed9 \u0111\u00e0m\u00a0truy\u1ec1n th\u1ed1ng v\u1edbi k\u00edch th\u01b0\u1edbc l\u1edbn v\u00e0 n\u1eb7ng th\u00ec\u00a0B\u1ed9 \u0111\u00e0m c\u1ea7m tay <a href=\"http:\/\/bodamviet.com\" target=\"_blank\" rel=\"noopener\">Kenwood<\/a> TK 520S\u00a0ch\u00ednh l\u00e0 s\u1ef1 l\u1ef1a ch\u1ecdn s\u1ed1 m\u1ed9t c\u1ee7a b\u1ea1n. S\u1ea3n ph\u1ea9m\u00a0r\u1ea5t th\u00e2n thi\u1ec7n v\u00e0 d\u1ec5 s\u1eed d\u1ee5ng v\u1edbi nh\u1eefng t\u00ednh n\u0103ng\u00a0\u0111\u01a1n gi\u1ea3n, an to\u00e0n v\u00e0 b\u1ec1n b\u1ec9. \u0110\u00e2y \u0111\u00edch th\u1ecb l\u00e0 nh\u1eefng gi\u00e1 tr\u1ecb m\u00e0 nh\u00e0 s\u1ea3n xu\u1ea5t mu\u1ed1n h\u01b0\u1edbng t\u1edbi ng\u01b0\u1eddi d\u00f9ng, mang t\u00ednh nh\u00e2n v\u0103n m\u00e0 kh\u00f4ng c\u1ea7n m\u00e0u m\u00e8 ho\u1eb7c ph\u00f4 tr\u01b0\u01a1ng th\u00e1i qu\u00e1.<\/p>\n<p>_ B\u1ed9 \u0111\u00e0m c\u1ea7m tay Kenwood TK 520S\u00a0\u0111\u01b0\u1ee3c thi\u1ebft k\u1ebf \u0111\u1ea3m b\u1ea3o v\u1ec1 hi\u1ec7u n\u0103ng ho\u1ea1t \u0111\u1ed9ng tuy\u1ec7t \u0111\u1ed1i trong m\u1ecdi \u0111i\u1ec1u ki\u1ec7n v\u00e0\u00a0\u0111\u00e1p \u1ee9ng \u0111\u1ea7y \u0111\u1ee7 c\u00e1c ti\u00eau chu\u1ea9n qu\u00e2n s\u1ef1 M\u1ef9 MIL-STD 810 C\/D\/E v\u1ec1 ch\u1ed1ng va \u0111\u1eadp, rung, \u0111\u1ed9 \u1ea9m, b\u1ee5i v\u00e0 m\u01b0a nh\u1ecf. V\u1edbi khung b\u1eb1ng nh\u00f4m \u0111\u00fac, v\u1ecf thi\u1ebft k\u1ebf\u00a0v\u1edbi c\u00e1c mi\u1ebfng \u0111\u1ec7m, b\u1ed9 n\u1ed1i \u0103ngten SMA khi\u1ebfn cho m\u00e1y\u00a0b\u1ed9 \u0111\u00e0m c\u1ea7m tay\u00a0n\u00e0y r\u1eafn ch\u1eafc kh\u00e1c th\u01b0\u1eddng ..mang l\u1ea1i s\u1ef1 tin c\u1eady trong nhi\u1ec1u n\u0103m \u0111\u1ed1i v\u1edbi ng\u01b0\u1eddi s\u1eed d\u1ee5ng.<\/p>\n<p><img loading=\"lazy\" decoding=\"async\" class=\"aligncenter wp-image-2067 size-full\" title=\"B\u1ed9 \u0110\u00e0m Kenwood TK-520S Gi\u00e1 R\u1ebb | Bodamviet.com\" src=\"http:\/\/bodamviet.com\/wp-content\/uploads\/2018\/06\/dung-bo-dam-4.jpg\" alt=\"B\u1ed9 \u0110\u00e0m Kenwood TK-520S Gi\u00e1 R\u1ebb | Bodamviet.com\" width=\"600\" height=\"399\" \/><\/p>\n<p>&nbsp;<\/p>\n<p>_ V\u00ec &#8220;sinh sau \u0111\u1ebb mu\u1ed9n&#8221; n\u00eanB\u1ed9 \u0111\u00e0m c\u1ea7m tay Kenwood TK 520S\u00a0k\u1ebf th\u1eeba h\u1ea7u h\u1ebft nh\u1eefng t\u00ednh n\u0103ng ho\u00e0n h\u1ea3o c\u1ee7a th\u1ebf h\u1ec7 \u0111\u00e0n anh \u0111i tr\u01b0\u1edbc:\u00a0<a href=\"http:\/\/fb.com\/bodamvietcom\" target=\"_blank\" rel=\"noopener\">B\u1ed9 \u0111\u00e0m<\/a>\u00a0Kenwood TK 2207,\u00a0B\u1ed9 \u0111\u00e0m\u00a0Kenwood TK 3207,\u00a0&#8211; h\u01b0\u1edbng \u0111\u1ebfn d\u00f2ng s\u1ea3n ph\u1ea9m \u0111\u01a1n gi\u1ea3n nh\u01b0ng mang l\u1ea1i gi\u00e1 tr\u1ecb s\u1eed d\u1ee5ng l\u00e2u d\u00e0i v\u00e0 hi\u1ec7u qu\u1ea3 kinh t\u1ebf cao<\/p>\n<p>_ M\u1ed9t \u0111i\u1ec3m c\u1ed9ng cho\u00a0&#8211;\u00a0s\u1ea3n ph\u1ea9m n\u00e0y\u00a0n\u1eefa \u0111\u00f3 l\u00e0 Pin KNB 41 &#8211; Li-ion l\u00e0 d\u00f2ng pin \u0111\u01b0\u1ee3c s\u1ea3n xu\u1ea5t tr\u00ean n\u1ec1n t\u1ea3ng c\u00f4ng ngh\u1ec7 s\u1ea3n xu\u1ea5t pin \u0111i\u1ec7n tho\u1ea1i di \u0111\u1ed9ng &#8211; n\u00ean Pin c\u1ee7a m\u00e1y tr\u1edf n\u00ean nh\u1eb9 h\u01a1n, m\u1ecfng h\u01a1n, \u00cdt b\u1ecb chai pin h\u01a1n &#8211; v\u00e0 quan tr\u1ecdng nh\u1ea5t l\u00e0 th\u1eddi gian \u0111\u00e0m tho\u1ea1i \u0111\u01b0\u1ee3c nhi\u1ec1u h\u01a1n. V\u1edbi c\u00f4ng su\u1ea5t 7.4V\/ 2500mAh b\u1ea1n ho\u00e0n to\u00e0n c\u00f3 th\u1ec3 y\u00ean t\u00e2m s\u1eed d\u1ee5ng trong th\u1eddi gian l\u00ean \u0111\u1ebfn 36h li\u00ean t\u1ee5c. \u0110\u00e2y ch\u00ednh l\u00e0 gi\u00e1 tr\u1ecb gia t\u0103ng &#8211; t\u1eb7ng th\u00eam cho b\u1ea1n.<\/p>\n<p><img loading=\"lazy\" decoding=\"async\" class=\"aligncenter wp-image-2065 size-full\" title=\"B\u1ed9 \u0110\u00e0m Kenwood TK-520S Gi\u00e1 R\u1ebb | Bodamviet.com\" src=\"http:\/\/bodamviet.com\/wp-content\/uploads\/2018\/06\/dung-bo-dam-2.jpg\" alt=\"B\u1ed9 \u0110\u00e0m Kenwood TK-520S Gi\u00e1 R\u1ebb | Bodamviet.com\" width=\"960\" height=\"300\" srcset=\"https:\/\/bodamviet.com\/wp-content\/uploads\/2018\/06\/dung-bo-dam-2.jpg 960w, https:\/\/bodamviet.com\/wp-content\/uploads\/2018\/06\/dung-bo-dam-2-600x188.jpg 600w, https:\/\/bodamviet.com\/wp-content\/uploads\/2018\/06\/dung-bo-dam-2-768x240.jpg 768w\" sizes=\"auto, (max-width: 960px) 100vw, 960px\" \/><\/p>\n<p>&nbsp;<\/p>\n<p>_ V\u1edbi \u0111\u1ea7u n\u1ed1i anten th\u00f4ng minh ch\u1ed1ng l\u1ea1i nh\u1eefng t\u00e1c \u0111\u1ed9ng m\u1ea1nh, m\u00e1y c\u00f3 th\u1ec3\u00a0ho\u1ea1t \u0111\u1ed9ng l\u00e2u d\u00e0i v\u00e0 c\u00f3 t\u00ednh\u00a0\u1ed5n \u0111\u1ecbnh cao. V\u00ec v\u1eady\u00a0B\u1ed9 \u0111\u00e0m c\u1ea7m tay Kenwood TK 520S\u00a0r\u1ea5t th\u00edch h\u1ee3p s\u1eed\u00a0d\u1ee5ng trong c\u00e1c m\u00f4i tr\u01b0\u1eddng nhi\u1ec1u b\u1ee5i, d\u1ec5\u00a0va ch\u1ea1m nh\u01b0\u00a0C\u00f4ng Tr\u00ecnh X\u00e2y D\u1ef1ng, Nh\u00e0 M\u00e1y, Kho B\u00e3i, Nh\u00e0 h\u00e0ng, kh\u00e1ch s\u1ea1n, qu\u00e1n bia&#8230;<\/p>\n<p><strong>TH\u00d4NG TIN LI\u00caN H\u1ec6<\/strong><\/p>\n<ul>\n<li>H\u00e3y ch\u00e1t ngay v\u1edbi nh\u00e2n vi\u00ean online c\u1ee7a ch\u00fang t\u00f4i t\u1eeb 8h00 t\u1edbi 19h t\u1ed1i \u0111\u1ec3 \u0111\u01b0\u1ee3c gi\u1ea3i \u0111\u00e1p mi\u1ec5n ph\u00ed c\u00e1c c\u00e2u h\u1ecfi th\u01b0\u1eddng g\u1eb7p.<\/li>\n<li>Hotline: 098 809 8828 \/ 094 987 7728<\/li>\n<li>Website:\u00a0<a href=\"https:\/\/bodamviet.com\/\">https:\/\/bodamviet.com<\/a><\/li>\n<li>\u0110\u1ecba Ch\u1ec9: 184 \u0110. Nguy\u1ec5n Tu\u00e2n, Thanh Xu\u00e2n Trung, Thanh Xu\u00e2n, H\u00e0 N\u1ed9i<\/li>\n<li>Gi\u1edd m\u1edf c\u1eeda : 8h00 \u2013 22h00 H\u00e0ng ng\u00e0y \u2013 ( L\u00e0m c\u1ea3 Th\u1ee9 7 &amp; CN)<\/li>\n<\/ul>\n<p>&nbsp;<\/p>\n","protected":false},"excerpt":{"rendered":"<p>B\u1ed9 \u0111\u00e0m c\u1ea7m tay Kenwood TK-520S <strong>Nh\u1ecf \u2013 G\u1ecdn \u2013 Nh\u1eb9<\/strong>\u00a0d\u1ec5 d\u00e0ng s\u1eed d\u1ee5ng v\u00e0 thay th\u1ebf linh ki\u1ec7n.Gi\u00e1 R\u1ebb th\u00edch h\u1ee3p d\u00f9ng cho nh\u00e0 h\u00e0ng, qu\u00e1n bar, coffe.<\/p>\n<p>TK-520S: Kho\u1ea3ng c\u00e1ch li\u00ean l\u1ea1c 1 \u2013 2km T\u00f9y tr\u1ed1ng tho\u00e1ng; 5-15 t\u1ea7ng. Pin d\u00f9ng 10h<\/p>\n<p>S\u1ea3n xu\u1ea5t T\u1ea1i China; B\u1ea3o h\u00e0nh 12 th\u00e1ng th\u00e2n m\u00e1y; 03 th\u00e1ng pin x\u1ea1c<\/p>\n","protected":false},"featured_media":1679,"comment_status":"open","ping_status":"closed","template":"","meta":[],"product_cat":[451,437],"product_tag":[],"class_list":{"0":"post-1489","1":"product","2":"type-product","3":"status-publish","4":"has-post-thumbnail","6":"product_cat-bo-dam-gia-re","7":"product_cat-bo-dam-kenwood","9":"first","10":"instock","11":"sale","12":"shipping-taxable","13":"purchasable","14":"product-type-simple"},"_links":{"self":[{"href":"https:\/\/bodamviet.com\/index.php?rest_route=\/wp\/v2\/product\/1489","targetHints":{"allow":["GET"]}}],"collection":[{"href":"https:\/\/bodamviet.com\/index.php?rest_route=\/wp\/v2\/product"}],"about":[{"href":"https:\/\/bodamviet.com\/index.php?rest_route=\/wp\/v2\/types\/product"}],"replies":[{"embeddable":true,"href":"https:\/\/bodamviet.com\/index.php?rest_route=%2Fwp%2Fv2%2Fcomments&post=1489"}],"wp:featuredmedia":[{"embeddable":true,"href":"https:\/\/bodamviet.com\/index.php?rest_route=\/wp\/v2\/media\/1679"}],"wp:attachment":[{"href":"https:\/\/bodamviet.com\/index.php?rest_route=%2Fwp%2Fv2%2Fmedia&parent=1489"}],"wp:term":[{"taxonomy":"product_cat","embeddable":true,"href":"https:\/\/bodamviet.com\/index.php?rest_route=%2Fwp%2Fv2%2Fproduct_cat&post=1489"},{"taxonomy":"product_tag","embeddable":true,"href":"https:\/\/bodamviet.com\/index.php?rest_route=%2Fwp%2Fv2%2Fproduct_tag&post=1489"}],"curies":[{"name":"wp","href":"https:\/\/api.w.org\/{rel}","templated":true}]}}