{"id":1491,"date":"2018-06-21T06:37:24","date_gmt":"2018-06-20T23:37:24","guid":{"rendered":"http:\/\/bodam.top\/?post_type=product&#038;p=1491"},"modified":"2024-11-07T09:35:15","modified_gmt":"2024-11-07T02:35:15","slug":"bo-dam-cam-tay-kenwood-tk-3320","status":"publish","type":"product","link":"https:\/\/bodamviet.com\/?product=bo-dam-cam-tay-kenwood-tk-3320","title":{"rendered":"B\u1ed9 \u0110\u00e0m Kenwood TK-3320"},"content":{"rendered":"<h2><span style=\"color: #ff0000;\">B\u1ed9 \u0110\u00e0m Kenwood TK-3320 Gi\u00e1 R\u1ebb<\/span><\/h2>\n<p><strong>Kenwood TK-3320 <\/strong>l\u00e0 chi\u1ebfc b\u1ed9 \u0111\u00e0m t\u1ea7m xa m\u1edbi c\u1ee7a <a href=\"https:\/\/bodamviet.com\/bo-dam-kenwood\/\" target=\"_blank\" rel=\"noopener\">h\u00e3ng b\u1ed9 \u0111\u00e0m Kenwood<\/a>, \u0111\u01b0\u1ee3c nh\u00e0 s\u1ea3n su\u1ea5t \u0111\u01b0a ra th\u1ecb tr\u01b0\u1eddng v\u00e0o \u0111\u1ea7u th\u00e1ng 6\/2015. V\u1edbi d\u00e3y t\u1ea7m UHF t\u1edbi 450 \u2013 520MHz, gi\u00fap thi\u1ebft b\u1ecb c\u00f3 th\u1ec3 \u0111\u1ea1t m\u1ed9t t\u1ea7m cao m\u1edbi, c\u00f3 th\u1ec3 nghe g\u1ecdi cho nhau t\u1edbi 35 \u0111\u1ebfn 40 t\u1ea7ng. Tr\u01b0\u1edbc \u0111\u00e2y kenwood ch\u1ec9 t\u00edch h\u1ee3p cho \u0111\u00e0m g\u1ecdi \u1edf m\u00f4i tr\u01b0\u1eddng n\u1ed9i th\u00e0nh t\u1eeb 1 \u0111\u1ebfn 2 km, th\u00ec nay v\u1edbi b\u1ed9 \u0111\u00e0m c\u00f3 kho\u1ea3ng c\u00e1ch xa \u0111ang k\u1ec3 l\u00ean t\u1edbi 2 \u0111\u1ebfn 3km trong n\u1ed9i th\u00e0nh, t\u1ea5t nhi\u00ean \u1edf ngo\u1ea1i th\u00e0nh v\u00e0 m\u00f4i tr\u01b0\u1eddng l\u00fd t\u01b0\u1edfng c\u0169ng c\u00f3 m\u1ee9c xa \u0111\u1ea1t t\u1edbi k\u1ef7 l\u1ee5c.<\/p>\n<p><img loading=\"lazy\" decoding=\"async\" class=\"aligncenter wp-image-2097 size-full\" title=\"B\u1ed9 \u0110\u00e0m Kenwood TK-3320 Gi\u00e1 R\u1ebb Nh\u1ea5t | Bodamviet\" src=\"http:\/\/bodamviet.com\/wp-content\/uploads\/2018\/06\/ung-dung-bo-dam02.jpg\" alt=\"B\u1ed9 \u0110\u00e0m Kenwood TK-3320 Gi\u00e1 R\u1ebb Nh\u1ea5t | Bodamviet\" width=\"800\" height=\"531\" srcset=\"https:\/\/bodamviet.com\/wp-content\/uploads\/2018\/06\/ung-dung-bo-dam02.jpg 800w, https:\/\/bodamviet.com\/wp-content\/uploads\/2018\/06\/ung-dung-bo-dam02-600x398.jpg 600w, https:\/\/bodamviet.com\/wp-content\/uploads\/2018\/06\/ung-dung-bo-dam02-768x510.jpg 768w\" sizes=\"auto, (max-width: 800px) 100vw, 800px\" \/><\/p>\n<h4><span style=\"color: #ff0000;\">\u0110\u1eb7c \u0111i\u1ec3m, t\u00ednh n\u0103ng Kenwood TK-3320<\/span><\/h4>\n<p>M\u00e1y <strong>Kenwood TK-3320<\/strong> thi\u1ebft k\u1ebf thon, m\u1ecfng kh\u00f4ng kh\u00e1c g\u00ec m\u1ed9t chi\u1ebfc \u0111i\u1ec7n tho\u1ea1i di \u0111\u1ed9ng, r\u1eafn ch\u1eafc \u0111\u00e1p \u1ee9ng c\u00e1c ti\u00eau chu\u1ea9n qu\u00e2n s\u1ef1 m\u1ef9 MIL-STD 810 C\/D\/E\/F, v\u1edbi hi\u1ec7u xu\u1ea5t l\u00e0m vi\u1ec7c \u1ed5n \u0111\u1ecbnh. S\u1ea3n ph\u1ea9m l\u00e0 s\u1ef1 l\u1ef1a ch\u1ecdn ho\u00e0n h\u1ea3o cho c\u00f4ng vi\u1ec7c an ninh gi\u00e1m s\u00e1t.\u00a0\u00a0M\u00e1y b\u1ed9 \u0111\u00e0m Kenwood n\u00e0y c\u00f3 th\u1ec3 ch\u1ecbu \u0111\u01b0\u1ee3c c\u00e1c va \u0111\u1eadp m\u1ea1nh, khi m\u00e1y b\u1ecb \u0111\u00e1nh r\u01a1i v\u00e0 t\u1ea5t c\u1ea3 c\u00e1c \u0111i\u1ec1u ki\u1ec7n m\u00f4i tr\u01b0\u1eddng l\u00e0m vi\u1ec7c kh\u00e1c nhau. N\u00f3 ho\u00e0n to\u00e0n \u0111\u00e1p \u1ee9ng ti\u00eau chu\u1ea9n ch\u1ed1ng b\u1ee5i v\u00e0 n\u01b0\u1edbc IP54 c\u0169ng nh\u01b0 ti\u00eau chu\u1ea9n qu\u00e2n s\u1ef1 M\u1ef9 MIL-STD 810 C, D, E, F v\u00e0 ti\u00eau chu\u1ea9n m\u00f4i tr\u01b0\u1eddng G.<\/p>\n<p><img loading=\"lazy\" decoding=\"async\" class=\"aligncenter wp-image-2099 size-full\" title=\"B\u1ed9 \u0110\u00e0m Kenwood TK-3320 Gi\u00e1 R\u1ebb Nh\u1ea5t | Bodamviet\" src=\"http:\/\/bodamviet.com\/wp-content\/uploads\/2018\/06\/ung-dung-bo-dam03.jpg\" alt=\"B\u1ed9 \u0110\u00e0m Kenwood TK-3320 Gi\u00e1 R\u1ebb Nh\u1ea5t | Bodamviet\" width=\"1000\" height=\"400\" srcset=\"https:\/\/bodamviet.com\/wp-content\/uploads\/2018\/06\/ung-dung-bo-dam03.jpg 1000w, https:\/\/bodamviet.com\/wp-content\/uploads\/2018\/06\/ung-dung-bo-dam03-600x240.jpg 600w, https:\/\/bodamviet.com\/wp-content\/uploads\/2018\/06\/ung-dung-bo-dam03-768x307.jpg 768w\" sizes=\"auto, (max-width: 1000px) 100vw, 1000px\" \/><\/p>\n<p>\u2013 Nh\u1ecf g\u1ecdn v\u00e0 r\u1ea5t nh\u1eb9\u00a0:\u00a0<a href=\"http:\/\/fb.com\/bodamvietcom\" target=\"_blank\" rel=\"noopener\">B\u1ed9 \u0111\u00e0m<\/a> <strong>Kenwood TK-3320<\/strong> \u00a0\u0111\u01b0\u1ee3c thi\u1ebft k\u1ebf nh\u1ecf g\u1ecdn nh\u01b0 1 chi\u1ebfc \u0111i\u1ec7n tho\u1ea1i di \u0111\u1ed9ng, ch\u1ec9 n\u1eb7ng 360g c\u00f3 th\u1ec3 c\u1ea7m g\u1ecdn trong l\u00f2ng b\u00e0n tay hay \u0111eo \u1edf th\u1eaft l\u01b0ng ho\u1eb7c b\u1ecf v\u00e0o t\u00fai m\u00e0 kh\u00f4ng c\u1ea3m th\u1ea5y b\u1ea5t ti\u1ec7n khi mang ch\u00fang \u0111i b\u1ea5t k\u1ef3 \u0111\u00e2u.<\/p>\n<h4><span style=\"color: #ff0000;\">C\u00f4ng su\u1ea5t c\u1ee7a b\u1ed9 \u0111\u00e0m Kenwood TK-3320<\/span><\/h4>\n<p><strong>B\u1ed9 \u0111\u00e0m kenwood TK-3320<\/strong> s\u1eed d\u1ee5ng b\u0103ng t\u1ea7n UHF cho c\u00f4ng su\u1ea5t ph\u00e1t t\u1edbi 10w cho ph\u1ea1m vi ho\u1ea1t \u0111\u1ed9ng 1 \u2013 5 km ( t\u00f9y v\u00e0o \u0111i\u1ec1u ki\u1ec7n \u0111\u1ecba h\u00ecnh c\u00f3 v\u1eadt c\u1ea3n s\u1ebd cho kho\u1ea3ng c\u00e1ch li\u00ean l\u1ea1c kh\u00e1c nhau) cho cu\u1ed9c \u0111\u00e0m tho\u1ea1i v\u1eabn r\u00f5 n\u00e9t.<\/p>\n<p><img loading=\"lazy\" decoding=\"async\" class=\"aligncenter wp-image-2101 size-full\" title=\"B\u1ed9 \u0110\u00e0m Kenwood TK-3320 Gi\u00e1 R\u1ebb Nh\u1ea5t | Bodamviet\" src=\"http:\/\/bodamviet.com\/wp-content\/uploads\/2018\/06\/ung-dung-bo-dam04.jpg\" alt=\"B\u1ed9 \u0110\u00e0m Kenwood TK-3320 Gi\u00e1 R\u1ebb Nh\u1ea5t | Bodamviet\" width=\"1000\" height=\"750\" srcset=\"https:\/\/bodamviet.com\/wp-content\/uploads\/2018\/06\/ung-dung-bo-dam04.jpg 1000w, https:\/\/bodamviet.com\/wp-content\/uploads\/2018\/06\/ung-dung-bo-dam04-600x450.jpg 600w, https:\/\/bodamviet.com\/wp-content\/uploads\/2018\/06\/ung-dung-bo-dam04-768x576.jpg 768w\" sizes=\"auto, (max-width: 1000px) 100vw, 1000px\" \/><\/p>\n<h4><span style=\"color: #ff0000;\"><b>Th\u00f4ng s\u1ed1 k\u1ef9 thu\u1eadt c\u1ee7a B\u1ed9 \u0111\u00e0m c\u1ea7m tay Kenwood TK-3320<\/b><\/span><\/h4>\n<p>-S\u1ed1 k\u00eanh li\u00ean l\u1ea1c: 16 k\u00eanh<\/p>\n<p>-K\u00edch th\u01b0\u1edbc ( r\u1ed9ng x cao x s\u00e2u ): 64 x 121 x 48.5 mm.<\/p>\n<p>-D\u00e3y t\u1ea7n:UHF 400-520MHz<\/p>\n<p>-C\u00f4ng su\u1ea5t ph\u00e1t : 10W , Tr\u1ecdng l\u01b0\u1ee3ng : 360g.<\/p>\n<p>-C\u1ef1 ly li\u00ean l\u1ea1c: N\u1ed9i th\u00e0nh 1 \u2013 2 Km, Ngo\u1ea1i th\u00e0nh 2 \u2013 4 Km<\/p>\n<p>-S\u1eed d\u1ee5ng c\u00f4ng ngh\u1ec7 pin li-ion cho ph\u00e9p s\u1ea1c nh\u1ed3i.<\/p>\n<p>-Dung l\u01b0\u1ee3ng pin cao 4000mAh d\u00f9ng li\u00ean t\u1ee5c 36 gi\u1edd.<\/p>\n<p>-S\u1eed d\u1ee5ng b\u1ed9 s\u1ea1c 12V-500mAh<\/p>\n<p><strong>TH\u00d4NG TIN LI\u00caN H\u1ec6<\/strong><\/p>\n<ul>\n<li>H\u00e3y ch\u00e1t ngay v\u1edbi nh\u00e2n vi\u00ean online c\u1ee7a ch\u00fang t\u00f4i t\u1eeb 8h00 t\u1edbi 19h t\u1ed1i \u0111\u1ec3 \u0111\u01b0\u1ee3c gi\u1ea3i \u0111\u00e1p mi\u1ec5n ph\u00ed c\u00e1c c\u00e2u h\u1ecfi th\u01b0\u1eddng g\u1eb7p.<\/li>\n<li>Hotline: 098 809 8828\u00a0 \/\u00a0 094 987 7728<\/li>\n<li>Website:\u00a0<a href=\"https:\/\/bodamviet.com\/\">https:\/\/bodamviet.com<\/a><\/li>\n<li>\u0110\u1ecba Ch\u1ec9: 184 \u0110. Nguy\u1ec5n Tu\u00e2n, Thanh Xu\u00e2n Trung, Thanh Xu\u00e2n, H\u00e0 N\u1ed9i<\/li>\n<li>Gi\u1edd m\u1edf c\u1eeda : 8h00 \u2013 22h00 H\u00e0ng ng\u00e0y \u2013 ( L\u00e0m c\u1ea3 Th\u1ee9 7 &amp; CN)<\/li>\n<\/ul>\n<p>&nbsp;<\/p>\n","protected":false},"excerpt":{"rendered":"<p>B\u1ed9 \u0110\u00e0m Kenwood TK-3320<strong>\u00a0Nh\u1ecf \u2013 G\u1ecdn \u2013 Nh\u1eb9<\/strong> d\u1ec5 d\u00e0ng s\u1eed d\u1ee5ng v\u00e0 thay th\u1ebf linh ki\u1ec7n. Th\u00edch h\u1ee3p s\u1eed d\u1ee5ng cho nh\u00e0 h\u00e0ng kh\u00e1ch s\u1ea1n, c\u00f4ng tr\u01b0\u1eddng, t\u00f2a nh\u00e0<\/p>\n<p>Kenwood TK-3320 : Kho\u1ea3ng c\u00e1ch li\u00ean l\u1ea1c 1 \u2013 5km T\u00f9y tr\u1ed1ng tho\u00e1ng; &lt;35 t\u1ea7ng. Dung l\u01b0\u1ee3ng pin 2800Mah d\u00f9ng 20h<\/p>\n<p>S\u1ea3n xu\u1ea5t t\u1ea1i China. B\u1ea3o h\u00e0nh 24 th\u00e1ng th\u00e2n m\u00e1y; 06 th\u00e1ng pin x\u1ea1c<\/p>\n","protected":false},"featured_media":2614,"comment_status":"open","ping_status":"closed","template":"","meta":[],"product_cat":[451,437,413,411,412],"product_tag":[462,515,516],"class_list":{"0":"post-1491","1":"product","2":"type-product","3":"status-publish","4":"has-post-thumbnail","6":"product_cat-bo-dam-gia-re","7":"product_cat-bo-dam-kenwood","8":"product_cat-bo-dam-bao-ve","9":"product_cat-bo-dam-cong-truong","10":"product_cat-bo-dam-nha-hang","11":"product_tag-bo-dam-cam-tay-kenwood","12":"product_tag-kenwood-tk-3320","13":"product_tag-tk-3320","15":"first","16":"instock","17":"sale","18":"shipping-taxable","19":"purchasable","20":"product-type-simple"},"_links":{"self":[{"href":"https:\/\/bodamviet.com\/index.php?rest_route=\/wp\/v2\/product\/1491","targetHints":{"allow":["GET"]}}],"collection":[{"href":"https:\/\/bodamviet.com\/index.php?rest_route=\/wp\/v2\/product"}],"about":[{"href":"https:\/\/bodamviet.com\/index.php?rest_route=\/wp\/v2\/types\/product"}],"replies":[{"embeddable":true,"href":"https:\/\/bodamviet.com\/index.php?rest_route=%2Fwp%2Fv2%2Fcomments&post=1491"}],"wp:featuredmedia":[{"embeddable":true,"href":"https:\/\/bodamviet.com\/index.php?rest_route=\/wp\/v2\/media\/2614"}],"wp:attachment":[{"href":"https:\/\/bodamviet.com\/index.php?rest_route=%2Fwp%2Fv2%2Fmedia&parent=1491"}],"wp:term":[{"taxonomy":"product_cat","embeddable":true,"href":"https:\/\/bodamviet.com\/index.php?rest_route=%2Fwp%2Fv2%2Fproduct_cat&post=1491"},{"taxonomy":"product_tag","embeddable":true,"href":"https:\/\/bodamviet.com\/index.php?rest_route=%2Fwp%2Fv2%2Fproduct_tag&post=1491"}],"curies":[{"name":"wp","href":"https:\/\/api.w.org\/{rel}","templated":true}]}}