{"id":1497,"date":"2018-06-21T07:01:55","date_gmt":"2018-06-21T00:01:55","guid":{"rendered":"http:\/\/bodam.top\/?post_type=product&#038;p=1497"},"modified":"2024-11-07T16:24:20","modified_gmt":"2024-11-07T09:24:20","slug":"bo-dam-kenwood-tk-760","status":"publish","type":"product","link":"https:\/\/bodamviet.com\/?product=bo-dam-kenwood-tk-760","title":{"rendered":"B\u1ed9 \u0110\u00e0m Kenwood TK-760"},"content":{"rendered":"<h2><span style=\"color: #ff0000;\">B\u1ed9 \u0110\u00e0m Kenwood TK-760 Gi\u00e1 R\u1ebb T\u1ed1t Nh\u1ea5t<\/span><\/h2>\n<p>\u2013\u00a0\u0110\u01b0\u1ee3c gi\u1edbi thi\u1ec7u b\u1edfi h\u00e3ng<strong>\u00a0<a title=\"m\u00e1y b\u1ed9 \u0111\u00e0m Kenwood\" href=\"https:\/\/bodamviet.com\/bo-dam-kenwood\/\" target=\"_blank\" rel=\"noopener\">m\u00e1y b\u1ed9 \u0111\u00e0m Kenwood<\/a><\/strong>, chi\u1ebfc B\u1ed9 \u0111\u00e0m TK-760 v\u1edbi nh\u1eefng t\u00ednh n\u0103ng nhi\u1ec7n \u0111\u1ea1i, n\u1ed5i tr\u1ed9i, \u0111\u1ed9 b\u1ec1n cao, ch\u1ea5t l\u01b0\u1ee3ng \u00e2m thanh t\u1ed1t, gi\u00e1 c\u1ea3 h\u1ee3p l\u00ed . N\u00f3i chung s\u1ef1 ra \u0111\u1eddi c\u1ee7a s\u1ea3n ph\u1ea9m v\u1edbi c\u00e1c thay \u0111\u1ed5i v\u00e0 n\u00e2ng c\u1ea5p \u0111\u00e1ng k\u1ec3 \u0111\u1ebfn t\u1eeb kenwood, c\u0169ng ch\u00ednh l\u00e0 s\u1ef1 thay th\u1ebf tuy\u1ec7t v\u1edbi nh\u1ea5t cho m\u1ee9c gi\u00e1 trung b\u00ecnh m\u00e0 ng\u01b0\u1eddi ti\u00eau d\u00f9ng c\u00f3 th\u1ec3 s\u1eed d\u1ee5ng t\u1ed1t \u1edf gi\u1ea3i t\u1ea7n UHF v\u00e0 UHF m\u00e0 kh\u00f4ng c\u1ea7n lo ng\u1ea1i v\u1ec1 chi ph\u00ed nh\u01b0 tr\u01b0\u1edbc \u0111\u00e2y. N\u00f3i theo m\u1ed9t c\u00e1ch kh\u00e1c b\u1ed9 \u0111\u00e0m n\u00e0y ch\u00ednh l\u00e0 \u0111\u00e0m 2 trong 1 duy nh\u1ea5t t\u1ea1i Vi\u1ec7t Nam hi\u1ec7n nay.<\/p>\n<p><img loading=\"lazy\" decoding=\"async\" class=\"aligncenter wp-image-2393\" title=\"B\u1ed9 \u0110\u00e0m Kenwood TK-760 Gi\u00e1 R\u1ebb | Bodamviet.com 093 696 6886\" src=\"https:\/\/bodamviet.com\/wp-content\/uploads\/2018\/06\/may-bo-dam-kenwood-tk-760.png\" alt=\"B\u1ed9 \u0110\u00e0m Kenwood TK-760 Gi\u00e1 R\u1ebb | Bodamviet.com 093 696 6886\" width=\"850\" height=\"850\" srcset=\"https:\/\/bodamviet.com\/wp-content\/uploads\/2018\/06\/may-bo-dam-kenwood-tk-760.png 600w, https:\/\/bodamviet.com\/wp-content\/uploads\/2018\/06\/may-bo-dam-kenwood-tk-760-300x300.png 300w, https:\/\/bodamviet.com\/wp-content\/uploads\/2018\/06\/may-bo-dam-kenwood-tk-760-100x100.png 100w\" sizes=\"auto, (max-width: 850px) 100vw, 850px\" \/><\/p>\n<h4><span style=\"color: #ff0000;\">B\u1ed9 \u0110\u00e0m Kenwood TK-760 Ngon &#8211; B\u1ed5 &#8211; R\u1ebb<\/span><\/h4>\n<p>\u0110\u01b0\u1ee3c gi\u1edbi thi\u1ec7u b\u1edfi h\u00e3ng m\u00e1y b\u1ed9 \u0111\u00e0m Kenwood, chi\u1ebfc B\u1ed9 \u0110\u00e0m Kenwood TK-760 v\u1edbi nh\u1eefng t\u00ednh n\u0103ng nhi\u1ec7n \u0111\u1ea1i, n\u1ed5i tr\u1ed9i, \u0111\u1ed9 b\u1ec1n cao, ch\u1ea5t l\u01b0\u1ee3ng \u00e2m thanh t\u1ed1t, gi\u00e1 c\u1ea3 h\u1ee3p l\u00ed . N\u00f3i chung s\u1ef1 ra \u0111\u1eddi c\u1ee7a s\u1ea3n ph\u1ea9m v\u1edbi c\u00e1c thay \u0111\u1ed5i v\u00e0 n\u00e2ng c\u1ea5p \u0111\u00e1ng k\u1ec3 \u0111\u1ebfn t\u1eeb kenwood, c\u0169ng ch\u00ednh l\u00e0 s\u1ef1 thay th\u1ebf tuy\u1ec7t v\u1edbi nh\u1ea5t cho m\u1ee9c gi\u00e1 trung b\u00ecnh m\u00e0 ng\u01b0\u1eddi ti\u00eau d\u00f9ng c\u00f3 th\u1ec3 s\u1eed d\u1ee5ng t\u1ed1t \u1edf gi\u1ea3i t\u1ea7n UHF v\u00e0 UHF m\u00e0 kh\u00f4ng c\u1ea7n lo ng\u1ea1i v\u1ec1 chi ph\u00ed nh\u01b0 tr\u01b0\u1edbc \u0111\u00e2y. N\u00f3i theo m\u1ed9t c\u00e1ch kh\u00e1c b\u1ed9 \u0111\u00e0m n\u00e0y ch\u00ednh l\u00e0 \u0111\u00e0m 2 trong 1 duy nh\u1ea5t t\u1ea1i Vi\u1ec7t Nam hi\u1ec7n nay.<\/p>\n<p><img loading=\"lazy\" decoding=\"async\" class=\"aligncenter wp-image-2106 size-full\" title=\"B\u1ed9 \u0110\u00e0m Kenwood TK-760 Gi\u00e1 R\u1ebb | Bodamviet.com 093 696 6886\" src=\"http:\/\/bodamviet.com\/wp-content\/uploads\/2018\/06\/ung-dung-bo-dam-31.jpg\" alt=\"B\u1ed9 \u0110\u00e0m Kenwood TK-760 Gi\u00e1 R\u1ebb | Bodamviet.com 093 696 6886\" width=\"400\" height=\"598\" \/><\/p>\n<h4><span style=\"color: #ff0000;\"><b>Nh\u1eefng t\u00ednh n\u0103ng n\u1ed5i b\u1eadt c\u1ee7a\u00a0<\/b><b>B\u1ed9 \u0110\u00e0m Kenwood TK-760<\/b><\/span><\/h4>\n<p><span style=\"color: #ff6600;\">S\u1ed1 k\u00eanh nh\u1edb l\u1edbn\u00a0<\/span><br \/>\nS\u1ea3n ph\u1ea9m \u0111\u01b0\u1ee3c trang b\u1ecb s\u1ed1 k\u00eanh nh\u1edb l\u00ean \u0111\u1ebfn 16 k\u00eanh. V\u1edbi s\u1ed1 l\u01b0\u1ee3ng k\u00eanh nh\u1edb l\u1edbn, b\u1ea1n c\u00f3 th\u1ec3 t\u1ea1o ra nhi\u1ec1u k\u00eanh li\u00ean l\u1ea1c kh\u00e1c nhau, ph\u00f9 h\u1ee3p v\u1edbi m\u1ee5c \u0111\u00edch c\u00f4ng vi\u1ec7c<\/p>\n<p><span style=\"color: #ff6600;\">Thi\u1ebft k\u1ebf ti\u1ec7n l\u1ee3i<\/span><\/p>\n<p>Thi\u1ebft k\u1ebf r\u1eafn ch\u1eafc, b\u1ec1n b\u1ec9, \u0111\u1ea3m b\u1ea3o c\u00e1c ti\u00eau chu\u1ea9n c\u1ee7a qu\u00e2n \u0111\u1ed9i M\u1ef9 nh\u01b0 MIL-STD C\/D\/E c\u1ee7a B\u1ed9 Qu\u1ed1c Ph\u00f2ng M\u1ef9 v\u1ec1 kh\u1ea3 n\u0103ng ch\u1ecbu va \u0111\u1eadp, ch\u1ea5n \u0111\u1ed9ng, \u0111\u1ed9 \u1ea9m, b\u1ee5i b\u1ea9n , m\u01b0a, . . .. Thi\u1ebft k\u1ebf v\u1ecf nh\u1ef1a \u0111\u1eb7c bi\u1ec7t v\u00e0 khung nh\u00f4m bao k\u00edn, \u0111\u1ea7u n\u1ed1i anten th\u00f4ng minh ch\u1ed1ng l\u1ea1i nh\u1eefng t\u00e1c \u0111\u1ed9ng m\u1ea1nh, m\u00e1y c\u00f3 th\u1ec3 ho\u1ea1t \u0111\u1ed9ng l\u00e2u d\u00e0i v\u00e0 c\u00f3 t\u00ednh \u1ed5n \u0111\u1ecbnh cao. R\u1ea5t th\u00edch h\u1ee3p s\u1eed d\u1ee5ng trong c\u00e1c m\u00f4i tr\u01b0\u1eddng nhi\u1ec1u b\u1ee5i, d\u1ec5 va ch\u1ea1m nh\u01b0 C\u00f4ng Tr\u00ecnh X\u00e2y D\u1ef1ng, Nh\u00e0 M\u00e1y, Kho B\u00e3i, Nh\u00e0 h\u00e0ng, kh\u00e1ch s\u1ea1n, qu\u00e1n bia<\/p>\n<p><span style=\"color: #ff6600;\">Ch\u1ea5t l\u01b0\u1ee3ng \u00e2m thanh t\u1ed1t<\/span><\/p>\n<p><a href=\"http:\/\/fb.com\/bodamvietcom\" target=\"_blank\" rel=\"noopener\">B\u1ed9 \u0110\u00e0m<\/a> Kenwood TK-760 mang \u0111\u1ebfn cho nguwofi s\u1eed d\u1ee5ng m\u1ed9t tr\u1ea3i nghi\u1ec7m \u00e2m thanh tuy\u1ec7t v\u1eddi. \u0110\u01b0\u1ee3c t\u00edch h\u1ee3p c\u00f4ng ngh\u1ec7 \u00e2m thanh ti\u00ean ti\u1ebfn, loa to, c\u00f4ng su\u1ea5t ph\u00e1t l\u1edbn. Thi\u1ebft b\u1ecb mang \u0111\u1ebfn cho ng\u01b0\u1eddi s\u1eed d\u1ee5ng m\u1ed9t tr\u1ea3i nghi\u1ec7m \u00e2m thanh to, r\u00f5 r\u00e0ng. B\u1ea1n c\u00f3 th\u1ec3 tho\u1ea3i m\u00e1i \u0111\u00e0m tho\u1ea1i c\u1ea3 ng\u00e0y m\u00e0 kh\u00f4ng lo b\u1ecb \u1ea3nh h\u01b0\u1edfng b\u1edfi ti\u1ebfng \u1ed3n xung quanh. R\u1ea5t ph\u00f9 h\u1ee3p v\u1edbi c\u00e1c moi tr\u01b0\u1eddng l\u00e0m vi\u1ec7c nhi\u1ec1u ti\u1ebfng \u1ed3n<\/p>\n<p><span style=\"color: #ff6600;\">Dung l\u01b0\u1ee3ng pin l\u1edbn<\/span><\/p>\n<p>Chi\u1ebfc\u00a0b\u1ed9 \u0111\u00e0m t\u1ea7m xa\u00a0n\u00e0y s\u1eed d\u1ee5ng pin Li-on v\u00f3i dung l\u01b0\u1ee3ng l\u1edbn, cho th\u1eddi gian \u0111\u00e0m tho\u1ea1i l\u00ean \u0111\u1ebfn 18h-24h. B\u1ea1n c\u00f3 th\u1ec3 tho\u1ea3i m\u00e1i \u0111\u00e0m tho\u1ea1i c\u1ea3 ng\u00e0y m\u00e0 kh\u00f4ng lo h\u1ebft pin hay l\u00fac n\u00e0o c\u0169ng k\u00e8 k\u00e8 chi\u1ebfc s\u1ea1c d\u1ef1 ph\u00f2ng b\u00ean c\u1ea1nh . B\u00ean c\u1ea1nh \u0111\u00f3 th\u1eddi gian sac v\u1edbi b\u1ed1 s\u1ea1c ti\u00eau chu\u1ea9n r\u1ea5t ng\u1eafn.<\/p>\n<p><span style=\"color: #ff6600;\">D\u1ea3i t\u1ea7n r\u1ed9ng<\/span><\/p>\n<p>V\u1edbi d\u1ea3i t\u1ea7n UHF 400-470Hz, thi\u1ebft b\u1ecb c\u00f3 \u0111\u1ed9 ph\u1ee7 song r\u1ed9ng kh\u1eafp, r\u1ea5t tu\u1eadn ti\u1ec7n d\u00f9ng trong c\u00e1c m\u00f4i tr\u01b0\u1eddng c\u00f3 s\u00f3ng y\u1ebfu, hay c\u1ef1 li li\u00ean l\u1ea1c xa nh\u01b0 c\u00e1c c\u00f4ng tr\u01b0\u1eddng l\u1edbn, c\u00e1c t\u00f2a nh\u00e0 cao t\u1ea7ng<\/p>\n<p><span style=\"color: #ff6600;\">C\u00f4ng su\u1ea5t ph\u00e1t l\u1edbn<\/span><\/p>\n<p>C\u00f4ng su\u1ea5t ph\u00e1t l\u1edbn l\u00ean \u0111\u1ebfn 5W cho \u00e2m thanh t\u1ed1t, c\u1ef1 li li\u00ean l\u1ea1c xa<\/p>\n<p><span style=\"color: #ff6600;\">Kho\u1ea3ng c\u00e1ch li\u00ean l\u1ea1c xa<\/span><\/p>\n<p>-\u1ede n\u1ed9i th\u00e0nh, thi\u1ebft b\u1ecb c\u00f3 c\u1ef1 ly li\u00ean l\u1ea1c t\u1eeb 2-4km<br \/>\n-Ngo\u1ea1i th\u00e0nh : C\u1ef1 ly li\u00ean l\u1ea1c t\u1eeb 3-5km<br \/>\n-Trong \u0111i\u1ec1u ki\u1ec7n l\u00ed t\u01b0\u1edfng : C\u1ef1 ly lien l\u1ea1c t\u1eeb 5-7km<\/p>\n<p><img loading=\"lazy\" decoding=\"async\" class=\"aligncenter wp-image-2062 size-full\" title=\"B\u1ed9 \u0110\u00e0m Kenwood TK-760 Gi\u00e1 R\u1ebb | Bodamviet.com 093 696 6886\" src=\"http:\/\/bodamviet.com\/wp-content\/uploads\/2018\/06\/1.jpg\" alt=\"B\u1ed9 \u0110\u00e0m Kenwood TK-760 Gi\u00e1 R\u1ebb | Bodamviet.com 093 696 6886\" width=\"555\" height=\"276\" \/><\/p>\n<h4><span style=\"color: #ff0000;\"><b>Th\u00f4ng s\u1ed1 k\u0129 thu\u1eadt c\u1ee7a\u00a0<\/b><b>B\u1ed9 \u0110\u00e0m Kenwood TK-760<\/b><\/span><\/h4>\n<p>\u2013 D\u1ea3i t\u1ea7n: UHF 400-470 MHz<br \/>\n\u2013 C\u00f4ng su\u1ea5t ph\u00e1t: 5W<br \/>\n\u2013 S\u1ed1 k\u00eanh nh\u1edb: 16 k\u00eanh nh\u1edb<br \/>\n\u2013 S\u1eed d\u1ee5ng t\u1ed1t nh\u1ea5t trong \u0111i\u1ec1u ki\u1ec7n nhi\u1ec7t \u0111\u1ed9: T\u1eeb -30oC \u0111\u1ebfn +60oC<br \/>\n\u2013 \u0110\u1ed9 nh\u1ea1y thu: 0,22 MV<br \/>\n\u2013 Dung l\u01b0\u1ee3ng pin: 2000 mAH<br \/>\n\u2013 Ch\u1ea5t li\u1ec7u pin: Li-ion<br \/>\n\u2013 Th\u1eddi gian s\u1ea1c Pin: 3 gi\u1edd v\u1edbi b\u1ed9 s\u1ea1c ti\u00eau chu\u1ea9n<br \/>\n\u2013 Th\u1eddi gian s\u1eed d\u1ee5ng Pin: 18 \u2013 24 gi\u1edd v\u1edbi chu k\u1ef3 s\u1eed d\u1ee5ng 5-5-90<\/p>\n<p><span style=\"color: #ff0000;\"><strong>\u0110\u1ed3ng b\u1ed9 s\u1ea3n ph\u1ea9m\u00a0<\/strong><strong>B\u1ed9 \u0110\u00e0m<\/strong><b>\u00a0Kenwood TK-760<\/b><\/span><\/p>\n<p>-01 Th\u00e2n m\u00e1y<\/p>\n<p>-01 Pin s\u1ea1c<\/p>\n<p>-01 B\u1ed9 s\u1ea1c theo m\u00e1y<\/p>\n<p>-01 Anten theo m\u00e1y .<\/p>\n<p>-01 C\u00e0i l\u01b0ng.<\/p>\n<p>-01 B\u1ed9 t\u00e0i li\u1ec7u theo m\u00e1y<\/p>\n<h4><span style=\"color: #ff0000;\"><strong>C\u1ef1 ly li\u00ean l\u1ea1c c\u1ee7a <a style=\"color: #ff0000;\" href=\"https:\/\/www.facebook.com\/bodamvietcom\" target=\"_blank\" rel=\"noopener\">b\u1ed9 \u0111\u00e0m<\/a> TK 760<\/strong><\/span><\/h4>\n<ul>\n<li>Khu v\u1ef1c nhi\u1ec1u nh\u00e0 cao t\u1ea7ng, khu \u0111\u00f4ng d\u00e2n c\u01b0, v\u00f9ng c\u00f3 \u1ea3nh h\u01b0\u1edfng nhi\u1ec1u s\u00f3ng kh\u00e1c: &lt; 500m<\/li>\n<li>Khu v\u1ef1c v\u00f9ng ven th\u00e0nh ph\u1ed1, \u00edt nh\u00e0 cao t\u1ea7ng, \u00edt v\u1eadt c\u1ea3n &lt; 1 km<\/li>\n<li>Khu v\u1ef1c \u0111\u1ea5t tr\u1ed1ng, b\u1ebfn c\u1ea3ng, ngo\u1ea1i th\u00e0nh ~ 1,5 km<\/li>\n<li>Trong c\u00e1c t\u00f2a nh\u00e0 cao \u1ed1c \u0111ang ho\u1ea1t \u0111\u1ed9ng &lt; 10 t\u1ea7ng<\/li>\n<\/ul>\n<h4><span style=\"color: #ff0000;\">B\u1ed9 \u0110\u00e0m Kenwood TK-760 C\u00f3 s\u1eb5n | Gi\u00e1 T\u1ed1t T\u1ea1i Bodamviet.com<\/span><\/h4>\n<p><strong>TH\u00d4NG TIN LI\u00caN H\u1ec6<\/strong><\/p>\n<ul>\n<li>H\u00e3y ch\u00e1t ngay v\u1edbi nh\u00e2n vi\u00ean online c\u1ee7a ch\u00fang t\u00f4i t\u1eeb 8h00 t\u1edbi 19h t\u1ed1i \u0111\u1ec3 \u0111\u01b0\u1ee3c gi\u1ea3i \u0111\u00e1p mi\u1ec5n ph\u00ed c\u00e1c c\u00e2u h\u1ecfi th\u01b0\u1eddng g\u1eb7p.<\/li>\n<li>Hotline: 098 809 8828\u00a0 \/\u00a0 094 987 7728<\/li>\n<li>Website:\u00a0<a href=\"https:\/\/bodamviet.com\">https:\/\/bodamviet.com<\/a><\/li>\n<li>\u0110\u1ecba Ch\u1ec9: 184 \u0110. Nguy\u1ec5n Tu\u00e2n, Thanh Xu\u00e2n Trung, Thanh Xu\u00e2n, H\u00e0 N\u1ed9i<\/li>\n<li>Gi\u1edd m\u1edf c\u1eeda : 8h00 \u2013 22h00 H\u00e0ng ng\u00e0y \u2013 ( L\u00e0m c\u1ea3 Th\u1ee9 7 &amp; CN)<\/li>\n<\/ul>\n","protected":false},"excerpt":{"rendered":"<p>B\u1ed9 \u0111\u00e0m c\u1ea7m tay Kenwood TK-760 Gi\u00e1 R\u1ebb th\u00edch h\u1ee3p d\u00f9ng cho nh\u00e0 h\u00e0ng, qu\u00e1n bar, kh\u00e1ch s\u1ea1n.<\/p>\n<p>B\u1ed9 \u0110\u00e0m Kenwod TK-760\u00a0d\u1ec5 d\u00e0ng s\u1eed d\u1ee5ng v\u00e0 thay th\u1ebf linh ki\u1ec7n.<\/p>\n<p>\u2013 Dung l\u01b0\u1ee3ng pin: 2000 mAH <strong>18 \u2013 24 gi\u1edd<\/strong>; Th\u1eddi gian s\u1ea1c Pin: 3 gi\u1edd \u2013 C\u1ef1 ly li\u00ean l\u1ea1c:\u00a0 1 \u2013 2 km<\/p>\n<p>\u2013 Xu\u1ea5t x\u1ee9: China \u2013 B\u1ea3o H\u00e0nh: 12 th\u00e1ng \u0111\u1ed1i v\u1edbi th\u00e2n m\u00e1y \u2013 03 th\u00e1ng \u0111\u1ed1i v\u1edbi pin s\u1ea1c<\/p>\n","protected":false},"featured_media":1957,"comment_status":"open","ping_status":"closed","template":"","meta":[],"product_cat":[451,437,411],"product_tag":[],"class_list":{"0":"post-1497","1":"product","2":"type-product","3":"status-publish","4":"has-post-thumbnail","6":"product_cat-bo-dam-gia-re","7":"product_cat-bo-dam-kenwood","8":"product_cat-bo-dam-cong-truong","10":"first","11":"instock","12":"sale","13":"shipping-taxable","14":"purchasable","15":"product-type-simple"},"_links":{"self":[{"href":"https:\/\/bodamviet.com\/index.php?rest_route=\/wp\/v2\/product\/1497","targetHints":{"allow":["GET"]}}],"collection":[{"href":"https:\/\/bodamviet.com\/index.php?rest_route=\/wp\/v2\/product"}],"about":[{"href":"https:\/\/bodamviet.com\/index.php?rest_route=\/wp\/v2\/types\/product"}],"replies":[{"embeddable":true,"href":"https:\/\/bodamviet.com\/index.php?rest_route=%2Fwp%2Fv2%2Fcomments&post=1497"}],"wp:featuredmedia":[{"embeddable":true,"href":"https:\/\/bodamviet.com\/index.php?rest_route=\/wp\/v2\/media\/1957"}],"wp:attachment":[{"href":"https:\/\/bodamviet.com\/index.php?rest_route=%2Fwp%2Fv2%2Fmedia&parent=1497"}],"wp:term":[{"taxonomy":"product_cat","embeddable":true,"href":"https:\/\/bodamviet.com\/index.php?rest_route=%2Fwp%2Fv2%2Fproduct_cat&post=1497"},{"taxonomy":"product_tag","embeddable":true,"href":"https:\/\/bodamviet.com\/index.php?rest_route=%2Fwp%2Fv2%2Fproduct_tag&post=1497"}],"curies":[{"name":"wp","href":"https:\/\/api.w.org\/{rel}","templated":true}]}}