{"id":1565,"date":"2018-06-22T13:48:03","date_gmt":"2018-06-22T06:48:03","guid":{"rendered":"http:\/\/bodam.top\/?post_type=product&#038;p=1565"},"modified":"2024-11-09T07:02:22","modified_gmt":"2024-11-09T00:02:22","slug":"may-bo-dam-cam-tay-motorola-smp-818","status":"publish","type":"product","link":"https:\/\/bodamviet.com\/?product=may-bo-dam-cam-tay-motorola-smp-818","title":{"rendered":"B\u1ed9 \u0110\u00e0m Motorola SMP-818"},"content":{"rendered":"<p>Xu\u1ea5t ph\u00e1t t\u1eeb nhu c\u1ea7u ki\u1ec3m so\u00e1t nh\u1eefng khu v\u1ef1c r\u1ed9ng l\u1edbn v\u1edbi s\u1ed1 l\u01b0\u1ee3ng\u00a0b\u1ed9 \u0111\u00e0m\u00a0nhi\u1ec1u nh\u01b0 c\u00e1c \u0111\u1ea1i c\u00f4ng tr\u01b0\u1eddng, khu c\u00f4ng nghi\u1ec7p, khu ch\u1ebf xu\u1ea5t \u0111\u1eb7c th\u00f9 &#8211; H\u00e3ng\u00a0b\u1ed9 \u0111\u00e0m Motorola\u00a0\u0111\u00e3 thi\u1ebft k\u1ebf v\u00e0 cho ra \u0111\u1eddi d\u00f2ng\u00a0b\u1ed9 \u0111\u00e0m c\u1ea7m tay Motorola SMP 818\u00a0v\u1edbi c\u00e1c ch\u1ee9c n\u0103ng ho\u00e0n h\u1ea3o, kh\u1ea3 n\u0103ng k\u1ebft n\u1ed1i tuy\u1ec7t v\u1eddi, t\u00ednh n\u0103ng ph\u00f9 h\u1ee3p cho nhi\u1ec1u c\u00f4ng vi\u1ec7c v\u00e0 ng\u00e0nh ngh\u1ec1 kh\u00e1c nhau v\u00e0 s\u1eed d\u1ee5ng v\u00f4 c\u00f9ng hi\u1ec7u qu\u1ea3.<\/p>\n<p><img loading=\"lazy\" decoding=\"async\" class=\"aligncenter size-full wp-image-1776\" src=\"https:\/\/bodamviet.com\/wp-content\/uploads\/2018\/06\/818-4.png\" alt=\"\" width=\"500\" height=\"243\" \/><\/p>\n<p>Trang b\u1ecb m\u00e0n h\u00ecnh\u00a0alphanuneric 5 k\u00fd t\u1ef1 gi\u00fap cho vi\u1ec7c hi\u1ec3n th\u1ecb c\u00e1c th\u00f4ng tin c\u1ea7n thi\u1ebft tr\u00ean m\u00e1y nh\u01b0: Dung l\u01b0\u1ee3ng pin, k\u00eanh li\u00ean l\u1ea1c, tr\u1ea1ng th\u00e1i s\u00f3ng&#8230;.gi\u00fap ng\u01b0\u1eddi d\u00f9ng d\u1ec5 d\u00e0ng ki\u1ec3m so\u00e1t th\u00f4ng tin v\u00e0 v\u1eadn h\u00e0nh theo c\u00e1c nh\u00f3m l\u00e0m vi\u1ec7c m\u1ed9t c\u00e1ch nhanh nh\u1ea5t<\/p>\n<p><img loading=\"lazy\" decoding=\"async\" class=\"aligncenter size-full wp-image-1778\" src=\"https:\/\/bodamviet.com\/wp-content\/uploads\/2018\/06\/818-7.png\" alt=\"\" width=\"500\" height=\"505\" srcset=\"https:\/\/bodamviet.com\/wp-content\/uploads\/2018\/06\/818-7.png 500w, https:\/\/bodamviet.com\/wp-content\/uploads\/2018\/06\/818-7-100x100.png 100w\" sizes=\"auto, (max-width: 500px) 100vw, 500px\" \/><\/p>\n<p>V\u1edbi b\u00e0n ph\u00edm 16 n\u00fat ch\u1ee9c n\u0103ng cu\u1ea3\u00a0b\u1ed9 \u0111\u00e0m c\u1ea7m tay Motorola SMP 818\u00a0b\u1ea1n c\u00f3 th\u1ec3 ch\u1ee7 \u0111\u1ed9ng c\u00e0i \u0111\u1eb7t c\u00e1c k\u00eanh g\u1ecdi, nh\u00f3m l\u00e0m vi\u1ec7c theo s\u1edf th\u00edch, chuy\u00ean m\u00f4n ho\u1eb7c c\u00e1c y\u00eau c\u1ea7u c\u1ee5 th\u1ec3 c\u1ee7a c\u00f4ng vi\u1ec7c. S\u1ed1 l\u01b0\u1ee3ng k\u00eanh l\u1edbn l\u00ean \u0111\u1ebfn 199 k\u00eanh &#8211; Motorola smp &#8211; 818 x\u1ee9ng \u0111\u00e1ng l\u00e0 d\u00f2ng s\u1ea3n ph\u1ea9m \u0111a k\u00eanh ti\u00eau bi\u1ec3u ph\u1ee5c v\u1ee5 cho c\u00e1c c\u00f4ng vi\u1ec7c ho\u1eb7c khu v\u1ef1c r\u1ed9ng l\u1edbn, c\u00f3 s\u1ef1 tham gia c\u1ee7a nhi\u1ec1u b\u1ed9 ph\u1eadn ho\u1eb7c nh\u00e2n s\u1ef1<\/p>\n<p>\u00c2m thanh l\u1edbn c\u1ee7a\u00a0B\u1ed9 \u0111\u00e0m c\u1ea7m tay motorola SMP 818\u00a0do t\u00edch h\u1ee3p loa l\u1edbn v\u1edbi c\u00f4ng su\u1ea5t l\u00ean \u0111\u1ebfn 500MW &#8211; B\u1ea1n c\u00f3 th\u1ec3 nghe v\u00e0 g\u1ecdi trong m\u00f4i tr\u01b0\u1eddng nhi\u1ec1u ti\u1ebfng \u1ed3n: X\u00e2y d\u1ef1ng, kho c\u1ea3ng, nh\u00e0 m\u00e1y m\u00e0 kh\u00f4ng s\u1ee3 b\u1ecf s\u00f3t th\u00f4ng tin n\u00e0o<\/p>\n<p>Pin dung l\u01b0\u1ee3ng cao c\u1ee7a m\u00e1y l\u00ean \u0111\u1ebfn 2800mAh gi\u00fap cho b\u1ea1n c\u00f3 th\u1ec3 ho\u1ea1t \u0111\u1ed9ng li\u00ean t\u1ee5c, li\u00ean t\u1ee5c trong 16 &#8211; 24h m\u00e0 kh\u00f4ng ph\u1ea3i lo mang theo pin d\u1ef1 ph\u00f2ng ho\u1eb7c s\u1ea1c ngo\u00e0i c\u00f4ng tr\u01b0\u1eddng<\/p>\n<p><img loading=\"lazy\" decoding=\"async\" class=\"aligncenter size-full wp-image-1780\" src=\"https:\/\/bodamviet.com\/wp-content\/uploads\/2018\/06\/818-8-1.png\" alt=\"\" width=\"500\" height=\"349\" \/><\/p>\n<p>&nbsp;<\/p>\n<p>Y\u1ebfu t\u1ed1 cu\u1ed1i c\u00f9ng t\u1ea1o n\u00ean\u00a0b\u1ed9 \u0111\u00e0m c\u1ea7m tay Motorola 818\u00a0ch\u00ednh l\u00e0 gi\u00e1 th\u00e0nh. V\u1edbi m\u1ed9t chi\u1ebfc\u00a0b\u1ed9 \u0111\u00e0m c\u1ea7m tay\u00a0\u0111a k\u00eanh ho\u1ea1t \u0111\u1ed9ng v\u00f4 c\u00f9ng hi\u1ec7u qu\u1ea3 m\u00e0 s\u1ea3n ph\u1ea9m l\u1ea1i n\u1eb1m trong TOP gi\u00e1 r\u1ebb th\u00ec ch\u1eb3ng c\u00f3 l\u00fd do g\u00ec m\u00e0 c\u00e1c b\u1ea1n c\u00f2n ph\u1ea3i ch\u1ea7n ch\u1eeb n\u1eefa &#8211; C\u00e1c chuy\u00ean gia c\u1ee7a Samsung t\u1ea1i KCN Y\u00ean Phong B\u1eafc Ninh v\u00e0 Th\u00e1i Nguy\u00ean \u0111\u00e3 chia s\u1ebb v\u1edbi ch\u00fang t\u00f4i nh\u01b0 v\u1eady.<\/p>\n","protected":false},"excerpt":{"rendered":"<p><strong>&#8211;<\/strong>\u00a0B\u00e0n ph\u00edm c\u00f3 16 ph\u00edm ti\u1ec7n l\u1ee3i truy c\u1eadp v\u00e0o c\u00e1c ch\u1ee9c n\u0103ng.<\/p>\n<p>&#8211; C\u00f4ng su\u1ea5t ph\u00e1t 5W.<\/p>\n<p>&#8211; M\u00e0n h\u00ecnh alphanuneric 5 k\u00fd t\u1ef1.<\/p>\n<p>&#8211; 99 k\u00eanh nh\u1edb v\u00e0 1 k\u00eanh g\u1ecdi.<\/p>\n<p>&#8211; M\u00e3 ho\u00e1 v\u00e0 gi\u1ea3i m\u00e3 DTMF<\/p>\n<p>&#8211; T\u00ednh n\u0103ng qu\u00e9t k\u00eanh<\/p>\n<p>&#8211;\u00a0T\u00ednh n\u0103ng \u0111\u1eb7t t\u00ean cho k\u00eanh nh\u1edb gi\u00fap ki\u1ec3m so\u00e1t k\u00eanh hi\u1ec7u qu\u1ea3<\/p>\n<p>&#8211; Th\u1eddi gian s\u1eed d\u1ee5ng pin: 15 &#8211; 20 gi\u1edd (Theo chu k\u1ef3 5-5-90)<\/p>\n<p>&#8211; K\u00edch th\u01b0\u1edbc W x H x D: 54\u00a0x\u00a0132 x\u00a035 mm<\/p>\n<p>&#8211; Tr\u1ecdng l\u01b0\u1ee3ng c\u1ea3 m\u00e1y: 350\u00a0g<\/p>\n<p>&#8211; Xu\u1ea5t x\u1ee9:\u00a0Motorola<\/p>\n<p>&#8211; B\u1ea3o h\u00e0nh:\u00a024 th\u00e1ng<\/p>\n","protected":false},"featured_media":1778,"comment_status":"open","ping_status":"closed","template":"","meta":[],"product_cat":[442,413,411],"product_tag":[],"class_list":{"0":"post-1565","1":"product","2":"type-product","3":"status-publish","4":"has-post-thumbnail","6":"product_cat-bo-dam-motorola","7":"product_cat-bo-dam-bao-ve","8":"product_cat-bo-dam-cong-truong","10":"first","11":"instock","12":"sale","13":"shipping-taxable","14":"purchasable","15":"product-type-simple"},"_links":{"self":[{"href":"https:\/\/bodamviet.com\/index.php?rest_route=\/wp\/v2\/product\/1565","targetHints":{"allow":["GET"]}}],"collection":[{"href":"https:\/\/bodamviet.com\/index.php?rest_route=\/wp\/v2\/product"}],"about":[{"href":"https:\/\/bodamviet.com\/index.php?rest_route=\/wp\/v2\/types\/product"}],"replies":[{"embeddable":true,"href":"https:\/\/bodamviet.com\/index.php?rest_route=%2Fwp%2Fv2%2Fcomments&post=1565"}],"wp:featuredmedia":[{"embeddable":true,"href":"https:\/\/bodamviet.com\/index.php?rest_route=\/wp\/v2\/media\/1778"}],"wp:attachment":[{"href":"https:\/\/bodamviet.com\/index.php?rest_route=%2Fwp%2Fv2%2Fmedia&parent=1565"}],"wp:term":[{"taxonomy":"product_cat","embeddable":true,"href":"https:\/\/bodamviet.com\/index.php?rest_route=%2Fwp%2Fv2%2Fproduct_cat&post=1565"},{"taxonomy":"product_tag","embeddable":true,"href":"https:\/\/bodamviet.com\/index.php?rest_route=%2Fwp%2Fv2%2Fproduct_tag&post=1565"}],"curies":[{"name":"wp","href":"https:\/\/api.w.org\/{rel}","templated":true}]}}