{"id":1591,"date":"2018-06-22T14:34:48","date_gmt":"2018-06-22T07:34:48","guid":{"rendered":"http:\/\/bodam.top\/?post_type=product&#038;p=1591"},"modified":"2024-11-08T16:41:03","modified_gmt":"2024-11-08T09:41:03","slug":"bo-dam-cam-tay-motorola-mt-2200","status":"publish","type":"product","link":"https:\/\/bodamviet.com\/?product=bo-dam-cam-tay-motorola-mt-2200","title":{"rendered":"B\u1ed9 \u0110\u00e0m Motorola MT-2200"},"content":{"rendered":"<h2><span style=\"color: #ff0000;\">B\u1ed9 \u0110\u00e0m C\u1ea7m Tay Motorola MT-2200 Gi\u00e1 R\u1ebb<\/span><\/h2>\n<p><a href=\"http:\/\/bodamviet.com\" target=\"_blank\" rel=\"noopener\">B\u1ed9 \u0111\u00e0m<\/a> c\u1ea7m tay <strong>Motorola MT-2200<\/strong> l\u00e0 m\u1ed9t thi\u1ebft k\u1ebf v\u00f4 c\u00f9ng nh\u1ecf g\u1ecdn nh\u01b0ng l\u1ea1i r\u1ea5t ch\u1eafc ch\u1eafn, kh\u00f4ng ch\u1ec9 \u0111\u01b0\u1ee3c c\u00e1c chuy\u00ean gia \u0111\u00e1nh gi\u00e1 cao m\u00e0 c\u00f2n \u0111\u01b0\u1ee3c kh\u00e1ch h\u00e0ng b\u00ecnh ch\u1ecdn l\u00e0 s\u1ea3n ph\u1ea9m \u0111\u01b0\u1ee3c y\u00eau th\u00edch nh\u1ea5t trong n\u0103m v\u1eeba qua. Nh\u1edd c\u00f4ng su\u1ea5t l\u00e0m vi\u1ec7c l\u1edbn cho ph\u00e9p th\u1eddi gian tho\u1ea1i d\u00e0i v\u00e0 ph\u00e1t t\u00edn hi\u1ec7u t\u1ed1t h\u01a1n n\u00ean s\u1ea3n ph\u1ea9m \u0111\u01b0\u1ee3c s\u1eed d\u1ee5ng r\u1ed9ng r\u00e3i trong l\u0129nh v\u1ef1c nh\u00e0 h\u00e0ng, kh\u00e1ch s\u1ea1n, trong c\u00e1c nh\u00e0 m\u00e1y, c\u00f4ng tr\u01b0\u1eddng x\u00e2y d\u1ef1ng\u00a0 \u0111\u1ec3 mang l\u1ea1i hi\u1ec7u qu\u1ea3 cao nh\u1ea5t trong c\u00f4ng t\u00e1c \u0111i\u1ec1u h\u00e0nh v\u00e0 qu\u1ea3n l\u00fd c\u00f4ng vi\u1ec7c. D\u00f2ng s\u1ea3n ph\u1ea9m n\u00e0y ch\u1eafc ch\u1eafn l\u00e0 m\u1ed9t s\u1ef1 l\u1ef1a ch\u1ecdn tinh t\u1ebf v\u00e0 th\u00f4ng minh c\u1ee7a b\u1ea1n.<\/p>\n<p><img loading=\"lazy\" decoding=\"async\" class=\"aligncenter\" title=\"b\u1ed9 \u0111\u00e0m motorola MT 2200 bodamviet\" src=\"http:\/\/maitel.vn\/media\/wysiwyg\/anhbodam\/bo-dam-cam-tay-motorola-02.jpg\" alt=\"b\u1ed9 \u0111\u00e0m motorola MT 2200 bodamviet\" width=\"528\" height=\"411\" \/><\/p>\n<h4><span style=\"color: #ff0000;\"><strong>M\u1ed9t s\u1ed1 t\u00ednh n\u0103ng n\u1ed5i b\u1eadt c\u1ee7a s\u1ea3n ph\u1ea9m b\u1ed9 \u0111\u00e0m c\u1ea7m tay Motorola MT-2200:<\/strong><\/span><\/h4>\n<p>C\u00f4ng su\u1ea5t thu ph\u00e1t cao<\/p>\n<p><b>\u00a0<\/b>C\u00f4ng su\u1ea5t \u0111\u1ea7u ra l\u00ean \u0111\u1ebfn 7W cho ph\u00e9p m\u00e1y<em><b>\u00a0<\/b><\/em>ho\u1ea1t \u0111\u1ed9ng m\u1ea1nh m\u1ebd, b\u1ec1n b\u1ec9 theo th\u1eddi gian.<\/p>\n<p>C\u00f3 ch\u1ebf \u0111\u1ed9 ti\u1ebft ki\u1ec7m pin<\/p>\n<p>D\u00f2ng b\u1ed9 \u0111\u00e0m gi\u00e1 r\u1ebb n\u00e0y \u0111\u01b0\u1ee3c trang b\u1ecb ch\u1ebf \u0111\u1ed9 ti\u1ebft ki\u1ec7m pin th\u00f4ng minh, gi\u00fap duy tr\u00ec \u0111\u01b0\u1ee3c th\u1eddi gian s\u1eed d\u1ee5ng m\u00e1y l\u00e2u h\u01a1n, cho c\u1ef1 ly li\u00ean l\u1ea1c \u0111\u01b0\u1ee3c xa h\u01a1n, \u00e2m thanh truy\u1ec1n t\u1ea3i to v\u00e0 r\u00f5 r\u00e0ng h\u01a1n.<\/p>\n<p>Thi\u1ebft k\u1ebf ch\u1eafc ch\u1eafn<\/p>\n<p>S\u1ea3n ph\u1ea9m \u0111\u01b0\u1ee3c thi\u1ebft k\u1ebf v\u1eefng ch\u1eafc c\u00f3 kh\u1ea3 n\u0103ng ch\u1ecbu \u0111\u01b0\u1ee3c ch\u1ea5n \u0111\u1ed9ng v\u00e0 va \u0111\u1eadp t\u1ed1t. \u0110i\u1ec1u n\u00e0y cho ph\u00e9p d\u00f2ng b\u1ed9 \u0111\u00e0m gi\u00e1 r\u1ebb n\u00e0y c\u00f3 th\u1ec3 l\u00e0m vi\u1ec7c \u1ed5n \u0111\u1ecbnh ngay c\u1ea3 trong nh\u1eefng m\u00f4i tr\u01b0\u1eddng kh\u1eafc nghi\u1ec7t hay m\u00f4i tr\u01b0\u1eddng nhi\u1ec1u ti\u1ebfng \u1ed3n.<\/p>\n<p>Ch\u1ea5t l\u01b0\u1ee3ng \u00e2m thanh t\u1ed1t<\/p>\n<p>B\u1ed9 \u0111\u00e0m c\u1ea7m tay <strong>Motorola MT-2200<\/strong>\u00a0v\u1edbi c\u00f4ng su\u1ea5t l\u1edbn s\u1ebd \u0111em l\u1ea1i ch\u1ea5t l\u01b0\u1ee3ng \u00e2m thanh trong tr\u1ebbo, to, r\u00f5 r\u00e0ng nh\u1ea5t \u0111\u1ec3 c\u00f3 th\u1ec3 s\u1eed d\u1ee5ng t\u1ed1t trong m\u00f4i tr\u01b0\u1eddng l\u00e0m vi\u1ec7c nhi\u1ec1u t\u1ea1p \u00e2m. B\u1ea1n ho\u00e0n to\u00e0n c\u00f3 th\u1ec3 tho\u1ea3i m\u00e1i \u0111\u00e0m tho\u1ea1i trong th\u1eddi gian d\u00e0i m\u00e0 kh\u00f4ng lo b\u1ecb \u1ea3nh h\u01b0\u1edfng b\u1edfi m\u00f4i tr\u01b0\u1eddng<\/p>\n<p>16 k\u00eanh nh\u1edb<\/p>\n<p>V\u1edbi 16 k\u00eanh ch\u00ednh b\u1ea1n s\u1ebd kh\u00f4ng ph\u1ea3i lo l\u1eafng v\u1ec1 v\u1ea5n \u0111\u1ec1 s\u1eed d\u1ee5ng nhi\u1ec1u nh\u00f3m, s\u1ed1 l\u01b0\u1ee3ng \u0111\u00f4ng ng\u01b0\u1eddi m\u00e0 b\u1ecb tr\u00f9ng k\u00eanh khi s\u1eed d\u1ee5ng. H\u01a1n n\u1eefa, ng\u01b0\u1eddi d\u00f9ng tho\u1ea3i m\u00e1i l\u1ef1a ch\u1ecdn c\u00e1c k\u00eanh ph\u00f9 h\u1ee3p v\u1edbi nhu c\u1ea7u s\u1eed d\u1ee5ng c\u1ee7a ri\u00eang m\u00ecnh.<\/p>\n<p>D\u1ea3i t\u1ea7n r\u1ed9ng (UHF) t\u01b0\u0300 400-480mhz, c\u00f4ng su\u00e2\u0301t pha\u0301t 4W<\/p>\n<p>\u0110\u00e2y l\u00e0 m\u1ed9t trong \u00edt d\u00f2ng b\u1ed9 \u0111\u00e0m Motorola\u00a0 \u0111\u01b0\u01a1\u0323c \u01b0a chu\u1ed9ng d\u00f9ng trong ca\u0301c t\u00f2a nh\u00e0 co\u0301 chi\u00ea\u0300u cao t\u01b0\u0300 20 t\u00e2\u0300ng tr\u01a1\u0309 xu\u00f4\u0301ng + th\u00eam 2 t\u00e2\u0300ng h\u00e2\u0300m. D\u1ea3i t\u1ea7n r\u1ed9ng s\u1ebd gi\u00fap thi\u1ebft b\u1ecb c\u00f3 th\u1ec3 truy\u1ec1n\u00a0 m\u1ecdi ng\u00f3c nga\u0301ch c\u1ee7a to\u0300a nha\u0300 (h\u00e2\u0300m, thang ma\u0301y\u2026) giu\u0301p b\u1ea1n duy tri\u0300 li\u00ean l\u1ea1c v\u01a1\u0301i nhau m\u1ed9t ca\u0301ch th\u00f4ng su\u00f4\u0301t ma\u0300 kh\u00f4ng g\u1eb7p b\u1ea5t k\u1ef3 m\u1ed9t tr\u1edf ng\u1ea1i n\u00e0o. \u0110i\u1ec1u n\u00e0y v\u00f4 c\u00f9ng tuy\u1ec7t v\u1eddi khi \u0111\u00e3 gi\u00fap b\u1ea1n ti\u1ebft ki\u1ec7m m\u1ed9t kho\u1ea3n ch\u1ecb ph\u00ed kh\u00f4ng nh\u1ecf (kho\u1ea3ng 2000USD) \u0111\u1ec3 l\u1eafp h\u1ec7 th\u1ed1ng chuy\u1ec3n ti\u1ebfp s\u00f3ng<\/p>\n<p>Pin lion dung l\u01b0\u1ee3ng l\u1edbn<\/p>\n<p>V\u1edbi dung l\u01b0\u1ee3ng pin 2800 mah gi\u00fap b\u1ed9 \u0111\u00e0m c\u1ea7m tay <strong>Motorola MT-2200<\/strong> c\u00f3 th\u1eddi gian \u0111\u00e0m tho\u1ea1i l\u00e2u h\u01a1n l\u00ean \u0111\u1ebfn 18h li\u00ean t\u1ee5c, th\u1eddi gian ch\u1edd \u0111\u1ebfn 48h.<\/p>\n<p><img decoding=\"async\" class=\"aligncenter\" title=\"b\u1ed9 \u0111\u00e0m c\u1ea7m tay motorola MT 2200\" src=\"http:\/\/maitel.vn\/media\/wysiwyg\/anhbodam\/bo-dam-cam-tay-motorola-04.jpg\" alt=\"b\u1ed9 \u0111\u00e0m c\u1ea7m tay motorola MT 2200\" \/><\/p>\n<h4><span style=\"color: #ff0000;\"><strong>C\u1ef1 ly li\u00ean l\u1ea1c c\u1ee7a b\u1ed9 \u0111\u00e0m c\u1ea7m tay Motorola MT-2200<\/strong><\/span><\/h4>\n<p>Trong khu v\u1ef1c n\u1ed9i th\u00e0nh hay khu v\u1ef1c d\u00e2n c\u01b0 t\u1eadp trung \u0111\u00f4ng \u0111\u00fac: 2-3\u00a0 km.<\/p>\n<p>Khu v\u1ef1c ngo\u1ea1i th\u00e0nh hay khu v\u1ef1c d\u00e2n c\u01b0 th\u01b0a th\u1edbt: 3-5 km.<\/p>\n<p>\u0110i\u1ec1u ki\u1ec7n l\u00fd t\u01b0\u1edfng thi\u1ebft b\u1ecb c\u00f3 th\u1ec3 truy\u1ec1n t\u00edn hi\u1ec7u xa \u0111\u1ebfn 5-7 km.<\/p>\n<p>\u0110\u00e2y ch\u1eafc ch\u1eafn s\u1ebd l\u00e0 ng\u01b0\u1eddi b\u1ea1n \u0111\u1ed3ng h\u00e0nh kh\u00f4ng th\u1ec3 thi\u1ebfu c\u1ee7a d\u00e2n x\u00e2y d\u1ef1ng ho\u1eb7c d\u00e2n ph\u01b0\u1ee3t b\u1edfi c\u1ef1 li li\u00ean l\u1ea1c tuy\u1ec7t v\u1eddi c\u1ee7a d\u00f2ng\u00a0b\u1ed9 \u0111\u00e0m gi\u00e1 r\u1ebb\u00a0n\u00e0y.<\/p>\n<h4><span style=\"color: #ff0000;\"><strong>Tr\u1ecdn b\u1ed9 s\u1ea3n ph\u1ea9m b\u1ed9 \u0111\u00e0m c\u1ea7m tay Motorola MT-2200 bao g\u1ed3m:<\/strong><\/span><\/h4>\n<p>\u2013 Th\u00e2n m\u00e1y<br \/>\n\u2013 Antenna<br \/>\n\u2013\u00a0Pin LION 7.4V<br \/>\n\u2013 Adaptor.<br \/>\n\u2013 S\u1ea1c b\u00e0n.<br \/>\n\u2013 B\u00e1t c\u00e0i l\u01b0ng.<\/p>\n<p><strong>TH\u00d4NG TIN LI\u00caN H\u1ec6<\/strong><\/p>\n<ul>\n<li>H\u00e3y ch\u00e1t ngay v\u1edbi nh\u00e2n vi\u00ean online c\u1ee7a <a href=\"https:\/\/www.facebook.com\/bodamvietcom\">ch\u00fang t\u00f4i<\/a> t\u1eeb 8h30 t\u1edbi 7h t\u1ed1i \u0111\u1ec3 \u0111\u01b0\u1ee3c gi\u1ea3i \u0111\u00e1p mi\u1ec5n ph\u00ed c\u00e1c c\u00e2u h\u1ecfi th\u01b0\u1eddng g\u1eb7p.<\/li>\n<li>Hotline: 098 809 8828 \/ 094 987 7728<\/li>\n<li>Website:\u00a0<a href=\"https:\/\/bodamviet.com\/\">https:\/\/bodamviet.com<\/a><\/li>\n<li>\u0110\u1ecba Ch\u1ec9: 184 \u0110. Nguy\u1ec5n Tu\u00e2n, Thanh Xu\u00e2n Trung, Thanh Xu\u00e2n, H\u00e0 N\u1ed9i<\/li>\n<li>Gi\u1edd m\u1edf c\u1eeda : 8h00 \u2013 22h00 H\u00e0ng ng\u00e0y \u2013 ( L\u00e0m c\u1ea3 Th\u1ee9 7 &amp; CN)<\/li>\n<\/ul>\n<p>&nbsp;<\/p>\n","protected":false},"excerpt":{"rendered":"<p><strong>Motorola MT-2200 <\/strong>t\u1ea1o c\u1ea3m gi\u00e1c gi\u00e1c c\u1ea7m n\u1eafm ch\u1eafc tay, tho\u1ea3i m\u00e1i khi s\u1eed d\u1ee5ng, th\u00edch h\u1ee3p v\u1edbi c\u00f4ng tr\u01b0\u1eddng x\u00e2y d\u1ef1ng,b\u1ea3o v\u1ec7 t\u00f2a nh\u00e0\u2026<\/p>\n<p>B\u1ed9 \u0110\u00e0m Motorola MT-2200<strong>\u00a0Nh\u1ecf \u2013 G\u1ecdn \u2013 Nh\u1eb9<\/strong>\u00a0d\u1ec5 d\u00e0ng s\u1eed d\u1ee5ng v\u00e0 thay th\u1ebf linh ki\u1ec7n.<\/p>\n<p>MT-2200\u00a0: Kho\u1ea3ng c\u00e1ch li\u00ean l\u1ea1c 1 \u2013 4km T\u00f9y tr\u1ed1ng tho\u00e1ng; 5-25 t\u1ea7ng. Dung l\u01b0\u1ee3ng pin 3200Mah d\u00f9ng 20h<\/p>\n<p>S\u1ea3n xu\u1ea5t T\u1ea1i China; B\u1ea3o h\u00e0nh 24 th\u00e1ng th\u00e2n m\u00e1y; 06 th\u00e1ng pin x\u1ea1c<\/p>\n<p>&nbsp;<\/p>\n","protected":false},"featured_media":2608,"comment_status":"open","ping_status":"closed","template":"","meta":[],"product_cat":[451,442],"product_tag":[],"class_list":{"0":"post-1591","1":"product","2":"type-product","3":"status-publish","4":"has-post-thumbnail","6":"product_cat-bo-dam-gia-re","7":"product_cat-bo-dam-motorola","9":"first","10":"instock","11":"sale","12":"shipping-taxable","13":"purchasable","14":"product-type-simple"},"_links":{"self":[{"href":"https:\/\/bodamviet.com\/index.php?rest_route=\/wp\/v2\/product\/1591","targetHints":{"allow":["GET"]}}],"collection":[{"href":"https:\/\/bodamviet.com\/index.php?rest_route=\/wp\/v2\/product"}],"about":[{"href":"https:\/\/bodamviet.com\/index.php?rest_route=\/wp\/v2\/types\/product"}],"replies":[{"embeddable":true,"href":"https:\/\/bodamviet.com\/index.php?rest_route=%2Fwp%2Fv2%2Fcomments&post=1591"}],"wp:featuredmedia":[{"embeddable":true,"href":"https:\/\/bodamviet.com\/index.php?rest_route=\/wp\/v2\/media\/2608"}],"wp:attachment":[{"href":"https:\/\/bodamviet.com\/index.php?rest_route=%2Fwp%2Fv2%2Fmedia&parent=1591"}],"wp:term":[{"taxonomy":"product_cat","embeddable":true,"href":"https:\/\/bodamviet.com\/index.php?rest_route=%2Fwp%2Fv2%2Fproduct_cat&post=1591"},{"taxonomy":"product_tag","embeddable":true,"href":"https:\/\/bodamviet.com\/index.php?rest_route=%2Fwp%2Fv2%2Fproduct_tag&post=1591"}],"curies":[{"name":"wp","href":"https:\/\/api.w.org\/{rel}","templated":true}]}}