{"id":1614,"date":"2018-06-22T15:03:14","date_gmt":"2018-06-22T08:03:14","guid":{"rendered":"http:\/\/bodam.top\/?post_type=product&#038;p=1614"},"modified":"2024-11-12T09:56:36","modified_gmt":"2024-11-12T02:56:36","slug":"bo-dam-cam-tay-motorola-gp-728","status":"publish","type":"product","link":"https:\/\/bodamviet.com\/?product=bo-dam-cam-tay-motorola-gp-728","title":{"rendered":"B\u1ed9 \u0110\u00e0m Motorola GP-728"},"content":{"rendered":"<h2><span style=\"color: #ff0000;\">B\u1ed9 \u0110\u00e0m Motorola GP 728 Gi\u00e1 R\u1ebb<\/span><\/h2>\n<p>L\u00e0 m\u1ed9t trong nh\u1eefng d\u00f2ng s\u1ea3n ph\u1ea9m gi\u00e1 r\u1ebb \u0111\u01b0\u1ee3c ng\u01b0\u1eddi s\u1eed d\u1ee5ng tin d\u00f9ng nh\u1ea5t hi\u1ec7n nay. \u0110\u01a1n gi\u1ea3n, d\u1ec5 s\u1eed d\u1ee5ng, ch\u1ed1ng n\u01b0\u1edbc, ch\u1ed1ng va \u0111\u1eadp t\u1ed1t v\u00e0 gi\u00e1 r\u1ebb. <a href=\"http:\/\/bodamviet.com\" target=\"_blank\" rel=\"noopener\">B\u1ed9 \u0111\u00e0m<\/a> Motorola GP 728 \u0111\u01b0\u1ee3c thi\u1ebft k\u1ebf nh\u1ecf g\u1ecdn r\u1ea5t ph\u00f9 h\u1ee3p cho m\u00f4i tr\u01b0\u1eddng ti\u1ec7n d\u1ee5ng, sang tr\u1ecdng nh\u01b0 trong c\u00e1c kh\u00e1ch s\u1ea1n.<\/p>\n<p><img loading=\"lazy\" decoding=\"async\" class=\"aligncenter wp-image-2085 size-full\" title=\"B\u1ed9 \u0110\u00e0m Motorola GP 728 | Bodamviet\" src=\"https:\/\/bodamviet.com\/wp-content\/uploads\/2018\/06\/su-dung-bo-dam-13.png\" alt=\"B\u1ed9 \u0110\u00e0m Motorola GP 728 | Bodamviet\" width=\"537\" height=\"403\" \/><\/p>\n<h4><span style=\"color: #ff0000;\"><strong>\u0110\u1eb6C \u0110I\u1ec2M T\u00cdNH N\u0102NG S\u1ea2N PH\u1ea8M B\u1ed8 \u0110\u00c0M MOTOROLA GP 728<\/strong><\/span><\/h4>\n<p>B\u1ed9 \u0111\u00e0m c\u1ea7m tay Motorola GP 728 l\u00e0 d\u00f2ng m\u00e1y trung c\u1ea5p c\u1ee7a h\u00e3ng Motorola \u0111\u01b0\u1ee3c s\u1ea3n xu\u1ea5t n\u0103m 2008, d\u00f2ng m\u00e1y n\u00e0y \u0111\u00e3 \u0111\u01b0\u1ee3c s\u1eed d\u1ee5ng v\u00e0 ng\u01b0\u1eddi ti\u00eau d\u00f9ng c\u00f4ng nh\u1eadn v\u1ec1 ch\u1ea5t l\u01b0\u1ee3ng c\u1ee7a n\u00f3.<\/p>\n<p>Dung l\u01b0\u1ee3ng pin l\u1edbn<\/p>\n<p>S\u1eed d\u1ee5ng\u00a0Pin Li-on\u00a0dung l\u01b0\u1ee3ng cao 1900 mAh ( s\u1eed d\u1ee5ng l\u00ean t\u1edbi 12 gi\u1edd, pin ch\u1edd 5 ng\u00e0y ) b\u1ea1n ho\u00e0n to\u00e0n y\u00ean t\u00e2m v\u1edbi\u00a0b\u1ed9 \u0111\u00e0m c\u1ea7m tay Motorola GP 728. B\u1ea1n c\u00f3 th\u1ec3 \u0111\u00e0m tho\u1ea1i c\u1ea3 ng\u00e0y m\u00e0 kh\u00f4ng ph\u1ea3i lo h\u1ebft pin m\u1ea5t li\u00ean l\u1ea1c hay k\u00e8 k\u00e8 th\u00eam b\u00ean m\u00ecnh s\u1ea1c d\u1ef1 ph\u00f2ng &#8211; \u0111i\u1ec1u \u0111\u00f3 th\u1eadt v\u00f4 ngh\u0129a.<img loading=\"lazy\" decoding=\"async\" class=\"aligncenter wp-image-2086 size-full\" title=\"B\u1ed9 \u0110\u00e0m Motorola GP 728 | Bodamviet\" src=\"http:\/\/bodamviet.com\/wp-content\/uploads\/2018\/06\/su-dung-bo-dam-14.jpg\" alt=\"B\u1ed9 \u0110\u00e0m Motorola GP 728 | Bodamviet\" width=\"600\" height=\"400\" \/><\/p>\n<p>Thi\u1ebft k\u1ebf b\u1ec1n b\u1ec9<\/p>\n<p><a href=\"http:\/\/fb.com\/bodamvietcom\" target=\"_blank\" rel=\"noopener\">B\u1ed9 \u0111\u00e0m<\/a> c\u1ea7m tay Motorola GP 728\u00a0\u0111\u01b0\u1ee3c thi\u1ebft k\u1ebf li\u00ean k\u1ebft ch\u1eafc ch\u1eafn, xung quanh th\u00e2n\u00a0m\u00e1y b\u1ed9 \u0111\u00e0m\u00a0\u0111\u01b0\u1ee3c bao b\u1ecdc b\u1edfi l\u1edbp nh\u1ef1a c\u00f3 kh\u1ea3 n\u0103ng ch\u1ecbu va \u0111\u1eadp\u00a0. M\u00e1y \u0111\u01b0\u1ee3c thi\u1ebft k\u1ebf r\u1eafn ch\u1eafc \u0111\u00e1p \u1ee9ng c\u00e1c ti\u00eau chu\u1ea9n qu\u00e2n s\u1ef1 m\u1ef9 MIL-STD 810 C\/D\/E\/F, v\u1edbi hi\u1ec7u su\u1ea5t l\u00e0m vi\u1ec7c \u1ed5n \u0111\u1ecbnh\u00a0 S\u1ea3n ph\u1ea9m ch\u00ednh l\u00e0 s\u1ef1 l\u1ef1a ch\u1ecdn ho\u00e0n h\u1ea3o cho c\u00f4ng vi\u1ec7c an ninh gi\u00e1m s\u00e1t.<\/p>\n<p><img loading=\"lazy\" decoding=\"async\" class=\"aligncenter wp-image-2088 size-full\" title=\"B\u1ed9 \u0110\u00e0m Motorola GP 728 | Bodamviet\" src=\"http:\/\/bodamviet.com\/wp-content\/uploads\/2018\/06\/su-dung-bo-dam-16.jpg\" alt=\"B\u1ed9 \u0110\u00e0m Motorola GP 728 | Bodamviet\" width=\"993\" height=\"266\" srcset=\"https:\/\/bodamviet.com\/wp-content\/uploads\/2018\/06\/su-dung-bo-dam-16.jpg 993w, https:\/\/bodamviet.com\/wp-content\/uploads\/2018\/06\/su-dung-bo-dam-16-600x161.jpg 600w, https:\/\/bodamviet.com\/wp-content\/uploads\/2018\/06\/su-dung-bo-dam-16-768x206.jpg 768w\" sizes=\"auto, (max-width: 993px) 100vw, 993px\" \/><\/p>\n<h4><span style=\"color: #ff0000;\"><strong>Nh\u1eefng l\u00fd do b\u1ea1n n\u00ean ch\u1ecdn b\u1ed9 \u0111\u00e0m c\u1ea7m tay Motorola GP 728 cho c\u00f4ng vi\u1ec7c c\u1ee7a m\u00ecnh :<\/strong><\/span><\/h4>\n<p>&#8211;\u00a0\u00a0\u00a0\u00a0\u00a0\u00a0 Th\u01b0\u01a1ng hi\u1ec7u Motorola l\u00e0\u00a0m\u1ed9t trong 3\u00a0th\u01b0\u01a1ng hi\u1ec7u t\u1ed1t nh\u1ea5t<b><i>\u00a0<\/i><\/b>v\u1ec1 m\u00e1y b\u1ed9 \u0111\u00e0m.<\/p>\n<p>&#8211;\u00a0\u00a0\u00a0\u00a0\u00a0\u00a0 \u0110\u00e2y l\u00e0 d\u00f2ng\u00a0b\u1ed9 \u0111\u00e0m gi\u00e1 r\u1ebb\u00a0c\u00f3 gi\u00e1 th\u00e0nh\u00a0th\u1ea5p<i>\u00a0<\/i>nh\u1ea5t<strong><i>\u00a0<\/i><\/strong><i>so<\/i>\u00a0v\u1edbi nh\u1eefng d\u00f2ng m\u00e1y kh\u00e1c c\u00f9ng lo\u1ea1i.<\/p>\n<p>&#8211;\u00a0\u00a0\u00a0\u00a0\u00a0\u00a0 S\u1ea3n ph\u1ea9m \u0111\u00e3 \u0111\u01b0\u1ee3c c\u00f4ng nh\u1eadn tr\u00ean nhi\u1ec1u qu\u1ed1c gia Malaysia, Singapore, indonesia\u2026<\/p>\n<p><span style=\"color: #ff0000;\"><b>Th\u00f4ng s\u1ed1 k\u1ef9 thu\u1eadt c\u1ee7a b\u1ed9 \u0111\u00e0m c\u1ea7m tay Motorola GP 728<\/b><\/span><\/p>\n<p><b>\u2013<\/b>\u00a0S\u1eed d\u1ee5ng Pin LION, 3,7V<\/p>\n<p>\u2013\u00a0Dung l\u01b0\u1ee3ng l\u1edbn 1800 mAh\u00a0s\u1ea1c nh\u1ed3i \u0111\u01b0\u1ee3c.<\/p>\n<p>\u2013 \u0102ng ten b\u1ed9 \u0111\u00e0m ch\u1ed1ng g\u00e3y<\/p>\n<p>\u2013 \u00a0Ph\u00f9 h\u1ee3p m\u00f4i tr\u01b0\u1eddng v\u1eadt c\u1ea3n, to\u00e0 nh\u00e0 cao t\u1ea7ng, c\u1ef1 ly xa, nh\u00e0 h\u00e0ng, cafe\u2026<\/p>\n<p>\u2013 C\u00f4ng su\u1ea5t ph\u00e1t : 5W(UHF) xuy\u00ean qua v\u1eadt c\u1ea3n r\u1ea5t t\u1ed1t<\/p>\n<p>\u2013 C\u1ef1 ly li\u00ean l\u1ea1c : 1 ~ 3 Km\u00a0 ( tu\u1ef3 theo \u0111i\u1ec1u ki\u1ec7n v\u00e0 m\u00f4i tr\u01b0\u1eddng s\u1eed d\u1ee5ng )<\/p>\n<p>\u2013 D\u00e3y t\u1ea7n s\u1ed1 : 400-470 Mhz (UHF)<\/p>\n<p>\u2013 B\u1ed9 nh\u1edb 16 k\u00eanh t\u1ea7n s\u1ed1.<\/p>\n<p>\u2013 K\u00edch th\u01b0\u1edbc nh\u1ecf, g\u1ecdn : 111x 55 x 30 mm.<\/p>\n<p>\u2013 Tr\u1ecdng l\u01b0\u1ee3ng : 250g.<\/p>\n<p><img loading=\"lazy\" decoding=\"async\" class=\"aligncenter wp-image-2087 size-full\" title=\"B\u1ed9 \u0110\u00e0m Motorola GP 728 | Bodamviet\" src=\"http:\/\/bodamviet.com\/wp-content\/uploads\/2018\/06\/su-dung-bo-dam-15.jpg\" alt=\"B\u1ed9 \u0110\u00e0m Motorola GP 728 | Bodamviet\" width=\"300\" height=\"167\" \/><\/p>\n<h4><span style=\"color: #ff0000;\"><b>\u0110\u1ed3ng b\u1ed9 s\u1ea3n ph\u1ea9m b\u1ed9 \u0111\u00e0m c\u1ea7m tay Motorola GP 728<\/b><\/span><\/h4>\n<p>&#8211;\u00a0\u00a0\u00a0\u00a0\u00a0\u00a0 01 Th\u00e2n m\u00e1y<\/p>\n<p>&#8211;\u00a0\u00a0\u00a0\u00a0\u00a0\u00a0 01 Antenna<\/p>\n<p>&#8211;\u00a0\u00a0\u00a0\u00a0\u00a0\u00a0 01 Pin 1900mAh<\/p>\n<p>&#8211;\u00a0\u00a0\u00a0\u00a0\u00a0\u00a0 01 S\u1ea1c \u0111\u1ec3 b\u00e0n<\/p>\n<p>&#8211;\u00a0\u00a0\u00a0\u00a0\u00a0\u00a0 01 B\u00e1t c\u00e0i l\u01b0ng<\/p>\n<h4><span style=\"color: #ff0000;\"><b>C\u1ef1 ly li\u00ean l\u1ea1c c\u1ee7a b\u1ed9 \u0111\u00e0m c\u1ea7m tay Motorola GP 728<\/b><\/span><\/h4>\n<p>+ N\u1ed9i th\u00e0nh 1 &#8211; 3 Km.<br \/>\n+ Ngo\u1ea1i th\u00e0nh 2 &#8211; 4 Km<br \/>\n+ \u0110i\u1ec1u ki\u1ec7n l\u00fd t\u01b0\u1edfng 5 &#8211; 7 Km<\/p>\n<p>C\u00f3 b\u1ed9 \u0111\u00e0m c\u1ea7m tay Motorola GP 728 b\u1ea1n c\u00f3 th\u00eam m\u1ed9t c\u00e1nh tay \u0111\u1eafc l\u1ef1c h\u1ed7 tr\u1ee3 cho c\u00f4ng vi\u1ec7c c\u1ee7a b\u1ea1n nhanh ch\u00f3ng, su\u00f4n s\u1ebb v\u00e0 k\u1ecbp th\u1eddi h\u01a1n r\u1ea5t nhi\u1ec1u. B\u1ea1n c\u00f2n ch\u1ea7n ch\u1eeb g\u00ec n\u1eefa?<\/p>\n<h4><span style=\"color: #ff0000;\">B\u1ed9 \u0110\u00e0m Motorola GP 728 Gi\u00e1 T\u1ed1t Nh\u1ea5t C\u00f3 S\u1eb5n T\u1ea1i Bodamviet<\/span><\/h4>\n<p><strong>TH\u00d4NG TIN LI\u00caN H\u1ec6<\/strong><\/p>\n<ul>\n<li>H\u00e3y ch\u00e1t ngay v\u1edbi nh\u00e2n vi\u00ean online c\u1ee7a <a href=\"https:\/\/www.facebook.com\/bodamvietcom\">ch\u00fang t\u00f4i<\/a> t\u1eeb 8h30 t\u1edbi 7h t\u1ed1i \u0111\u1ec3 \u0111\u01b0\u1ee3c gi\u1ea3i \u0111\u00e1p mi\u1ec5n ph\u00ed c\u00e1c c\u00e2u h\u1ecfi th\u01b0\u1eddng g\u1eb7p.<\/li>\n<li>Hotline: 098 809 8828 \/ 094 987 7728<\/li>\n<li>Website:\u00a0<a href=\"https:\/\/bodamviet.com\/\">https:\/\/bodamviet.com<\/a><\/li>\n<li>\u0110\u1ecba Ch\u1ec9: 184 \u0110. Nguy\u1ec5n Tu\u00e2n, Thanh Xu\u00e2n Trung, Thanh Xu\u00e2n, H\u00e0 N\u1ed9i<\/li>\n<li>Gi\u1edd m\u1edf c\u1eeda : 8h00 \u2013 22h00 H\u00e0ng ng\u00e0y \u2013 ( L\u00e0m c\u1ea3 Th\u1ee9 7 &amp; CN)<\/li>\n<\/ul>\n","protected":false},"excerpt":{"rendered":"<p>B\u1ed9 \u0110\u00e0m C\u1ea7m Tay Motorola GP-728\u00a0<strong>Gi\u00e1 R\u1ebb th\u00edch h\u1ee3p d\u00f9ng cho c\u00f4ng vi\u1ec7c th\u1eddi v\u1ee5, ng\u1eafn h\u1ea1n<\/strong>.<\/p>\n<p>B\u1ed9 \u0110\u00e0m Motorola GP-728 <strong>Nh\u1ecf \u2013 G\u1ecdn \u2013 Nh\u1eb9<\/strong>\u00a0d\u1ec5 d\u00e0ng s\u1eed d\u1ee5ng v\u00e0 thay th\u1ebf linh ki\u1ec7n.<\/p>\n<p>GP-728: Kho\u1ea3ng c\u00e1ch li\u00ean l\u1ea1c 500m \u2013 1km T\u00f9y tr\u1ed1ng tho\u00e1ng; 5-10 t\u1ea7ng. Pin d\u00f9ng 6-8h<\/p>\n<p>S\u1ea3n xu\u1ea5t T\u1ea1i China; B\u1ea3o h\u00e0nh 12 th\u00e1ng th\u00e2n m\u00e1y; 03 th\u00e1ng pin x\u1ea1c<\/p>\n","protected":false},"featured_media":1615,"comment_status":"open","ping_status":"closed","template":"","meta":[],"product_cat":[451,442,411],"product_tag":[],"class_list":{"0":"post-1614","1":"product","2":"type-product","3":"status-publish","4":"has-post-thumbnail","6":"product_cat-bo-dam-gia-re","7":"product_cat-bo-dam-motorola","8":"product_cat-bo-dam-cong-truong","10":"first","11":"instock","12":"sale","13":"shipping-taxable","14":"purchasable","15":"product-type-simple"},"_links":{"self":[{"href":"https:\/\/bodamviet.com\/index.php?rest_route=\/wp\/v2\/product\/1614","targetHints":{"allow":["GET"]}}],"collection":[{"href":"https:\/\/bodamviet.com\/index.php?rest_route=\/wp\/v2\/product"}],"about":[{"href":"https:\/\/bodamviet.com\/index.php?rest_route=\/wp\/v2\/types\/product"}],"replies":[{"embeddable":true,"href":"https:\/\/bodamviet.com\/index.php?rest_route=%2Fwp%2Fv2%2Fcomments&post=1614"}],"wp:featuredmedia":[{"embeddable":true,"href":"https:\/\/bodamviet.com\/index.php?rest_route=\/wp\/v2\/media\/1615"}],"wp:attachment":[{"href":"https:\/\/bodamviet.com\/index.php?rest_route=%2Fwp%2Fv2%2Fmedia&parent=1614"}],"wp:term":[{"taxonomy":"product_cat","embeddable":true,"href":"https:\/\/bodamviet.com\/index.php?rest_route=%2Fwp%2Fv2%2Fproduct_cat&post=1614"},{"taxonomy":"product_tag","embeddable":true,"href":"https:\/\/bodamviet.com\/index.php?rest_route=%2Fwp%2Fv2%2Fproduct_tag&post=1614"}],"curies":[{"name":"wp","href":"https:\/\/api.w.org\/{rel}","templated":true}]}}