{"id":1622,"date":"2018-06-22T15:10:29","date_gmt":"2018-06-22T08:10:29","guid":{"rendered":"http:\/\/bodam.top\/?post_type=product&#038;p=1622"},"modified":"2024-11-08T16:25:02","modified_gmt":"2024-11-08T09:25:02","slug":"bo-dam-cam-tay-motorola-gp-1700","status":"publish","type":"product","link":"https:\/\/bodamviet.com\/?product=bo-dam-cam-tay-motorola-gp-1700","title":{"rendered":"B\u1ed9 \u0110\u00e0m Motorola GP-1700"},"content":{"rendered":"<h2><span style=\"color: #ff0000;\">B\u1ed9 \u0110\u00e0m C\u1ea7m Tay Motorola GP-1700 &#8211; B\u1ed9 \u0111\u00e0m th\u00edch h\u1ee3p cho c\u00f4ng tr\u01b0\u1eddng, nh\u00e0 m\u00e1y x\u00ed nghi\u1ec7p<\/span><\/h2>\n<p><strong>Motorola GP-1700<\/strong> l\u00e0 s\u1ea3n ph\u1ea9m \u0111\u01b0\u1ee3c nhi\u1ec1u qu\u00fd kh\u00e1ch h\u00e0ng l\u1ef1a ch\u1ecdn b\u1edfi kh\u1ea3 n\u0103ng \u0111\u00e0m tho\u1ea1i r\u00f5 r\u00e0ng, thi\u1ebft k\u1ebf kh\u1ecfe kho\u1eafn chuy\u00ean nghi\u1ec7p t\u1eeb <a href=\"https:\/\/www.facebook.com\/bodamvietcom\" target=\"_blank\" rel=\"noopener\">h\u00e3ng Motorola<\/a> ph\u00f9 h\u1ee3p cho r\u1ea5t nhi\u1ec1u c\u00e1c l\u0129nh v\u1ef1c ho\u1ea1t \u0111\u1ed9ng kh\u00e1c nhau nh\u01b0 c\u00f3 th\u1ec3 d\u00f9ng ngo\u00e0i c\u00f4ng tr\u01b0\u1eddng, d\u00f9ng cho nh\u00e2n vi\u00ean v\u0103n ph\u00f2ng, d\u00f9ng cho c\u00e1c nh\u00e2n vi\u00ean ph\u1ee5c v\u1ee5 qu\u00e1n bar, cafe ho\u1eb7c c\u00e1c khu kh\u00e1ch s\u1ea1n. . . <strong>Motorola GP-1700<\/strong> l\u00e0 lo\u1ea1i\u00a0b\u1ed9 \u0111\u00e0m\u00a0c\u00f3 kh\u1ea3 n\u0103ng l\u1ecdc nhi\u1ec5u v\u00e0 nghe tho\u1ea1i t\u1ed1t trong m\u00f4i tr\u01b0\u1eddng nhi\u1ec1u ti\u1ebfng \u1ed3n.<\/p>\n<p><img loading=\"lazy\" decoding=\"async\" class=\"aligncenter wp-image-3260 size-full\" title=\"B\u1ed9 \u0110\u00e0m Motorola GP-1700 | B\u1ed9 \u0110\u00e0m Vi\u1ec7t\" src=\"http:\/\/bodamviet.com\/wp-content\/uploads\/2018\/06\/loi-ich-khi-su-dung-may-bo-dam-cho-cong-trinh-xay-dung.jpg\" alt=\"B\u1ed9 \u0110\u00e0m Motorola GP-1700 | B\u1ed9 \u0110\u00e0m Vi\u1ec7t\" width=\"1024\" height=\"677\" srcset=\"https:\/\/bodamviet.com\/wp-content\/uploads\/2018\/06\/loi-ich-khi-su-dung-may-bo-dam-cho-cong-trinh-xay-dung.jpg 1024w, https:\/\/bodamviet.com\/wp-content\/uploads\/2018\/06\/loi-ich-khi-su-dung-may-bo-dam-cho-cong-trinh-xay-dung-768x508.jpg 768w, https:\/\/bodamviet.com\/wp-content\/uploads\/2018\/06\/loi-ich-khi-su-dung-may-bo-dam-cho-cong-trinh-xay-dung-600x397.jpg 600w\" sizes=\"auto, (max-width: 1024px) 100vw, 1024px\" \/><\/p>\n<p>&nbsp;<\/p>\n<h4><span style=\"color: #ff0000;\"><strong>M\u1ed9t s\u1ed1 t\u00ednh n\u0103ng c\u1ee7a Motorola GP-1700<\/strong><\/span><\/h4>\n<p>\u2013 \u00c2m thanh t\u0103ng c\u01b0\u1eddng: M\u00e1y b\u1ed9 \u0111\u00e0m t\u00edch h\u1ee3p ch\u1ebf \u0111\u1ed9 n\u00e9n \u00e2m tho\u1ea1i v\u00e0 loa mang l\u1ea1i ch\u1ea5t l\u01b0\u1ee3ng \u00e2m thanh trong tr\u1ebbo v\u01b0\u1ee3t tr\u1ed9i. C\u00f4ng ngh\u1ec7 gi\u00e3n m\u1ee9c th\u1ea5p &amp; n\u00e9n gi\u1ecdng n\u00f3i \u0111\u1eb7c bi\u1ec7t c\u1ee7a h\u00e3ng b\u1ed9 \u0111\u00e0m Motorola \u0111\u1ea3m b\u1ea3o <strong>Motorola GP-1700<\/strong> c\u00f3 ch\u1ea5t l\u01b0\u1ee3ng \u00e2m thanh m\u1ea1nh m\u1ebd, r\u00f5 r\u00e0ng v\u00e0 sinh \u0111\u1ed9ng h\u01a1n<\/p>\n<p>\u2013 S\u1ed1 K\u00eanh: M\u1ed7i k\u00eanh \u0111\u01b0\u01a1c c\u00e0i \u0111\u1eb7t ch\u1ebf \u0111\u1ed9 ph\u00edm QT v\u00e0 DQT \u0111\u1ec3 h\u1ea1n ch\u1ebf nh\u1eefng t\u00edn hi\u1ec7u kh\u00f4ng mong mu\u1ed1n. B\u1ea1n c\u00f3 th\u1ec3 ch\u1ec9 \u0111\u1ecbnh 16 k\u00eanh n\u1ebfu kh\u00f4ng mu\u1ed1n s\u1eed d\u1ee5ng ch\u1ee9c n\u0103ng qu\u00e9t t\u1ef1 \u0111\u1ed9ng.<\/p>\n<p><img loading=\"lazy\" decoding=\"async\" class=\"aligncenter wp-image-3261\" title=\"B\u1ed9 \u0110\u00e0m Motorola GP-1700 | B\u1ed9 \u0110\u00e0m Vi\u1ec7t\" src=\"http:\/\/bodamviet.com\/wp-content\/uploads\/2018\/06\/bo-dam-cong-truong.jpg\" alt=\"B\u1ed9 \u0110\u00e0m Motorola GP-1700 | B\u1ed9 \u0110\u00e0m Vi\u1ec7t\" width=\"1000\" height=\"523\" srcset=\"https:\/\/bodamviet.com\/wp-content\/uploads\/2018\/06\/bo-dam-cong-truong.jpg 1200w, https:\/\/bodamviet.com\/wp-content\/uploads\/2018\/06\/bo-dam-cong-truong-768x402.jpg 768w, https:\/\/bodamviet.com\/wp-content\/uploads\/2018\/06\/bo-dam-cong-truong-600x314.jpg 600w\" sizes=\"auto, (max-width: 1000px) 100vw, 1000px\" \/><\/p>\n<p>\u2013 Dung l\u01b0\u1ee3ng pin: B\u1ed9 \u0111\u00e0m <strong>Motorola GP-1700<\/strong> s\u1eed d\u1ee5ng pin dng l\u01b0\u1ee3ng 1800mAh, ho\u1ea1t \u0111\u1ed9ng li\u00ean t\u1ee5c t\u1eeb 10 \u2013 14 gi\u1edd.<\/p>\n<p>\u2013 Thi\u1ebft k\u1ebf nh\u1ecf g\u1ecdn: <strong>Motorola GP-1700<\/strong> c\u00f2n r\u1ea5t d\u1ec5 s\u1eed d\u1ee5ng \u0111\u01b0\u1ee3c thi\u1ebft k\u1ebf nh\u1ecf g\u1ecdn, v\u1eeba v\u1eb7n trong l\u00f2ng b\u00e0n tay, ch\u1ec9 n\u1eb7ng 250g ng\u01b0\u1eddi d\u00f9ng c\u00f3 th\u1ec3 thao t\u00e1c d\u1ec5 d\u00e0ng, thu\u1eadn ti\u1ec7n trong qu\u00e1 tr\u00ecnh l\u00e0m vi\u1ec7c.<\/p>\n<p><img loading=\"lazy\" decoding=\"async\" class=\"aligncenter wp-image-3263 size-full\" title=\"B\u1ed9 \u0110\u00e0m Motorola GP-1700 | B\u1ed9 \u0110\u00e0m Vi\u1ec7t\" src=\"http:\/\/bodamviet.com\/wp-content\/uploads\/2018\/06\/bo-dam-xd.jpg\" alt=\"B\u1ed9 \u0110\u00e0m Motorola GP-1700 | B\u1ed9 \u0110\u00e0m Vi\u1ec7t\" width=\"750\" height=\"375\" srcset=\"https:\/\/bodamviet.com\/wp-content\/uploads\/2018\/06\/bo-dam-xd.jpg 750w, https:\/\/bodamviet.com\/wp-content\/uploads\/2018\/06\/bo-dam-xd-600x300.jpg 600w\" sizes=\"auto, (max-width: 750px) 100vw, 750px\" \/><\/p>\n<p>\u2013 Thi\u1ebft k\u1ebf m\u1ea1nh m\u1ebd: <strong>B\u1ed9 \u0111\u00e0m GP-1700<\/strong> \u0111\u01b0\u1ee3c thi\u1ebft k\u1ebf \u0111\u1ea1t v\u00e0 v\u01b0\u1ee3t c\u00e1c ti\u00eau chu\u1ea9n qu\u1ed1c t\u1ebf kh\u1eaft khe c\u1ee7a Motorola nh\u01b0 th\u1eed nghi\u1ec7m tu\u1ed5i th\u1ecd b\u1ed9 \u0111\u00e0m trong nh\u1eefng \u0111i\u1ec1u ki\u1ec7n th\u1ef1c t\u1ebf kh\u1eafc nghi\u1ec7t (ALT), ti\u00eau chu\u1ea9n qu\u00e2n s\u1ef1 MIL-STD 810C\/D\/E v\u00e0 ti\u00eau chu\u1ea9n ch\u1ed1ng th\u1ea5m n\u01b0\u1edbc th\u00edch h\u1ee3p s\u1eed d\u1ee5ng trong c\u00e1c m\u00f4i tr\u01b0\u1eddng kh\u1eafc nghi\u1ec7t.<\/p>\n<p>\u2013 C\u00f4ng su\u1ea5t: <strong>B\u1ed9 \u0111\u00e0m GP-1700<\/strong> s\u1eed d\u1ee5ng b\u0103ng t\u1ea7n UHF cho c\u00f4ng su\u1ea5t ph\u00e1t t\u1edbi 4w cho ph\u1ea1m vi ho\u1ea1t \u0111\u1ed9ng 1 \u2013 5 km ( t\u00f9y v\u00e0o \u0111i\u1ec1u ki\u1ec7n \u0111\u1ecba h\u00ecnh c\u00f3 v\u1eadt c\u1ea3n s\u1ebd cho kho\u1ea3ng c\u00e1ch li\u00ean l\u1ea1c kh\u00e1c nhau) cho cu\u1ed9c \u0111\u00e0m tho\u1ea1i v\u1eabn r\u00f5 n\u00e9t.<\/p>\n<p>\u2013 C\u1ef1 ly li\u00ean l\u1ea1c<\/p>\n<p>+ Khu v\u1ef1c nhi\u1ec1u nh\u00e0 cao t\u1ea7ng, khu \u0111\u00f4ng d\u00e2n c\u01b0, v\u00f9ng c\u00f3 \u1ea3nh h\u01b0\u1edfng nhi\u1ec1u s\u00f3ng kh\u00e1c:\u00a0&lt; 1 km<\/p>\n<p>+ Khu v\u1ef1c trong nh\u00e0 m\u00e1y s\u1ea3n xu\u1ea5t\u00a0&lt; 1 km<\/p>\n<p>+ Khu v\u1ef1c v\u00f9ng ven th\u00e0nh ph\u1ed1, \u00edt nh\u00e0 cao t\u1ea7ng, \u00edt v\u1eadt c\u1ea3n\u00a0&lt; 2 km<\/p>\n<p>+ Khu v\u1ef1c \u0111\u1ea5t tr\u1ed1ng, b\u1ebfn c\u1ea3ng, ngo\u1ea1i th\u00e0nh\u00a0&lt; 2 km<\/p>\n<p>+ Trong c\u00e1c t\u00f2a nh\u00e0 cao \u1ed1c \u0111ang x\u00e2y d\u1ef1ng &lt; 40 t\u1ea7ng<\/p>\n<p>+ Trong c\u00e1c t\u00f2a nh\u00e0 cao\u00a0\u1ed1c\u00a0\u0111ang ho\u1ea1t\u00a0\u0111\u1ed9ng\u00a0&lt; 20 t\u1ea7ng<\/p>\n<p>&nbsp;<\/p>\n<p><strong>TH\u00d4NG TIN LI\u00caN H\u1ec6<\/strong><\/p>\n<ul>\n<li>H\u00e3y ch\u00e1t ngay v\u1edbi nh\u00e2n vi\u00ean online c\u1ee7a ch\u00fang t\u00f4i t\u1eeb 8h00 t\u1edbi 19h t\u1ed1i \u0111\u1ec3 \u0111\u01b0\u1ee3c gi\u1ea3i \u0111\u00e1p mi\u1ec5n ph\u00ed c\u00e1c c\u00e2u h\u1ecfi th\u01b0\u1eddng g\u1eb7p.<\/li>\n<li>Hotline: 098 809 8828 \/ 094 987 7728<\/li>\n<li>Website:\u00a0<a href=\"https:\/\/bodamviet.com\">https:\/\/bodamviet.com<\/a><\/li>\n<li>\u0110\u1ecba Ch\u1ec9: 184 \u0110. Nguy\u1ec5n Tu\u00e2n, Thanh Xu\u00e2n Trung, Thanh Xu\u00e2n, H\u00e0 N\u1ed9i<\/li>\n<li>Gi\u1edd m\u1edf c\u1eeda : 8h00 \u2013 22h00 H\u00e0ng ng\u00e0y \u2013 ( L\u00e0m c\u1ea3 Th\u1ee9 7 &amp; CN)<\/li>\n<\/ul>\n<p>&nbsp;<\/p>\n<p>&nbsp;<\/p>\n","protected":false},"excerpt":{"rendered":"<p><strong>B\u1ed9 \u0110\u00e0m C\u1ea7m Tay Motorola GP-1700 <\/strong><span style=\"color: #ff0000;\">th\u00edch h\u1ee3p v\u1edbi c\u00f4ng tr\u01b0\u1eddng, x\u00e2y d\u1ef1ng, qu\u1ea3n l\u00fd t\u00f2a nh\u00e0. <\/span><strong>Motorola GP-1700<\/strong> <b>D<\/b>\u1ec5 d\u00e0ng s\u1eed d\u1ee5ng v\u00e0 thay th\u1ebf linh ki\u1ec7n.<\/p>\n<p>GP-1700: Kho\u1ea3ng c\u00e1ch li\u00ean l\u1ea1c 1 \u2013 5km T\u00f9y tr\u1ed1ng tho\u00e1ng; 10-40 t\u1ea7ng. Dung l\u01b0\u1ee3ng pin 4.000Mah d\u00f9ng 24h<\/p>\n<p><strong>Motorola GP-1700<\/strong> S\u1ea3n xu\u1ea5t T\u1ea1i China; B\u1ea3o h\u00e0nh 24 th\u00e1ng th\u00e2n m\u00e1y; 06 th\u00e1ng pin x\u1ea1c<\/p>\n","protected":false},"featured_media":3262,"comment_status":"open","ping_status":"closed","template":"","meta":[],"product_cat":[442,413,411],"product_tag":[487,488],"class_list":{"0":"post-1622","1":"product","2":"type-product","3":"status-publish","4":"has-post-thumbnail","6":"product_cat-bo-dam-motorola","7":"product_cat-bo-dam-bao-ve","8":"product_cat-bo-dam-cong-truong","9":"product_tag-bo-dam-cam-tay-motorola-gp-1700","10":"product_tag-motorola-gp-1700","12":"first","13":"instock","14":"sale","15":"shipping-taxable","16":"purchasable","17":"product-type-simple"},"_links":{"self":[{"href":"https:\/\/bodamviet.com\/index.php?rest_route=\/wp\/v2\/product\/1622","targetHints":{"allow":["GET"]}}],"collection":[{"href":"https:\/\/bodamviet.com\/index.php?rest_route=\/wp\/v2\/product"}],"about":[{"href":"https:\/\/bodamviet.com\/index.php?rest_route=\/wp\/v2\/types\/product"}],"replies":[{"embeddable":true,"href":"https:\/\/bodamviet.com\/index.php?rest_route=%2Fwp%2Fv2%2Fcomments&post=1622"}],"wp:featuredmedia":[{"embeddable":true,"href":"https:\/\/bodamviet.com\/index.php?rest_route=\/wp\/v2\/media\/3262"}],"wp:attachment":[{"href":"https:\/\/bodamviet.com\/index.php?rest_route=%2Fwp%2Fv2%2Fmedia&parent=1622"}],"wp:term":[{"taxonomy":"product_cat","embeddable":true,"href":"https:\/\/bodamviet.com\/index.php?rest_route=%2Fwp%2Fv2%2Fproduct_cat&post=1622"},{"taxonomy":"product_tag","embeddable":true,"href":"https:\/\/bodamviet.com\/index.php?rest_route=%2Fwp%2Fv2%2Fproduct_tag&post=1622"}],"curies":[{"name":"wp","href":"https:\/\/api.w.org\/{rel}","templated":true}]}}