{"id":1634,"date":"2018-06-22T15:25:16","date_gmt":"2018-06-22T08:25:16","guid":{"rendered":"http:\/\/bodam.top\/?post_type=product&#038;p=1634"},"modified":"2024-11-09T06:58:20","modified_gmt":"2024-11-08T23:58:20","slug":"bo-dam-cam-tay-motorola-mt-3300","status":"publish","type":"product","link":"https:\/\/bodamviet.com\/?product=bo-dam-cam-tay-motorola-mt-3300","title":{"rendered":"B\u1ed9 \u0110\u00e0m Motorola MT-3300"},"content":{"rendered":"<h2><span style=\"color: #ff0000;\">B\u1ed9 \u0110\u00e0m Motorola MT-3300 Gi\u00e1 R\u1ebb<\/span><\/h2>\n<p><a href=\"http:\/\/bodamviet.com\" target=\"_blank\" rel=\"noopener\">M\u00e1y b\u1ed9 \u0111\u00e0m<\/a> <strong>Motorola MT-3300<\/strong> l\u00e0 d\u00f2ng s\u1ea3n ph\u1ea9m v\u1eeba m\u1edbi \u0111\u01b0\u1ee3c tung ra th\u1ecb tr\u01b0\u1eddng nh\u01b0ng \u0111\u00e3 nh\u1eadn \u0111\u01b0\u1ee3c nhi\u1ec1u ph\u1ea3n h\u1ed3i t\u00edch c\u1ef1c t\u1eeb ph\u00eda kh\u00e1ch h\u00e0ng nh\u1edd t\u00ednh n\u0103ng v\u01b0\u1ee3t tr\u1ed9i nh\u01b0ng l\u1ea1i \u0111\u01b0\u1ee3c b\u00e1n \u1edf m\u1ee9c gi\u00e1 v\u00f4 c\u00f9ng h\u1ee3p l\u00fd. T\u00ednh n\u0103ng t\u1ef1 \u0111\u1ed9ng gi\u1ea3m nhi\u1ec5u \u0111\u01b0\u1ee3c c\u1ea3i ti\u1ebfn gi\u00fap ng\u01b0\u1eddi d\u00f9ng c\u00f3 \u0111\u01b0\u1ee3c nh\u1eefng tr\u1ea3i nghi\u1ec7m \u00e2m thanh r\u00f5 r\u00e0ng nh\u1ea5t. \u0110\u00e2y ch\u1eafc ch\u1eafn s\u1ebd l\u00e0 s\u1ef1 l\u1ef1a ch\u1ecdn ho\u00e0n h\u1ea3o c\u1ee7a qu\u00fd kh\u00e1ch h\u00e0ng.<\/p>\n<p><img loading=\"lazy\" decoding=\"async\" class=\"aligncenter wp-image-2609 size-full\" title=\"B\u1ed9 \u0110\u00e0m Motorola MT-3300 Gi\u00e1 Lu\u00f4n R\u1ebb Nh\u1ea5t | Bodamviet\" src=\"http:\/\/bodamviet.com\/wp-content\/uploads\/2018\/06\/Motorola3.jpg\" alt=\"B\u1ed9 \u0110\u00e0m Motorola MT-3300 Gi\u00e1 Lu\u00f4n R\u1ebb Nh\u1ea5t | Bodamviet\" width=\"1100\" height=\"849\" srcset=\"https:\/\/bodamviet.com\/wp-content\/uploads\/2018\/06\/Motorola3.jpg 1100w, https:\/\/bodamviet.com\/wp-content\/uploads\/2018\/06\/Motorola3-768x593.jpg 768w, https:\/\/bodamviet.com\/wp-content\/uploads\/2018\/06\/Motorola3-600x463.jpg 600w\" sizes=\"auto, (max-width: 1100px) 100vw, 1100px\" \/><\/p>\n<h4><span style=\"color: #ff0000;\"><strong>M\u1ed9t s\u1ed1 t\u00ednh n\u0103ng n\u1ed5i b\u1eadt c\u1ee7a s\u1ea3n ph\u1ea9m M\u00e1y b\u1ed9 \u0111\u00e0m Motorola MT-3300<\/strong><\/span><\/h4>\n<p>Ch\u1ee9c n\u0103ng gi\u1edbi h\u1ea1n th\u1eddi gian ph\u00e1t \u2013\u00a0Time-out Timer (TOT)<\/p>\n<p>N\u1ebfu vi\u1ec7c truy\u1ec1n d\u1eef li\u1ec7u v\u01b0\u1ee3t qu\u00e1 gi\u1edbi h\u1ea1n th\u1eddi gian \u0111\u00e3 \u0111\u1ecbnh tr\u01b0\u1edbc \u0111\u00f3 th\u00ec c\u00e1c \u0111\u00e0i ph\u00e1t thanh s\u1ebd d\u1eebng l\u1ea1i sau khi chu\u00f4ng c\u1ea3nh b\u00e1o. T\u00ednh n\u0103ng TOT c\u00f3 th\u1ec3 ng\u0103n ch\u1eb7n b\u1ea5t k\u1ef3 h\u01b0 h\u1ecfng g\u00e2y ra do truy\u1ec1n t\u00edn hi\u1ec7u li\u00ean t\u1ee5c.<\/p>\n<p>Cho ph\u00e9p b\u00e1o k\u00eanh b\u1eadn (BCLO)<br \/>\nBCLO \u0111\u01b0\u1ee3c s\u1eed d\u1ee5ng \u0111\u1ec3 ng\u0103n ch\u1eb7n s\u1ef1 can thi\u1ec7p khi \u0111ang c\u00f3 k\u00eanh \u0111\u00e0m tho\u1ea1i. N\u1ebfu BCLO l\u00e0 ON c\u00e1c \u0111\u00e0i ph\u00e1t thanh kh\u00f4ng th\u1ec3 truy\u1ec1n t\u1ea3i tr\u00ean k\u00eanh b\u1eadn.<\/p>\n<p>Pin kh\u1ecfe<br \/>\nD\u00f2ng\u00a0m\u00e1y b\u1ed9 \u0111\u00e0m c\u1ea7m tay\u00a0n\u00e0y s\u1eed d\u1ee5ng Pin Lion 2500 mAh. Lo\u1ea1i pin cho ph\u00e9p ch\u1edd l\u00ean t\u1edbi 6 ng\u00e0y, s\u1eed d\u1ee5ng li\u00ean t\u1ee5c 14 ti\u1ebfng. S\u1eed d\u1ee5ng cho c\u00f4ng su\u1ea5t ph\u00e1t l\u1edbn 8W, gi\u00fap cho c\u1ef1 ly \u1edf \u0111i\u1ec1u ki\u1ec7n kh\u00f3 kh\u0103n l\u00ean t\u1edbi 1km ( \u0111i\u1ec1u ki\u1ec7n l\u00fd t\u01b0\u1edfng 2,5 km), t\u00f2a nh\u00e0 c\u00f3 th\u1ec3 l\u00ean t\u1edbi 55 t\u1ea7ng. V\u1edbi pin dung l\u01b0\u1ee3ng l\u1edbn, b\u1ea1n s\u1ebd ho\u00e0n to\u00e0n y\u00ean t\u00e2m v\u00e0 s\u1ebd kh\u00f4ng c\u00f2n ph\u1ea3i lo l\u1eafng \u0111\u00e3 mang s\u1ea1c d\u1ef1 ph\u00f2ng b\u00ean m\u00ecnh hay ch\u01b0a.<\/p>\n<p><img loading=\"lazy\" decoding=\"async\" class=\"aligncenter wp-image-2268 size-full\" title=\"B\u1ed9 \u0111\u00e0m c\u1ea7m tay Motorola MT 3300 | Bodamviet.com\" src=\"http:\/\/bodamviet.com\/wp-content\/uploads\/2017\/10\/su-dung-bo-dam-13.png\" alt=\"B\u1ed9 \u0111\u00e0m c\u1ea7m tay Motorola MT 3300 | Bodamviet.com\" width=\"537\" height=\"403\" \/><\/p>\n<p>Ch\u1ea5t l\u01b0\u1ee3ng \u00e2m thanh t\u1ed1t<\/p>\n<p>B\u1ed9 \u0111\u00e0m c\u1ea7m tay Motorola MT3300 v\u1edbi c\u00f4ng su\u1ea5t l\u1edbn s\u1ebd \u0111em l\u1ea1i ch\u1ea5t l\u01b0\u1ee3ng \u00e2m thanh trong tr\u1ebbo, to, r\u00f5 r\u00e0ng nh\u1ea5t \u0111\u1ec3 c\u00f3 th\u1ec3 s\u1eed d\u1ee5ng t\u1ed1t trong m\u00f4i tr\u01b0\u1eddng l\u00e0m vi\u1ec7c nhi\u1ec1u t\u1ea1p \u00e2m. B\u1ea1n ho\u00e0n to\u00e0n c\u00f3 th\u1ec3 tho\u1ea3i m\u00e1i \u0111\u00e0m tho\u1ea1i trong th\u1eddi gian d\u00e0i m\u00e0 kh\u00f4ng lo b\u1ecb \u1ea3nh h\u01b0\u1edfng b\u1edfi m\u00f4i tr\u01b0\u1eddng<\/p>\n<p>D\u1ea3i t\u1ea7n r\u1ed9ng (UHF) t\u01b0\u0300 400-480mhz, c\u00f4ng su\u00e2\u0301t pha\u0301t 4W<\/p>\n<p>\u0110\u00e2y l\u00e0 m\u1ed9t trong \u00edt d\u00f2ng\u00a0m\u00e1y b\u1ed9 \u0111\u00e0m Motorola\u00a0 \u0111\u01b0\u01a1\u0323c \u01b0a chu\u1ed9ng d\u00f9ng trong ca\u0301c t\u00f2a nh\u00e0 co\u0301 chi\u00ea\u0300u cao t\u01b0\u0300 20 t\u00e2\u0300ng tr\u01a1\u0309 xu\u00f4\u0301ng + th\u00eam 2 t\u00e2\u0300ng h\u00e2\u0300m. D\u1ea3i t\u1ea7n r\u1ed9ng s\u1ebd gi\u00fap thi\u1ebft b\u1ecb c\u00f3 th\u1ec3 truy\u1ec1n\u00a0 m\u1ecdi ng\u00f3c nga\u0301ch c\u1ee7a to\u0300a nha\u0300 (h\u00e2\u0300m, thang ma\u0301y\u2026) giu\u0301p b\u1ea1n duy tri\u0300 li\u00ean l\u1ea1c v\u01a1\u0301i nhau m\u1ed9t ca\u0301ch th\u00f4ng su\u00f4\u0301t ma\u0300 kh\u00f4ng g\u1eb7p b\u1ea5t k\u1ef3 m\u1ed9t tr\u1edf ng\u1ea1i n\u00e0o. \u0110i\u1ec1u n\u00e0y v\u00f4 c\u00f9ng tuy\u1ec7t v\u1eddi khi \u0111\u00e3 gi\u00fap b\u1ea1n ti\u1ebft ki\u1ec7m m\u1ed9t kho\u1ea3n ch\u1ecb ph\u00ed kh\u00f4ng nh\u1ecf (kho\u1ea3ng 2000USD) \u0111\u1ec3 l\u1eafp h\u1ec7 th\u1ed1ng chuy\u1ec3n ti\u1ebfp s\u00f3ng<\/p>\n<p>16 k\u00eanh nh\u1edb<\/p>\n<p>V\u1edbi 16 k\u00eanh ch\u00ednh b\u1ea1n s\u1ebd kh\u00f4ng ph\u1ea3i lo l\u1eafng v\u1ec1 v\u1ea5n \u0111\u1ec1 s\u1eed d\u1ee5ng nhi\u1ec1u nh\u00f3m, s\u1ed1 l\u01b0\u1ee3ng \u0111\u00f4ng ng\u01b0\u1eddi m\u00e0 b\u1ecb tr\u00f9ng k\u00eanh khi s\u1eed d\u1ee5ng. H\u01a1n n\u1eefa, ng\u01b0\u1eddi d\u00f9ng tho\u1ea3i m\u00e1i l\u1ef1a ch\u1ecdn c\u00e1c k\u00eanh ph\u00f9 h\u1ee3p v\u1edbi nhu c\u1ea7u s\u1eed d\u1ee5ng c\u1ee7a ri\u00eang m\u00ecnh.<\/p>\n<p>\u0110\u00e8n pin chi\u1ebfu s\u00e1ng cao<\/p>\n<p>T\u00ednh n\u0103ng n\u00e0y s\u1ebd gi\u00fap \u00edch ng\u01b0\u1eddi d\u00f9ng trong tr\u01b0\u1eddng h\u1ee3p tr\u1eddi t\u1ed1i hay m\u1ea5t \u0111i\u1ec7n,\u00a0m\u00e1y b\u1ed9 \u0111\u00e0m c\u1ea7m taymotorola MT 3300s\u1ebd kh\u00f4ng kh\u00e1c g\u00ec chi\u1ebfc \u0111\u00e8n pin c\u1ee7a b\u1ea1n.<\/p>\n<p><img loading=\"lazy\" decoding=\"async\" class=\"aligncenter\" title=\"B\u1ed9 \u0111\u00e0m c\u1ea7m tay Motorola MT 3300 | Bodamviet.com\" src=\"http:\/\/maitel.vn\/media\/wysiwyg\/anhbodam\/bo-dam-cam-tay-motorola-03.jpg\" alt=\"B\u1ed9 \u0111\u00e0m c\u1ea7m tay Motorola MT 3300 | Bodamviet.com\" width=\"600\" height=\"448\" \/><\/p>\n<h4><span style=\"color: #ff0000;\"><strong>C\u1ef1 li li\u00ean l\u1ea1c tuy\u1ec7t v\u1eddi trong \u0111i\u1ec1u ki\u1ec7n l\u00fd t\u01b0\u1edfng c\u1ee7a <a style=\"color: #ff0000;\" href=\"http:\/\/fb.com\/bodamvietcom\" target=\"_blank\" rel=\"noopener\">b\u1ed9 \u0111\u00e0m<\/a> c\u1ea7m tay Motorola MT-3300<\/strong><\/span><\/h4>\n<p>\u2013 Khu v\u1ef1c nhi\u1ec1u nh\u00e0 cao t\u1ea7ng, khu \u0111\u00f4ng d\u00e2n c\u01b0, v\u00f9ng c\u00f3 \u1ea3nh h\u01b0\u1edfng nhi\u1ec1u s\u00f3ng kh\u00e1c: ~1 km<br \/>\n\u2013 Khu v\u1ef1c v\u00f9ng ven th\u00e0nh ph\u1ed1, \u00edt nh\u00e0 cao t\u1ea7ng, \u00edt v\u1eadt c\u1ea3n ~ 3 km<br \/>\n\u2013 Khu v\u1ef1c \u0111\u1ea5t tr\u1ed1ng, b\u1ebfn c\u1ea3ng, ngo\u1ea1i th\u00e0nh ~ 4 km<br \/>\n\u2013 Trong c\u00e1c t\u00f2a nh\u00e0 cao \u1ed1c \u0111ang x\u00e2y d\u1ef1ng ~ 50 t\u1ea7ng<br \/>\n\u2013 Trong c\u00e1c t\u00f2a nh\u00e0 cao \u1ed1c \u0111ang ho\u1ea1t \u0111\u1ed9ng ~ 30 t\u1ea7ng<\/p>\n<h4><span style=\"color: #ff0000;\"><b>\u0110\u1ed3ng b\u1ed9 s\u1ea3n ph\u1ea9m\u00a0<\/b><b>B\u1ed9 \u0111\u00e0m c\u1ea7m tay Motorola MT-3300<\/b><b>:<\/b><\/span><\/h4>\n<p>\u2013 Th\u00e2n m\u00e1y<br \/>\n\u2013 Antenna<br \/>\n\u2013\u00a0Pin LION 7.4V<br \/>\n\u2013 Adaptor.<br \/>\n\u2013 S\u1ea1c b\u00e0n.<br \/>\n\u2013 B\u00e1t c\u00e0i l\u01b0ng.<\/p>\n<h4><span style=\"color: #ff0000;\">B\u1ed9 \u0110\u00e0m <strong>Motorola MT-3300<\/strong>\u00a0C\u00f3 s\u1eb5n | Gi\u00e1 T\u1ed1t T\u1ea1i Bodamviet.com<\/span><\/h4>\n<p><strong>TH\u00d4NG TIN LI\u00caN H\u1ec6<\/strong><\/p>\n<ul>\n<li>H\u00e3y ch\u00e1t ngay v\u1edbi nh\u00e2n vi\u00ean online c\u1ee7a <a href=\"https:\/\/www.facebook.com\/bodamvietcom\">ch\u00fang t\u00f4i<\/a> t\u1eeb 8h30 t\u1edbi 7h t\u1ed1i \u0111\u1ec3 \u0111\u01b0\u1ee3c gi\u1ea3i \u0111\u00e1p mi\u1ec5n ph\u00ed c\u00e1c c\u00e2u h\u1ecfi th\u01b0\u1eddng g\u1eb7p.<\/li>\n<li>Hotline: 098 809 8828 \/ 094 987 7728<\/li>\n<li>Website:\u00a0<a href=\"https:\/\/bodamviet.com\/\">https:\/\/bodamviet.com<\/a><\/li>\n<li>\u0110\u1ecba Ch\u1ec9: 184 \u0110. Nguy\u1ec5n Tu\u00e2n, Thanh Xu\u00e2n Trung, Thanh Xu\u00e2n, H\u00e0 N\u1ed9i<\/li>\n<li>Gi\u1edd m\u1edf c\u1eeda : 8h00 \u2013 22h00 H\u00e0ng ng\u00e0y \u2013 ( L\u00e0m c\u1ea3 Th\u1ee9 7 &amp; CN)<\/li>\n<\/ul>\n<p>&nbsp;<\/p>\n","protected":false},"excerpt":{"rendered":"<p><strong>Motorola MT-3300 <\/strong>th\u00edch h\u1ee3p cho c\u00e1c c\u00f4ng vi\u1ec7c: B\u1ea3o v\u1ec7 T\u00f2a nh\u00e0, KCN, d\u00f9ng cho c\u00e1c t\u00f2a nh\u00e0 cao t\u1ea7ng&#8230;<\/p>\n<p>B\u1ed9 \u0110\u00e0m Motorola MT-3300<strong>\u00a0Nh\u1ecf \u2013 G\u1ecdn \u2013 Nh\u1eb9<\/strong>\u00a0d\u1ec5 d\u00e0ng s\u1eed d\u1ee5ng v\u00e0 thay th\u1ebf linh ki\u1ec7n.<\/p>\n<p>MT-3300 : Kho\u1ea3ng c\u00e1ch li\u00ean l\u1ea1c 1 \u2013 4km T\u00f9y tr\u1ed1ng tho\u00e1ng; 5-25 t\u1ea7ng. Dung l\u01b0\u1ee3ng pin 3200Mah d\u00f9ng 20h<\/p>\n<p>S\u1ea3n xu\u1ea5t T\u1ea1i China; B\u1ea3o h\u00e0nh 24 th\u00e1ng th\u00e2n m\u00e1y; 06 th\u00e1ng pin x\u1ea1c<\/p>\n","protected":false},"featured_media":2608,"comment_status":"open","ping_status":"closed","template":"","meta":[],"product_cat":[451,442,413,411,412],"product_tag":[],"class_list":{"0":"post-1634","1":"product","2":"type-product","3":"status-publish","4":"has-post-thumbnail","6":"product_cat-bo-dam-gia-re","7":"product_cat-bo-dam-motorola","8":"product_cat-bo-dam-bao-ve","9":"product_cat-bo-dam-cong-truong","10":"product_cat-bo-dam-nha-hang","12":"first","13":"instock","14":"sale","15":"shipping-taxable","16":"purchasable","17":"product-type-simple"},"_links":{"self":[{"href":"https:\/\/bodamviet.com\/index.php?rest_route=\/wp\/v2\/product\/1634","targetHints":{"allow":["GET"]}}],"collection":[{"href":"https:\/\/bodamviet.com\/index.php?rest_route=\/wp\/v2\/product"}],"about":[{"href":"https:\/\/bodamviet.com\/index.php?rest_route=\/wp\/v2\/types\/product"}],"replies":[{"embeddable":true,"href":"https:\/\/bodamviet.com\/index.php?rest_route=%2Fwp%2Fv2%2Fcomments&post=1634"}],"wp:featuredmedia":[{"embeddable":true,"href":"https:\/\/bodamviet.com\/index.php?rest_route=\/wp\/v2\/media\/2608"}],"wp:attachment":[{"href":"https:\/\/bodamviet.com\/index.php?rest_route=%2Fwp%2Fv2%2Fmedia&parent=1634"}],"wp:term":[{"taxonomy":"product_cat","embeddable":true,"href":"https:\/\/bodamviet.com\/index.php?rest_route=%2Fwp%2Fv2%2Fproduct_cat&post=1634"},{"taxonomy":"product_tag","embeddable":true,"href":"https:\/\/bodamviet.com\/index.php?rest_route=%2Fwp%2Fv2%2Fproduct_tag&post=1634"}],"curies":[{"name":"wp","href":"https:\/\/api.w.org\/{rel}","templated":true}]}}