{"id":1986,"date":"2018-06-29T16:44:51","date_gmt":"2018-06-29T09:44:51","guid":{"rendered":"http:\/\/bodam.top\/?post_type=product&#038;p=1986"},"modified":"2024-11-07T09:34:30","modified_gmt":"2024-11-07T02:34:30","slug":"bo-dam-kenwood-tk-3360","status":"publish","type":"product","link":"https:\/\/bodamviet.com\/?product=bo-dam-kenwood-tk-3360","title":{"rendered":"B\u1ed9 \u0110\u00e0m Kenwood TK-3360"},"content":{"rendered":"<h2><span style=\"color: #ff0000;\">B\u1ed9 \u0111\u00e0m Kenwood TK-3360 &#8211; Chuy\u00ean d\u1ee5ng d\u00e0nh cho c\u00f4ng tr\u01b0\u1eddng, nh\u00e0 m\u00e1y, x\u00ed nghi\u1ec7p, t\u00f2a nh\u00e0, trung t\u00e2m th\u01b0\u01a1ng m\u1ea1i<\/span><\/h2>\n<p>B\u1ed9 \u0111\u00e0m\u00a0ng\u00e0y c\u00e0ng kh\u1eb3ng \u0111\u1ecbnh vai tr\u00f2 th\u1ed1ng l\u0129nh c\u1ee7a m\u00ecnh trong cu\u1ed9c s\u1ed1ng hi\u1ec7n \u0111\u1ea1i, kh\u00f4ng ch\u1ec9 l\u00e0 thi\u1ebft b\u1ecb li\u00ean l\u1ea1c tr\u1ecdng y\u1ebfu: an ninh, c\u1ee9u h\u1ed9 c\u1ee9 n\u1ea1n\u2026m\u00e1y b\u1ed9 \u0111\u00e0m c\u00f2n c\u00f3 vai tr\u00f2 r\u1ea5t l\u1edbn trong vi\u1ec7c n\u00e2ng cao hi\u1ec7u qu\u1ea3 s\u1ea3n xu\u1ea5t v\u00e0 kinh doanh \u1edf r\u1ea5t nhi\u1ec1u c\u00e1c l\u0129nh v\u1ef1c t\u1eeb c\u00e1c y\u00eau c\u1ea7u s\u1eed d\u1ee5ng th\u01b0\u01a1ng m\u1ea1i thu\u1ea7n t\u00fay nh\u01b0: nh\u00e0 h\u00e0ng,\u00a0 si\u00eau th\u1ecb, cao \u1ed1c, s\u00e2n bay\u2026cho t\u1edbi c\u00e1c y\u00eau c\u1ea7u ph\u1ee9c t\u1ea1p c\u1ee7a c\u00e1c ng\u00e0nh c\u00f4ng nghi\u1ec7p: h\u1ea7m m\u1ecf, khai kho\u00e1ng, c\u1ea3ng bi\u1ec3n\u2026<\/p>\n<p><img loading=\"lazy\" decoding=\"async\" class=\"aligncenter wp-image-2541\" title=\"B\u1ed9 \u0110\u00e0m C\u1ea7m tay Kenwood TK-3360 | Bodamviet\" src=\"http:\/\/bodamviet.com\/wp-content\/uploads\/2023\/04\/Bo-dam-cam-tay-kenwood-NX-3320-3.jpg\" alt=\"B\u1ed9 \u0110\u00e0m C\u1ea7m tay Kenwood TK-3360 | Bodamviet\" width=\"1100\" height=\"1100\" srcset=\"https:\/\/bodamviet.com\/wp-content\/uploads\/2023\/04\/Bo-dam-cam-tay-kenwood-NX-3320-3.jpg 1600w, https:\/\/bodamviet.com\/wp-content\/uploads\/2023\/04\/Bo-dam-cam-tay-kenwood-NX-3320-3-768x768.jpg 768w, https:\/\/bodamviet.com\/wp-content\/uploads\/2023\/04\/Bo-dam-cam-tay-kenwood-NX-3320-3-1536x1536.jpg 1536w, https:\/\/bodamviet.com\/wp-content\/uploads\/2023\/04\/Bo-dam-cam-tay-kenwood-NX-3320-3-2048x2048.jpg 2048w, https:\/\/bodamviet.com\/wp-content\/uploads\/2023\/04\/Bo-dam-cam-tay-kenwood-NX-3320-3-300x300.jpg 300w, https:\/\/bodamviet.com\/wp-content\/uploads\/2023\/04\/Bo-dam-cam-tay-kenwood-NX-3320-3-600x600.jpg 600w, https:\/\/bodamviet.com\/wp-content\/uploads\/2023\/04\/Bo-dam-cam-tay-kenwood-NX-3320-3-100x100.jpg 100w\" sizes=\"auto, (max-width: 1100px) 100vw, 1100px\" \/><\/p>\n<p><strong>Kenwood TK-3360<\/strong>\u00a0nh\u1eadp kh\u1ea9u ch\u00ednh h\u00e3ng v\u1edbi thi\u1ebft k\u1ebf s\u1eed d\u1ee5ng c\u1ed9ng ngh\u1ec7 ch\u1ebf t\u1ea1o ti\u00ean ti\u1ebfn, \u0111a t\u00ednh n\u0103ng,\u00a0ch\u1ed1ng n\u01b0\u1edbc, b\u1ee5i v\u00f4 \u0111\u1ecbch. C\u00e1c ph\u00edm ch\u1ee9c n\u0103ng c\u00f3 th\u1ec3 \u0111\u01b0\u1ee3c l\u1eadp tr\u00ecnh \u0111\u1ec3 \u0111\u01a1n gi\u1ea3n h\u00f3a c\u00e1c thao t\u00e1c, c\u1ef1 li li\u00ean l\u1ea1c t\u1eeb 2km \u0111\u1ebfn 4 km\u00a0t\u0103ng hi\u1ec7u qu\u1ea3 s\u1eed d\u1ee5ng l\u00e0 m\u1ed9t s\u1ea3n ph\u1ea9m \u0111ang \u0111\u01b0\u1ee3c th\u1ecb tr\u01b0\u1eddng \u01b0a chu\u1ed9ng hi\u1ec7n nay.<\/p>\n<h4><span style=\"color: #ff0000;\"><strong>Kenwood TK-3360 Thi\u1ebft nh\u1ecf g\u1ecdn,nh\u1eb9, b\u1ec1n ch\u1eafc.<\/strong><\/span><\/h4>\n<p>Nh\u1ecf h\u01a1n, m\u1ecfng h\u01a1n v\u00e0 nh\u1eb9 h\u01a1n &#8211; c\u00e1c m\u00e1y b\u1ed9 \u0111\u00e0m <strong>Kenwood TK-3360<\/strong>\u00a0c\u00f3 th\u1ec3 g\u1eafn tr\u00ean m\u1ed9t d\u00e2y ho\u1eb7c th\u1eadm ch\u00ed r\u01a1i v\u00e0o m\u1ed9t t\u00fai \u00e1o kho\u00e1c Kenwood ti\u1ebfn b\u1ed9 k\u1ef9 thu\u1eadt \u0111\u00e3 d\u1eabn \u0111\u1ebfn m\u1ed9t nh\u1ecf g\u1ecdn, thi\u1ebft k\u1ebf ti\u1ec7n d\u1ee5ng \u0111\u00f3 l\u00e0 d\u1ec5 d\u00e0ng \u0111\u1ec3 b\u00e1m ch\u1eb7t v\u00e0 ho\u1ea1t \u0111\u1ed9ng, ngay c\u1ea3 v\u1edbi b\u00e0n tay \u0111eo g\u0103ng<\/p>\n<h4><span style=\"color: #ff0000;\"><strong>Kenwood TK-3360 D\u1ec5 s\u1eed d\u1ee5ng:\u00a0<\/strong><\/span><\/h4>\n<p>S\u1eed d\u1ee5ng \u0111\u01a1n gi\u1ea3n, r\u1ea5t m\u1ea1nh m\u1ebd v\u00e0 b\u1ec1n b\u1ec9 do \u0111\u01b0\u1ee3c thi\u1ebft k\u1ebf \u0111\u00e1p \u1ee9ng c\u00e1c ti\u00eau chu\u1ea9n qu\u1ed1c t\u1ebf: IP54\/55, ti\u00eau chu\u1ea9n qu\u00e2n s\u1ef1 M\u1ef9 MIL-STD gi\u00fap b\u1ea1n ho\u00e0n\u00a0to\u00e0n y\u00ean t\u00e2m khi l\u1ef1a ch\u1ecdn n\u00f3 cho c\u00f4ng vi\u1ec7c kinh doanh, \u0111i\u1ec1u h\u00e0nh s\u1ea3n xu\u1ea5t c\u1ee7a m\u00ecnh.<\/p>\n<h4><span style=\"color: #ff0000;\"><strong>Kenwood TK-3360 M\u1ea1nh m\u1ebd v\u00e0 ch\u1ed1ng n\u01b0\u1edbc: \u00a0<\/strong><\/span><\/h4>\n<p>M\u00e1y b\u1ed9 \u0111\u00e0m <strong>Kenwood TK-3360<\/strong> c\u00f3 kh\u1ea3 n\u0103ng ch\u1ed1ng c\u00e1c b\u1ee5i v\u00e0 n\u01b0\u1edbc x\u00e2m nh\u1eadp \u0111\u1ea1t ti\u00eau chu\u1ea9n \u00a0IP54 \/ 55 v\u1ec1 b\u00e0i ki\u1ec3m tra kh\u1eaft khe, th\u1eadm ch\u00ed v\u1edbi KMC-45 t\u00f9y ch\u1ecdn loa micro \u0111\u00ednh k\u00e8m (kh\u00f3a c\u1ea7n khung). N\u00f3 c\u0169ng \u0111\u00e1p \u1ee9ng ho\u1eb7c v\u01b0\u1ee3t qu\u00e1 11 MIL-STD 810 C \/ D \/ E \/ F ti\u00eau chu\u1ea9n m\u00f4i tr\u01b0\u1eddng nghi\u00eam ng\u1eb7t, bao g\u1ed3m c\u1ea3 &#8221; n\u01b0\u1edbc m\u01b0a &#8220;.<\/p>\n<p><strong><img loading=\"lazy\" decoding=\"async\" class=\"aligncenter size-full wp-image-2269\" src=\"http:\/\/bodamviet.com\/wp-content\/uploads\/2017\/10\/su-dung-bo-dam-5.jpg\" alt=\"b\u1ed9 \u0111\u00e0m thi c\u00f4ng\" width=\"800\" height=\"576\" srcset=\"https:\/\/bodamviet.com\/wp-content\/uploads\/2017\/10\/su-dung-bo-dam-5.jpg 800w, https:\/\/bodamviet.com\/wp-content\/uploads\/2017\/10\/su-dung-bo-dam-5-600x432.jpg 600w, https:\/\/bodamviet.com\/wp-content\/uploads\/2017\/10\/su-dung-bo-dam-5-768x553.jpg 768w\" sizes=\"auto, (max-width: 800px) 100vw, 800px\" \/><\/strong><\/p>\n<h4><span style=\"color: #ff0000;\"><strong>Kenwood TK-3360 \u00c2m thanh m\u1ea1nh m\u1ebd v\u00e0 s\u1eafc n\u00e9t.<\/strong><\/span><\/h4>\n<p>C\u00f4ng ngh\u1ec7 \u00e2m thanh c\u1ee7a Kenwood lu\u00f4n l\u00e0 c\u00f4ng ngh\u1ec7 m\u1edbi nh\u1ea5t, V\u1edbi nhi\u1ec1u th\u1eadp k\u00fd ph\u00e1t tri\u00ean \u00e2m thanh m\u00e1y b\u1ed9 \u0111\u00e0m Kenwood \u0111\u01b0\u1ee3c thi\u1ebft k\u1ebf v\u1edbi nh\u1eefng\u00a0ch\u1ebf \u0111\u1ed9 nghi\u00eam ng\u1eb7t nh\u1ea5t qua c\u00e1c b\u01b0\u1edbc: th\u00e0nh ph\u1ea7n l\u1ef1a ch\u1ecdn, x\u00e2y d\u1ef1ng, t\u1ed1i \u01b0u h\u00f3a, \u0111\u00e1nh gi\u00e1 v\u00e0 ph\u00e2n t\u00edch.\u00a0K\u1ebft qu\u1ea3 l\u00e0 hi\u1ec7u su\u1ea5t \u00e2m thanh, \u0111\u1eb7c bi\u1ec7t thi\u1ebft\u00a0k\u1ebf cho thu ph\u00e1t,khi\u1ebfn \u00e2m thanh ng\u00e0y c\u00e0ng r\u00f5 r\u00e0ng h\u01a1n v\u00e0 sinh \u0111\u1ed9ng h\u01a1n.\u00a0Ch\u1ec9 c\u1ea7n l\u1eafng nghe l\u00e0 th\u1ea5y \u0111\u01b0\u1ee3c s\u1ef1 kh\u00e1c bi\u1ec7t.<\/p>\n<p><strong>V\u00f9ng ph\u1ee7 s\u00f2ng r\u1ed9ng:\u00a0<\/strong>Cung c\u1ea5p v\u00f9ng ph\u1ee7 s\u00f3ng t\u1ea7n s\u1ed1 r\u1ed9ng &#8211; 70MHz cho UHF &#8211; <strong>Kenwood TK-3360<\/strong> c\u00f3 th\u1ec3 ch\u1ee9a m\u1ed9t lo\u1ea1t c\u00e1c \u1ee9ng d\u1ee5ng, l\u00e0m cho n\u00f3 m\u1ed9t s\u1ef1 l\u1ef1a ch\u1ecdn l\u00fd t\u01b0\u1edfng cho c\u00e1c doanh nghi\u1ec7p thu\u00ea.<\/p>\n<p><strong>16 K\u00eanh nh\u1edb: Kenwood TK-3360<\/strong>\u00a0d\u00f9ng cho nhi\u1ec1u h\u1ec7 th\u1ed1ng li\u00ean l\u1ea1c \u0111a k\u00eanh kh\u00e1c nhau. V\u1edbi kh\u1ea3 n\u0103ng ph\u00e2n chia linh ho\u1ea1t dung l\u01b0\u1ee3ng k\u00eanh th\u00e0nh 4\/8\/12 v\u00e0 16 gi\u00fap t\u0103ng\u00a0c\u01b0\u1eddng hi\u1ec7u qu\u1ea3 s\u1eed d\u1ee5ng b\u0103ng th\u00f4ng, n\u00e2ng cao ch\u1ea5t l\u01b0\u1ee3ng li\u00ean l\u1ea1c, \u0111\u01a1n gi\u1ea3n h\u00f3a vi\u1ec7c s\u1eed d\u1ee5ng v\u00e0 l\u1eadp tr\u00ecnh.<\/p>\n<p><strong>TH\u00d4NG TIN LI\u00caN H\u1ec6<\/strong><\/p>\n<ul>\n<li>H\u00e3y ch\u00e1t ngay v\u1edbi nh\u00e2n vi\u00ean online c\u1ee7a ch\u00fang t\u00f4i t\u1eeb 8h00 t\u1edbi 19h t\u1ed1i \u0111\u1ec3 \u0111\u01b0\u1ee3c gi\u1ea3i \u0111\u00e1p mi\u1ec5n ph\u00ed c\u00e1c c\u00e2u h\u1ecfi th\u01b0\u1eddng g\u1eb7p.<\/li>\n<li>Hotline: 098 809 8828\u00a0 \/\u00a0 094 987 7728<\/li>\n<li>Website:\u00a0<a href=\"https:\/\/bodamviet.com\/\">https:\/\/bodamviet.com<\/a><\/li>\n<li>\u0110\u1ecba Ch\u1ec9: 184 \u0110. Nguy\u1ec5n Tu\u00e2n, Thanh Xu\u00e2n Trung, Thanh Xu\u00e2n, H\u00e0 N\u1ed9i<\/li>\n<li>Gi\u1edd m\u1edf c\u1eeda : 8h00 \u2013 22h00 H\u00e0ng ng\u00e0y \u2013 ( L\u00e0m c\u1ea3 Th\u1ee9 7 &amp; CN)<\/li>\n<\/ul>\n","protected":false},"excerpt":{"rendered":"<p>B\u1ed9 \u0110\u00e0m C\u1ea7m Tay Kenwood TK-3360 t\u1ea1o c\u1ea3m gi\u00e1c gi\u00e1c c\u1ea7m n\u1eafm ch\u1eafc tay, tho\u1ea3i m\u00e1i khi s\u1eed d\u1ee5ng, th\u00edch h\u1ee3p cho c\u00f4ng tr\u01b0\u1eddng, nh\u00e0 h\u00e0ng,nh\u00e0 m\u00e1y, coffe<\/p>\n<p>B\u1ed9 \u0110\u00e0m Kenwood TK-3360<strong>\u00a0Nh\u1ecf \u2013 G\u1ecdn \u2013 Nh\u1eb9<\/strong>\u00a0d\u1ec5 d\u00e0ng s\u1eed d\u1ee5ng v\u00e0 thay th\u1ebf linh ki\u1ec7n.<\/p>\n<p>TK-3360 : Kho\u1ea3ng c\u00e1ch li\u00ean l\u1ea1c 1 \u2013 4km T\u00f9y tr\u1ed1ng tho\u00e1ng; 5-25 t\u1ea7ng. Dung l\u01b0\u1ee3ng pin 4000Mah d\u00f9ng 20h<\/p>\n<p>S\u1ea3n xu\u1ea5t T\u1ea1i China; B\u1ea3o h\u00e0nh 24 th\u00e1ng th\u00e2n m\u00e1y; 06 th\u00e1ng pin x\u1ea1c<\/p>\n","protected":false},"featured_media":2614,"comment_status":"open","ping_status":"closed","template":"","meta":[],"product_cat":[451,437,413,411,412],"product_tag":[],"class_list":{"0":"post-1986","1":"product","2":"type-product","3":"status-publish","4":"has-post-thumbnail","6":"product_cat-bo-dam-gia-re","7":"product_cat-bo-dam-kenwood","8":"product_cat-bo-dam-bao-ve","9":"product_cat-bo-dam-cong-truong","10":"product_cat-bo-dam-nha-hang","12":"first","13":"instock","14":"sale","15":"shipping-taxable","16":"purchasable","17":"product-type-simple"},"_links":{"self":[{"href":"https:\/\/bodamviet.com\/index.php?rest_route=\/wp\/v2\/product\/1986","targetHints":{"allow":["GET"]}}],"collection":[{"href":"https:\/\/bodamviet.com\/index.php?rest_route=\/wp\/v2\/product"}],"about":[{"href":"https:\/\/bodamviet.com\/index.php?rest_route=\/wp\/v2\/types\/product"}],"replies":[{"embeddable":true,"href":"https:\/\/bodamviet.com\/index.php?rest_route=%2Fwp%2Fv2%2Fcomments&post=1986"}],"wp:featuredmedia":[{"embeddable":true,"href":"https:\/\/bodamviet.com\/index.php?rest_route=\/wp\/v2\/media\/2614"}],"wp:attachment":[{"href":"https:\/\/bodamviet.com\/index.php?rest_route=%2Fwp%2Fv2%2Fmedia&parent=1986"}],"wp:term":[{"taxonomy":"product_cat","embeddable":true,"href":"https:\/\/bodamviet.com\/index.php?rest_route=%2Fwp%2Fv2%2Fproduct_cat&post=1986"},{"taxonomy":"product_tag","embeddable":true,"href":"https:\/\/bodamviet.com\/index.php?rest_route=%2Fwp%2Fv2%2Fproduct_tag&post=1986"}],"curies":[{"name":"wp","href":"https:\/\/api.w.org\/{rel}","templated":true}]}}