{"id":2258,"date":"2018-09-08T11:16:27","date_gmt":"2018-09-08T04:16:27","guid":{"rendered":"http:\/\/bodam.top\/?post_type=product&#038;p=2258"},"modified":"2024-11-07T09:22:34","modified_gmt":"2024-11-07T02:22:34","slug":"bo-dam-kenwood-tk-3401","status":"publish","type":"product","link":"https:\/\/bodamviet.com\/?product=bo-dam-kenwood-tk-3401","title":{"rendered":"B\u1ed9 \u0110\u00e0m Kenwood TK-3401"},"content":{"rendered":"<h2 style=\"text-align: left;\"><span style=\"color: #ff0000;\">B\u1ed9 \u0110\u00e0m Kenwood TK-3401 Gi\u00e1 R\u1ebb S\u1eb5n H\u00e0ng<\/span><\/h2>\n<p><strong>B\u1ed9 \u0110\u00e0m <a href=\"https:\/\/bodamviet.com\/?product_cat=bo-dam-kenwood\">Kenwood<\/a> TK-3401<\/strong> l\u00e0 d\u00f2ng m\u00e1y b\u1ed9 \u0111\u00e0m c\u1ea7m tay \u0111\u01b0\u1ee3c gi\u1edbi chuy\u00ean m\u00f4n v\u00e0 ng\u01b0\u1eddi s\u1eed d\u1ee5ng \u0111\u00e1nh gi\u00e1 cao v\u1ec1 s\u1ef1 b\u1ec1n b\u1ec9 v\u00e0 t\u00ednh n\u0103ng ho\u1ea1t \u0111\u1ed9ng t\u1ed1t trong m\u00f4i tr\u01b0\u1eddng kh\u00f4ng th\u00f4ng tho\u00e1ng, nhi\u1ec1u v\u1eadt c\u1ea3n nh\u01b0 nh\u00e0 l\u1ea7u, nh\u00e0 h\u00e0ng, trong th\u00e0nh ph\u1ed1&#8230; \u0110\u1ed9 b\u1ec1n cao, \u00e2m thanh to, r\u00f5 n\u00e9t<\/p>\n<p><img loading=\"lazy\" decoding=\"async\" class=\"aligncenter wp-image-2621 size-full\" title=\"B\u1ed9 \u0110\u00e0m Kenwood TK-3401 Gi\u00e1 Lu\u00f4n R\u1ebb Nh\u1ea5t | Bodamviet\" src=\"http:\/\/bodamviet.com\/wp-content\/uploads\/2018\/09\/z4554870120184_4c1a037efd5ec31e9734da70ac292572.jpg\" alt=\"B\u1ed9 \u0110\u00e0m Kenwood TK-3401 Gi\u00e1 Lu\u00f4n R\u1ebb Nh\u1ea5t | Bodamviet\" width=\"1100\" height=\"753\" srcset=\"https:\/\/bodamviet.com\/wp-content\/uploads\/2018\/09\/z4554870120184_4c1a037efd5ec31e9734da70ac292572.jpg 1100w, https:\/\/bodamviet.com\/wp-content\/uploads\/2018\/09\/z4554870120184_4c1a037efd5ec31e9734da70ac292572-768x526.jpg 768w, https:\/\/bodamviet.com\/wp-content\/uploads\/2018\/09\/z4554870120184_4c1a037efd5ec31e9734da70ac292572-600x411.jpg 600w\" sizes=\"auto, (max-width: 1100px) 100vw, 1100px\" \/><\/p>\n<p>&#8211; <strong>B\u1ed9 \u0111\u00e0m TK-3401<\/strong> s\u1eed d\u1ee5ng d\u1ea3i t\u1ea7n UHF c\u00f3 kh\u1ea3 n\u0103ng xuy\u00ean v\u1eadt c\u1ea3n t\u1ed1t, th\u00edch h\u1ee3p v\u1edbi c\u00e1c nh\u00e0 h\u00e0ng ho\u1eb7c kh\u00e1ch s\u1ea1n mini c\u00f3 chi\u1ec1u cao t\u1eeb 1 &#8211; 8 t\u1ea7ng, c\u00e1c kh\u00f4ng gian nh\u00e0 h\u00e0ng ho\u1eb7c si\u00eau th\u1ecb c\u00f3 di\u1ec7n t\u00edch t\u1eeb 1000 &#8211; 2000m.<\/p>\n<p><img loading=\"lazy\" decoding=\"async\" class=\"aligncenter wp-image-2169\" title=\"B\u1ed9 \u0110\u00e0m Kenwood TK-3401 Gi\u00e1 Lu\u00f4n R\u1ebb Nh\u1ea5t | Bodamviet\" src=\"https:\/\/bodamviet.com\/wp-content\/uploads\/2017\/12\/tuyen-bao-ve-quan-6.jpg\" alt=\"B\u1ed9 \u0110\u00e0m Kenwood TK-3401 Gi\u00e1 Lu\u00f4n R\u1ebb Nh\u1ea5t | Bodamviet\" width=\"443\" height=\"333\" \/><\/p>\n<h3><span style=\"color: #ff0000;\">\u1ee8ng d\u1ee5ng c\u1ee7a <strong>b\u1ed9 \u0111\u00e0m Tk-3401<\/strong> trong \u0111\u1eddi s\u1ed1ng<\/span><\/h3>\n<p>+ D\u00f9ng cho c\u00e1c \u0111\u01a1n v\u1ecb kinh doanh d\u1ecbch v\u1ee5 v\u1eadn t\u1ea3i, taxi.<br \/>\n+ D\u00f9ng cho c\u00e1c c\u00f4ng ty D\u1ecbch v\u1ee5 b\u1ea3o v\u1ec7.<br \/>\n+ S\u1eed d\u1ee5ng trong nh\u00e0 m\u00e1y, c\u1ea3ng bi\u1ec3n, khu c\u00f4ng nghi\u1ec7p, c\u00f4ng tr\u01b0\u1eddng x\u00e2y d\u1ef1ng.<br \/>\n+ S\u1eed d\u1ee5ng cho nh\u00e0 h\u00e0ng, kh\u00e1ch s\u1ea1n, cao \u1ed1c.<br \/>\n+ D\u00f9ng trong l\u0129nh v\u1ef1c d\u1ea7u kh\u00ed, m\u00f4i tr\u01b0\u1eddng nguy hi\u1ec3m, d\u1ec5 ch\u00e1y n\u1ed5.<br \/>\n+ D\u00f9ng cho c\u00f4ng t\u00e1c an ninh.<br \/>\n+ D\u00f9ng \u1edf khu nh\u00e0 ga, c\u1ea3ng h\u00e0ng kh\u00f4ng, m\u00e1y bay v\u00e0 d\u1ecbch v\u1ee5 m\u1eb7t \u0111\u1ea5t.<\/p>\n<p>&#8211; Tr\u1ecdn b\u1ed9 s\u1ea3n ph\u1ea9m<\/p>\n<p>+ Th\u00e2n m\u00e1y<\/p>\n<p>+ Antenna<\/p>\n<p>+ Pin Li-on 3000, adaptor, s\u1ea1c b\u00e0n, b\u00e1t c\u00e0i l\u01b0ng.<\/p>\n<p><img loading=\"lazy\" decoding=\"async\" class=\"aligncenter wp-image-2324 size-full\" title=\"B\u1ed9 \u0110\u00e0m Kenwood TK-3401 Gi\u00e1 Lu\u00f4n R\u1ebb Nh\u1ea5t | Bodamviet\" src=\"http:\/\/bodamviet.com\/wp-content\/uploads\/2018\/09\/kenwood-tk-3401.png\" alt=\"B\u1ed9 \u0110\u00e0m Kenwood TK-3401 Gi\u00e1 Lu\u00f4n R\u1ebb Nh\u1ea5t | Bodamviet\" width=\"700\" height=\"525\" srcset=\"https:\/\/bodamviet.com\/wp-content\/uploads\/2018\/09\/kenwood-tk-3401.png 700w, https:\/\/bodamviet.com\/wp-content\/uploads\/2018\/09\/kenwood-tk-3401-600x450.png 600w\" sizes=\"auto, (max-width: 700px) 100vw, 700px\" \/><\/p>\n<p><strong>TH\u00d4NG TIN LI\u00caN H\u1ec6<\/strong><\/p>\n<ul>\n<li>H\u00e3y ch\u00e1t ngay v\u1edbi nh\u00e2n vi\u00ean online c\u1ee7a <a href=\"https:\/\/www.facebook.com\/bodamvietcom\/\">ch\u00fang t\u00f4i<\/a> t\u1eeb 8h30 t\u1edbi 7h t\u1ed1i \u0111\u1ec3 \u0111\u01b0\u1ee3c gi\u1ea3i \u0111\u00e1p mi\u1ec5n ph\u00ed c\u00e1c c\u00e2u h\u1ecfi th\u01b0\u1eddng g\u1eb7p.<\/li>\n<li>Hotline: 098 809 8828\u00a0 \/\u00a0 094 987 7728<\/li>\n<li>Website:\u00a0<a href=\"https:\/\/maitel.vn\/\">https:\/\/bodamviet.com<\/a><\/li>\n<li>\u0110\u1ecba Ch\u1ec9: 184 \u0110. Nguy\u1ec5n Tu\u00e2n, Thanh Xu\u00e2n Trung, Thanh Xu\u00e2n, H\u00e0 N\u1ed9i<\/li>\n<li>Gi\u1edd m\u1edf c\u1eeda : 8h00 \u2013 22h00 H\u00e0ng ng\u00e0y \u2013 ( L\u00e0m c\u1ea3 Th\u1ee9 7 &amp; CN)<\/li>\n<\/ul>\n<p>&nbsp;<\/p>\n","protected":false},"excerpt":{"rendered":"<p><span style=\"color: #ff0000;\">B\u1ed9 \u0110\u00e0m Kenwood TK-3401 <\/span><strong>Loa to, pin tr\u00e2u, s\u00f3ng kh\u1ecfe <\/strong>Th\u00edch h\u1ee3p d\u00f9ng cho B\u1ea3o v\u1ec7, x\u00e2y d\u1ef1ng t\u1ea1i c\u00e1c t\u00f2a nh\u00e0 v\u0103n ph\u00f2ng, khu c\u00f4ng nghi\u1ec7p.<\/p>\n<p><strong>C\u1ef1 ly li\u00ean l\u1ea1c: 10-30 t\u1ea7ng; 1-3km;\u00a0<\/strong>Chu\u1ea9n ch\u1ed1ng n\u01b0\u1edbc IP54 &#8211; Ch\u1ed1ng n\u01b0\u1edbc m\u01b0a h\u1eaft tr\u1ef1c ti\u1ebfp<\/p>\n<p>S\u1ea3n xu\u1ea5t t\u1ea1i China. B\u1ea3o h\u00e0nh 24 th\u00e1ng th\u00e2n m\u00e1y; 06 th\u00e1ng ph\u1ee5 ki\u1ec7n<\/p>\n<p>&nbsp;<\/p>\n","protected":false},"featured_media":2622,"comment_status":"open","ping_status":"closed","template":"","meta":[],"product_cat":[451,437],"product_tag":[],"class_list":{"0":"post-2258","1":"product","2":"type-product","3":"status-publish","4":"has-post-thumbnail","6":"product_cat-bo-dam-gia-re","7":"product_cat-bo-dam-kenwood","9":"first","10":"instock","11":"sale","12":"shipping-taxable","13":"purchasable","14":"product-type-simple"},"_links":{"self":[{"href":"https:\/\/bodamviet.com\/index.php?rest_route=\/wp\/v2\/product\/2258","targetHints":{"allow":["GET"]}}],"collection":[{"href":"https:\/\/bodamviet.com\/index.php?rest_route=\/wp\/v2\/product"}],"about":[{"href":"https:\/\/bodamviet.com\/index.php?rest_route=\/wp\/v2\/types\/product"}],"replies":[{"embeddable":true,"href":"https:\/\/bodamviet.com\/index.php?rest_route=%2Fwp%2Fv2%2Fcomments&post=2258"}],"wp:featuredmedia":[{"embeddable":true,"href":"https:\/\/bodamviet.com\/index.php?rest_route=\/wp\/v2\/media\/2622"}],"wp:attachment":[{"href":"https:\/\/bodamviet.com\/index.php?rest_route=%2Fwp%2Fv2%2Fmedia&parent=2258"}],"wp:term":[{"taxonomy":"product_cat","embeddable":true,"href":"https:\/\/bodamviet.com\/index.php?rest_route=%2Fwp%2Fv2%2Fproduct_cat&post=2258"},{"taxonomy":"product_tag","embeddable":true,"href":"https:\/\/bodamviet.com\/index.php?rest_route=%2Fwp%2Fv2%2Fproduct_tag&post=2258"}],"curies":[{"name":"wp","href":"https:\/\/api.w.org\/{rel}","templated":true}]}}