{"id":2394,"date":"2023-03-29T14:53:40","date_gmt":"2023-03-29T07:53:40","guid":{"rendered":"https:\/\/bodam.top\/?post_type=product&#038;p=2394"},"modified":"2024-11-07T09:24:31","modified_gmt":"2024-11-07T02:24:31","slug":"bo-dam-cam-tay-kenwood-tk-3140","status":"publish","type":"product","link":"https:\/\/bodamviet.com\/?product=bo-dam-cam-tay-kenwood-tk-3140","title":{"rendered":"B\u1ed9 \u0110\u00e0m Kenwood TK-3140"},"content":{"rendered":"<h2><span style=\"color: #ff0000;\">B\u1ed9 \u0110\u00e0m C\u1ea7m Tay Kenwood TK-3140 Gi\u00e1 R\u1ebb<\/span><\/h2>\n<p>B\u1ed9 \u0111\u00e0m <strong>Kenwood TK-3140<\/strong>, m\u1ed9t m\u1eabu m\u00e1y m\u1edbi c\u1ee7a h\u00e3ng <strong><a href=\"https:\/\/bodamviet.com\/?product_cat=bo-dam-kenwood\">Kenwood\u00a0<\/a><\/strong>\u0111\u00e3 c\u00f3 m\u1eb7t t\u1ea1i bodamviet.com. M\u1ed9t s\u1ea3n ph\u1ea9m nh\u1ecf g\u1ecdn v\u00e0 ch\u1eafc ch\u1eafn, v\u1eeba kh\u00edt thu\u1eadn ti\u1ec7n khi c\u1ea7m trong l\u00f2ng b\u00e0n tay v\u00e0 r\u1ea5t nh\u1eb9 khi \u0111eo \u1edf th\u1eaft l\u01b0ng, kh\u00f4ng l\u00e0m \u1ea3nh h\u01b0\u1edfng \u0111\u1ebfn c\u00f4ng vi\u1ec7c c\u1ee7a b\u1ea1n.<\/p>\n<p>T\u00edch h\u1ee3p ch\u1ebf \u0111\u1ed9 Built-in th\u00f4ng minh : cho ph\u00e9p ng\u01b0\u1eddi s\u1eed d\u1ee5ng truy\u1ec1n d\u1eef li\u1ec7u bao g\u1ed3m th\u00f4ng b\u00e1o tr\u1ea1ng th\u00e1i v\u00e0 tin nh\u1eafn d\u1eef li\u1ec7u ng\u1eafn. Ph\u00edm nhanh PF c\u00f3 th\u1ec3 \u0111\u01b0\u1ee3c l\u1eadp tr\u00ecnh cho b\u1ea5t k\u1ef3 t\u00ednh n\u0103ng radio n\u00e0o ph\u00f9 h\u1ee3p v\u1edbi nhu c\u1ea7u c\u1ee7a ng\u01b0\u1eddi d\u00f9ng..<\/p>\n<p><img loading=\"lazy\" decoding=\"async\" class=\"aligncenter wp-image-2366 size-full\" title=\"B\u1ed9 \u0110\u00e0m Kenwood TK-3140 Gi\u00e1 R\u1ebb Nh\u1ea5t | Bodamviet\" src=\"http:\/\/bodamviet.com\/wp-content\/uploads\/2018\/06\/bo-dam-cam-tay-kenwood-tk-720u1.jpg\" alt=\"B\u1ed9 \u0110\u00e0m Kenwood TK-3140 Gi\u00e1 R\u1ebb Nh\u1ea5t | Bodamviet\" width=\"626\" height=\"417\" srcset=\"https:\/\/bodamviet.com\/wp-content\/uploads\/2018\/06\/bo-dam-cam-tay-kenwood-tk-720u1.jpg 626w, https:\/\/bodamviet.com\/wp-content\/uploads\/2018\/06\/bo-dam-cam-tay-kenwood-tk-720u1-600x400.jpg 600w\" sizes=\"auto, (max-width: 626px) 100vw, 626px\" \/><\/p>\n<h4>\u01afu \u0111i\u1ec3m c\u1ee7a b\u1ed9 \u0111\u00e0m Kenwood TK-3140<\/h4>\n<ul>\n<li>M\u00e1y c\u00f3 th\u1ec3 \u0111\u01b0\u1ee3c l\u1eadp tr\u00ecnh cho b\u1ea5t k\u1ef3 t\u00ednh n\u0103ng radio cho ph\u00e9p thi\u1ebft b\u1ecb t\u00f9y ch\u1ec9nh \u0111\u1ec3 ph\u00f9 h\u1ee3p v\u1edbi nhu c\u1ea7u c\u1ee7a ng\u01b0\u1eddi d\u00f9ng. Ngo\u00e0i ra, b\u1ed9 \u0111\u00e0m Kenwood TK-3410 c\u00f2n c\u00f3 ch\u1ee9c n\u0103ng b\u00e1o tr\u1ea1ng th\u00e1i pin 4 b\u01b0\u1edbc, c\u00f3 th\u1ec3 th\u00f4ng b\u00e1o cho ng\u01b0\u1eddi s\u1eed d\u1ee5ng l\u1eadp t\u1ee9c ho\u1eb7c qua \u00e2m b\u00e1o, tr\u00e1nh tr\u01b0\u1eddng h\u1ee3p h\u1ebft pin \u0111\u1ed9t ng\u1ed9t g\u00e2y \u1ea3nh h\u01b0\u1edfng c\u00f4ng vi\u1ec7c.<\/li>\n<li>Aten c\u1ee7a m\u00e1y c\u0169ng \u0111\u01b0\u1ee3c thi\u1ebft k\u1ebf ch\u1eafc ch\u1eafn v\u1edbi th\u00e2n\u00a0<strong><a title=\"m\u00e1y b\u1ed9 \u0111\u00e0m\" href=\"https:\/\/bodamviet.com\/\" target=\"_blank\" rel=\"noopener\">m\u00e1y b\u1ed9 \u0111\u00e0m<\/a><\/strong>. Kh\u00f4ng ch\u1ec9 ti\u1ec7n l\u1ee3i cho vi\u1ec7c l\u1eafp \u0111\u1eb7t m\u00e0 c\u00f2n c\u00f3 kh\u1ea3 n\u0103ng b\u1eaft s\u00f3ng r\u1ea5t nh\u1ea1y, k\u1ec3 c\u1ea3 trong nh\u1eefng m\u00f4i tr\u01b0\u1eddng nhi\u1ec1u v\u1eadt c\u1ea3n hay kho\u1ea3ng c\u00e1ch xa, th\u00ec m\u00e1y v\u1eabn c\u00f3 kh\u1ea3 n\u0103ng nghe r\u00f5 \u2013 kh\u00f4ng b\u1ecb ch\u1eadp ch\u1eddn t\u00edn hi\u1ec7u.<\/li>\n<\/ul>\n<p><img loading=\"lazy\" decoding=\"async\" class=\"aligncenter wp-image-2324 size-full\" title=\"B\u1ed9 \u0110\u00e0m Kenwood TK-3140 Gi\u00e1 R\u1ebb Nh\u1ea5t | Bodamviet\" src=\"http:\/\/bodamviet.com\/wp-content\/uploads\/2018\/09\/kenwood-tk-3401.png\" alt=\"B\u1ed9 \u0110\u00e0m Kenwood TK-3140 Gi\u00e1 R\u1ebb Nh\u1ea5t | Bodamviet\" width=\"700\" height=\"525\" srcset=\"https:\/\/bodamviet.com\/wp-content\/uploads\/2018\/09\/kenwood-tk-3401.png 700w, https:\/\/bodamviet.com\/wp-content\/uploads\/2018\/09\/kenwood-tk-3401-600x450.png 600w\" sizes=\"auto, (max-width: 700px) 100vw, 700px\" \/><\/p>\n<ul>\n<li>Ph\u00edm b\u1ea5m \u0111\u01b0\u1ee3c l\u1eadp tr\u00ecnh theo ch\u1ee9c n\u0103ng : Ph\u00edm PF b\u00ean c\u1ea1nh th\u00e2n m\u00e1y c\u00f3 th\u1ec3 g\u1eafn cho nhi\u1ec1u ch\u1ee9c n\u0103ng kh\u00e1c nhau, t\u1eeb \u0111\u00f3 mang s\u1ef1 ti\u1ec7n l\u1ee3i cho ng\u01b0\u1eddi s\u1eed d\u1ee5ng.<\/li>\n<li>M\u00e1y \u0111\u00e1p \u1ee9ng c\u00e1c ti\u00eau chu\u1ea9n c\u1ee7a qu\u00e2n \u0111\u1ed9i M\u1ef9 MIL-STD 810 C, D, E, F v\u00e0 ti\u00eau chu\u1ea9n m\u00f4i tr\u01b0\u1eddng kh\u1eaft khe nh\u01b0 ch\u1ed1ng n\u01b0\u1edbc, ch\u1ed1ng b\u1ee5i ch\u1ed1ng va \u0111\u1eadp cao. T\u1eeb \u0111\u00f3 mang \u0111\u1ebfn cho ng\u01b0\u1eddi s\u1eed d\u1ee5ng m\u1ed9t s\u1ea3n ph\u1ea9m b\u1ed9 \u0111\u00e0m B\u1ec0N \u2013 CH\u1eaeC CH\u1eaeN v\u00e0 li\u00ean l\u1ea1c t\u1ed1t trong m\u1ecdi \u0111i\u1ec1u ki\u1ec7n c\u00f4ng vi\u1ec7c.<\/li>\n<li>\u00c2m thanh to r\u00f5 r\u00e0ng, kh\u00f4ng g\u00e2y r\u00e8, \u00f9 tai hay m\u1ec7t m\u1ecfi n\u1ebfu c\u00f4ng vi\u1ec7c c\u1ea7n ph\u1ea3i \u0111\u00e0m tho\u1ea1i nhi\u1ec1u. M\u00e0 thay v\u00e0o \u0111\u00f3 l\u00e0 \u00e2m thanh tr\u1ea7m, \u1ea5m, nghe r\u00f5 k\u1ec3 c\u1ea3 trong m\u00f4i tr\u01b0\u1eddng \u1ed3n \u00e0o, nhi\u1ec1u t\u1ea1p \u00e2m.<\/li>\n<li>Ph\u00edm \u0111i\u1ec1u ch\u1ec9nh : v\u1edbi 4 n\u00fat m\u1ec1m \u0111\u01a1n gi\u1ea3n,\u00a0<strong>b\u1ed9 \u0111\u00e0m TK-3410<\/strong>\u00a0mang \u0111\u1ebfn s\u1ef1 \u0111\u01a1n gi\u1ea3n t\u1ed1i \u0111a cho vi\u1ec7c s\u1eed d\u1ee5ng, kh\u00f4ng lo b\u1ea5m nh\u1ea7m n\u00fat hay ph\u1ea3i d\u00f2 l\u1ea1i t\u1ea7n s\u1ed1.<\/li>\n<\/ul>\n<h4><span style=\"color: #ff0000;\">\u0110\u1ed3ng b\u1ed9 m\u00e1y b\u1ed9 \u0111\u00e0m Kenwood TK-3410:<\/span><\/h4>\n<ul>\n<li>01 Th\u00e2n M\u00e1y<\/li>\n<li>01 Pin s\u1ea1c<\/li>\n<li>01 B\u1ed9 s\u1ea1c theo m\u00e1y<\/li>\n<li>01 Anten theo m\u00e1y<\/li>\n<li>01 C\u00e0i l\u01b0ng<\/li>\n<li>01 B\u1ed9 t\u00e0i li\u1ec7u theo m\u00e1y<\/li>\n<\/ul>\n<p>&nbsp;<\/p>\n<p><strong>TH\u00d4NG TIN LI\u00caN H\u1ec6<\/strong><\/p>\n<ul>\n<li>H\u00e3y ch\u00e1t ngay v\u1edbi nh\u00e2n vi\u00ean online c\u1ee7a <a href=\"https:\/\/www.facebook.com\/bodamvietcom\">ch\u00fang t\u00f4i<\/a> t\u1eeb 8h00 t\u1edbi 19h t\u1ed1i \u0111\u1ec3 \u0111\u01b0\u1ee3c gi\u1ea3i \u0111\u00e1p mi\u1ec5n ph\u00ed c\u00e1c c\u00e2u h\u1ecfi th\u01b0\u1eddng g\u1eb7p.<\/li>\n<li>Hotline: 098 809 8828\u00a0 \/\u00a0 094 987 7728<\/li>\n<li>Website:\u00a0<a href=\"https:\/\/bodamviet.com\">https:\/\/bodamviet.com<\/a><\/li>\n<li>\u0110\u1ecba Ch\u1ec9: 184 \u0110. Nguy\u1ec5n Tu\u00e2n, Thanh Xu\u00e2n Trung, Thanh Xu\u00e2n, H\u00e0 N\u1ed9i<\/li>\n<li>Gi\u1edd m\u1edf c\u1eeda : 8h00 \u2013 22h00 H\u00e0ng ng\u00e0y \u2013 ( L\u00e0m c\u1ea3 Th\u1ee9 7 &amp; CN)<\/li>\n<\/ul>\n","protected":false},"excerpt":{"rendered":"<p>B\u1ed9 \u0111\u00e0m c\u1ea7m tay Kenwood TK-3140 <strong>Nh\u1ecf \u2013 G\u1ecdn \u2013 Nh\u1eb9<\/strong> <span style=\"color: #ff0000;\">Ph\u00f9 h\u1ee3p s\u1eed d\u1ee5ng trong m\u00f4i tr\u01b0\u1eddng nh\u00e0 h\u00e0ng, c\u00f4ng tr\u01b0\u1eddng nh\u1ecf, kh\u00e1ch s\u1ea1n.<\/span><\/p>\n<p>B\u1ed9 \u0110\u00e0m Kenwod TK-3140 d\u1ec5 d\u00e0ng s\u1eed d\u1ee5ng v\u00e0 thay th\u1ebf linh ki\u1ec7n.\u00a0Dung l\u01b0\u1ee3ng pin 4.000 mah kho\u1ea3ng 15 gi\u1edd;\u00a0C\u1ef1 ly li\u00ean l\u1ea1c: 1 \u2013 3 km (C\u00f3 thay \u0111\u1ed5i t\u00f9y thu\u1ed9c v\u00e0o n\u01a1i s\u1eed d\u1ee5ng b\u1ed9 \u0111\u00e0m)<br \/>\nS\u1ea3n xu\u1ea5t T\u1ea1i China. B\u1ea3o h\u00e0nh 24 th\u00e1ng th\u00e2n m\u00e1y; 06 th\u00e1ng pin, x\u1ea1c<\/p>\n","protected":false},"featured_media":2614,"comment_status":"open","ping_status":"closed","template":"","meta":[],"product_cat":[451,437,413,411],"product_tag":[457],"class_list":{"0":"post-2394","1":"product","2":"type-product","3":"status-publish","4":"has-post-thumbnail","6":"product_cat-bo-dam-gia-re","7":"product_cat-bo-dam-kenwood","8":"product_cat-bo-dam-bao-ve","9":"product_cat-bo-dam-cong-truong","10":"product_tag-bo-dam-kenwood-tk-3140","12":"first","13":"instock","14":"sale","15":"shipping-taxable","16":"purchasable","17":"product-type-simple"},"_links":{"self":[{"href":"https:\/\/bodamviet.com\/index.php?rest_route=\/wp\/v2\/product\/2394","targetHints":{"allow":["GET"]}}],"collection":[{"href":"https:\/\/bodamviet.com\/index.php?rest_route=\/wp\/v2\/product"}],"about":[{"href":"https:\/\/bodamviet.com\/index.php?rest_route=\/wp\/v2\/types\/product"}],"replies":[{"embeddable":true,"href":"https:\/\/bodamviet.com\/index.php?rest_route=%2Fwp%2Fv2%2Fcomments&post=2394"}],"wp:featuredmedia":[{"embeddable":true,"href":"https:\/\/bodamviet.com\/index.php?rest_route=\/wp\/v2\/media\/2614"}],"wp:attachment":[{"href":"https:\/\/bodamviet.com\/index.php?rest_route=%2Fwp%2Fv2%2Fmedia&parent=2394"}],"wp:term":[{"taxonomy":"product_cat","embeddable":true,"href":"https:\/\/bodamviet.com\/index.php?rest_route=%2Fwp%2Fv2%2Fproduct_cat&post=2394"},{"taxonomy":"product_tag","embeddable":true,"href":"https:\/\/bodamviet.com\/index.php?rest_route=%2Fwp%2Fv2%2Fproduct_tag&post=2394"}],"curies":[{"name":"wp","href":"https:\/\/api.w.org\/{rel}","templated":true}]}}