{"id":2471,"date":"2023-03-31T14:41:52","date_gmt":"2023-03-31T07:41:52","guid":{"rendered":"https:\/\/bodam.top\/?post_type=product&#038;p=2471"},"modified":"2024-11-08T15:53:44","modified_gmt":"2024-11-08T08:53:44","slug":"bo-dam-cam-tay-motorola-cp-1650","status":"publish","type":"product","link":"https:\/\/bodamviet.com\/?product=bo-dam-cam-tay-motorola-cp-1650","title":{"rendered":"B\u1ed9 \u0110\u00e0m Motorola CP-1650"},"content":{"rendered":"<h2><span style=\"color: #ff0000;\">B\u1ed9 \u0110\u00e0m C\u1ea7m Tay Motorola CP-1650 &#8211; s\u1ea3n ph\u1ea9m chuy\u00ean d\u1ee5ng cho c\u00e1c c\u00f4ng tr\u01b0\u1eddng x\u00e2y d\u1ef1ng, c\u00e1c nh\u00e0 x\u01b0\u1edfng s\u1ea3n xu\u1ea5t.<\/span><\/h2>\n<p>B\u1ed9 \u0111\u00e0m c\u1ea7m tay Motorola CP-1650 l\u00e0 d\u00f2ng s\u1ea3n ph\u1ea9m chuy\u00ean d\u1ee5ng cho c\u00e1c c\u00f4ng tr\u01b0\u1eddng x\u00e2y d\u1ef1ng, c\u00e1c nh\u00e0 x\u01b0\u1edfng s\u1ea3n xu\u1ea5t. M\u00e1y <a href=\"https:\/\/maitel.net\/bo-dam-motorola\/\">b\u1ed9 \u0111\u00e0m Motorola<\/a>\u00a0c\u00f3 \u01b0u th\u1ebf n\u1ed5i tr\u1ed9i v\u1edbi Loa ch\u1ed1ng t\u1eeb t\u00ednh kh\u00f4ng h\u00fat c\u00e1c t\u1ea1p ch\u1ea5t(m\u1ea1t s\u1eaft,v\u1ee5n kim lo\u1ea1i nh\u1ecf\u2026). Pin dung l\u01b0\u1ee3ng cao 2800 mAh gi\u00fap th\u1eddi gian ch\u1edd l\u00ean \u0111\u1ebfn 10 ng\u00e0y, th\u1eddi gian \u0111\u00e0m tho\u1ea1i l\u00ean \u0111\u1ebfn 20h.\u00a0<a href=\"https:\/\/maitel.net\/may-bo-dam\/\">M\u00e1y b\u1ed9 \u0111\u00e0m<\/a>\u00a0c\u00f3 v\u1ecf l\u00e0m b\u1eb1ng ch\u1ea5t li\u1ec7u cao, r\u1ea5t c\u1ee9ng, tr\u00e1nh b\u1ecb h\u1ecfng do va \u0111\u1eadp m\u1ea1nh hay b\u1ecb r\u01a1i t\u1eeb tr\u00ean cao xu\u1ed1ng.<\/p>\n<p><img loading=\"lazy\" decoding=\"async\" class=\"aligncenter size-full wp-image-2472\" src=\"https:\/\/bodamviet.com\/wp-content\/uploads\/2023\/03\/bo-dam-cam-tay-motorola-p960H-1.png\" alt=\"\" width=\"1000\" height=\"1000\" srcset=\"https:\/\/bodamviet.com\/wp-content\/uploads\/2023\/03\/bo-dam-cam-tay-motorola-p960H-1.png 1000w, https:\/\/bodamviet.com\/wp-content\/uploads\/2023\/03\/bo-dam-cam-tay-motorola-p960H-1-768x768.png 768w, https:\/\/bodamviet.com\/wp-content\/uploads\/2023\/03\/bo-dam-cam-tay-motorola-p960H-1-300x300.png 300w, https:\/\/bodamviet.com\/wp-content\/uploads\/2023\/03\/bo-dam-cam-tay-motorola-p960H-1-600x600.png 600w, https:\/\/bodamviet.com\/wp-content\/uploads\/2023\/03\/bo-dam-cam-tay-motorola-p960H-1-100x100.png 100w\" sizes=\"auto, (max-width: 1000px) 100vw, 1000px\" \/><\/p>\n<h4>TH\u00d4NG S\u1ed0 K\u1ef8 THU\u1eacT C\u1ee6A B\u1ed8 \u0110\u00c0M C\u1ea6M TAY MOTOROLA CP-1650<\/h4>\n<p>\u2013 \u0110\u00e0i k\u1ef9 thu\u1eadt s\u1ed1: UHF 4W VHF 5W<br \/>\n\u2013 C\u00f4ng su\u1ea5t \u0111\u1ea7u ra: 5 Watts<br \/>\n\u2013 K\u00edch th\u01b0\u1edbc: 114 * 60 * 35mm<br \/>\n\u2013 D\u1ea3i t\u1ea7n s\u1ed1: 136-174MHz 400-470MHz<br \/>\n\u2013 K\u00eanh l\u01b0u tr\u1eef: 16 * 2 k\u00eanh (zone1 \/ zone2)<br \/>\n\u2013 Ph\u1ea1m vi \u0111\u00e0m tho\u1ea1i: 3-7km<br \/>\n\u2013 M\u00e0u \u0111en<br \/>\n\u2013 Dung l\u01b0\u1ee3ng\u00a0<a href=\"https:\/\/maitel.net\/pin-may-bo-dam\/\">pin<\/a>: Li-ion 2800mAh<br \/>\n\u2013 \u0110i\u1ec7n \u00e1p ho\u1ea1t \u0111\u1ed9ng: 7.4V<br \/>\n\u2013 Tr\u1ecdng l\u01b0\u1ee3ng: 252g<br \/>\n\u2013 H\u1ed7 tr\u1ee3: VOX, SCAN<br \/>\n\u2013 Tr\u1edf kh\u00e1ng\u00a0<a href=\"https:\/\/maitel.net\/anten-may-bo-dam\/\">\u0103ng ten<\/a>: 50\u03a9<br \/>\n\u2013 T\u1ea7n s\u1ed1 \u1ed5n \u0111\u1ecbnh: \u00b1 2,5ppm<br \/>\n\u2013 Nhi\u1ec7t \u0111\u1ed9 l\u00e0m vi\u1ec7c: -30 \u2103 \u2013 + 60 \u2103<\/p>\n<p><img loading=\"lazy\" decoding=\"async\" class=\"aligncenter size-full wp-image-2473\" src=\"https:\/\/bodamviet.com\/wp-content\/uploads\/2023\/03\/bo-dam-cam-tay-motorola-p960H.jpg\" alt=\"\" width=\"800\" height=\"800\" srcset=\"https:\/\/bodamviet.com\/wp-content\/uploads\/2023\/03\/bo-dam-cam-tay-motorola-p960H.jpg 800w, https:\/\/bodamviet.com\/wp-content\/uploads\/2023\/03\/bo-dam-cam-tay-motorola-p960H-768x768.jpg 768w, https:\/\/bodamviet.com\/wp-content\/uploads\/2023\/03\/bo-dam-cam-tay-motorola-p960H-300x300.jpg 300w, https:\/\/bodamviet.com\/wp-content\/uploads\/2023\/03\/bo-dam-cam-tay-motorola-p960H-600x600.jpg 600w, https:\/\/bodamviet.com\/wp-content\/uploads\/2023\/03\/bo-dam-cam-tay-motorola-p960H-100x100.jpg 100w\" sizes=\"auto, (max-width: 800px) 100vw, 800px\" \/><\/p>\n<h4>\u01afu \u0111i\u1ec3m b\u1ed9 \u0111\u00e0m c\u1ea7m tay Motorola GP-1650<\/h4>\n<ul>\n<li>16 k\u00eanh nh\u1edb c\u00f9ng ch\u1ee9c n\u0103ng qu\u00e9t k\u00eanh: M\u1ed7i k\u00eanh \u0111\u01b0\u01a1c c\u00e0i \u0111\u1eb7t ch\u1ebf \u0111\u1ed9 ph\u00edm QT v\u00e0 DQT \u0111\u1ec3 h\u1ea1n ch\u1ebf nh\u1eefng t\u00edn hi\u1ec7u kh\u00f4ng mong mu\u1ed1n. B\u1ea1n c\u00f3 th\u1ec3 ch\u1ec9 \u0111\u1ecbnh 16 k\u00eanh n\u1ebfu kh\u00f4ng mu\u1ed1n s\u1eed d\u1ee5ng ch\u1ee9c n\u0103ng qu\u00e9t t\u1ef1 \u0111\u1ed9ng. Ti\u1ec7n \u00edch n\u00e0y c\u00f3 ngh\u0129a l\u00e0 ph\u00edm PR \u0111\u01b0\u1ee3c s\u1eed d\u1ee5ng thay th\u1ebf b\u1edfi c\u00e1c ch\u1ee9c n\u0103ng kh\u00e1c.<\/li>\n<li>C\u00f4ng su\u1ea5t:\u00a0<a href=\"https:\/\/maitel.vn\/bo-dam-motorola\/\">B<strong>\u1ed9 \u0111\u00e0m Motorola<\/strong><\/a>\u00a0n\u00e0y s\u1eed d\u1ee5ng b\u0103ng t\u1ea7n UHF cho c\u00f4ng su\u1ea5t ph\u00e1t t\u1edbi 3w cho ph\u1ea1m vi ho\u1ea1t \u0111\u1ed9ng 1 \u2013 5 km<\/li>\n<li>Th\u00f4ng b\u00e1o k\u00eanh b\u1eb1ng gi\u1ecdng n\u00f3i \u2013 Annunciation: c\u00f3 th\u1ec3 t\u1ef1 \u0111\u1ed9ng \u201c\u0111\u1ecdc\u201d s\u1ed1 k\u00eanh \u0111\u01b0\u1ee3c l\u1ef1a ch\u1ecdn. \u0110i\u1ec1u n\u00e0y gi\u00fap ng\u01b0\u1eddi d\u00f9ng r\u1ea5t t\u1ed1t khi \u0111\u1eb7t m\u00e1y trong t\u00fai ho\u1eb7c trong m\u1ed9t m\u00f4i tr\u01b0\u1eddng t\u1ed1i.<\/li>\n<li>B\u00e1o \u0111\u1ed9ng kh\u1ea9n c\u1ea5p: Motorola GP-1650 cho ph\u00e9p ng\u01b0\u1eddi d\u00f9ng c\u00f3 th\u1ec3 ph\u00e1t t\u00edn hi\u1ec7u b\u00e1o \u0111\u1ed9ng khi g\u1eb7p tr\u01b0\u1eddng h\u1ee3p kh\u1ea9n c\u1ea5p.<\/li>\n<li>T\u00ednh n\u0103ng truy\u1ec1n t\u00edn hi\u1ec7u b\u1eb1ng gi\u1ecdng n\u00f3i \u2013 Voice Operated truy\u1ec1n (VOX): Built-in VOX cho ph\u00e9p r\u1ea3nh tay khi s\u1eed d\u1ee5ng tai nghe ph\u00f9 h\u1ee3p v\u1edbi b\u1ed9 \u0111\u00e0m c\u1ea7m tay gi\u00fap ng\u01b0\u1eddi dung c\u00f3 th\u1ec3 r\u1ea3nh tay l\u00e0m vi\u1ec7c kh\u00e1c v\u00e0 ch\u1ee7 \u0111\u1ed9ng trong c\u00f4ng vi\u1ec7c h\u01a1n l\u00e0m t\u0103ng hi\u1ec7u qu\u1ea3 ho\u1ea1t \u0111\u1ed9ng cho ng\u01b0\u1eddi s\u1eed d\u1ee5ng.<\/li>\n<li>T\u00ednh n\u0103ng qu\u00e9t \u0111a n\u0103ng: Motorola GP-1650\u00a0cho ph\u00e9p qu\u00e9t 3 ch\u1ebf \u0111\u1ed9: qu\u00e9t th\u00f4ng th\u01b0\u1eddng, qu\u00e9t \u01b0u ti\u00ean v\u00e0 qu\u00e9t chu\u1ea9n, qu\u00e9t t\u1ef1 \u0111\u1ed9ng.<\/li>\n<li>Gi\u1edbi h\u1ea1n th\u1eddi gian ph\u00e1t \u2013 Time-out Timer (TOT): Vi\u1ec7c truy\u1ec1n d\u1eef li\u1ec7u v\u01b0\u1ee3t qu\u00e1 gi\u1edbi h\u1ea1n th\u1eddi gian \u0111\u1ecbnh tr\u01b0\u1edbc, c\u00e1c \u0111\u00e0i ph\u00e1t thanh s\u1ebd d\u1eebng l\u1ea1i sau khi chu\u00f4ng c\u1ea3nh b\u00e1o. TOT c\u00f3 th\u1ec3 ng\u0103n ch\u1eb7n b\u1ea5t k\u1ef3 h\u01b0 h\u1ecfng g\u00e2y ra do truy\u1ec1n t\u00edn hi\u1ec7u li\u00ean t\u1ee5c. T\u1ea1o n\u00ean m\u1ed9t s\u1ea3n ph\u1ea9m b\u1ed9 \u0111\u00e0m b\u1ec1n v\u1eefng, s\u1eed d\u1ee5ng \u0111\u01b0\u1ee3c l\u00e2u d\u00e0i.<\/li>\n<\/ul>\n<p>&nbsp;<\/p>\n<p><strong>TH\u00d4NG TIN LI\u00caN H\u1ec6<\/strong><\/p>\n<ul>\n<li>H\u00e3y ch\u00e1t ngay v\u1edbi nh\u00e2n vi\u00ean online c\u1ee7a ch\u00fang t\u00f4i t\u1eeb 8h00 t\u1edbi 19h t\u1ed1i \u0111\u1ec3 \u0111\u01b0\u1ee3c gi\u1ea3i \u0111\u00e1p mi\u1ec5n ph\u00ed c\u00e1c c\u00e2u h\u1ecfi th\u01b0\u1eddng g\u1eb7p.<\/li>\n<li>Hotline: 098 809 8828 \/ 094 987 7728<\/li>\n<li>Website:\u00a0<a href=\"https:\/\/bodamviet.com\">https:\/\/bodamviet.com<\/a><\/li>\n<li>\u0110\u1ecba Ch\u1ec9: 184 \u0110. Nguy\u1ec5n Tu\u00e2n, Thanh Xu\u00e2n Trung, Thanh Xu\u00e2n, H\u00e0 N\u1ed9i<\/li>\n<li>Gi\u1edd m\u1edf c\u1eeda : 8h00 \u2013 22h00 H\u00e0ng ng\u00e0y \u2013 ( L\u00e0m c\u1ea3 Th\u1ee9 7 &amp; CN)<\/li>\n<\/ul>\n<p>&nbsp;<\/p>\n<p>&nbsp;<\/p>\n","protected":false},"excerpt":{"rendered":"<p>B\u1ed9 \u0110\u00e0m C\u1ea7m Tay Motorola CP-1650<\/p>\n<p><span style=\"color: #ff0000;\">Motorola CP-1650 th\u00edch h\u1ee3p s\u1eed d\u1ee5ng trong m\u00f4i tr\u01b0\u1eddng c\u00f4ng tr\u01b0\u1eddng x\u00e2y d\u1ee5ng, nh\u00e0 m\u00e1y, nh\u00e0 x\u01b0\u1edfng s\u1ea3n xu\u1ea5t<\/span><\/p>\n<p><strong>CP-1650\u00a0<\/strong>mang l\u1ea1i c\u1ea3m gi\u00e1c c\u1ea7m n\u1eafm ch\u1eafc ch\u1eafn, d\u1ec5 d\u00e0ng s\u1eed d\u1ee5ng v\u00e0 thay th\u1ebf linh ki\u1ec7n<\/p>\n<p>Motorola CP-1650 c\u00f3 ph\u1ea1m vi <strong>s\u1eed d\u1ee5ng xa t\u1eeb 3-7km, 10-25 t\u1ea7ng<\/strong> t\u00f9y tr\u1ed1ng tho\u00e1ng. pin 12h<\/p>\n<p>Motorola CP-1650\u00a0 \u0111\u01b0\u1ee3c s\u1ea3n xu\u1ea5t b\u1edfi Motorola, b\u1ea3o h\u00e0nh 24 th\u00e1ng th\u00e2n m\u00e1y, 6 th\u00e1ng pin s\u1ea1c<\/p>\n","protected":false},"featured_media":2474,"comment_status":"open","ping_status":"closed","template":"","meta":[],"product_cat":[442,411],"product_tag":[477,476],"class_list":{"0":"post-2471","1":"product","2":"type-product","3":"status-publish","4":"has-post-thumbnail","6":"product_cat-bo-dam-motorola","7":"product_cat-bo-dam-cong-truong","8":"product_tag-bo-dam-cam-tay-motorola-cp-1650","9":"product_tag-motorola-cp-1650","11":"first","12":"instock","13":"sale","14":"shipping-taxable","15":"purchasable","16":"product-type-simple"},"_links":{"self":[{"href":"https:\/\/bodamviet.com\/index.php?rest_route=\/wp\/v2\/product\/2471","targetHints":{"allow":["GET"]}}],"collection":[{"href":"https:\/\/bodamviet.com\/index.php?rest_route=\/wp\/v2\/product"}],"about":[{"href":"https:\/\/bodamviet.com\/index.php?rest_route=\/wp\/v2\/types\/product"}],"replies":[{"embeddable":true,"href":"https:\/\/bodamviet.com\/index.php?rest_route=%2Fwp%2Fv2%2Fcomments&post=2471"}],"wp:featuredmedia":[{"embeddable":true,"href":"https:\/\/bodamviet.com\/index.php?rest_route=\/wp\/v2\/media\/2474"}],"wp:attachment":[{"href":"https:\/\/bodamviet.com\/index.php?rest_route=%2Fwp%2Fv2%2Fmedia&parent=2471"}],"wp:term":[{"taxonomy":"product_cat","embeddable":true,"href":"https:\/\/bodamviet.com\/index.php?rest_route=%2Fwp%2Fv2%2Fproduct_cat&post=2471"},{"taxonomy":"product_tag","embeddable":true,"href":"https:\/\/bodamviet.com\/index.php?rest_route=%2Fwp%2Fv2%2Fproduct_tag&post=2471"}],"curies":[{"name":"wp","href":"https:\/\/api.w.org\/{rel}","templated":true}]}}