{"id":2484,"date":"2023-03-31T16:47:35","date_gmt":"2023-03-31T09:47:35","guid":{"rendered":"https:\/\/bodam.top\/?post_type=product&#038;p=2484"},"modified":"2024-11-08T16:22:29","modified_gmt":"2024-11-08T09:22:29","slug":"bo-dam-cam-tay-motorola-cp-3300n","status":"publish","type":"product","link":"https:\/\/bodamviet.com\/?product=bo-dam-cam-tay-motorola-cp-3300n","title":{"rendered":"B\u1ed9 \u0110\u00e0m Motorola CP-3300N"},"content":{"rendered":"<h2><span style=\"color: #ff0000;\">B\u1ed9 \u0110\u00e0m C\u1ea7m Tay Motorola CP-3300N &#8211; <strong>M\u1eabu b\u1ed9 \u0111\u00e0m \u0111\u01b0\u1ee3c d\u00f9ng nhi\u1ec1u cho c\u00e1c c\u00f4ng ty x\u00e2y d\u1ef1ng, b\u1ea3o v\u1ec7 t\u00f2a nh\u00e0, KCN<\/strong><\/span><\/h2>\n<p>\u2013 B\u1ed9 \u0111\u00e0m <strong>Motorola CP-3300N<\/strong> UHF l\u00e0 d\u00f2ng s\u1ea3n ph\u1ea9m m\u00e1y b\u1ed9 \u0111\u00e0m c\u1ea7m tay m\u1edbi c\u1ee7a h\u00e3ng <a href=\"https:\/\/bodamviet.com\/?product_cat=bo-dam-motorola\" target=\"_blank\" rel=\"noopener\">b\u1ed9 \u0111\u00e0m Motorola<\/a>\u00a0v\u1edbi gi\u00e1 c\u1ea3 ph\u1ea3i ch\u0103ng nh\u01b0ng l\u1ea1i c\u00f3 ch\u1ea5t l\u01b0\u1ee3ng \u00e2m thanh tuy\u1ec7t v\u1eddi c\u00f9ng kh\u1ea3 n\u0103ng k\u1ebft n\u1ed1i trong m\u00f4i tr\u01b0\u1eddng xuy\u00ean v\u1eadt c\u1ea3n. Thi\u1ebft b\u1ecb c\u00f2n \u0111\u01b0\u1ee3c trang b\u1ecb h\u1ec7 th\u1ed1ng pin si\u00eau kh\u1ecfe \u0111\u1ea3m b\u1ea3o cho c\u00e1c cu\u1ed9c \u0111\u00e0m tho\u1ea1i d\u00e0i c\u1ee7a b\u1ea1n s\u1ebd kh\u00f4ng b\u1ecb ng\u1eaft qu\u00e3ng. V\u1edbi nh\u1eefng \u0111\u1eb7c t\u00ednh v\u01b0\u1ee3t tr\u1ed9i c\u1ee7a m\u00ecnh, \u0111\u00e2y ch\u1eafc ch\u1eafn s\u1ebd l\u00e0 m\u1ed9t s\u1ea3n ph\u1ea9m \u0111\u00e1ng mong \u0111\u1ee3i nh\u1ea5t n\u0103m nay, l\u00e0 l\u1ef1a ch\u1ecdn l\u00fd t\u01b0\u1edfng cho nh\u00e0 h\u00e0ng, kh\u00e1ch s\u1ea1n, \u0111i\u1ec1u h\u00e0nh s\u1ea3n xu\u1ea5t t\u1ea1i c\u00e1c nh\u00e0 m\u00e1y, c\u00f4ng tr\u01b0\u1eddng x\u00e2y d\u1ef1ng, c\u00e1c c\u00f4ng ty t\u1ed5 ch\u1ee9c s\u1ef1 ki\u1ec7n, c\u00e1c c\u00f4ng ty b\u1ea3o v\u1ec7\u2026.<\/p>\n<p>\u2013 Thi\u1ebft k\u1ebf r\u1eafn ch\u1eafc,b\u1ec1n b\u1ec9: M\u00e1y <strong>Motorola CP-3300N<\/strong> UHF c\u00f3 k\u1ebft c\u1ea5u ch\u1eafc ch\u1eafn c\u00e1c kh\u1edbp n\u1ed1i \u0103n kh\u00edt, ch\u1eb7t ch\u1ebd c\u00f3 th\u1ec3 ch\u1ecbu \u0111\u01b0\u1ee3c c\u00e1c va \u0111\u1eadp m\u1ea1nh khi b\u1ecb \u0111\u00e1nh r\u01a1i v\u00e0 t\u1ea5t c\u1ea3 c\u00e1c \u0111i\u1ec1u ki\u1ec7n m\u00f4i tr\u01b0\u1eddng l\u00e0m vi\u1ec7c kh\u00e1c nhau. S\u1ea3n ph\u1ea9m ho\u00e0n to\u00e0n \u0111\u00e1p \u1ee9ng ti\u00eau chu\u1ea9n qu\u1ed1c t\u1ebf ch\u1ed1ng b\u1ee5i v\u00e0 n\u01b0\u1edbc IP54 c\u0169ng nh\u01b0 ti\u00eau chu\u1ea9n qu\u00e2n s\u1ef1 M\u1ef9 MIL-STD 810 C, D, E, F v\u00e0 ti\u00eau chu\u1ea9n m\u00f4i tr\u01b0\u1eddng<\/p>\n<p>Xem th\u00eam :<\/p>\n<ul>\n<li><a href=\"https:\/\/bodamviet.com\/?product=bo-dam-cam-tay-motorola-gp-88\">b\u1ed9 \u0111\u00e0m motorola GP 88<\/a><\/li>\n<li><a href=\"https:\/\/bodamviet.com\/?product=bo-dam-cam-tay-motorola-gp-368\">B\u1ed9 \u0111\u00e0m Motorola Gp 368<\/a><\/li>\n<\/ul>\n<p><img loading=\"lazy\" decoding=\"async\" class=\"aligncenter wp-image-2571\" title=\"B\u1ed9 \u0110\u00e0m Motorola CP-3300N Gi\u00e1 R\u1eba Nh\u1ea5t | Bodamviet\" src=\"http:\/\/bodamviet.com\/wp-content\/uploads\/2023\/06\/banner-bodamtop-01.jpg\" alt=\"B\u1ed9 \u0110\u00e0m Motorola CP-3300N Gi\u00e1 R\u1eba Nh\u1ea5t | Bodamviet\" width=\"1100\" height=\"428\" srcset=\"https:\/\/bodamviet.com\/wp-content\/uploads\/2023\/06\/banner-bodamtop-01.jpg 1600w, https:\/\/bodamviet.com\/wp-content\/uploads\/2023\/06\/banner-bodamtop-01-768x299.jpg 768w, https:\/\/bodamviet.com\/wp-content\/uploads\/2023\/06\/banner-bodamtop-01-1536x598.jpg 1536w, https:\/\/bodamviet.com\/wp-content\/uploads\/2023\/06\/banner-bodamtop-01-600x234.jpg 600w\" sizes=\"auto, (max-width: 1100px) 100vw, 1100px\" \/><\/p>\n<h4><span style=\"color: #ff0000;\"><strong>\u0110\u1eb6C \u0110I\u1ec2M T\u00cdNH N\u0102NG S\u1ea2N PH\u1ea8M B\u1ed8 \u0110\u00c0M MOTOROLA CP-3300N<\/strong><\/span><\/h4>\n<p>\u2013 Thi\u1ebft k\u1ebf nh\u1ecf g\u1ecdn v\u00e0 r\u1ea5t nh\u1eb9 : <strong>Motorola CP-3300N<\/strong> UHF \u0111\u01b0\u1ee3c thi\u1ebft k\u1ebf nh\u1ecf g\u1ecdn nh\u01b0 1 chi\u1ebfc \u0111i\u1ec7n tho\u1ea1i di \u0111\u1ed9ng, c\u00f3 th\u1ec3 c\u1ea7m g\u1ecdn trong l\u00f2ng b\u00e0n tay hay \u0111eo \u1edf th\u1eaft l\u01b0ng ho\u1eb7c b\u1ecf v\u00e0o t\u00fai m\u00e0 kh\u00f4ng c\u1ea3m th\u1ea5y b\u1ea5t ti\u1ec7n khi mang ch\u00fang \u0111i b\u1ea5t k\u1ef3 \u0111\u00e2u.<\/p>\n<p>\u2013 16 k\u00eanh nh\u1edb c\u00f9ng ch\u1ee9c n\u0103ng qu\u00e9t k\u00eanh:\u00a0M\u1ed7i k\u00eanh \u0111\u01b0\u01a1c c\u00e0i \u0111\u1eb7t ch\u1ebf \u0111\u1ed9 ph\u00edm QT v\u00e0 DQT \u0111\u1ec3 h\u1ea1n ch\u1ebf nh\u1eefng t\u00edn hi\u1ec7u kh\u00f4ng mong mu\u1ed1n. B\u1ea1n c\u00f3 th\u1ec3 ch\u1ec9 \u0111\u1ecbnh 16 k\u00eanh n\u1ebfu kh\u00f4ng mu\u1ed1n s\u1eed d\u1ee5ng ch\u1ee9c n\u0103ng qu\u00e9t t\u1ef1 \u0111\u1ed9ng.<\/p>\n<h4><span style=\"color: #ff0000;\">M\u00c1Y B\u1ed8 \u0110\u00c0M MOTOROLA CP-3300N GI\u00c1 R\u1eba D\u00d9NG CHO X\u00c2Y D\u1ef0NG<\/span><\/h4>\n<p>\u2013 C\u00f4ng su\u1ea5t: B\u1ed9 \u0111\u00e0m <strong>Motorola CP-3300N<\/strong> s\u1eed d\u1ee5ng b\u0103ng t\u1ea7n UHF cho c\u00f4ng su\u1ea5t ph\u00e1t t\u1edbi 5w cho ph\u1ea1m vi ho\u1ea1t \u0111\u1ed9ng 1 \u2013 5 km ( t\u00f9y v\u00e0o \u0111i\u1ec1u ki\u1ec7n \u0111\u1ecba h\u00ecnh c\u00f3 v\u1eadt c\u1ea3n s\u1ebd cho kho\u1ea3ng c\u00e1ch li\u00ean l\u1ea1c kh\u00e1c nhau) cho cu\u1ed9c \u0111\u00e0m tho\u1ea1i v\u1eabn r\u00f5 n\u00e9t.<\/p>\n<p>\u2013 Pin: B\u1ed9 \u0111\u00e0m c\u1ea7m tay <strong>Motorola CP-3300N<\/strong> s\u1eed d\u1ee5ng pin dung l\u01b0\u1ee3ng 3200mAh \u2013 Li-ion th\u1eddi gian ho\u1ea1t \u0111\u1ed9ng 24 gi\u1edd. Gi\u00fap ng\u01b0\u1eddi s\u1eed d\u1ee5ng tho\u1ea3i m\u00e1i s\u1eed d\u1ee5ng c\u1ea3 ng\u00e0y m\u00e0 kh\u00f4ng s\u1ee3 h\u1ebft pin, tr\u00e1nh gi\u00e1n \u0111o\u1ea1n c\u00f4ng vi\u1ec7c.<\/p>\n<p><img loading=\"lazy\" decoding=\"async\" class=\"aligncenter wp-image-2324 size-full\" title=\"B\u1ed9 \u0110\u00e0m Motorola CP-3300N Gi\u00e1 R\u1ebb Nh\u1ea5t | Bodamviet\" src=\"http:\/\/bodamviet.com\/wp-content\/uploads\/2018\/09\/kenwood-tk-3401.png\" alt=\"B\u1ed9 \u0110\u00e0m Motorola CP-3300N Gi\u00e1 R\u1ebb Nh\u1ea5t | Bodamviet\" width=\"700\" height=\"525\" srcset=\"https:\/\/bodamviet.com\/wp-content\/uploads\/2018\/09\/kenwood-tk-3401.png 700w, https:\/\/bodamviet.com\/wp-content\/uploads\/2018\/09\/kenwood-tk-3401-600x450.png 600w\" sizes=\"auto, (max-width: 700px) 100vw, 700px\" \/><\/p>\n<h4><span style=\"color: #ff0000;\">C\u1ef0 LY LI\u00caN L\u1ea0C C\u1ee6A B\u1ed8 \u0110\u00c0M C\u1ea6M TAY CP-3300N:<\/span><\/h4>\n<p>\u2013 Khu v\u1ef1c nhi\u1ec1u nh\u00e0 cao t\u1ea7ng, khu \u0111\u00f4ng d\u00e2n c\u01b0, v\u00f9ng c\u00f3 \u1ea3nh h\u01b0\u1edfng nhi\u1ec1u s\u00f3ng kh\u00e1c: ~1 km<br \/>\n\u2013 Khu v\u1ef1c v\u00f9ng ven th\u00e0nh ph\u1ed1, \u00edt nh\u00e0 cao t\u1ea7ng, \u00edt v\u1eadt c\u1ea3n ~ 3 km<br \/>\n\u2013 Khu v\u1ef1c \u0111\u1ea5t tr\u1ed1ng, b\u1ebfn c\u1ea3ng, ngo\u1ea1i th\u00e0nh ~ 4 km<br \/>\n\u2013 Trong c\u00e1c t\u00f2a nh\u00e0 cao \u1ed1c \u0111ang x\u00e2y d\u1ef1ng ~ 50 t\u1ea7ng<br \/>\n\u2013 Trong c\u00e1c t\u00f2a nh\u00e0 cao \u1ed1c \u0111ang ho\u1ea1t \u0111\u1ed9ng ~ 30 t\u1ea7ng<\/p>\n<p><strong>TH\u00d4NG TIN LI\u00caN H\u1ec6<\/strong><\/p>\n<ul>\n<li>H\u00e3y ch\u00e1t ngay v\u1edbi nh\u00e2n vi\u00ean online c\u1ee7a <a href=\"https:\/\/www.facebook.com\/bodamvietcom\">ch\u00fang t\u00f4i<\/a> t\u1eeb 8h30 t\u1edbi 7h t\u1ed1i \u0111\u1ec3 \u0111\u01b0\u1ee3c gi\u1ea3i \u0111\u00e1p mi\u1ec5n ph\u00ed c\u00e1c c\u00e2u h\u1ecfi th\u01b0\u1eddng g\u1eb7p.<\/li>\n<li>Hotline: 098 809 8828 \/ 094 987 7728<\/li>\n<li>Website:\u00a0<a href=\"https:\/\/bodamviet.com\/\">https:\/\/bodamviet.com<\/a><\/li>\n<li>\u0110\u1ecba Ch\u1ec9: 184 \u0110. Nguy\u1ec5n Tu\u00e2n, Thanh Xu\u00e2n Trung, Thanh Xu\u00e2n, H\u00e0 N\u1ed9i<\/li>\n<li>Gi\u1edd m\u1edf c\u1eeda : 8h00 \u2013 22h00 H\u00e0ng ng\u00e0y \u2013 ( L\u00e0m c\u1ea3 Th\u1ee9 7 &amp; CN)<\/li>\n<\/ul>\n<p>&nbsp;<\/p>\n","protected":false},"excerpt":{"rendered":"<p><strong>B\u1ed9 \u0110\u00e0m C\u1ea7m Tay Motorola CP-3300N <\/strong><span style=\"color: #ff0000;\">c\u1ea7m n\u1eafm ch\u1eafc tay, tho\u1ea3i m\u00e1i khi s\u1eed d\u1ee5ng, th\u00edch h\u1ee3p v\u1edbi c\u00f4ng tr\u01b0\u1eddng x\u00e2y d\u1ef1ng,b\u1ea3o v\u1ec7 t\u00f2a nh\u00e0&#8230;<\/span><\/p>\n<p>B\u1ed9 \u0110\u00e0m Motorola CP-3300N<strong> Nh\u1ecf \u2013 G\u1ecdn \u2013 Nh\u1eb9<\/strong>\u00a0d\u1ec5 d\u00e0ng s\u1eed d\u1ee5ng v\u00e0 thay th\u1ebf linh ki\u1ec7n.<\/p>\n<p>CP-3300 : Kho\u1ea3ng c\u00e1ch li\u00ean l\u1ea1c 1 \u2013 4km T\u00f9y tr\u1ed1ng tho\u00e1ng; 5-25 t\u1ea7ng. Dung l\u01b0\u1ee3ng pin 3200Mah d\u00f9ng 20h<\/p>\n<p>S\u1ea3n xu\u1ea5t t\u1ea1i China; B\u1ea3o h\u00e0nh 24 th\u00e1ng th\u00e2n m\u00e1y; 06 th\u00e1ng pin x\u1ea1c<\/p>\n","protected":false},"featured_media":2615,"comment_status":"open","ping_status":"closed","template":"","meta":[],"product_cat":[451,442,413,411],"product_tag":[481,482],"class_list":{"0":"post-2484","1":"product","2":"type-product","3":"status-publish","4":"has-post-thumbnail","6":"product_cat-bo-dam-gia-re","7":"product_cat-bo-dam-motorola","8":"product_cat-bo-dam-bao-ve","9":"product_cat-bo-dam-cong-truong","10":"product_tag-bo-dam-cam-tay-motorola-cp-3300","11":"product_tag-motorola-cp-3300","13":"first","14":"instock","15":"sale","16":"shipping-taxable","17":"purchasable","18":"product-type-simple"},"_links":{"self":[{"href":"https:\/\/bodamviet.com\/index.php?rest_route=\/wp\/v2\/product\/2484","targetHints":{"allow":["GET"]}}],"collection":[{"href":"https:\/\/bodamviet.com\/index.php?rest_route=\/wp\/v2\/product"}],"about":[{"href":"https:\/\/bodamviet.com\/index.php?rest_route=\/wp\/v2\/types\/product"}],"replies":[{"embeddable":true,"href":"https:\/\/bodamviet.com\/index.php?rest_route=%2Fwp%2Fv2%2Fcomments&post=2484"}],"wp:featuredmedia":[{"embeddable":true,"href":"https:\/\/bodamviet.com\/index.php?rest_route=\/wp\/v2\/media\/2615"}],"wp:attachment":[{"href":"https:\/\/bodamviet.com\/index.php?rest_route=%2Fwp%2Fv2%2Fmedia&parent=2484"}],"wp:term":[{"taxonomy":"product_cat","embeddable":true,"href":"https:\/\/bodamviet.com\/index.php?rest_route=%2Fwp%2Fv2%2Fproduct_cat&post=2484"},{"taxonomy":"product_tag","embeddable":true,"href":"https:\/\/bodamviet.com\/index.php?rest_route=%2Fwp%2Fv2%2Fproduct_tag&post=2484"}],"curies":[{"name":"wp","href":"https:\/\/api.w.org\/{rel}","templated":true}]}}