{"id":2493,"date":"2023-03-31T17:13:11","date_gmt":"2023-03-31T10:13:11","guid":{"rendered":"https:\/\/bodam.top\/?post_type=product&#038;p=2493"},"modified":"2024-11-08T16:19:27","modified_gmt":"2024-11-08T09:19:27","slug":"bo-dam-cam-tay-motorola-p6668","status":"publish","type":"product","link":"https:\/\/bodamviet.com\/?product=bo-dam-cam-tay-motorola-p6668","title":{"rendered":"B\u1ed9 \u0110\u00e0m Motorola P6668"},"content":{"rendered":"<h2><span style=\"color: #ff0000;\">B\u1ed9 \u0110\u00e0m C\u1ea7m Tay Motorola P6668 &#8211; <strong>d\u00f9ng nhi\u1ec1u cho c\u00e1c c\u00f4ng ty x\u00e2y d\u1ef1ng, b\u1ea3o v\u1ec7 t\u00f2a nh\u00e0, KCN<\/strong><\/span><\/h2>\n<p>\u2013 V\u1edbi nh\u1eefng \u0111\u1eb7c t\u00ednh v\u01b0\u1ee3t tr\u1ed9i nh\u01b0 d\u1ea3i t\u1ea7n r\u1ed9ng, c\u00f4ng su\u1ea5t ph\u00e1t l\u1edbn, pin dung l\u01b0\u1ee3ng cao, ch\u1ea5t l\u01b0\u1ee3ng \u00e2m thanh tuy\u1ec7t v\u1eddi, B\u1ed9 \u0111\u00e0m Motorola P6668 ch\u1eafc ch\u1eafn s\u1ebd l\u00e0 m\u1ed9t s\u1ea3n \u0111\u00e1ng mong \u0111\u1ee3i nh\u1ea5t m\u00f9a h\u00e8 n\u0103m nay, \u0110\u00e2y l\u00e0 d\u00f2ng s\u1ea3n ph\u1ea9m c\u1ee7a\u00a0<a href=\"https:\/\/www.facebook.com\/bodamvietcom\" target=\"_blank\" rel=\"noopener\">h\u00e3ng Motorola<\/a>\u00a0s\u1ebd l\u00e0 l\u1ef1a ch\u1ecdn l\u00fd t\u01b0\u1edfng cho nh\u00e0 h\u00e0ng, kh\u00e1ch s\u1ea1n, \u0111i\u1ec1u h\u00e0nh s\u1ea3n xu\u1ea5t t\u1ea1i c\u00e1c nh\u00e0 m\u00e1y, c\u00f4ng tr\u01b0\u1eddng x\u00e2y d\u1ef1ng, c\u00e1c c\u00f4ng ty t\u1ed5 ch\u1ee9c s\u1ef1 ki\u1ec7n, c\u00e1c c\u00f4ng ty b\u1ea3o v\u1ec7\u2026.<\/p>\n<p>\u2013 Ch\u1ea5t l\u01b0\u1ee3ng \u00e2m thanh tuy\u1ec7t v\u1eddi:\u00a0<a href=\"https:\/\/bodamviet.com\/?product_cat=bo-dam-motorola\">Motorola<\/a> P6668\u00a0cho ch\u1ea5t l\u01b0\u1ee3ng \u00e2m thanh to, r\u00f5 r\u00e0ng cho ph\u00e9p ng\u01b0\u1eddi s\u1eed d\u1ee5ng \u0111\u00e0m tho\u1ea1i th\u1eadm ch\u00ed trong m\u00f4i tr\u01b0\u1eddng c\u00f3 ti\u1ebfng \u1ed3n. Loa m\u1eb7t tr\u01b0\u1edbc to c\u1ed9ng v\u1edbi c\u00e1c t\u00ednh n\u0103ng \u0111\u1ed9c \u0111\u00e1o nh\u01b0 \u00e2m thanh th\u00f4ng minh v\u00e0 th\u00f4ng b\u00e1o tho\u1ea1i \u0111\u1ec3 gi\u00fap nghe v\u00e0 n\u00f3i r\u00f5 r\u00e0ng d\u00f9 nh\u00e2n vi\u00ean c\u1ee7a b\u1ea1n l\u00e0m vi\u1ec7c \u1edf b\u1ea5t c\u1ee9 \u0111\u00e2u.<\/p>\n<p><img loading=\"lazy\" decoding=\"async\" class=\"aligncenter wp-image-2494 size-full\" title=\"B\u1ed9 \u0110\u00e0m C\u1ea7m Tay Motorola P6668 Gi\u00e1 R\u1eba Nh\u1ea5t T\u1ea1i Bodamviet\" src=\"http:\/\/bodamviet.com\/wp-content\/uploads\/2023\/03\/bo-dam-cam-tay-motorola-cp-6668.webp\" alt=\"B\u1ed9 \u0110\u00e0m C\u1ea7m Tay Motorola P6668 Gi\u00e1 R\u1eba Nh\u1ea5t T\u1ea1i Bodamviet\" width=\"450\" height=\"450\" srcset=\"https:\/\/bodamviet.com\/wp-content\/uploads\/2023\/03\/bo-dam-cam-tay-motorola-cp-6668.webp 450w, https:\/\/bodamviet.com\/wp-content\/uploads\/2023\/03\/bo-dam-cam-tay-motorola-cp-6668-300x300.webp 300w, https:\/\/bodamviet.com\/wp-content\/uploads\/2023\/03\/bo-dam-cam-tay-motorola-cp-6668-100x100.webp 100w\" sizes=\"auto, (max-width: 450px) 100vw, 450px\" \/><\/p>\n<h4><strong>NH\u1eeeNG T\u00cdNH N\u0102NG N\u1ed4I B\u1eacT C\u1ee6A B\u1ed8 \u0110\u00c0M MOTOROLA P6668<\/strong><\/h4>\n<p>\u2013 Th\u1eddi gian \u0111\u00e0m tho\u1ea1i d\u00e0i: Chi\u1ebfc b\u1ed9 \u0111\u00e0m c\u1ea7m tay <strong>Motorola P6668<\/strong> c\u00f3 th\u1eddi gian \u0111\u00e0m tho\u1ea1i d\u00e0i cho ph\u00e9p ng\u01b0\u1eddi d\u00f9ng c\u00f3 th\u1ec3 s\u1eed d\u1ee5ng nhi\u1ec1u h\u01a1n 8 ti\u1ebfng. C\u00f3 th\u1ec3 n\u00e2ng cao th\u1eddi gian s\u1eed d\u1ee5ng b\u1eb1ng c\u00e1ch k\u00edch ho\u1ea1t ch\u1ee9c n\u0103ng ti\u1ebft ki\u1ec7m pin. \u0110\u00e8n b\u00e1o LED v\u00e0 \u00e2m \u0111\u1ec3 b\u00e1o cho ng\u01b0\u1eddi d\u00f9ng v\u1ec1 dung l\u01b0\u1ee3ng pin th\u1ea5p.<\/p>\n<p>\u2013 \u0110a d\u1ea1ng ph\u1ee5 ki\u1ec7n l\u1ef1a ch\u1ecdn:\u00a0C\u0169ng nh\u01b0 c\u00e1c d\u00f2ng b\u1ed9 \u0111\u00e0m Motorola kh\u00e1c, s\u1ea3n ph\u1ea9m c\u0169ng \u0111\u01b0\u1ee3c \u0111i k\u00e8m v\u1edbi s\u1ea1c, pin, \u0103ng ten v\u00e0 m\u00f3c c\u00e0i.\u00a0Kh\u1ea3 n\u0103ng ch\u1ed1ng nhi\u1ec5u cho ph\u00e9p cung c\u1ea5p th\u00f4ng tin li\u00ean l\u1ea1c r\u00f5 r\u00e0ng h\u01a1n.<\/p>\n<p>\u2013 Pin lion dung l\u01b0\u1ee3ng l\u1edbn:\u00a0V\u1edbi dung l\u01b0\u1ee3ng pin 3600 mah gi\u00fap B\u1ed9 \u0111\u00e0m <strong>Motorola P6668<\/strong>\u00a0c\u00f3 th\u1eddi gian\u00a0\u0111\u00e0m tho\u1ea1i l\u00e2u h\u01a1n l\u00ean \u0111\u1ebfn 18h li\u1ec1n t\u1ee5c, th\u1eddi gian ch\u1edd \u0111\u1ebfn 48h.\u00a0B\u1ea1n c\u00f3 th\u1ec3 \u0111\u00e0m tho\u1ea1i c\u1ea3 ng\u00e0y m\u00e0 kh\u00f4ng ph\u1ea3i lo h\u1ebft pin m\u1ea5t li\u00ean l\u1ea1c hay k\u00e8 k\u00e8 th\u00eam b\u00ean m\u00ecnh s\u1ea1c d\u1ef1 ph\u00f2ng.\u00a0C\u00f3 th\u1ec3 n\u00e2ng cao th\u1eddi gian s\u1eed d\u1ee5ng b\u1eb1ng c\u00e1ch k\u00edch ho\u1ea1t ch\u1ee9c n\u0103ng ti\u1ebft ki\u1ec7m pin.<\/p>\n<p><img loading=\"lazy\" decoding=\"async\" class=\"aligncenter\" title=\"B\u1ed9 \u0110\u00e0m C\u1ea7m Tay Motorola P6668 Gi\u00e1 R\u1eba Nh\u1ea5t T\u1ea1i Bodamviet\" src=\"https:\/\/maitel.net\/wp-content\/uploads\/2019\/03\/bo-dam-cam-tay-motorola-02-1.jpg\" alt=\"B\u1ed9 \u0110\u00e0m C\u1ea7m Tay Motorola P6668 Gi\u00e1 R\u1eba Nh\u1ea5t T\u1ea1i Bodamviet\" width=\"687\" height=\"535\" \/><\/p>\n<p>\u2013 C\u00f3 ch\u1ebf \u0111\u1ed9 ti\u1ebft ki\u1ec7m pin:\u00a0D\u00f2ng b\u1ed9 \u0111\u00e0m gi\u00e1 r\u1ebb n\u00e0y \u0111\u01b0\u1ee3c trang b\u1ecb ch\u1ebf \u0111\u1ed9 ti\u1ebft ki\u1ec7m pin th\u00f4ng minh, gi\u00fap duy tr\u00ec \u0111\u01b0\u1ee3c th\u1eddi gian s\u1eed d\u1ee5ng m\u00e1y l\u00e2u h\u01a1n, cho c\u1ef1 ly li\u00ean l\u1ea1c \u0111\u01b0\u1ee3c xa h\u01a1n, \u00e2m thanh truy\u1ec1n t\u1ea3i to v\u00e0 r\u00f5 r\u00e0ng h\u01a1n.<\/p>\n<p>\u2013\u00a0C\u00f4ng su\u1ea5t:\u00a0<strong>Motorola P6668<\/strong> s\u1eed d\u1ee5ng b\u0103ng t\u1ea7n UHF \u2013 VHF cho c\u00f4ng su\u1ea5t ph\u00e1t t\u1edbi 10w cho\u00a0ph\u1ea1m vi ho\u1ea1t \u0111\u1ed9ng 1 \u2013 5 km\u00a0( t\u00f9y v\u00e0o \u0111i\u1ec1u ki\u1ec7n \u0111\u1ecba h\u00ecnh c\u00f3 v\u1eadt c\u1ea3n s\u1ebd cho kho\u1ea3ng c\u00e1ch li\u00ean l\u1ea1c kh\u00e1c nhau) cho cu\u1ed9c \u0111\u00e0m tho\u1ea1i v\u1eabn r\u00f5 n\u00e9t.<\/p>\n<h4><span style=\"color: #ff0000;\"><b>M\u1ed8T S\u1ed0 T\u00cdNH N\u0102NG KHAC C\u1ee6A M\u00c1Y B\u1ed8 \u0110\u00c0M MOTOROLA P6668<\/b><\/span><\/h4>\n<p>+ \u0110\u00e8n b\u00e1o tr\u1ea1ng th\u00e1i t\u00edn hi\u1ec7u v\u00e0 Pin x\u1ea1c<\/p>\n<p>+ Ch\u1ebf \u0111\u1ed9 ti\u1ebft ki\u1ec7m Pin<\/p>\n<p>+ G\u1ecdi kh\u1ea9n c\u1ea5p<\/p>\n<p><strong>TH\u00d4NG TIN LI\u00caN H\u1ec6<\/strong><\/p>\n<ul>\n<li>H\u00e3y ch\u00e1t ngay v\u1edbi nh\u00e2n vi\u00ean online c\u1ee7a ch\u00fang t\u00f4i t\u1eeb 8h30 t\u1edbi 7h t\u1ed1i \u0111\u1ec3 \u0111\u01b0\u1ee3c gi\u1ea3i \u0111\u00e1p mi\u1ec5n ph\u00ed c\u00e1c c\u00e2u h\u1ecfi th\u01b0\u1eddng g\u1eb7p.<\/li>\n<li>Hotline: 098 809 8828 \/ 094 987 7728<\/li>\n<li>Website:\u00a0<a href=\"https:\/\/bodamviet.com\/\">https:\/\/bodamviet.com<\/a><\/li>\n<li>\u0110\u1ecba Ch\u1ec9: 184 \u0110. Nguy\u1ec5n Tu\u00e2n, Thanh Xu\u00e2n Trung, Thanh Xu\u00e2n, H\u00e0 N\u1ed9i<\/li>\n<li>Gi\u1edd m\u1edf c\u1eeda : 8h00 \u2013 22h00 H\u00e0ng ng\u00e0y \u2013 ( L\u00e0m c\u1ea3 Th\u1ee9 7 &amp; CN)<\/li>\n<\/ul>\n<p>&nbsp;<\/p>\n","protected":false},"excerpt":{"rendered":"<p><strong>B\u1ed9 \u0110\u00e0m C\u1ea7m Tay Motorola P6668 <\/strong><span style=\"color: #ff0000;\">c\u1ea7m n\u1eafm ch\u1eafc tay, tho\u1ea3i m\u00e1i khi s\u1eed d\u1ee5ng, th\u00edch h\u1ee3p v\u1edbi c\u00f4ng tr\u01b0\u1eddng x\u00e2y d\u1ef1ng,b\u1ea3o v\u1ec7 t\u00f2a nh\u00e0&#8230;<\/span><\/p>\n<p>B\u1ed9 \u0110\u00e0m Motorola P6668<strong> Nh\u1ecf \u2013 G\u1ecdn \u2013 Nh\u1eb9<\/strong>\u00a0d\u1ec5 d\u00e0ng s\u1eed d\u1ee5ng v\u00e0 thay th\u1ebf linh ki\u1ec7n.<\/p>\n<p>P6668: Kho\u1ea3ng c\u00e1ch li\u00ean l\u1ea1c 2 \u2013 5km T\u00f9y tr\u1ed1ng tho\u00e1ng; 5-25 t\u1ea7ng. Dung l\u01b0\u1ee3ng pin 3600Mah d\u00f9ng 18h<\/p>\n<p>S\u1ea3n xu\u1ea5t T\u1ea1i China; B\u1ea3o h\u00e0nh 24 th\u00e1ng th\u00e2n m\u00e1y; 06 th\u00e1ng pin x\u1ea1c<\/p>\n","protected":false},"featured_media":2495,"comment_status":"open","ping_status":"closed","template":"","meta":[],"product_cat":[442,413,411],"product_tag":[484,483],"class_list":{"0":"post-2493","1":"product","2":"type-product","3":"status-publish","4":"has-post-thumbnail","6":"product_cat-bo-dam-motorola","7":"product_cat-bo-dam-bao-ve","8":"product_cat-bo-dam-cong-truong","9":"product_tag-bo-dam-cam-tay-motorola-p6668","10":"product_tag-motorola-p6668","12":"first","13":"instock","14":"sale","15":"shipping-taxable","16":"purchasable","17":"product-type-simple"},"_links":{"self":[{"href":"https:\/\/bodamviet.com\/index.php?rest_route=\/wp\/v2\/product\/2493","targetHints":{"allow":["GET"]}}],"collection":[{"href":"https:\/\/bodamviet.com\/index.php?rest_route=\/wp\/v2\/product"}],"about":[{"href":"https:\/\/bodamviet.com\/index.php?rest_route=\/wp\/v2\/types\/product"}],"replies":[{"embeddable":true,"href":"https:\/\/bodamviet.com\/index.php?rest_route=%2Fwp%2Fv2%2Fcomments&post=2493"}],"wp:featuredmedia":[{"embeddable":true,"href":"https:\/\/bodamviet.com\/index.php?rest_route=\/wp\/v2\/media\/2495"}],"wp:attachment":[{"href":"https:\/\/bodamviet.com\/index.php?rest_route=%2Fwp%2Fv2%2Fmedia&parent=2493"}],"wp:term":[{"taxonomy":"product_cat","embeddable":true,"href":"https:\/\/bodamviet.com\/index.php?rest_route=%2Fwp%2Fv2%2Fproduct_cat&post=2493"},{"taxonomy":"product_tag","embeddable":true,"href":"https:\/\/bodamviet.com\/index.php?rest_route=%2Fwp%2Fv2%2Fproduct_tag&post=2493"}],"curies":[{"name":"wp","href":"https:\/\/api.w.org\/{rel}","templated":true}]}}