{"id":2534,"date":"2023-04-04T09:46:37","date_gmt":"2023-04-04T02:46:37","guid":{"rendered":"https:\/\/bodam.top\/?post_type=product&#038;p=2534"},"modified":"2024-11-07T15:59:36","modified_gmt":"2024-11-07T08:59:36","slug":"bo-dam-cam-tay-kenwood-tk-125","status":"publish","type":"product","link":"https:\/\/bodamviet.com\/?product=bo-dam-cam-tay-kenwood-tk-125","title":{"rendered":"B\u1ed9 \u0110\u00e0m Kenwood TK-125"},"content":{"rendered":"<h2><span style=\"color: #ff0000;\">B\u1ed9 \u0110\u00e0m C\u1ea7m Tay Kenwood TK-125 Gi\u00e1 R\u1ebb\u00a0<\/span><\/h2>\n<p><img loading=\"lazy\" decoding=\"async\" class=\"aligncenter wp-image-2616 size-full\" title=\"B\u1ed9 \u0110\u00e0m C\u1ea7m Tay Kenwood TK-125 Gi\u00e1 R\u1eba Nh\u1ea5t | Bodamviet\" src=\"http:\/\/bodamviet.com\/wp-content\/uploads\/2023\/04\/z4549174909791_2881bb6accda12e76fabb1f822872156.jpg\" alt=\"B\u1ed9 \u0110\u00e0m C\u1ea7m Tay Kenwood TK-125 Gi\u00e1 R\u1eba Nh\u1ea5t | Bodamviet\" width=\"1100\" height=\"793\" srcset=\"https:\/\/bodamviet.com\/wp-content\/uploads\/2023\/04\/z4549174909791_2881bb6accda12e76fabb1f822872156.jpg 1100w, https:\/\/bodamviet.com\/wp-content\/uploads\/2023\/04\/z4549174909791_2881bb6accda12e76fabb1f822872156-768x554.jpg 768w, https:\/\/bodamviet.com\/wp-content\/uploads\/2023\/04\/z4549174909791_2881bb6accda12e76fabb1f822872156-600x433.jpg 600w\" sizes=\"auto, (max-width: 1100px) 100vw, 1100px\" \/><\/p>\n<p>B\u1ed9 \u0111\u00e0m c\u1ea7m tay Kenwood TK-125 l\u00e0\u00a0d\u00f2ng m\u00e1y\u00a0<a href=\"https:\/\/www.facebook.com\/bodamvietcom\">b\u1ed9 \u0111\u00e0m c\u1ea7m tay<\/a>\u00a0nh\u1ecf g\u1ecdn d\u00e0nh chuy\u00ean cho nh\u00e0 h\u00e0ng kh\u00e1ch s\u1ea1n l\u1ec5 t\u00e2n.\u00a0M\u00e1y v\u1edbi \u01b0u \u0111i\u1ec3m nh\u1ecf g\u1ecdn cho ph\u00e9p c\u1ef1 li li\u00ean l\u1ea1c n\u1ed9i th\u00e0nh\u00a01km. Thi\u1ebft b\u1ecb c\u00f3 th\u1ec3 k\u1ebft n\u1ed1i \u1edf ph\u1ea1m vi 20 t\u1ea7ng\u00a0n\u1ed5i v\u00e0\u00a01\u00a0t\u1ea7ng h\u1ea7m. K\u00edch th\u01b0\u1edbc nh\u1ecf g\u1ecdn l\u00e0 l\u1ee3i th\u1ebf l\u1edbn nh\u1ea5t. V\u1edbi c\u00f4ng su\u1ea5t trung b\u00ecnh\u00a05W\u00a0nh\u01b0ng m\u00e1y c\u00f3 c\u1ea3 kh\u0103ng thu t\u00edn hi\u1ec7u t\u1ed1t k\u1ec3 c\u1ea3 ho\u1ea1t \u0111\u1ed9ng t\u1ea1i khu v\u1ef1c c\u00f3 l\u1edbp b\u00ea t\u00f4ng d\u00e0y \u0111\u1eb7c v\u00e0 c\u00f3 kh\u1ea3 n\u0103ng s\u1eed d\u1ee5ng trong thang m\u00e1y.\u00a0M\u00e1y c\u00f3 t\u1ea5t c\u1ea3 16 k\u00eanh cho ph\u00e9p qu\u1ea3n l\u00ed\u00a016\u00a0b\u1ed9 ph\u1eadn kh\u00e1c nhau.\u00a0M\u00e1y b\u1ed9 \u0111\u00e0m\u00a0c\u00f3 \u0111\u00e8n led m\u00e0u tr\u1eafng b\u00e1o t\u00edn hi\u1ec7u.\u00a0Kenwood Tk-125 s\u1eed d\u1ee5ng pin Li-ion dung l\u01b0\u1ee3ng 2000mAh \u0111\u00e1p \u0111\u1ee9ng t\u1ed1t c\u00f4ng vi\u1ec7c \u0111\u00e0m tho\u1ea1i m\u1ed9t ng\u00e0y l\u00e0m vi\u1ec7c.<\/p>\n<p><img loading=\"lazy\" decoding=\"async\" class=\"aligncenter wp-image-2572\" title=\"B\u1ed9 \u0110\u00e0m C\u1ea7m Tay Kenwood TK-125 Gi\u00e1 R\u1eba Nh\u1ea5t | Bodamviet\" src=\"http:\/\/bodamviet.com\/wp-content\/uploads\/2023\/06\/banner-bodamtop-02.jpg\" alt=\"B\u1ed9 \u0110\u00e0m C\u1ea7m Tay Kenwood TK-125 Gi\u00e1 R\u1eba Nh\u1ea5t | Bodamviet\" width=\"1100\" height=\"428\" srcset=\"https:\/\/bodamviet.com\/wp-content\/uploads\/2023\/06\/banner-bodamtop-02.jpg 1600w, https:\/\/bodamviet.com\/wp-content\/uploads\/2023\/06\/banner-bodamtop-02-768x299.jpg 768w, https:\/\/bodamviet.com\/wp-content\/uploads\/2023\/06\/banner-bodamtop-02-1536x598.jpg 1536w, https:\/\/bodamviet.com\/wp-content\/uploads\/2023\/06\/banner-bodamtop-02-600x234.jpg 600w\" sizes=\"auto, (max-width: 1100px) 100vw, 1100px\" \/><\/p>\n<h4><span style=\"color: #ff0000;\">T\u00ednh n\u0103ng c\u1ee7a b\u1ed9 \u0111\u00e0m c\u1ea7m tay kenwood TK-125<\/span><\/h4>\n<p><strong>\u2013 Thi\u1ebft k\u1ebf nh\u1ecf g\u1ecdn<\/strong><br \/>\n<a href=\"https:\/\/bodamviet.com\/?product_cat=bo-dam-kenwood\">B\u1ed9 \u0111\u00e0m Kenwood<\/a>\u00a0TK 125 thi\u1ebft k\u1ebf g\u1ecdn, m\u1ecfng gi\u1ed1ng nh\u01b0 1 chi\u1ebfc \u0111i\u1ec7n tho\u1ea1i di \u0111\u1ed9ng. Tuy nhi\u00ean v\u1eabn \u0111\u00e1p \u1ee9ng \u0111\u01b0\u1ee3c c\u00e1c ti\u00eau chu\u1ea9n qu\u00e2n s\u1ef1 M\u1ef9 v\u1ec1 kh\u1ea3 n\u0103ng ch\u1ed1ng va \u0111\u1eadp v\u00e0 \u0111i\u1ec1u ki\u1ec7n m\u00f4i tr\u01b0\u1eddng l\u00e0m vi\u1ec7c kh\u1eafc nghi\u1ec7t.<\/p>\n<p><strong>\u2013 C\u00f4ng su\u1ea5t v\u00e0 dung l\u01b0\u1ee3ng pin l\u1edbn<\/strong><br \/>\nB\u1ea1n ho\u00e0n to\u00e0n y\u00ean t\u00e2m l\u00e0m vi\u1ec7c li\u00ean t\u1ee5c 12h m\u1ed7i ng\u00e0y, c\u00f4ng su\u1ea5t c\u1ef1c kh\u1ecfe l\u00ean \u0111\u1ebfn 5W gi\u00fap b\u1ea1n c\u00f3 th\u1ec3 \u0111\u1ea3m b\u1ea3o li\u00ean l\u1ea1c l\u00ean \u0111\u1ebfn \u0111\u1ed9 cao 30 t\u1ea7ng, c\u1ef1 ly li\u00ean l\u1ea1c l\u00ean \u0111\u1ebfn 1-2km (tu\u1ef3 theo \u0111i\u1ec1u ki\u1ec7n s\u1eed d\u1ee5ng) v\u00e0 \u00e2m thanh c\u1ef1c \u1ed5n<\/p>\n<p><img loading=\"lazy\" decoding=\"async\" class=\"aligncenter wp-image-2617 size-full\" title=\"B\u1ed9 \u0110\u00e0m C\u1ea7m Tay Kenwood TK-125 Gi\u00e1 R\u1eba Nh\u1ea5t | Bodamviet\" src=\"http:\/\/bodamviet.com\/wp-content\/uploads\/2023\/04\/cruise-walkie-talkie-dad-800x400-1.jpg\" alt=\"B\u1ed9 \u0110\u00e0m C\u1ea7m Tay Kenwood TK-125 Gi\u00e1 R\u1eba Nh\u1ea5t | Bodamviet\" width=\"800\" height=\"400\" srcset=\"https:\/\/bodamviet.com\/wp-content\/uploads\/2023\/04\/cruise-walkie-talkie-dad-800x400-1.jpg 800w, https:\/\/bodamviet.com\/wp-content\/uploads\/2023\/04\/cruise-walkie-talkie-dad-800x400-1-768x384.jpg 768w, https:\/\/bodamviet.com\/wp-content\/uploads\/2023\/04\/cruise-walkie-talkie-dad-800x400-1-600x300.jpg 600w\" sizes=\"auto, (max-width: 800px) 100vw, 800px\" \/><\/p>\n<p><strong>\u2013 16 k\u00eanh li\u00ean l\u1ea1c tu\u1ef3 ch\u1ecdn<\/strong><br \/>\nCho ph\u00e9p ng\u01b0\u1eddi d\u00f9ng b\u1ed1 tr\u00ed c\u00e1c \u0111\u1ed9i l\u00e0m vi\u1ec7c th\u00e0nh nh\u1eefng nh\u00f3m \u0111\u00e0m tho\u1ea1i ri\u00eang l\u1ebb, n\u00e2ng cao t\u00ednh linh ho\u1ea1t c\u1ee7a m\u00e1y b\u1ed9 \u0111\u00e0m.<\/p>\n<p><strong>\u2013 L\u1eadp tr\u00ecnh d\u1eef li\u1ec7u b\u1eb1ng m\u00e1y t\u00ednh<\/strong><br \/>\nV\u1edbi c\u00e1p l\u1eadp tr\u00ecnh, c\u00e1c tham s\u1ed1 c\u00f3 th\u1ec3 \u0111\u01b0\u1ee3c c\u1ea5u h\u00ecnh th\u00f4ng qua ph\u1ea7n m\u1ec1m PC.<\/p>\n<p><strong>\u2013 T\u00edn hi\u1ec7u b\u00e1o pin y\u1ebfu (Low Battery Alert)<\/strong><br \/>\nKhi pin th\u1ea5p, ch\u1ec9 b\u00e1o t\u00ecnh tr\u1ea1ng l\u00e0m vi\u1ec7c nh\u1ea5p nh\u00e1y \u0111\u1ecf, nh\u1eafc nh\u1edf ta s\u1ea1c \u0111i\u1ec7n ho\u1eb7c thay pin kh\u00e1c.<\/p>\n<p><img loading=\"lazy\" decoding=\"async\" class=\"aligncenter wp-image-2618 size-full\" title=\"B\u1ed9 \u0110\u00e0m C\u1ea7m Tay Kenwood TK-125 Gi\u00e1 R\u1eba Nh\u1ea5t | Bodamviet\" src=\"http:\/\/bodamviet.com\/wp-content\/uploads\/2023\/04\/0508_bovbm.jpg\" alt=\"B\u1ed9 \u0110\u00e0m C\u1ea7m Tay Kenwood TK-125 Gi\u00e1 R\u1eba Nh\u1ea5t | Bodamviet\" width=\"1000\" height=\"400\" srcset=\"https:\/\/bodamviet.com\/wp-content\/uploads\/2023\/04\/0508_bovbm.jpg 1000w, https:\/\/bodamviet.com\/wp-content\/uploads\/2023\/04\/0508_bovbm-768x307.jpg 768w, https:\/\/bodamviet.com\/wp-content\/uploads\/2023\/04\/0508_bovbm-600x240.jpg 600w\" sizes=\"auto, (max-width: 1000px) 100vw, 1000px\" \/><\/p>\n<div id=\"attachment_6346\" class=\"wp-caption aligncenter\">\n<h4 class=\"wp-caption-text\"><span style=\"color: #ff0000;\">Th\u00f4ng s\u1ed1 k\u0129 thu\u1eadt C\u1ee7a b\u1ed9 \u0111\u00e0m c\u1ea7m tay kenwood TK-125<\/span><\/h4>\n<\/div>\n<p>\u2013 Th\u01b0\u01a1ng hi\u1ec7u: Kenwood<br \/>\n\u2013 Model: TK-125<br \/>\n\u2013 D\u1ea3i t\u1ea7n s\u1ed1: 400 \u2013 470 Mhz<br \/>\n\u2013 \u0110i\u1ec7n \u00e1p ho\u1ea1t \u0111\u1ed9ng: 7.4 V<br \/>\n\u2013 \u0110\u1ed9 nh\u1ea1y thu t\u1ed1t<br \/>\n\u2013 S\u1ed1 l\u01b0\u1ee3ng k\u00eanh li\u00ean l\u1ea1c: 16 k\u00eanh<br \/>\n\u2013 C\u00f4ng Su\u1ea5t Ph\u00e1t: 5W<br \/>\n\u2013 Kho\u1ea3ng c\u00e1ch li\u00ean l\u1ea1c: 1-2km<br \/>\n\u2013 Dung L\u01b0\u1ee3ng\u00a0<a href=\"https:\/\/bodamviet.com\/?product_cat=bo-dam-gia-re\">Pin<\/a>: 2000 mAh (s\u1ea1c nh\u1ed3i)<br \/>\n\u2013 Tr\u1ecdng L\u01b0\u1ee3ng: 230 g (C\u1ea3 Pin)<br \/>\n\u2013 K\u00edch Th\u01b0\u1edbc: 111 X 55 X 30 mm<\/p>\n<h4><span style=\"color: #ff0000;\">B\u1ed9 \u0110\u00e0m C\u1ea7m Tay Kenwood TK-125 Gi\u00e1 R\u1ebb C\u00f3 S\u1eb5n T\u1ea1i Bodamviet<\/span><\/h4>\n<p><strong>TH\u00d4NG TIN LI\u00caN H\u1ec6<\/strong><\/p>\n<ul>\n<li>H\u00e3y ch\u00e1t ngay v\u1edbi nh\u00e2n vi\u00ean online c\u1ee7a ch\u00fang t\u00f4i t\u1eeb 8h00 t\u1edbi 19h t\u1ed1i \u0111\u1ec3 \u0111\u01b0\u1ee3c gi\u1ea3i \u0111\u00e1p mi\u1ec5n ph\u00ed c\u00e1c c\u00e2u h\u1ecfi th\u01b0\u1eddng g\u1eb7p.<\/li>\n<li>Hotline: 098 809 8828\u00a0 \/\u00a0 094 987 7728<\/li>\n<li>Website:\u00a0<a href=\"https:\/\/bodamviet.com\">https:\/\/bodamviet.com<\/a><\/li>\n<li>\u0110\u1ecba Ch\u1ec9: 184 \u0110. Nguy\u1ec5n Tu\u00e2n, Thanh Xu\u00e2n Trung, Thanh Xu\u00e2n, H\u00e0 N\u1ed9i<\/li>\n<li>Gi\u1edd m\u1edf c\u1eeda : 8h00 \u2013 22h00 H\u00e0ng ng\u00e0y \u2013 ( L\u00e0m c\u1ea3 Th\u1ee9 7 &amp; CN)<\/li>\n<\/ul>\n","protected":false},"excerpt":{"rendered":"<p>B\u1ed9 \u0110\u00e0m C\u1ea7m Tay Kenwood TK-125 Th\u00edch h\u1ee3p d\u00e0nh cho nh\u00e0 h\u00e0ng kh\u00e1ch s\u1ea1n l\u1ec5 t\u00e2n<\/p>\n<p>B\u1ed9 \u0110\u00e0m Kenwood TK-125<strong>\u00a0Nh\u1ecf \u2013 G\u1ecdn \u2013 Nh\u1eb9<\/strong>\u00a0d\u1ec5 d\u00e0ng s\u1eed d\u1ee5ng v\u00e0 thay th\u1ebf linh ki\u1ec7n.<\/p>\n<p>Kenwood TK-125 : Kho\u1ea3ng c\u00e1ch li\u00ean l\u1ea1c 1 \u2013 3km T\u00f9y tr\u1ed1ng tho\u00e1ng; &lt;20 t\u1ea7ng. Dung l\u01b0\u1ee3ng pin 3.000 Mah d\u00f9ng 15h<\/p>\n<p>Xu\u1ea5t x\u1ee9 China. B\u1ea3o h\u00e0nh 24 th\u00e1ng th\u00e2n m\u00e1y; 06 th\u00e1ng pin x\u1ea1c<\/p>\n","protected":false},"featured_media":2619,"comment_status":"open","ping_status":"closed","template":"","meta":[],"product_cat":[451,437,412],"product_tag":[506,507],"class_list":{"0":"post-2534","1":"product","2":"type-product","3":"status-publish","4":"has-post-thumbnail","6":"product_cat-bo-dam-gia-re","7":"product_cat-bo-dam-kenwood","8":"product_cat-bo-dam-nha-hang","9":"product_tag-bo-dam-cam-tay-kenwood-tk-125","10":"product_tag-kenwood-tk-125","12":"first","13":"instock","14":"sale","15":"shipping-taxable","16":"purchasable","17":"product-type-simple"},"_links":{"self":[{"href":"https:\/\/bodamviet.com\/index.php?rest_route=\/wp\/v2\/product\/2534","targetHints":{"allow":["GET"]}}],"collection":[{"href":"https:\/\/bodamviet.com\/index.php?rest_route=\/wp\/v2\/product"}],"about":[{"href":"https:\/\/bodamviet.com\/index.php?rest_route=\/wp\/v2\/types\/product"}],"replies":[{"embeddable":true,"href":"https:\/\/bodamviet.com\/index.php?rest_route=%2Fwp%2Fv2%2Fcomments&post=2534"}],"wp:featuredmedia":[{"embeddable":true,"href":"https:\/\/bodamviet.com\/index.php?rest_route=\/wp\/v2\/media\/2619"}],"wp:attachment":[{"href":"https:\/\/bodamviet.com\/index.php?rest_route=%2Fwp%2Fv2%2Fmedia&parent=2534"}],"wp:term":[{"taxonomy":"product_cat","embeddable":true,"href":"https:\/\/bodamviet.com\/index.php?rest_route=%2Fwp%2Fv2%2Fproduct_cat&post=2534"},{"taxonomy":"product_tag","embeddable":true,"href":"https:\/\/bodamviet.com\/index.php?rest_route=%2Fwp%2Fv2%2Fproduct_tag&post=2534"}],"curies":[{"name":"wp","href":"https:\/\/api.w.org\/{rel}","templated":true}]}}