{"id":2685,"date":"2023-09-27T16:06:59","date_gmt":"2023-09-27T09:06:59","guid":{"rendered":"https:\/\/bodamviet.com\/?post_type=product&#038;p=2685"},"modified":"2024-11-09T10:20:39","modified_gmt":"2024-11-09T03:20:39","slug":"bo-dam-motorola-gp320","status":"publish","type":"product","link":"https:\/\/bodamviet.com\/?product=bo-dam-motorola-gp320","title":{"rendered":"B\u1ed9 \u0110\u00e0m Motorola GP-320"},"content":{"rendered":"<h2><span style=\"color: #ff0000;\">B\u1ed9 \u0110\u00e0m Motorola GP-320 &#8211; th\u00edch h\u1ee3p cho trung t\u00e2m th\u01b0\u01a1ng m\u1ea1i, b\u1ea3o v\u1ec7, c\u00f4ng tr\u01b0\u1eddng x\u00e2y d\u1ef1ng, t\u1ea7ng h\u1ea7m<\/span><\/h2>\n<p>B\u1ed9 \u0110\u00e0m Motorola GP-320 c\u00f3 thi\u1ebft k\u1ebf ch\u1eafc ch\u1eafn. Ch\u1ea5t l\u01b0\u1ee3ng \u00e2m thanh trong tr\u1ebbo v\u00e0 to r\u00f5. Thi\u1ebft b\u1ecb c\u00f3 th\u1ec3 s\u1eed d\u1ee5ng t\u1ed1t trong m\u00f4i tr\u01b0\u1eddng l\u00e0m vi\u1ec7c nhi\u1ec1u t\u1ea1p \u00e2m. B\u1ed9 \u0111\u00e0m d\u00f9ng pin Li-ion c\u00f3 dung l\u01b0\u1ee3ng l\u00e0 4800mAh. Gi\u00fap ng\u01b0\u1eddi d\u00f9ng s\u1eed d\u1ee5ng m\u00e1y \u0111\u01b0\u1ee3c trong th\u1eddi gian d\u00e0i, kh\u00f4ng lo h\u1ebft pin. Th\u00e2n m\u00e1y b\u1ed9 \u0111\u00e0m\u00a0l\u00e0m t\u1eeb nh\u1ef1a cao c\u1ea5p, ch\u1ed1ng va \u0111\u1eadp t\u1ed1t, c\u00f3 th\u1ec3 l\u00e0m vi\u1ec7c trong \u0111i\u1ec1u ki\u1ec7n th\u1eddi ti\u1ebft kh\u1eafc nghi\u1ec7t v\u1edbi nhi\u1ec7t \u0111\u1ed9 ho\u1ea1t \u0111\u1ed9ng t\u1eeb -10 \u0111\u1ed9 \u0111\u1ebfn 50 \u0111\u1ed9 C.<\/p>\n<p><a href=\"https:\/\/maitel.net\/bo-dam-motorola\/\">B\u1ed9 \u0111\u00e0m Motorola<\/a> c\u00f3 ki\u1ec3u d\u00e1ng thi\u1ebft k\u1ebf ch\u1eafc ch\u1eafn, \u0111\u1ed9 ch\u1ed1ng va \u0111\u1eadp cao, \u0111\u1ed9 b\u1ec1n b\u1ec9 d\u1ebbo dai c\u00f9ng th\u00f4ng s\u1ed1 v\u00e0 c\u1ea5u h\u00ecnh cao.<\/p>\n<p><img loading=\"lazy\" decoding=\"async\" class=\"aligncenter size-full wp-image-2688\" src=\"http:\/\/bodamviet.com\/wp-content\/uploads\/2023\/09\/Screenshot_96.jpg\" alt=\"Motorola GP320 | Bodamviet\" width=\"1245\" height=\"826\" srcset=\"https:\/\/bodamviet.com\/wp-content\/uploads\/2023\/09\/Screenshot_96.jpg 1245w, https:\/\/bodamviet.com\/wp-content\/uploads\/2023\/09\/Screenshot_96-768x510.jpg 768w, https:\/\/bodamviet.com\/wp-content\/uploads\/2023\/09\/Screenshot_96-600x398.jpg 600w\" sizes=\"auto, (max-width: 1245px) 100vw, 1245px\" \/><\/p>\n<h4>T\u00cdNH N\u0102NG C\u1ee6A B\u1ed8 \u0110\u00c0M C\u1ea6M TAY Motorola GP-320<\/h4>\n<p>\u2013 Pin Li-on dung l\u01b0\u1ee3ng l\u1edbn v\u1edbi th\u1eddi gian s\u1eed d\u1ee5ng c\u1ef1c l\u00e2u c\u00f3 th\u1ec3 l\u00ean t\u1edbi 36 gi\u1edd trong \u0111i\u1ec1u ki\u1ec7n chu\u1ea9n.<\/p>\n<p>\u2013 S\u1eed d\u1ee5ng ph\u01b0\u01a1ng th\u1ee9c truy\u1ec1n t\u00edn hi\u1ec7u MDC 1200 \u0111\u1ed9c quy\u1ec1n c\u1ee7a h\u00e3ng Motorola v\u00e0 DTMF gi\u00fap truy\u1ec1n d\u1eef li\u1ec7u \u1edf t\u1ed1c \u0111\u1ed9 cao 1200 bit\/gi\u00e2y.<\/p>\n<p><img loading=\"lazy\" decoding=\"async\" class=\"aligncenter size-full wp-image-2686\" src=\"http:\/\/bodamviet.com\/wp-content\/uploads\/2023\/09\/z4239886943804_0762242cf1196ba98ddfe0d914268551.jpg\" alt=\"Motorola GP320 | Bodamviet\" width=\"1920\" height=\"2560\" srcset=\"https:\/\/bodamviet.com\/wp-content\/uploads\/2023\/09\/z4239886943804_0762242cf1196ba98ddfe0d914268551.jpg 1920w, https:\/\/bodamviet.com\/wp-content\/uploads\/2023\/09\/z4239886943804_0762242cf1196ba98ddfe0d914268551-768x1024.jpg 768w, https:\/\/bodamviet.com\/wp-content\/uploads\/2023\/09\/z4239886943804_0762242cf1196ba98ddfe0d914268551-1152x1536.jpg 1152w, https:\/\/bodamviet.com\/wp-content\/uploads\/2023\/09\/z4239886943804_0762242cf1196ba98ddfe0d914268551-1536x2048.jpg 1536w, https:\/\/bodamviet.com\/wp-content\/uploads\/2023\/09\/z4239886943804_0762242cf1196ba98ddfe0d914268551-600x800.jpg 600w\" sizes=\"auto, (max-width: 1920px) 100vw, 1920px\" \/><\/p>\n<p>\u2013 S\u1eed d\u1ee5ng 16 k\u00eanh nh\u1edb v\u00e0 1 k\u00eanh g\u1ecdi chuy\u00ean d\u1ee5ng gi\u00fap ng\u01b0\u1eddi d\u00f9ng li\u00ean l\u1ea1c \u0111\u01b0\u1ee3c v\u1edbi nhi\u1ec1u ng\u01b0\u1eddi. Gi\u00fap ng\u01b0\u1eddi d\u00f9ng gi\u1ea3m chi ph\u00ed khi c\u1ea7n li\u00ean l\u1ea1c \u0111\u1ebfn nhi\u1ec1u ng\u01b0\u1eddi.<\/p>\n<p>\u2013 X\u00f3a k\u00eanh nhi\u1ec5u t\u0103ng \u0111\u1ed9 to, r\u00f5, n\u00e9t cho \u00e2m thanh khi truy\u1ec1n t\u1ea3i.<\/p>\n<p>\u2013 \u0110\u00e8n Led th\u00f4ng b\u00e1o t\u00ecnh h\u00ecnh m\u00e1y v\u00e0 t\u00ecnh tr\u1ea1ng pin.<\/p>\n<p><img loading=\"lazy\" decoding=\"async\" class=\"aligncenter size-full wp-image-2689\" src=\"http:\/\/bodamviet.com\/wp-content\/uploads\/2023\/09\/z4239886982473_ca629aefb10c17518ddb67852d10fb78.jpg\" alt=\"Motorola GP320 | Bodamviet\" width=\"1920\" height=\"2560\" srcset=\"https:\/\/bodamviet.com\/wp-content\/uploads\/2023\/09\/z4239886982473_ca629aefb10c17518ddb67852d10fb78.jpg 1920w, https:\/\/bodamviet.com\/wp-content\/uploads\/2023\/09\/z4239886982473_ca629aefb10c17518ddb67852d10fb78-768x1024.jpg 768w, https:\/\/bodamviet.com\/wp-content\/uploads\/2023\/09\/z4239886982473_ca629aefb10c17518ddb67852d10fb78-1152x1536.jpg 1152w, https:\/\/bodamviet.com\/wp-content\/uploads\/2023\/09\/z4239886982473_ca629aefb10c17518ddb67852d10fb78-1536x2048.jpg 1536w, https:\/\/bodamviet.com\/wp-content\/uploads\/2023\/09\/z4239886982473_ca629aefb10c17518ddb67852d10fb78-600x800.jpg 600w\" sizes=\"auto, (max-width: 1920px) 100vw, 1920px\" \/><\/p>\n<h4>TH\u00d4NG S\u1ed0 K\u0128 THU\u1eacT C\u1ee6A B\u1ed8 \u0110\u00c0M Motorola GP-320<\/h4>\n<h4>TH\u00d4NG S\u1ed0 CHUNG<\/h4>\n<p>\u2013 T\u1ea7n s\u1ed1: UHF<br \/>\n\u2013 D\u1ea3i t\u1ea7n s\u1ed1: 400-470MHz<br \/>\n\u2013 C\u00f4ng su\u1ea5t k\u00eanh: 16w<br \/>\n\u2013 \u0110i\u1ec7n \u00e1p ho\u1ea1t \u0111\u1ed9ng: 3,7V<br \/>\n\u2013\u00a0<a href=\"https:\/\/maitel.net\/anten-may-bo-dam\/\">\u0102ngten<\/a>\u00a0tr\u1edf kh\u00e1ng: 50\u03a9<br \/>\n\u2013 Kho\u1ea3ng c\u00e1ch k\u00eanh: 10KHz\/28KHz<br \/>\n\u2013 Nhi\u1ec7t \u0111\u1ed9 l\u00e0m vi\u1ec7c: -10 \u2103 ~ +50 \u2103<br \/>\n\u2013 \u1ed4n \u0111\u1ecbnh t\u1ea7n s\u1ed1: \u00b1 5 ppm<br \/>\n\u2013 K\u00edch th\u01b0\u1edbc: 90mm \u00d7 55mm \u00d7 21mm<br \/>\n\u2013 Tr\u1ecdng l\u01b0\u1ee3ng (v\u1edbi pin): 200g<br \/>\n\u2013 Pin: 4800mAh (Li-ion)<\/p>\n<h4>TH\u00d4NG S\u1ed0 PH\u00c1T<\/h4>\n<p>\u2013 C\u00f4ng su\u1ea5t ph\u00e1t: 1W\/5W<br \/>\n\u2013 \u0110i\u1ec1u bi\u1ebfn \u0111i\u1ec7n kh\u00e1ng<br \/>\n\u2013 \u0110\u1ed9 m\u00e9o \u00e2m: &lt;3%<br \/>\n\u2013 T\u1ea7n s\u1ed1 t\u1ed1i \u0111a l\u1ec7ch: +\/-5kHz<br \/>\n\u2013 Spurious Emission D\u01b0\u1edbi: -60dB<\/p>\n<h4>TH\u00d4NG S\u1ed0 THU<\/h4>\n<p>\u2013 \u0110\u1ed9 nh\u1ea1y (12dB SINAD): 0,18\u03bcV<br \/>\n\u2013 \u0110\u1ed9 nh\u1ea1y squelch: 0,13\u03bcV<br \/>\n\u2013 H\u1ec7 th\u1ed1ng m\u1ea1ch si\u00eau t\u1ea1o nh\u1ecbp k\u00e9o<br \/>\n\u2013 Ph\u1ea1m vi th\u00f4ng tin li\u00ean l\u1ea1c<br \/>\n+ Downtown: 3-5km<br \/>\n+ Trong khu v\u1ef1c m\u1edf c\u1eeda: 6-20km<br \/>\n\u2013 \u0110\u1ed9 ch\u1ecdn l\u1ecdc<br \/>\n+ 06dB: Tr\u00ean 10kHz<br \/>\n+ 40dB: D\u01b0\u1edbi 28 kHz<br \/>\n\u2013 \u0110\u00e1p \u1ee9ng sai l\u1ec7ch: 55 dB<br \/>\n\u2013 C\u00f4ng su\u1ea5t \u00e2m thanh: &gt;400MW (\u0111\u1ed9 m\u00e9o 10%)<\/p>\n<h2><span style=\"color: #ff0000;\">B\u1ed9 \u0110\u00e0m Motorola GP-320 Gi\u00e1 T\u1ed1t Nh\u1ea5t t\u1ea1i Bodamviet<\/span><\/h2>\n<p><strong>TH\u00d4NG TIN LI\u00caN H\u1ec6<\/strong><\/p>\n<ul>\n<li>H\u00e3y ch\u00e1t ngay v\u1edbi nh\u00e2n vi\u00ean online c\u1ee7a ch\u00fang t\u00f4i t\u1eeb 8h00 t\u1edbi 19h t\u1ed1i \u0111\u1ec3 \u0111\u01b0\u1ee3c gi\u1ea3i \u0111\u00e1p mi\u1ec5n ph\u00ed c\u00e1c c\u00e2u h\u1ecfi th\u01b0\u1eddng g\u1eb7p.<\/li>\n<li>Hotline: 098 809 8828 \/ 094 987 7728<\/li>\n<li>Website:\u00a0<a href=\"https:\/\/bodamviet.com\/\">https:\/\/bodamviet.com<\/a><\/li>\n<li>\u0110\u1ecba Ch\u1ec9: 184 \u0110. Nguy\u1ec5n Tu\u00e2n, Thanh Xu\u00e2n Trung, Thanh Xu\u00e2n, H\u00e0 N\u1ed9i<\/li>\n<li>Gi\u1edd m\u1edf c\u1eeda : 8h00 \u2013 22h00 H\u00e0ng ng\u00e0y \u2013 ( L\u00e0m c\u1ea3 Th\u1ee9 7 &amp; CN)<\/li>\n<\/ul>\n","protected":false},"excerpt":{"rendered":"<p>B\u1ed9 \u0110\u00e0m C\u1ea7m Tay Motorola GP-320<\/p>\n<p><span style=\"color: #ff0000;\">Motorola GP320 t\u1ea1o c\u1ea3m gi\u00e1c gi\u00e1c c\u1ea7m n\u1eafm ch\u1eafc tay, tho\u1ea3i m\u00e1i khi s\u1eed d\u1ee5ng, th\u00edch h\u1ee3p v\u1edbi c\u00f4ng tr\u01b0\u1eddng x\u00e2y d\u1ef1ng,b\u1ea3o v\u1ec7 t\u00f2a nh\u00e0&#8230;<\/span><\/p>\n<p>B\u1ed9 \u0110\u00e0m C\u1ea7m Tay Motorola GP-320 <strong>Nh\u1ecf \u2013 G\u1ecdn \u2013 Nh\u1eb9<\/strong>\u00a0d\u1ec5 d\u00e0ng s\u1eed d\u1ee5ng v\u00e0 thay th\u1ebf linh ki\u1ec7n.<\/p>\n<p>Kho\u1ea3ng c\u00e1ch li\u00ean l\u1ea1c 1 \u2013 5km T\u00f9y tr\u1ed1ng tho\u00e1ng; 5-25 t\u1ea7ng. Dung l\u01b0\u1ee3ng pin 4800Mah d\u00f9ng 20h<\/p>\n<p>Motorola GP-320 S\u1ea3n xu\u1ea5t T\u1ea1i Motorola China; B\u1ea3o h\u00e0nh 12 th\u00e1ng th\u00e2n m\u00e1y; 03 th\u00e1ng pin x\u1ea1c<\/p>\n","protected":false},"featured_media":2934,"comment_status":"open","ping_status":"closed","template":"","meta":[],"product_cat":[442,413,411,415],"product_tag":[],"class_list":{"0":"post-2685","1":"product","2":"type-product","3":"status-publish","4":"has-post-thumbnail","6":"product_cat-bo-dam-motorola","7":"product_cat-bo-dam-bao-ve","8":"product_cat-bo-dam-cong-truong","9":"product_cat-bo-dam-chong-nuoc","11":"first","12":"instock","13":"sale","14":"shipping-taxable","15":"purchasable","16":"product-type-simple"},"_links":{"self":[{"href":"https:\/\/bodamviet.com\/index.php?rest_route=\/wp\/v2\/product\/2685","targetHints":{"allow":["GET"]}}],"collection":[{"href":"https:\/\/bodamviet.com\/index.php?rest_route=\/wp\/v2\/product"}],"about":[{"href":"https:\/\/bodamviet.com\/index.php?rest_route=\/wp\/v2\/types\/product"}],"replies":[{"embeddable":true,"href":"https:\/\/bodamviet.com\/index.php?rest_route=%2Fwp%2Fv2%2Fcomments&post=2685"}],"wp:featuredmedia":[{"embeddable":true,"href":"https:\/\/bodamviet.com\/index.php?rest_route=\/wp\/v2\/media\/2934"}],"wp:attachment":[{"href":"https:\/\/bodamviet.com\/index.php?rest_route=%2Fwp%2Fv2%2Fmedia&parent=2685"}],"wp:term":[{"taxonomy":"product_cat","embeddable":true,"href":"https:\/\/bodamviet.com\/index.php?rest_route=%2Fwp%2Fv2%2Fproduct_cat&post=2685"},{"taxonomy":"product_tag","embeddable":true,"href":"https:\/\/bodamviet.com\/index.php?rest_route=%2Fwp%2Fv2%2Fproduct_tag&post=2685"}],"curies":[{"name":"wp","href":"https:\/\/api.w.org\/{rel}","templated":true}]}}