{"id":3036,"date":"2024-07-26T15:56:55","date_gmt":"2024-07-26T08:56:55","guid":{"rendered":"https:\/\/bodamviet.com\/?post_type=product&#038;p=3036"},"modified":"2024-11-08T15:18:08","modified_gmt":"2024-11-08T08:18:08","slug":"bo-dam-kenwood-tk-508plus","status":"publish","type":"product","link":"https:\/\/bodamviet.com\/?product=bo-dam-kenwood-tk-508plus","title":{"rendered":"B\u1ed9 \u0110\u00e0m Kenwood TK-508Plus"},"content":{"rendered":"<h2><span style=\"color: #ff0000;\">B\u1ed9 \u0110\u00e0m Kenwood Tk-508Plus Ch\u00ednh H\u00e3ng Gi\u00e1 R\u1ebb\u00a0<\/span><\/h2>\n<p><a href=\"https:\/\/bodamviet.com\/?product_cat=bo-dam-kenwood\"><strong>Kenwood TK-508Plus<\/strong><\/a> l\u00e0 s\u1ea3n ph\u1ea9m b\u1ed9 \u0111\u00e0m chuy\u00ean nghi\u1ec7p, n\u1ed5i b\u1eadt v\u1edbi s\u1ef1 k\u1ebft h\u1ee3p gi\u1eefa c\u00f4ng ngh\u1ec7 ti\u00ean ti\u1ebfn v\u00e0 thi\u1ebft k\u1ebf b\u1ec1n b\u1ec9, gi\u00fap \u0111\u00e1p \u1ee9ng nhu c\u1ea7u li\u00ean l\u1ea1c trong nhi\u1ec1u m\u00f4i tr\u01b0\u1eddng l\u00e0m vi\u1ec7c kh\u00e1c nhau. \u0110\u01b0\u1ee3c s\u1ea3n xu\u1ea5t b\u1edfi Kenwood, m\u1ed9t th\u01b0\u01a1ng hi\u1ec7u uy t\u00edn v\u00e0 \u0111\u01b0\u1ee3c tin d\u00f9ng tr\u00ean to\u00e0n th\u1ebf gi\u1edbi, <strong>TK-508Plus<\/strong> mang \u0111\u1ebfn cho ng\u01b0\u1eddi d\u00f9ng tr\u1ea3i nghi\u1ec7m li\u00ean l\u1ea1c kh\u00f4ng d\u00e2y ch\u1ea5t l\u01b0\u1ee3ng cao v\u00e0 \u1ed5n \u0111\u1ecbnh<\/p>\n<p><img loading=\"lazy\" decoding=\"async\" class=\"aligncenter wp-image-3042\" title=\"B\u1ed9 \u0110\u00e0m Kenwood Tk 508Plus | Bodamviet\" src=\"http:\/\/bodamviet.com\/wp-content\/uploads\/2024\/07\/may-bo-dam-TK508Plus-1.jpg\" alt=\"B\u1ed9 \u0110\u00e0m Kenwood Tk 508Plus | Bodamviet\" width=\"1000\" height=\"785\" srcset=\"https:\/\/bodamviet.com\/wp-content\/uploads\/2024\/07\/may-bo-dam-TK508Plus-1.jpg 2048w, https:\/\/bodamviet.com\/wp-content\/uploads\/2024\/07\/may-bo-dam-TK508Plus-1-768x603.jpg 768w, https:\/\/bodamviet.com\/wp-content\/uploads\/2024\/07\/may-bo-dam-TK508Plus-1-1536x1205.jpg 1536w, https:\/\/bodamviet.com\/wp-content\/uploads\/2024\/07\/may-bo-dam-TK508Plus-1-600x471.jpg 600w\" sizes=\"auto, (max-width: 1000px) 100vw, 1000px\" \/><\/p>\n<div class=\"thong-so thong-so-desktop\">\n<h4><span style=\"color: #ff0000;\">Th\u00f4ng s\u1ed1 k\u1ef9 thu\u1eadt Kenwood TK-508Plus<\/span><\/h4>\n<div class=\"wrapper-info-product content-read-more\" data-height=\"464\" data-wrapper_content=\".info-table\">\n<div id=\"infomation_product_table\" class=\"info-table\">\n<div class=\"row-table\">\n<div>\u2013 C\u00f4ng su\u1ea5t: 5W<\/div>\n<\/div>\n<div class=\"row-table\">\n<div>\u2013 D\u1ea3i t\u1ea7n s\u1ed1 UHF: 400-470 MHz<\/div>\n<\/div>\n<div class=\"row-table\">\n<div>\u2013 S\u1ed1 k\u00eanh: 16 k\u00eanh<\/div>\n<\/div>\n<div class=\"row-table\">\n<div>\u2013 Dung l\u01b0\u1ee3ng pin: 4200mAh<\/div>\n<\/div>\n<div class=\"row-table\">\n<div>\u2013 Li\u00ean l\u1ea1c khu v\u1ef1c tr\u1ed1ng: 1.5km<\/div>\n<\/div>\n<div class=\"row-table\">\n<div>\u2013 Li\u00ean l\u1ea1c n\u1ed9i th\u00e0nh: 0.8km<\/div>\n<\/div>\n<div class=\"row-table\">\n<div>\u2013 Li\u00ean l\u1ea1c trong nh\u00e0: 10 &#8211; 30 t\u1ea7ng<\/div>\n<\/div>\n<div class=\"row-table\">\n<div>\u2013 Tr\u1ecdng l\u01b0\u1ee3ng s\u1ea3n ph\u1ea9m: 330g<\/div>\n<div><\/div>\n<\/div>\n<div class=\"row-table\">\n<div><img loading=\"lazy\" decoding=\"async\" class=\"aligncenter wp-image-3043\" title=\"B\u1ed9 \u0110\u00e0m Kenwood Tk 508Plus | Bodamviet\" src=\"http:\/\/bodamviet.com\/wp-content\/uploads\/2024\/07\/bo-dam-TK508Plus-2.jpg\" alt=\"B\u1ed9 \u0110\u00e0m Kenwood Tk 508Plus | Bodamviet\" width=\"1000\" height=\"334\" srcset=\"https:\/\/bodamviet.com\/wp-content\/uploads\/2024\/07\/bo-dam-TK508Plus-2.jpg 2048w, https:\/\/bodamviet.com\/wp-content\/uploads\/2024\/07\/bo-dam-TK508Plus-2-768x257.jpg 768w, https:\/\/bodamviet.com\/wp-content\/uploads\/2024\/07\/bo-dam-TK508Plus-2-1536x514.jpg 1536w, https:\/\/bodamviet.com\/wp-content\/uploads\/2024\/07\/bo-dam-TK508Plus-2-600x201.jpg 600w\" sizes=\"auto, (max-width: 1000px) 100vw, 1000px\" \/><\/div>\n<\/div>\n<\/div>\n<h4><span style=\"color: #ff0000;\">D\u01b0\u1edbi \u0111\u00e2y l\u00e0 m\u1ed9t s\u1ed1 t\u00ednh n\u0103ng n\u1ed5i b\u1eadt c\u1ee7a Kenwood TK-508Plus<\/span><\/h4>\n<\/div>\n<\/div>\n<p>\u2013 C\u00f4ng su\u1ea5t thu ph\u00e1t 5W gi\u00fap truy\u1ec1n t\u1ea3i t\u00edn hi\u1ec7u r\u00f5 r\u00e0ng v\u00e0 m\u1ea1nh m\u1ebd trong ph\u1ea1m vi r\u1ed9ng<\/p>\n<p>\u2013 H\u1ed7 tr\u1ee3 16 k\u00eanh, gi\u00fap ng\u01b0\u1eddi d\u00f9ng d\u1ec5 d\u00e0ng chuy\u1ec3n \u0111\u1ed5i gi\u1eefa c\u00e1c k\u00eanh \u0111\u1ec3 t\u00ecm k\u00eanh li\u00ean l\u1ea1c t\u1ed1t nh\u1ea5t<\/p>\n<p>\u2013 Th\u1eddi gian s\u1eed d\u1ee5ng kho\u1ea3ng 6-8 gi\u1edd v\u1edbi pin BL-58<\/p>\n<p>\u2013\u00a0 \u0110\u1ed9 nh\u1ea1y thu v\u00e0 \u0111\u1ed9 ch\u1ecdn l\u1ecdc cao gi\u00fap l\u1ecdc nhi\u1ec5u t\u1ed1t<\/p>\n<p>\u2013\u00a0 Kh\u1ea3 n\u0103ng ho\u1ea1t \u0111\u1ed9ng trong \u0111i\u1ec1u ki\u1ec7n nhi\u1ec7t \u0111\u1ed9 kh\u1eafc nghi\u1ec7t t\u1eeb -20\u00b0C \u0111\u1ebfn +60\u00b0C<\/p>\n<p>\u2013\u00a0 K\u00edch th\u01b0\u1edbc ch\u1ec9 54 x 113 x 14 mm (th\u00e2n m\u00e1y) v\u00e0 tr\u1ecdng l\u01b0\u1ee3ng 130 g<\/p>\n<p>\u2013\u00a0 \u0110\u1ed9 \u1ed5n \u0111\u1ecbnh t\u1ea7n s\u1ed1 5 ppm v\u00e0 tr\u1edf kh\u00e1ng anten 50 \u03a9<\/p>\n<p>\u2013\u00a0 \u0110\u1ed9 ch\u1ecdn l\u1ecdc cao v\u00e0 t\u1ea1p nhi\u1ec5u th\u1ea5p gi\u00fap b\u1ed9 \u0111\u00e0m TK-508 Plus c\u00f3 kh\u1ea3 n\u0103ng l\u1ecdc nhi\u1ec5u t\u1ed1t, gi\u1ea3m thi\u1ec3u ti\u1ebfng \u1ed3n v\u00e0 nhi\u1ec5u t\u1eeb m\u00f4i tr\u01b0\u1eddng xung quanh<\/p>\n<p><img loading=\"lazy\" decoding=\"async\" class=\"aligncenter wp-image-3044\" title=\"B\u1ed9 \u0110\u00e0m Kenwood Tk 508Plus | Bodamviet\" src=\"http:\/\/bodamviet.com\/wp-content\/uploads\/2024\/07\/bo-dam-TK508Plus-4-2048x935-1.jpg\" alt=\"B\u1ed9 \u0110\u00e0m Kenwood Tk 508Plus | Bodamviet\" width=\"1000\" height=\"457\" srcset=\"https:\/\/bodamviet.com\/wp-content\/uploads\/2024\/07\/bo-dam-TK508Plus-4-2048x935-1.jpg 2048w, https:\/\/bodamviet.com\/wp-content\/uploads\/2024\/07\/bo-dam-TK508Plus-4-2048x935-1-768x351.jpg 768w, https:\/\/bodamviet.com\/wp-content\/uploads\/2024\/07\/bo-dam-TK508Plus-4-2048x935-1-1536x701.jpg 1536w, https:\/\/bodamviet.com\/wp-content\/uploads\/2024\/07\/bo-dam-TK508Plus-4-2048x935-1-600x274.jpg 600w\" sizes=\"auto, (max-width: 1000px) 100vw, 1000px\" \/><\/p>\n<h2 class=\"product-title product_title entry-title\"><span style=\"color: #ff0000;\">B\u1ed9 \u0110\u00e0m Kenwood Tk-508Plus C\u00f3 S\u1eb5n Gi\u00e1 R\u1ebb Nh\u1ea5t T\u1ea1i Bodamviet<\/span><\/h2>\n<p><strong>TH\u00d4NG TIN LI\u00caN H\u1ec6<\/strong><\/p>\n<ul>\n<li>H\u00e3y ch\u00e1t ngay v\u1edbi nh\u00e2n vi\u00ean online c\u1ee7a ch\u00fang t\u00f4i t\u1eeb 8h00 t\u1edbi 19h t\u1ed1i \u0111\u1ec3 \u0111\u01b0\u1ee3c gi\u1ea3i \u0111\u00e1p mi\u1ec5n ph\u00ed c\u00e1c c\u00e2u h\u1ecfi th\u01b0\u1eddng g\u1eb7p<\/li>\n<li>Hotline: 098 809 8828 \/ 094 987 7728<\/li>\n<li>Website:\u00a0<a href=\"https:\/\/bodamviet.com\">https:\/\/bodamviet.com<\/a><\/li>\n<li>\u0110\u1ecba Ch\u1ec9: 184 \u0110. Nguy\u1ec5n Tu\u00e2n, Thanh Xu\u00e2n Trung, Thanh Xu\u00e2n, H\u00e0 N\u1ed9i<\/li>\n<li>Gi\u1edd m\u1edf c\u1eeda : 8h00 \u2013 22h00 H\u00e0ng ng\u00e0y \u2013 ( L\u00e0m c\u1ea3 Th\u1ee9 7 &amp; CN)<\/li>\n<\/ul>\n","protected":false},"excerpt":{"rendered":"<p><span style=\"color: #ff0000;\">B\u1ed9 \u0110\u00e0m Kenwood Tk-508 plus<\/span> <strong>Loa to, pin tr\u00e2u, s\u00f3ng kh\u1ecfe <\/strong>Th\u00edch h\u1ee3p d\u00f9ng cho B\u1ea3o v\u1ec7, x\u00e2y d\u1ef1ng t\u1ea1i c\u00e1c t\u00f2a nh\u00e0 v\u0103n ph\u00f2ng, khu c\u00f4ng nghi\u1ec7p.<\/p>\n<p>Kenwood Tk-508Plus<strong> C\u1ef1 ly li\u00ean l\u1ea1c: 10-20 t\u1ea7ng; 1-2km; Nh\u1ecf \u2013 G\u1ecdn \u2013 Nh\u1eb9 d\u1ec5 d\u00e0ng s\u1eed d\u1ee5ng v\u00e0 thay th\u1ebf linh ki\u1ec7n.<\/strong><\/p>\n<p>S\u1ea3n xu\u1ea5t t\u1ea1i China. B\u1ea3o h\u00e0nh 12 th\u00e1ng th\u00e2n m\u00e1y; 03 th\u00e1ng ph\u1ee5 ki\u1ec7n<\/p>\n","protected":false},"featured_media":3041,"comment_status":"open","ping_status":"closed","template":"","meta":[],"product_cat":[451,437],"product_tag":[],"class_list":{"0":"post-3036","1":"product","2":"type-product","3":"status-publish","4":"has-post-thumbnail","6":"product_cat-bo-dam-gia-re","7":"product_cat-bo-dam-kenwood","9":"first","10":"instock","11":"sale","12":"shipping-taxable","13":"purchasable","14":"product-type-simple"},"_links":{"self":[{"href":"https:\/\/bodamviet.com\/index.php?rest_route=\/wp\/v2\/product\/3036","targetHints":{"allow":["GET"]}}],"collection":[{"href":"https:\/\/bodamviet.com\/index.php?rest_route=\/wp\/v2\/product"}],"about":[{"href":"https:\/\/bodamviet.com\/index.php?rest_route=\/wp\/v2\/types\/product"}],"replies":[{"embeddable":true,"href":"https:\/\/bodamviet.com\/index.php?rest_route=%2Fwp%2Fv2%2Fcomments&post=3036"}],"wp:featuredmedia":[{"embeddable":true,"href":"https:\/\/bodamviet.com\/index.php?rest_route=\/wp\/v2\/media\/3041"}],"wp:attachment":[{"href":"https:\/\/bodamviet.com\/index.php?rest_route=%2Fwp%2Fv2%2Fmedia&parent=3036"}],"wp:term":[{"taxonomy":"product_cat","embeddable":true,"href":"https:\/\/bodamviet.com\/index.php?rest_route=%2Fwp%2Fv2%2Fproduct_cat&post=3036"},{"taxonomy":"product_tag","embeddable":true,"href":"https:\/\/bodamviet.com\/index.php?rest_route=%2Fwp%2Fv2%2Fproduct_tag&post=3036"}],"curies":[{"name":"wp","href":"https:\/\/api.w.org\/{rel}","templated":true}]}}