{"id":3053,"date":"2024-07-26T16:07:07","date_gmt":"2024-07-26T09:07:07","guid":{"rendered":"https:\/\/bodamviet.com\/?post_type=product&#038;p=3053"},"modified":"2024-07-26T16:10:29","modified_gmt":"2024-07-26T09:10:29","slug":"bo-dam-kenwood-tk-d50","status":"publish","type":"product","link":"https:\/\/bodamviet.com\/?product=bo-dam-kenwood-tk-d50","title":{"rendered":"B\u1ed9 \u0110\u00e0m Kenwood TK-D50"},"content":{"rendered":"<h2><span style=\"color: #ff0000;\">B\u1ed9 \u0110\u00e0m Kenwood TK-D50 ch\u00ednh h\u00e3ng gi\u00e1 r\u1ebb<\/span><\/h2>\n<div class=\"flex-shrink-0 flex flex-col relative items-end\">\n<div>\n<div class=\"pt-0\">\n<div class=\"gizmo-bot-avatar flex h-8 w-8 items-center justify-center overflow-hidden rounded-full\">\n<div class=\"relative p-1 rounded-sm flex items-center justify-center bg-token-main-surface-primary text-token-text-primary h-8 w-8\"><a href=\"https:\/\/bodamviet.com\/?product_cat=bo-dam-kenwood\"><strong>B\u1ed9 \u0111\u00e0m Kenwood TK-D50<\/strong> <\/a>l\u00e0 m\u1ed9t thi\u1ebft b\u1ecb li\u00ean l\u1ea1c chuy\u00ean nghi\u1ec7p \u0111\u01b0\u1ee3c thi\u1ebft k\u1ebf \u0111\u1ec3 \u0111\u00e1p \u1ee9ng nhu c\u1ea7u li\u00ean l\u1ea1c hi\u1ec7u qu\u1ea3 trong c\u00e1c m\u00f4i tr\u01b0\u1eddng l\u00e0m vi\u1ec7c kh\u00e1c nhau. V\u1edbi c\u00e1c t\u00ednh n\u0103ng ti\u00ean ti\u1ebfn v\u00e0 thi\u1ebft k\u1ebf b\u1ec1n b\u1ec9, b\u1ed9 \u0111\u00e0m n\u00e0y mang l\u1ea1i s\u1ef1 ti\u1ec7n l\u1ee3i v\u00e0 \u0111\u1ed9 tin c\u1eady cao cho ng\u01b0\u1eddi d\u00f9ng. D\u01b0\u1edbi \u0111\u00e2y l\u00e0 m\u1ed9t s\u1ed1 \u0111i\u1ec3m n\u1ed5i b\u1eadt v\u1ec1 b\u1ed9 \u0111\u00e0m <strong>Kenwood TK-D50<\/strong><\/div>\n<\/div>\n<\/div>\n<\/div>\n<\/div>\n<div class=\"group\/conversation-turn relative flex w-full min-w-0 flex-col agent-turn\">\n<div class=\"flex-col gap-1 md:gap-3\">\n<div class=\"flex flex-grow flex-col max-w-full\">\n<div class=\"min-h-[20px] text-message flex w-full flex-col items-end gap-2 whitespace-pre-wrap break-words [.text-message+&amp;]:mt-5 overflow-x-auto\" dir=\"auto\" data-message-author-role=\"assistant\" data-message-id=\"96c7c9e0-6ec5-4c60-9bc8-17d916028649\">\n<div class=\"flex w-full flex-col gap-1 empty:hidden first:pt-[3px]\">\n<div class=\"markdown prose w-full break-words dark:prose-invert dark\">\n<p>B\u1ed9 \u0111\u00e0m <strong>Kenwood TK-D50<\/strong> l\u00e0 m\u1ed9t thi\u1ebft b\u1ecb v\u00f4 tuy\u1ebfn k\u1ef9 thu\u1eadt s\u1ed1 ti\u00ean ti\u1ebfn, \u0111\u01b0\u1ee3c ph\u00e1t tri\u1ec3n \u0111\u1ec3 cung c\u1ea5p gi\u1ea3i ph\u00e1p li\u00ean l\u1ea1c hi\u1ec7u qu\u1ea3 v\u00e0 linh ho\u1ea1t. Thi\u1ebft b\u1ecb n\u00e0y ho\u1ea1t \u0111\u1ed9ng tr\u00ean c\u1ea3 t\u1ea7n s\u1ed1 VHF v\u00e0 UHF, gi\u00fap ng\u01b0\u1eddi d\u00f9ng d\u1ec5 d\u00e0ng chuy\u1ec3n \u0111\u1ed5i v\u00e0 s\u1eed d\u1ee5ng trong nhi\u1ec1u m\u00f4i tr\u01b0\u1eddng l\u00e0m vi\u1ec7c kh\u00e1c nhau.<\/p>\n<\/div>\n<\/div>\n<\/div>\n<\/div>\n<\/div>\n<\/div>\n<p><img loading=\"lazy\" decoding=\"async\" class=\"aligncenter wp-image-3058 size-full\" title=\"B\u1ed9 \u0110\u00e0m Kenwood Tk-D50 | Bodamviet\" src=\"http:\/\/bodamviet.com\/wp-content\/uploads\/2024\/07\/bo-dam-kenwood-tk-d50-2.jpg\" alt=\"B\u1ed9 \u0110\u00e0m Kenwood Tk-D50 | Bodamviet\" width=\"900\" height=\"390\" srcset=\"https:\/\/bodamviet.com\/wp-content\/uploads\/2024\/07\/bo-dam-kenwood-tk-d50-2.jpg 900w, https:\/\/bodamviet.com\/wp-content\/uploads\/2024\/07\/bo-dam-kenwood-tk-d50-2-768x333.jpg 768w, https:\/\/bodamviet.com\/wp-content\/uploads\/2024\/07\/bo-dam-kenwood-tk-d50-2-600x260.jpg 600w\" sizes=\"auto, (max-width: 900px) 100vw, 900px\" \/><\/p>\n<h4><span style=\"color: #ff0000;\">Th\u00f4ng s\u1ed1 chi ti\u1ebft c\u1ee7a b\u1ed9 \u0111\u00e0m B\u1ed9 \u0110\u00e0m Kenwood TK-D50<\/span><\/h4>\n<p><span class=\"product-specs__highlights-subtitle\">\u2013 D\u1ea3i t\u1ea7n s\u1ed1: <\/span><span class=\"product-specs__highlights-desc\">400 &#8211; 480MHz<\/span><\/p>\n<p><span class=\"product-specs__highlights-subtitle\">\u2013 Va \u0111\u1eadp, rung \u0111\u1ed9ng: <\/span><span class=\"product-specs__highlights-desc\">MIL STD 810-D\/E<\/span><\/p>\n<p><span class=\"product-specs__highlights-subtitle\">\u2013 K\u00edch th\u01b0\u1edbc (r\u1ed9ng x cao x s\u00e2u): <\/span><span class=\"product-specs__highlights-desc\">140 x 55 x 30mm<\/span><\/p>\n<p><span class=\"product-specs__highlights-subtitle\">\u2013C\u00f4ng su\u1ea5t ph\u00e1t: <\/span><span class=\"product-specs__highlights-desc\">10W<\/span><\/p>\n<p><span class=\"product-specs__highlights-subtitle\">\u2013 Ch\u1ed1ng n\u01b0\u1edbc: <\/span><span class=\"product-specs__highlights-desc\">IP54<\/span><\/p>\n<p><span class=\"product-specs__highlights-subtitle\">\u2013 Tr\u1ecdng l\u01b0\u1ee3ng: <\/span><span class=\"product-specs__highlights-desc\">250gram<\/span><\/p>\n<p><img loading=\"lazy\" decoding=\"async\" class=\"aligncenter wp-image-3057\" title=\"B\u1ed9 \u0110\u00e0m Kenwood Tk-D50 | Bodamviet\" src=\"http:\/\/bodamviet.com\/wp-content\/uploads\/2024\/07\/bo-dam-kenwood-tk-d50-3.jpg\" alt=\"B\u1ed9 \u0110\u00e0m Kenwood Tk-D50 | Bodamviet\" width=\"900\" height=\"600\" \/><\/p>\n<h3><span style=\"color: #ff0000;\"><strong>T\u00ednh n\u0103ng n\u1ed5i b\u1eadt c\u1ee7a b\u1ed9 \u0111\u00e0m c\u1ea7m tay Kenwood TK-D50<\/strong><\/span><\/h3>\n<p>\u2013 Thi\u00ea\u0301t k\u00ea\u0301 r\u0103\u0301n ch\u0103\u0301c \u0111a\u0301p \u01b0\u0301ng \u0111\u00e2\u0300y \u0111u\u0309 ca\u0301c ti\u00eau chu\u00e2\u0309n v\u00ea\u0300 ch\u00f4\u0301ng va \u0111\u00e2\u0323p, ch\u00e2\u0301n \u0111\u00f4\u0323ng, \u0111\u00f4\u0323 \u00e2\u0309m, bu\u0323i b\u00e2\u0309n.<\/p>\n<p>\u2013 S\u1eed d\u1ee5ng c\u00f4ng ngh\u1ec7 m\u00e3 h\u00f3a t\u00edn hi\u1ec7u gi\u00fap gi\u1ea3m nhi\u1ec5u t\u00edn hi\u1ec7u.<\/p>\n<p>\u2013 T\u1ea7n s\u1ed1 UHF gi\u00fap xuy\u00ean ph\u00e1 v\u1eadt c\u1ea3n t\u1ed1t.<\/p>\n<p>\u2013 C\u00f4ng su\u1ea5t ph\u00e1t cao 10W c\u00f3 th\u1ec3 li\u00ean l\u1ea1c l\u00ean t\u1edbi 4km (Trong m\u00f4i tr\u01b0\u1eddng l\u00fd t\u01b0\u1edfng).<\/p>\n<p>\u2013 Dung l\u01b0\u1ee3ng pin cao 5800mAh gi\u00fap b\u1ea1n \u0111\u00e0m tho\u1ea1i li\u00ean t\u1ee5c l\u00ean t\u1edbi 20 gi\u1edd, th\u1eddi gian ch\u1edd 96h.<\/p>\n<p>\u2013 S\u1eed d\u1ee5ng c\u00f4ng ngh\u1ec7 pin Lithium cho ph\u00e9p b\u1ea1n s\u1ea1c nh\u1ed3i li\u00ean t\u1ee5c m\u00e0 kh\u00f4ng s\u1ee3 chai pin.<\/p>\n<p><strong>L\u01b0u \u00fd:<\/strong> C\u00e1c th\u00f4ng s\u1ed1 k\u1ef9 thu\u1eadt tr\u00ean ch\u1ec9 l\u00e0 m\u1eabu chung v\u00e0 c\u00f3 th\u1ec3 thay \u0111\u1ed5i t\u00f9y thu\u1ed9c v\u00e0o phi\u00ean b\u1ea3n c\u1ee5 th\u1ec3 c\u1ee7a b\u1ed9 \u0111\u00e0m <strong>Kenwood TK-D50<\/strong>. C\u1ef1 ly li\u00ean l\u1ea1c n\u00eau tr\u00ean ch\u1ec9 mang t\u00ednh tham kh\u1ea3o, kho\u1ea3ng c\u00e1ch li\u00ean l\u1ea1c th\u1ef1c t\u1ebf ph\u1ee5 thu\u1ed9c v\u00e0o m\u00f4i tr\u01b0\u1eddng, \u0111i\u1ec1u ki\u1ec7n \u0111\u1ecba h\u00ecnh v\u00e0 v\u1ecb tr\u00ed s\u1eed d\u1ee5ng m\u00e1y. \u0110\u1ec3 \u0111\u01b0\u1ee3c t\u01b0 v\u1ea5n c\u1ee5 th\u1ec3 v\u1ec1 s\u1ea3n ph\u1ea9m m\u00e1y B\u1ed9 \u0111\u00e0m <strong>Kenwood TK-D50<\/strong> v\u00e0 c\u00e1c d\u00f2ng <strong><a href=\"https:\/\/www.facebook.com\/bodammaitel\">m\u00e1y b\u1ed9 \u0111\u00e0m ch\u00ednh h\u00e3ng<\/a><\/strong> kh\u00e1c qu\u00fd kh\u00e1ch h\u00e0ng xin vui l\u00f2ng li\u00ean h\u1ec7 hotline \u0111\u1ec3 \u0111\u01b0\u1ee3c h\u1ed7 tr\u1ee3 t\u1ed1t nh\u1ea5t.<\/p>\n<h2 class=\"product-title product_title entry-title\"><span style=\"color: #ff0000;\">B\u1ed9 \u0110\u00e0m Kenwood TK-D50 C\u00f3 S\u1eb5n Gi\u00e1 R\u1ebb Nh\u1ea5t T\u1ea1i Bodamviet<\/span><\/h2>\n<p><strong>TH\u00d4NG TIN LI\u00caN H\u1ec6<\/strong><\/p>\n<ul>\n<li>H\u00e3y ch\u00e1t ngay v\u1edbi nh\u00e2n vi\u00ean online c\u1ee7a ch\u00fang t\u00f4i t\u1eeb 8h00 t\u1edbi 19h t\u1ed1i \u0111\u1ec3 \u0111\u01b0\u1ee3c gi\u1ea3i \u0111\u00e1p mi\u1ec5n ph\u00ed c\u00e1c c\u00e2u h\u1ecfi th\u01b0\u1eddng g\u1eb7p<\/li>\n<li>Hotline: 098 457 5750<\/li>\n<li>Website:\u00a0<a href=\"https:\/\/bodamviet.com\">https:\/\/bodamviet.com<\/a><\/li>\n<li>\u0110\u1ecba Ch\u1ec9: 184 \u0110. Nguy\u1ec5n Tu\u00e2n, Thanh Xu\u00e2n Trung, Thanh Xu\u00e2n, H\u00e0 N\u1ed9i<\/li>\n<li>Gi\u1edd m\u1edf c\u1eeda : 8h00 \u2013 22h00 H\u00e0ng ng\u00e0y \u2013 ( L\u00e0m c\u1ea3 Th\u1ee9 7 &amp; CN)<\/li>\n<\/ul>\n<p><span style=\"color: #ff0000;\">\u00a0 \u00a0 \u00a0 \u00a0 \u00a0 \u00a0<\/span><\/p>\n","protected":false},"excerpt":{"rendered":"<p class=\"product-title product_title entry-title\"><span style=\"color: #ff0000;\">B\u1ed9 \u0110\u00e0m Kenwood TK-D50 <\/span><strong>Loa to, pin tr\u00e2u, s\u00f3ng kh\u1ecfe <\/strong>Th\u00edch h\u1ee3p d\u00f9ng cho B\u1ea3o v\u1ec7, x\u00e2y d\u1ef1ng t\u1ea1i c\u00e1c t\u00f2a nh\u00e0 v\u0103n ph\u00f2ng, khu c\u00f4ng nghi\u1ec7p.<\/p>\n<p>B\u1ed9 \u0110\u00e0m Kenwood Tk-D50<strong> C\u1ef1 ly li\u00ean l\u1ea1c: 10-30 t\u1ea7ng; 1-3km; <\/strong>Chu\u1ea9n ch\u1ed1ng n\u01b0\u1edbc IP54 &#8211; Ch\u1ed1ng n\u01b0\u1edbc m\u01b0a h\u1eaft tr\u1ef1c ti\u1ebfp<\/p>\n<p>S\u1ea3n xu\u1ea5t t\u1ea1i China. B\u1ea3o h\u00e0nh 24 th\u00e1ng th\u00e2n m\u00e1y; 06 th\u00e1ng ph\u1ee5 ki\u1ec7n<\/p>\n","protected":false},"featured_media":3076,"comment_status":"open","ping_status":"closed","template":"","meta":[],"product_cat":[451,437],"product_tag":[],"class_list":{"0":"post-3053","1":"product","2":"type-product","3":"status-publish","4":"has-post-thumbnail","6":"product_cat-bo-dam-gia-re","7":"product_cat-bo-dam-kenwood","9":"first","10":"instock","11":"sale","12":"shipping-taxable","13":"purchasable","14":"product-type-simple"},"_links":{"self":[{"href":"https:\/\/bodamviet.com\/index.php?rest_route=\/wp\/v2\/product\/3053","targetHints":{"allow":["GET"]}}],"collection":[{"href":"https:\/\/bodamviet.com\/index.php?rest_route=\/wp\/v2\/product"}],"about":[{"href":"https:\/\/bodamviet.com\/index.php?rest_route=\/wp\/v2\/types\/product"}],"replies":[{"embeddable":true,"href":"https:\/\/bodamviet.com\/index.php?rest_route=%2Fwp%2Fv2%2Fcomments&post=3053"}],"wp:featuredmedia":[{"embeddable":true,"href":"https:\/\/bodamviet.com\/index.php?rest_route=\/wp\/v2\/media\/3076"}],"wp:attachment":[{"href":"https:\/\/bodamviet.com\/index.php?rest_route=%2Fwp%2Fv2%2Fmedia&parent=3053"}],"wp:term":[{"taxonomy":"product_cat","embeddable":true,"href":"https:\/\/bodamviet.com\/index.php?rest_route=%2Fwp%2Fv2%2Fproduct_cat&post=3053"},{"taxonomy":"product_tag","embeddable":true,"href":"https:\/\/bodamviet.com\/index.php?rest_route=%2Fwp%2Fv2%2Fproduct_tag&post=3053"}],"curies":[{"name":"wp","href":"https:\/\/api.w.org\/{rel}","templated":true}]}}