{"id":3061,"date":"2024-07-26T16:15:10","date_gmt":"2024-07-26T09:15:10","guid":{"rendered":"https:\/\/bodamviet.com\/?post_type=product&#038;p=3061"},"modified":"2024-11-12T14:20:37","modified_gmt":"2024-11-12T07:20:37","slug":"bo-dam-motorola-gp-6288","status":"publish","type":"product","link":"https:\/\/bodamviet.com\/?product=bo-dam-motorola-gp-6288","title":{"rendered":"B\u1ed9 \u0110\u00e0m Motorola GP-6288"},"content":{"rendered":"<h2><span style=\"color: #ff0000;\">B\u1ed9 \u0110\u00e0m Motorola GP-6288 Gi\u00e1 r\u1ebb<\/span><\/h2>\n<p><a href=\"https:\/\/bodamviet.com\/?product_cat=bo-dam-motorola\"><strong>B\u1ed9 \u0111\u00e0m Motorola GP-6288<\/strong><\/a> l\u00e0 m\u1ed9t thi\u1ebft b\u1ecb li\u00ean l\u1ea1c tin c\u1eady, \u0111\u01b0\u1ee3c thi\u1ebft k\u1ebf \u0111\u1ec3 \u0111\u00e1p \u1ee9ng nhu c\u1ea7u s\u1eed d\u1ee5ng trong nhi\u1ec1u m\u00f4i tr\u01b0\u1eddng kh\u00e1c nhau nh\u01b0 an ninh, x\u00e2y d\u1ef1ng, c\u00f4ng nghi\u1ec7p v\u00e0 c\u00e1c d\u1ecbch v\u1ee5 c\u00f4ng c\u1ed9ng. V\u1edbi thi\u1ebft k\u1ebf nh\u1ecf g\u1ecdn, ch\u1eafc ch\u1eafn, c\u00f9ng kh\u1ea3 n\u0103ng ch\u1ed1ng b\u1ee5i v\u00e0 n\u01b0\u1edbc, GP-6288 \u0111\u1ea3m b\u1ea3o ho\u1ea1t \u0111\u1ed9ng b\u1ec1n b\u1ec9 trong c\u00e1c \u0111i\u1ec1u ki\u1ec7n kh\u1eafc nghi\u1ec7t. S\u1ea3n ph\u1ea9m n\u00e0y h\u1ed7 tr\u1ee3 d\u1ea3i t\u1ea7n s\u1ed1 UHF, c\u00f4ng su\u1ea5t ph\u00e1t t\u1eeb 1W \u0111\u1ebfn 5W, v\u00e0 c\u00f3 kh\u1ea3 n\u0103ng l\u01b0u tr\u1eef l\u00ean \u0111\u1ebfn 16 k\u00eanh, gi\u00fap ng\u01b0\u1eddi d\u00f9ng d\u1ec5 d\u00e0ng chuy\u1ec3n \u0111\u1ed5i v\u00e0 li\u00ean l\u1ea1c hi\u1ec7u qu\u1ea3<\/p>\n<p><img loading=\"lazy\" decoding=\"async\" class=\"aligncenter wp-image-3064 size-full\" title=\"B\u1ed9 \u0110\u00e0m Motorola GP-6288 | B\u1ed9 \u0110\u00e0m Vi\u1ec7t\" src=\"http:\/\/bodamviet.com\/wp-content\/uploads\/2024\/07\/bo-dam-motorola-gp-6288-2.jpg\" alt=\"B\u1ed9 \u0110\u00e0m Motorola GP-6288 | B\u1ed9 \u0110\u00e0m Vi\u1ec7t\" width=\"900\" height=\"500\" srcset=\"https:\/\/bodamviet.com\/wp-content\/uploads\/2024\/07\/bo-dam-motorola-gp-6288-2.jpg 900w, https:\/\/bodamviet.com\/wp-content\/uploads\/2024\/07\/bo-dam-motorola-gp-6288-2-768x427.jpg 768w, https:\/\/bodamviet.com\/wp-content\/uploads\/2024\/07\/bo-dam-motorola-gp-6288-2-600x333.jpg 600w\" sizes=\"auto, (max-width: 900px) 100vw, 900px\" \/><\/p>\n<h4><span style=\"color: #ff0000;\">Th\u00f4ng s\u1ed1 k\u1ef9 thu\u1eadt Motorola GP-6288<\/span><\/h4>\n<p>\u2013 S\u1ed1 K\u00eanh: 16 k\u00eanh<\/p>\n<p>\u2013 D\u00e3y T\u1ea5n UHF: 400-470 Mhz<\/p>\n<p>\u2013 C\u00f4ng Su\u1ea5t Ph\u00e1t: 5W<\/p>\n<p>\u2013 Li\u00ean l\u1ea1c trong nh\u00e0: 10-20 l\u1ea7u<\/p>\n<p>\u2013 Li\u00ean l\u1ea1c n\u1ed9i th\u00e0nh: 500m<\/p>\n<p>\u2013 Li\u00ean l\u1ea1c khu v\u1ef1c tr\u1ed1ng: 1000m<\/p>\n<p>\u2013 Pin: 1500mAh ~ 15h<\/p>\n<p>\u2013 Tr\u1ecdng l\u01b0\u1ee3ng: 230g<\/p>\n<p>\u2013 B\u1ed9 s\u1ea3n ph\u1ea9m bao g\u1ed3m: Th\u00e2n m\u00e1y, Pin, C\u1ed1c s\u1ea1c, angten,k\u1eb9p treo, d\u00e2y \u0111eo<\/p>\n<p><img loading=\"lazy\" decoding=\"async\" class=\"aligncenter wp-image-3065\" title=\"B\u1ed9 \u0110\u00e0m Motorola GP-6288 | B\u1ed9 \u0110\u00e0m Vi\u1ec7t\" src=\"http:\/\/bodamviet.com\/wp-content\/uploads\/2024\/07\/bo-dam-motorola-gp-6288-3.jpg\" alt=\"B\u1ed9 \u0110\u00e0m Motorola GP-6288 | B\u1ed9 \u0110\u00e0m Vi\u1ec7t\" width=\"900\" height=\"900\" srcset=\"https:\/\/bodamviet.com\/wp-content\/uploads\/2024\/07\/bo-dam-motorola-gp-6288-3.jpg 500w, https:\/\/bodamviet.com\/wp-content\/uploads\/2024\/07\/bo-dam-motorola-gp-6288-3-300x300.jpg 300w, https:\/\/bodamviet.com\/wp-content\/uploads\/2024\/07\/bo-dam-motorola-gp-6288-3-100x100.jpg 100w\" sizes=\"auto, (max-width: 900px) 100vw, 900px\" \/><\/p>\n<h2 class=\"product-title product_title entry-title\"><span style=\"color: #ff0000;\">B\u1ed9 \u0110\u00e0m Motorola GP-6288 C\u00f3 S\u1eb5n Gi\u00e1 R\u1ebb Nh\u1ea5t T\u1ea1i Bodamviet<\/span><\/h2>\n<p><strong>TH\u00d4NG TIN LI\u00caN H\u1ec6<\/strong><\/p>\n<ul>\n<li>H\u00e3y ch\u00e1t ngay v\u1edbi nh\u00e2n vi\u00ean online c\u1ee7a ch\u00fang t\u00f4i t\u1eeb 8h00 t\u1edbi 19h t\u1ed1i \u0111\u1ec3 \u0111\u01b0\u1ee3c gi\u1ea3i \u0111\u00e1p mi\u1ec5n ph\u00ed c\u00e1c c\u00e2u h\u1ecfi th\u01b0\u1eddng g\u1eb7p<\/li>\n<li>Hotline: 098 809 8828 \/ 094 987 7728<\/li>\n<li>Website:\u00a0<a href=\"https:\/\/bodamviet.com\">https:\/\/bodamviet.com<\/a><\/li>\n<li>\u0110\u1ecba Ch\u1ec9: 184 \u0110. Nguy\u1ec5n Tu\u00e2n, Thanh Xu\u00e2n Trung, Thanh Xu\u00e2n, H\u00e0 N\u1ed9i<\/li>\n<li>Gi\u1edd m\u1edf c\u1eeda : 8h00 \u2013 22h00 H\u00e0ng ng\u00e0y \u2013 ( L\u00e0m c\u1ea3 Th\u1ee9 7 &amp; CN)<\/li>\n<\/ul>\n<p>&nbsp;<\/p>\n","protected":false},"excerpt":{"rendered":"<p class=\"product-title product_title entry-title\"><span style=\"color: #ff0000;\">B\u1ed9 \u0110\u00e0m Motorola GP-6288 <\/span><strong>Loa to, pin tr\u00e2u, s\u00f3ng kh\u1ecfe <\/strong>Th\u00edch h\u1ee3p d\u00f9ng cho B\u1ea3o v\u1ec7, x\u00e2y d\u1ef1ng t\u1ea1i c\u00e1c t\u00f2a nh\u00e0 v\u0103n ph\u00f2ng, khu c\u00f4ng nghi\u1ec7p.<\/p>\n<p>Motorola GP-6288<strong> C\u1ef1 ly li\u00ean l\u1ea1c: 10-20 t\u1ea7ng; 1-2 km; <\/strong>S\u1ea3n ph\u1ea9m n\u00e0y h\u1ed7 tr\u1ee3 d\u1ea3i t\u1ea7n s\u1ed1 UHF, c\u00f4ng su\u1ea5t ph\u00e1t t\u1eeb 1W \u0111\u1ebfn 5W<\/p>\n<p>B\u1ea3o h\u00e0nh 12 th\u00e1ng th\u00e2n m\u00e1y; 03 th\u00e1ng ph\u1ee5 ki\u1ec7n<\/p>\n","protected":false},"featured_media":3062,"comment_status":"open","ping_status":"closed","template":"","meta":[],"product_cat":[451,442],"product_tag":[],"class_list":{"0":"post-3061","1":"product","2":"type-product","3":"status-publish","4":"has-post-thumbnail","6":"product_cat-bo-dam-gia-re","7":"product_cat-bo-dam-motorola","9":"first","10":"instock","11":"sale","12":"shipping-taxable","13":"purchasable","14":"product-type-simple"},"_links":{"self":[{"href":"https:\/\/bodamviet.com\/index.php?rest_route=\/wp\/v2\/product\/3061","targetHints":{"allow":["GET"]}}],"collection":[{"href":"https:\/\/bodamviet.com\/index.php?rest_route=\/wp\/v2\/product"}],"about":[{"href":"https:\/\/bodamviet.com\/index.php?rest_route=\/wp\/v2\/types\/product"}],"replies":[{"embeddable":true,"href":"https:\/\/bodamviet.com\/index.php?rest_route=%2Fwp%2Fv2%2Fcomments&post=3061"}],"wp:featuredmedia":[{"embeddable":true,"href":"https:\/\/bodamviet.com\/index.php?rest_route=\/wp\/v2\/media\/3062"}],"wp:attachment":[{"href":"https:\/\/bodamviet.com\/index.php?rest_route=%2Fwp%2Fv2%2Fmedia&parent=3061"}],"wp:term":[{"taxonomy":"product_cat","embeddable":true,"href":"https:\/\/bodamviet.com\/index.php?rest_route=%2Fwp%2Fv2%2Fproduct_cat&post=3061"},{"taxonomy":"product_tag","embeddable":true,"href":"https:\/\/bodamviet.com\/index.php?rest_route=%2Fwp%2Fv2%2Fproduct_tag&post=3061"}],"curies":[{"name":"wp","href":"https:\/\/api.w.org\/{rel}","templated":true}]}}