{"id":3079,"date":"2024-07-30T08:03:08","date_gmt":"2024-07-30T01:03:08","guid":{"rendered":"https:\/\/bodamviet.com\/?post_type=product&#038;p=3079"},"modified":"2024-11-09T09:36:55","modified_gmt":"2024-11-09T02:36:55","slug":"bo-dam-cam-tay-motorola-cp-1900plus","status":"publish","type":"product","link":"https:\/\/bodamviet.com\/?product=bo-dam-cam-tay-motorola-cp-1900plus","title":{"rendered":"B\u00f4\u0323 \u0110a\u0300m C\u1ea7m Tay Motorola CP-1900PLus"},"content":{"rendered":"<h2><span style=\"color: #ff0000;\">B\u00f4\u0323 \u0110a\u0300m C\u1ea7m Tay Motorola CP-1900PLus gi\u00e1 r\u1ebb<\/span><\/h2>\n<p><a href=\"https:\/\/bodamviet.com\/?product_cat=bo-dam-motorola\"><strong>B\u1ed9 \u0111\u00e0m c\u1ea7m tay Motorola CP-1900Plus<\/strong><\/a> l\u00e0 m\u1ed9t thi\u1ebft b\u1ecb li\u00ean l\u1ea1c chuy\u00ean nghi\u1ec7p, thi\u1ebft k\u1ebf \u0111\u1ec3 \u0111\u00e1p \u1ee9ng nhu c\u1ea7u li\u00ean l\u1ea1c trong c\u00e1c m\u00f4i tr\u01b0\u1eddng l\u00e0m vi\u1ec7c kh\u1eafc nghi\u1ec7t. S\u1ea3n ph\u1ea9m n\u00e0y \u0111\u01b0\u1ee3c bi\u1ebft \u0111\u1ebfn v\u1edbi kh\u1ea3 n\u0103ng truy\u1ec1n t\u1ea3i \u00e2m thanh r\u00f5 r\u00e0ng, thi\u1ebft k\u1ebf b\u1ec1n b\u1ec9 ch\u1ecbu \u0111\u01b0\u1ee3c va \u0111\u1eadp v\u00e0 th\u1eddi ti\u1ebft kh\u1eafc nghi\u1ec7t<\/p>\n<p>V\u1edbi dung l\u01b0\u1ee3ng pin l\u1edbn v\u00e0 t\u00ednh n\u0103ng \u0111a d\u1ea1ng, <strong>Motorola CP-1900Plus<\/strong> l\u00e0 l\u1ef1a ch\u1ecdn l\u00fd t\u01b0\u1edfng cho c\u00e1c ng\u00e0nh c\u00f4ng nghi\u1ec7p, x\u00e2y d\u1ef1ng, an ninh, v\u00e0 nhi\u1ec1u l\u0129nh v\u1ef1c kh\u00e1c, \u0111\u1ea3m b\u1ea3o li\u00ean l\u1ea1c th\u00f4ng su\u1ed1t v\u00e0 hi\u1ec7u qu\u1ea3 trong m\u1ecdi t\u00ecnh hu\u1ed1ng<\/p>\n<p>Kh\u1ea3 n\u0103ng cung c\u1ea5p t\u1ed1i \u0111a 16 k\u00eanh cho ph\u00e9p t\u1ed5 ch\u1ee9c c\u00e1c nh\u00f3m l\u00e0m vi\u1ec7c kh\u00e1c nhau linh ho\u1ea1t h\u01a1n<br \/>\nS\u1ea3n ph\u1ea9m <strong>Motorola CP-1900Plus<\/strong>\u00a0\u00a0l\u00e0 s\u1ea3n ph\u1ea9m h\u1ed9i t\u1ee5 t\u1ea5t c\u00e1c t\u00ednh n\u0103ng ti\u00ean ti\u1ebfn, \u0111a n\u0103ng, \u0111a d\u1ee5ng cho d\u00f2ng b\u1ed9 \u0111\u00e0m analog kh\u00f4ng m\u00e0n h\u00ecnh<br \/>\n<a href=\"https:\/\/bodamviet.com\/?product_cat=bo-dam-motorola\" target=\"_blank\" rel=\"nofollow noopener\">B\u1ed9 \u0111\u00e0m c\u1ea7m tay Motorola<\/a> <strong>CP-1900Plus<\/strong> l\u00e0 s\u1ef1 l\u1ef1a ch\u1ecdn ho\u00e0n h\u1ea3o cho b\u1ea1n v\u00e0 Doanh nghi\u1ec7p v\u1edbi kh\u1ea3 n\u0103ng ho\u1ea1t \u0111\u1ed9ng si\u00eau hi\u1ec7u qu\u1ea3<\/p>\n<p><img loading=\"lazy\" decoding=\"async\" class=\"aligncenter wp-image-3082\" title=\"B\u00f4\u0323 \u0111a\u0300m c\u1ea7m tay Motorola CP 1900PLus | B\u1ed9 \u0110\u00e0m Vi\u1ec7t\" src=\"http:\/\/bodamviet.com\/wp-content\/uploads\/2024\/07\/Moto-1900-plus-2.png\" alt=\"B\u00f4\u0323 \u0111a\u0300m c\u1ea7m tay Motorola CP 1900PLus | B\u1ed9 \u0110\u00e0m Vi\u1ec7t\" width=\"700\" height=\"700\" srcset=\"https:\/\/bodamviet.com\/wp-content\/uploads\/2024\/07\/Moto-1900-plus-2.png 681w, https:\/\/bodamviet.com\/wp-content\/uploads\/2024\/07\/Moto-1900-plus-2-300x300.png 300w, https:\/\/bodamviet.com\/wp-content\/uploads\/2024\/07\/Moto-1900-plus-2-600x600.png 600w, https:\/\/bodamviet.com\/wp-content\/uploads\/2024\/07\/Moto-1900-plus-2-100x100.png 100w\" sizes=\"auto, (max-width: 700px) 100vw, 700px\" \/><\/p>\n<h3><span style=\"color: #ff0000;\"><strong>Th\u00f4ng s\u1ed1 k\u1ef9 thu\u1eadt c\u1ee7a b\u1ed9 \u0111\u00e0m Motorola CP-1900plus<\/strong><\/span><\/h3>\n<p>\u2013 D\u00e3y t\u1ea7n: T\u1ea7n s\u1ed1 UHF 400-470Mhz<\/p>\n<p>\u2013 S\u1ed1 k\u00eanh: 16 k\u00eanh t\u1ea7n s\u1ed1 s\u1eed d\u1ee5ng c\u00f4ng ngh\u1ec7 m\u00e3 h\u00f3a t\u00edn hi\u1ec7u gi\u00fap gi\u1ea3m thi\u1ec3u nhi\u1ec5u t\u00edn hi\u1ec7u<\/p>\n<p>\u2013 C\u00f4ng su\u1ea5t ph\u00e1t: 5W (UHF)<\/p>\n<p>\u2013 Pin: 3800mAh-7.4V mang l\u1ea1i th\u1eddi gian \u0111\u00e0m tho\u1ea1i d\u00e0i<\/p>\n<p>\u2013 \u0110\u00e8n b\u00e1o tr\u1ea1ng th\u00e1i t\u00edn hi\u1ec7u v\u00e0 Pin s\u1ea1c<\/p>\n<p>\u2013 Tr\u1ecdng l\u01b0\u1ee3ng: 200g<\/p>\n<p>\u2013 K\u00edch th\u01b0\u1edbc nh\u1ecf g\u1ecdn (r\u1ed9ng x cao x s\u00e2u): 50 x 111 x 28 mm<\/p>\n<p><em>\u2013 S\u1eed d\u1ee5ng t\u1ed1t Cho T\u00f2a nh\u00e0 20 l\u1ea7u v\u00e0 1 h\u1ea7m<\/em><\/p>\n<p>\u2013 Tr\u1ecdn b\u1ed9 bao g\u1ed3m: Th\u00e2n m\u00e1y, antenna, Pin s\u1ea1c, S\u1ea1c b\u00e0n, b\u00e1t c\u00e0i l\u01b0ng<\/p>\n<p>&nbsp;<\/p>\n<p><img loading=\"lazy\" decoding=\"async\" class=\"aligncenter wp-image-2081\" title=\"B\u00f4\u0323 \u0111a\u0300m c\u1ea7m tay Motorola CP 1900PLus | B\u1ed9 \u0110\u00e0m Vi\u1ec7t\" src=\"http:\/\/bodamviet.com\/wp-content\/uploads\/2018\/06\/su-dung-bo-dam-8.png\" alt=\"B\u00f4\u0323 \u0111a\u0300m c\u1ea7m tay Motorola CP 1900PLus | B\u1ed9 \u0110\u00e0m Vi\u1ec7t\" width=\"500\" height=\"464\" \/><\/p>\n<h3><span style=\"color: #ff0000;\">\u1ee8ng d\u1ee5ng s\u1eed d\u1ee5ng c\u1ee7a Motorola CP-1900PLus<\/span><\/h3>\n<p>\u2013 S\u1eed d\u1ee5ng cho b\u1ea3o v\u1ec7 c\u00e1c t\u00f2a nh\u00e0, nh\u00e0 h\u00e0ng kh\u00e1ch s\u1ea1n<\/p>\n<p>\u2013 D\u00f9ng cho li\u00ean l\u1ea1c t\u1ea1i c\u00e1c c\u00f4ng tr\u00ecnh x\u00e2y d\u1ef1ng, kho b\u00e3i, b\u1ebfn c\u1ea3ng\u2026<\/p>\n<p>&nbsp;<\/p>\n<p>\u2013\u00a0<a href=\"https:\/\/www.motorolasolutions.com\/en_us.html\" target=\"_blank\" rel=\"nofollow noopener\">Th\u01b0\u01a1ng hi\u1ec7u Motorola<\/a><\/p>\n<h2><span style=\"color: #ff0000;\">B\u00f4\u0323 \u0111a\u0300m c\u1ea7m tay Motorola CP-1900 PLus<\/span><span style=\"color: #ff0000;\"> C\u00f3 S\u1eb5n Gi\u00e1 R\u1ebb Nh\u1ea5t T\u1ea1i Bodamviet<\/span><\/h2>\n<p><strong>TH\u00d4NG TIN LI\u00caN H\u1ec6<\/strong><\/p>\n<ul>\n<li>H\u00e3y ch\u00e1t ngay v\u1edbi nh\u00e2n vi\u00ean online c\u1ee7a ch\u00fang t\u00f4i t\u1eeb 8h00 t\u1edbi 19h t\u1ed1i \u0111\u1ec3 \u0111\u01b0\u1ee3c gi\u1ea3i \u0111\u00e1p mi\u1ec5n ph\u00ed c\u00e1c c\u00e2u h\u1ecfi th\u01b0\u1eddng g\u1eb7p<\/li>\n<li>Hotline: 098 809 8828 \/ 094 987 7728<\/li>\n<li>Website:\u00a0<a href=\"https:\/\/bodamviet.com\">https:\/\/bodamviet.com<\/a><\/li>\n<li>\u0110\u1ecba Ch\u1ec9: 184 \u0110. Nguy\u1ec5n Tu\u00e2n, Thanh Xu\u00e2n Trung, Thanh Xu\u00e2n, H\u00e0 N\u1ed9i<\/li>\n<li>Gi\u1edd m\u1edf c\u1eeda : 8h00 \u2013 22h00 H\u00e0ng ng\u00e0y \u2013 ( L\u00e0m c\u1ea3 Th\u1ee9 7 &amp; CN)<\/li>\n<\/ul>\n<p>&nbsp;<\/p>\n","protected":false},"excerpt":{"rendered":"<p>B\u1ed9 \u0111\u00e0m c\u1ea7m tay Motorola CP-1900PLus gi\u00e1 R\u1ebb th\u00edch h\u1ee3p d\u00f9ng cho c\u00f4ng vi\u1ec7c th\u1eddi v\u1ee5, ng\u1eafn h\u1ea1n.<\/p>\n<p>B\u1ed9 \u0110\u00e0m Motorola CP-1900PLus <strong>Nh\u1ecf \u2013 G\u1ecdn \u2013 Nh\u1eb9<\/strong>\u00a0d\u1ec5 d\u00e0ng s\u1eed d\u1ee5ng v\u00e0 thay th\u1ebf linh ki\u1ec7n.<\/p>\n<p>Motorola CP-1900PLus: Kho\u1ea3ng c\u00e1ch li\u00ean l\u1ea1c 500m \u2013 1km T\u00f9y tr\u1ed1ng tho\u00e1ng; 5-10 t\u1ea7ng. Pin d\u00f9ng 6-8h<\/p>\n<p>S\u1ea3n xu\u1ea5t T\u1ea1i China; B\u1ea3o h\u00e0nh 12 th\u00e1ng th\u00e2n m\u00e1y; 03 th\u00e1ng pin s\u1ea1c<\/p>\n","protected":false},"featured_media":3080,"comment_status":"open","ping_status":"closed","template":"","meta":[],"product_cat":[451,442],"product_tag":[],"class_list":{"0":"post-3079","1":"product","2":"type-product","3":"status-publish","4":"has-post-thumbnail","6":"product_cat-bo-dam-gia-re","7":"product_cat-bo-dam-motorola","9":"first","10":"instock","11":"sale","12":"shipping-taxable","13":"purchasable","14":"product-type-simple"},"_links":{"self":[{"href":"https:\/\/bodamviet.com\/index.php?rest_route=\/wp\/v2\/product\/3079","targetHints":{"allow":["GET"]}}],"collection":[{"href":"https:\/\/bodamviet.com\/index.php?rest_route=\/wp\/v2\/product"}],"about":[{"href":"https:\/\/bodamviet.com\/index.php?rest_route=\/wp\/v2\/types\/product"}],"replies":[{"embeddable":true,"href":"https:\/\/bodamviet.com\/index.php?rest_route=%2Fwp%2Fv2%2Fcomments&post=3079"}],"wp:featuredmedia":[{"embeddable":true,"href":"https:\/\/bodamviet.com\/index.php?rest_route=\/wp\/v2\/media\/3080"}],"wp:attachment":[{"href":"https:\/\/bodamviet.com\/index.php?rest_route=%2Fwp%2Fv2%2Fmedia&parent=3079"}],"wp:term":[{"taxonomy":"product_cat","embeddable":true,"href":"https:\/\/bodamviet.com\/index.php?rest_route=%2Fwp%2Fv2%2Fproduct_cat&post=3079"},{"taxonomy":"product_tag","embeddable":true,"href":"https:\/\/bodamviet.com\/index.php?rest_route=%2Fwp%2Fv2%2Fproduct_tag&post=3079"}],"curies":[{"name":"wp","href":"https:\/\/api.w.org\/{rel}","templated":true}]}}