{"id":3083,"date":"2024-07-30T10:48:27","date_gmt":"2024-07-30T03:48:27","guid":{"rendered":"https:\/\/bodamviet.com\/?post_type=product&#038;p=3083"},"modified":"2024-11-12T10:21:37","modified_gmt":"2024-11-12T03:21:37","slug":"may-bo-dam-motorola-gp-118","status":"publish","type":"product","link":"https:\/\/bodamviet.com\/?product=may-bo-dam-motorola-gp-118","title":{"rendered":"M\u00e1y B\u1ed9 \u0110\u00e0m Motorola GP-118"},"content":{"rendered":"<h2><span style=\"color: #ff0000;\">M\u00e1y b\u1ed9 \u0111\u00e0m Motorola GP-118 gi\u00e1 r\u1ebb c\u00f3 t\u1ea1i B\u1ed9 \u0110\u00e0m Vi\u1ec7t<\/span><\/h2>\n<h3><span style=\"color: #ff0000;\">B\u1ed9 \u0111\u00e0m Motorola GP-118<\/span><\/h3>\n<p><a href=\"https:\/\/bodamviet.com\/?product_cat=bo-dam-motorola\"><strong>M\u00e1y b\u1ed9 \u0111\u00e0m Motorola GP-118<\/strong><\/a> c\u00f3 c\u1ea5u t\u1ea1o v\u1eefng ch\u1eafc c\u00f3 kh\u1ea3 n\u0103ng ch\u1ed1ng va \u0111\u1eadp, t\u00edch h\u1ee3p \u0111\u1ea7y \u0111\u1ee7 ch\u1ee9c n\u0103ng thu\u1eadn ti\u1ec7n cho c\u00f4ng vi\u1ec7c<\/p>\n<p>B\u1ed9 \u0111\u00e0m ph\u00f9 h\u1ee3p s\u1eed d\u1ee5ng trong ph\u1ea1m vi v\u1eeba v\u00e0 nh\u1ecf nh\u01b0 nh\u00e0 h\u00e0ng, kh\u00e1ch s\u1ea1n, c\u00e0 ph\u00ea,s\u00e2n v\u01b0\u1eddn\u2026.. B\u1ed9 \u0111\u00e0m gi\u00fap c\u00f4ng vi\u1ec7c tr\u00f4i ch\u1ea3y, thu\u1eadn ti\u1ec7n h\u01a1n\u2026<\/p>\n<p><img loading=\"lazy\" decoding=\"async\" class=\"aligncenter wp-image-3089 size-full\" title=\"M\u00e1y b\u1ed9 \u0111\u00e0m Motorola GP-118 | B\u1ed9 \u0110\u00e0m Vi\u1ec7t\" src=\"http:\/\/bodamviet.com\/wp-content\/uploads\/2024\/07\/anh-cam-dam.jpg\" alt=\"M\u00e1y b\u1ed9 \u0111\u00e0m Motorola GP-118 | B\u1ed9 \u0110\u00e0m Vi\u1ec7t\" width=\"720\" height=\"480\" srcset=\"https:\/\/bodamviet.com\/wp-content\/uploads\/2024\/07\/anh-cam-dam.jpg 720w, https:\/\/bodamviet.com\/wp-content\/uploads\/2024\/07\/anh-cam-dam-600x400.jpg 600w\" sizes=\"auto, (max-width: 720px) 100vw, 720px\" \/><\/p>\n<h3><span style=\"color: #ff0000;\">I. T\u00ednh n\u0103ng v\u01b0\u1ee3t tr\u1ed9i c\u1ee7a b\u1ed9 \u0111\u00e0m Motorola GP-118<\/span><\/h3>\n<p>\u0110\u01b0\u1ee3c \u0111\u00e1nh gi\u00e1 l\u00e0 m\u1ed9t s\u1ea3n ph\u1ea9m tuy\u1ec7t v\u1eddi t\u1eeb m\u00e1y b\u1ed9 \u0111\u00e0m Motorola \u0111\u01b0\u1ee3c thi\u1ebft k\u1ebf d\u1ea1ng kh\u1ed1i \u0111em l\u1ea1i s\u1ef1 ch\u1eafc ch\u1eafn, nh\u1ecf g\u1ecdn, ti\u1ec7n d\u1ee5ng, c\u00f3 kh\u1ea3 n\u0103ng ch\u1ecbu va \u0111\u1eadp c\u00f9ng v\u1edbi thi\u1ebft k\u1ebf h\u1ea1n ch\u1ebf b\u1ee5i, n\u01b0\u1edbc v\u00e0o m\u00e1y c\u1ea3 loa ngo\u00e0i<\/p>\n<p>C\u00f3 v\u1ecf h\u1ed9p \u0111\u1ef1ng ch\u1ed1ng s\u1ed1c, gi\u00fap cho qu\u00e1 tr\u00ecnh v\u1eadn chuy\u1ec3n an to\u00e0n h\u01a1n, \u0111em \u0111\u1ebfn s\u1ef1 tin c\u1eady cho ng\u01b0\u1eddi d\u00f9ng<\/p>\n<p>B\u1ed9 \u0111\u00e0m s\u1eed d\u1ee5ng pin Lion dung l\u01b0\u1ee3ng l\u1edbn 1500 mAh cho ph\u00e9p ng\u01b0\u1eddi d\u00f9ng c\u00f3 th\u1ec3 s\u1ea1c nh\u1ed3i pin, kh\u00f4ng g\u00e2y gi\u00e1n \u0111o\u1ea1n trong qu\u00e1 tr\u00ecnh s\u1eed d\u1ee5ng<\/p>\n<p>Pin ch\u1edd \u0111\u1ea1t \u0111\u1ebfn 4 ng\u00e0y, v\u1edbi 12 ti\u1ebfng s\u1eed d\u1ee5ng li\u00ean t\u1ee5c<\/p>\n<p>B\u00e1o hi\u1ec7u pin y\u1ebfu th\u00f4ng qua \u0111\u00e8n LED 3 m\u00e0u, \u0111\u00e8n b\u00e1o hi\u1ec7u s\u1ebd c\u00f3 m\u00e0u \u0111\u1ecf khi ph\u00e1t v\u00e0 m\u00e0u xanh cho k\u00eanh ho\u1ea1t \u0111\u1ed9ng,\u0111\u00e8n LED s\u1ebd nh\u00e1y \u0111\u1ec3 b\u00e1o hi\u1ec7u cho b\u1ea1n khi pin c\u1ea7n ph\u1ea3i s\u1ea1c<\/p>\n<p>\u0110\u01b0\u1ee3c d\u00f9ng cho c\u00f4ng su\u1ea5t ph\u00e1t l\u1edbn 5W, gi\u00fap cho c\u1ef1 ly li\u00ean l\u1ea1c \u0111\u1ea1t \u0111\u01b0\u1ee3c l\u00e0 0,5- 1km ( \u0111i\u1ec1u ki\u1ec7n l\u00fd t\u01b0\u1edfng 2 km), trong t\u00f2a nh\u00e0 c\u00f3 th\u1ec3 l\u00ean t\u1edbi 10 t\u1ea7ng<\/p>\n<p>C\u1ef1 ly li\u00ean l\u1ea1c M\u00e1y B\u1ed9 \u0110\u00e0m Motorola GP-118<\/p>\n<p>+ N\u1ed9i th\u00e0nh 0,5-0.8 Km<\/p>\n<p>+ Ngo\u1ea1i th\u00e0nh 1 Km<\/p>\n<p>+ \u0110i\u1ec1u ki\u1ec7n l\u00fd t\u01b0\u1edfng 2 Km<\/p>\n<p><img loading=\"lazy\" decoding=\"async\" class=\"aligncenter wp-image-3086 size-full\" src=\"http:\/\/bodamviet.com\/wp-content\/uploads\/2024\/07\/May-bo-dam-cam-tay-5.jpg\" alt=\"M\u00e1y b\u1ed9 \u0111\u00e0m Motorola GP 118 | B\u1ed9 \u0110\u00e0m Vi\u1ec7t\" width=\"800\" height=\"296\" srcset=\"https:\/\/bodamviet.com\/wp-content\/uploads\/2024\/07\/May-bo-dam-cam-tay-5.jpg 800w, https:\/\/bodamviet.com\/wp-content\/uploads\/2024\/07\/May-bo-dam-cam-tay-5-768x284.jpg 768w, https:\/\/bodamviet.com\/wp-content\/uploads\/2024\/07\/May-bo-dam-cam-tay-5-600x222.jpg 600w\" sizes=\"auto, (max-width: 800px) 100vw, 800px\" \/><\/p>\n<h3><span style=\"color: #ff0000;\">II. Tr\u1ecdn b\u1ed9 s\u1ea3n ph\u1ea9m bao g\u1ed3m:Tr\u1ecdn b\u1ed9 Motorola GP-118<\/span><\/h3>\n<p>\u2013 Th\u00e2n m\u00e1y<\/p>\n<p>\u2013 Pin<\/p>\n<p>\u2013 S\u1ea1c<\/p>\n<p>\u2013 Anten<\/p>\n<p>\u2013 B\u00e1t c\u00e0i<\/p>\n<h2><span style=\"color: #ff0000;\">M\u00e1y b\u1ed9 \u0111\u00e0m Motorola GP-118<\/span><span style=\"color: #ff0000;\"> C\u00f3 S\u1eb5n Gi\u00e1 R\u1ebb Nh\u1ea5t T\u1ea1i Bodamviet<\/span><\/h2>\n<p><strong>TH\u00d4NG TIN LI\u00caN H\u1ec6<\/strong><\/p>\n<ul>\n<li>H\u00e3y ch\u00e1t ngay v\u1edbi nh\u00e2n vi\u00ean online c\u1ee7a ch\u00fang t\u00f4i t\u1eeb 8h00 t\u1edbi 19h t\u1ed1i \u0111\u1ec3 \u0111\u01b0\u1ee3c gi\u1ea3i \u0111\u00e1p mi\u1ec5n ph\u00ed c\u00e1c c\u00e2u h\u1ecfi th\u01b0\u1eddng g\u1eb7p<\/li>\n<li>Hotline: 098 809 8828 \/ 094 987 7728<\/li>\n<li>Website:\u00a0<a href=\"https:\/\/bodamviet.com\">https:\/\/bodamviet.com<\/a><\/li>\n<li>\u0110\u1ecba Ch\u1ec9: 184 \u0110. Nguy\u1ec5n Tu\u00e2n, Thanh Xu\u00e2n Trung, Thanh Xu\u00e2n, H\u00e0 N\u1ed9i<\/li>\n<li>Gi\u1edd m\u1edf c\u1eeda : 8h00 \u2013 22h00 H\u00e0ng ng\u00e0y \u2013 ( L\u00e0m c\u1ea3 Th\u1ee9 7 &amp; CN)<\/li>\n<\/ul>\n<p>&nbsp;<\/p>\n","protected":false},"excerpt":{"rendered":"<p>M\u00e1y b\u1ed9 \u0111\u00e0m Motorola GP-118 gi\u00e1 R\u1ebb th\u00edch h\u1ee3p d\u00f9ng cho c\u00f4ng vi\u1ec7c th\u1eddi v\u1ee5, ng\u1eafn h\u1ea1n.\u00a0M\u00e1y b\u1ed9 \u0111\u00e0m Motorola GP-118 <strong>Nh\u1ecf \u2013 G\u1ecdn \u2013 Nh\u1eb9<\/strong>\u00a0d\u1ec5 d\u00e0ng s\u1eed d\u1ee5ng v\u00e0 thay th\u1ebf linh ki\u1ec7n.<\/p>\n<p>Motorola GP-118: Kho\u1ea3ng c\u00e1ch li\u00ean l\u1ea1c 500m \u2013 1km T\u00f9y tr\u1ed1ng tho\u00e1ng; 5-10 t\u1ea7ng. Pin d\u00f9ng 6-8h<\/p>\n<p>S\u1ea3n xu\u1ea5t T\u1ea1i China; B\u1ea3o h\u00e0nh 12 th\u00e1ng th\u00e2n m\u00e1y; 03 th\u00e1ng pin s\u1ea1c<\/p>\n","protected":false},"featured_media":3104,"comment_status":"open","ping_status":"closed","template":"","meta":[],"product_cat":[451,442],"product_tag":[],"class_list":{"0":"post-3083","1":"product","2":"type-product","3":"status-publish","4":"has-post-thumbnail","6":"product_cat-bo-dam-gia-re","7":"product_cat-bo-dam-motorola","9":"first","10":"instock","11":"sale","12":"shipping-taxable","13":"purchasable","14":"product-type-simple"},"_links":{"self":[{"href":"https:\/\/bodamviet.com\/index.php?rest_route=\/wp\/v2\/product\/3083","targetHints":{"allow":["GET"]}}],"collection":[{"href":"https:\/\/bodamviet.com\/index.php?rest_route=\/wp\/v2\/product"}],"about":[{"href":"https:\/\/bodamviet.com\/index.php?rest_route=\/wp\/v2\/types\/product"}],"replies":[{"embeddable":true,"href":"https:\/\/bodamviet.com\/index.php?rest_route=%2Fwp%2Fv2%2Fcomments&post=3083"}],"wp:featuredmedia":[{"embeddable":true,"href":"https:\/\/bodamviet.com\/index.php?rest_route=\/wp\/v2\/media\/3104"}],"wp:attachment":[{"href":"https:\/\/bodamviet.com\/index.php?rest_route=%2Fwp%2Fv2%2Fmedia&parent=3083"}],"wp:term":[{"taxonomy":"product_cat","embeddable":true,"href":"https:\/\/bodamviet.com\/index.php?rest_route=%2Fwp%2Fv2%2Fproduct_cat&post=3083"},{"taxonomy":"product_tag","embeddable":true,"href":"https:\/\/bodamviet.com\/index.php?rest_route=%2Fwp%2Fv2%2Fproduct_tag&post=3083"}],"curies":[{"name":"wp","href":"https:\/\/api.w.org\/{rel}","templated":true}]}}