{"id":3091,"date":"2024-07-30T10:56:03","date_gmt":"2024-07-30T03:56:03","guid":{"rendered":"https:\/\/bodamviet.com\/?post_type=product&#038;p=3091"},"modified":"2024-11-08T15:34:42","modified_gmt":"2024-11-08T08:34:42","slug":"bo-dam-kenwood-tk-450plus","status":"publish","type":"product","link":"https:\/\/bodamviet.com\/?product=bo-dam-kenwood-tk-450plus","title":{"rendered":"B\u1ed9 \u0110\u00e0m Kenwood TK-450Plus"},"content":{"rendered":"<h2><span style=\"color: #ff0000;\">B\u1ed9 \u0111\u00e0m Kenwood TK-450Plus gi\u00e1 r\u1ebb c\u00f3 t\u1ea1i B\u1ed9 \u0110\u00e0m Vi\u1ec7t<\/span><\/h2>\n<p><a href=\"https:\/\/bodamviet.com\/?product_cat=bo-dam-kenwood\"><strong>B\u1ed9 \u0111\u00e0mKenwood TK-450Plus<\/strong><\/a>\u00a0l\u00e0 m\u1ed9t trong nh\u1eefng s\u1ea3n ph\u1ea9m n\u1ed5i b\u1eadt tr\u00ean th\u1ecb tr\u01b0\u1eddng thi\u1ebft b\u1ecb li\u00ean l\u1ea1c, \u0111\u01b0\u1ee3c thi\u1ebft k\u1ebf \u0111\u1ec3 \u0111\u00e1p \u1ee9ng nhu c\u1ea7u c\u1ee7a nhi\u1ec1u ng\u00e0nh ngh\u1ec1 kh\u00e1c nhau nh\u01b0 b\u1ea3o v\u1ec7, qu\u1ea3n l\u00fd s\u1ef1 ki\u1ec7n, x\u00e2y d\u1ef1ng, v\u00e0 c\u00f4ng nghi\u1ec7p. M\u00e1y <strong>B\u1ed9 \u0111\u00e0m Kenwood TK-450Plus<\/strong> l\u00e0 d\u00f2ng s\u1ea3n ph\u1ea9m ch\u1ea5t l\u01b0\u1ee3ng \u0111\u01b0\u1ee3c c\u00f4ng nh\u1eadn theo ti\u00eau chu\u1ea9n qu\u00e2n s\u1ef1 v\u00e0 l\u00e0 s\u1ea3n ph\u1ea9m c\u00f3 gi\u00e1 r\u1ebb tr\u00ean th\u1ecb tr\u01b0\u1eddng Vi\u1ec7t Nam. V\u1edbi nhi\u1ec1u t\u00ednh n\u0103ng \u01b0u vi\u1ec7t v\u00e0 thi\u1ebft k\u1ebf nh\u1ecf g\u1ecdn, <strong>Kenwood TK-450Plus<\/strong>\u00a0h\u1ee9a h\u1eb9n mang l\u1ea1i s\u1ef1 ti\u1ec7n l\u1ee3i v\u00e0 hi\u1ec7u qu\u1ea3 t\u1ed1i \u0111a cho ng\u01b0\u1eddi d\u00f9ng<\/p>\n<p><img loading=\"lazy\" decoding=\"async\" class=\"aligncenter wp-image-2752 size-full\" title=\"B\u1ed9 \u0110\u00e0m Kenwood TK-450Plus | B\u1ed9 \u0110\u00e0m Vi\u1ec7t\" src=\"http:\/\/bodamviet.com\/wp-content\/uploads\/2023\/11\/bo-dam-cam-tay-kenwood-tk-520d-2.jpg\" alt=\"B\u1ed9 \u0110\u00e0m Kenwood TK-450Plus | B\u1ed9 \u0110\u00e0m Vi\u1ec7t\" width=\"852\" height=\"480\" srcset=\"https:\/\/bodamviet.com\/wp-content\/uploads\/2023\/11\/bo-dam-cam-tay-kenwood-tk-520d-2.jpg 852w, https:\/\/bodamviet.com\/wp-content\/uploads\/2023\/11\/bo-dam-cam-tay-kenwood-tk-520d-2-768x433.jpg 768w, https:\/\/bodamviet.com\/wp-content\/uploads\/2023\/11\/bo-dam-cam-tay-kenwood-tk-520d-2-600x338.jpg 600w\" sizes=\"auto, (max-width: 852px) 100vw, 852px\" \/><\/p>\n<p>&nbsp;<\/p>\n<div class=\"description\">\n<div class=\"description\">\n<h4><span style=\"color: #ff0000;\">Th\u00f4ng s\u1ed1 k\u1ef9 thu\u1eadt b\u1ed9 \u0111\u00e0m Kenwood TK-450Plus<\/span><\/h4>\n<p>\u2013 Pin LION 7.4V<\/p>\n<p>\u2013 Dung l\u01b0\u1ee3ng l\u1edbn 1500 mAh s\u1ea1c nh\u1ed3i \u0111\u01b0\u1ee3c<\/p>\n<p>\u2013 Xu\u1ea5t x\u1ee9: China<\/p>\n<p>\u2013 C\u00f4ng su\u1ea5t ph\u00e1t : 4W(UHF) xuy\u00ean qua v\u1eadt c\u1ea3n r\u1ea5t t\u1ed1t<\/p>\n<p>\u2013 C\u1ef1 ly li\u00ean l\u1ea1c : 1 ~ 2 Km\u00a0 ( tu\u1ef3 theo \u0111i\u1ec1u ki\u1ec7n v\u00e0 m\u00f4i tr\u01b0\u1eddng s\u1eed d\u1ee5ng )<\/p>\n<p>\u2013 D\u00e3y t\u1ea7n s\u1ed1 : 400-470 Mhz (UHF)<\/p>\n<p>\u2013 B\u1ed9 nh\u1edb 16 k\u00eanh t\u1ea7n s\u1ed1<\/p>\n<p>\u2013 K\u00edch th\u01b0\u1edbc nh\u1ecf, g\u1ecdn : 111x 55 x 30 mm<\/p>\n<p>\u2013 Tr\u1ecdng l\u01b0\u1ee3ng : 200g<\/p>\n<h3><span style=\"color: #ff0000;\">L\u1ee3i \u00edch khi s\u1eed d\u1ee5ng B\u1ed9 \u0111\u00e0m Kenwood TK-450Plus<\/span><\/h3>\n<p>\u2013 Hi\u1ec7u qu\u1ea3 cao trong li\u00ean l\u1ea1c: Nh\u1edd c\u00f4ng su\u1ea5t ph\u00e1t m\u1ea1nh m\u1ebd v\u00e0 kh\u1ea3 n\u0103ng xuy\u00ean v\u1eadt c\u1ea3n t\u1ed1t, thi\u1ebft b\u1ecb n\u00e0y \u0111\u1ea3m b\u1ea3o li\u00ean l\u1ea1c \u1ed5n \u0111\u1ecbnh v\u00e0 r\u00f5 r\u00e0ng ngay c\u1ea3 trong m\u00f4i tr\u01b0\u1eddng kh\u1eafc nghi\u1ec7t<\/p>\n<p>\u2013 Ti\u1ebft ki\u1ec7m n\u0103ng l\u01b0\u1ee3ng v\u00e0 th\u1eddi gian: Pin dung l\u01b0\u1ee3ng l\u1edbn 1500 mAh s\u1ea1c nh\u1ed3i gi\u00fap k\u00e9o d\u00e0i th\u1eddi gian s\u1eed d\u1ee5ng v\u00e0 gi\u1ea3m thi\u1ec3u th\u1eddi gian s\u1ea1c<\/p>\n<p>\u2013 \u0110\u1ed9 b\u1ec1n cao: S\u1ea3n ph\u1ea9m xu\u1ea5t x\u1ee9 t\u1eeb Singapore, \u0111\u01b0\u1ee3c s\u1ea3n xu\u1ea5t v\u1edbi c\u00e1c ti\u00eau chu\u1ea9n ch\u1ea5t l\u01b0\u1ee3ng cao, \u0111\u1ea3m b\u1ea3o \u0111\u1ed9 b\u1ec1n v\u00e0 hi\u1ec7u su\u1ea5t l\u00e2u d\u00e0i<\/p>\n<p>\u2013 D\u1ec5 d\u00e0ng s\u1eed d\u1ee5ng: Thi\u1ebft k\u1ebf nh\u1ecf g\u1ecdn v\u00e0 tr\u1ecdng l\u01b0\u1ee3ng nh\u1eb9 gi\u00fap ng\u01b0\u1eddi d\u00f9ng d\u1ec5 d\u00e0ng mang theo v\u00e0 s\u1eed d\u1ee5ng trong m\u1ecdi t\u00ecnh hu\u1ed1ng<\/p>\n<p><img loading=\"lazy\" decoding=\"async\" class=\"aligncenter wp-image-3086 size-full\" title=\"B\u1ed9 \u0110\u00e0m Kenwood TK-450Plus | B\u1ed9 \u0110\u00e0m Vi\u1ec7t\" src=\"http:\/\/bodamviet.com\/wp-content\/uploads\/2024\/07\/May-bo-dam-cam-tay-5.jpg\" alt=\"B\u1ed9 \u0111\u00e0m Kenwood TK 450 plus | B\u1ed9 \u0110\u00e0m Vi\u1ec7t\" width=\"800\" height=\"296\" srcset=\"https:\/\/bodamviet.com\/wp-content\/uploads\/2024\/07\/May-bo-dam-cam-tay-5.jpg 800w, https:\/\/bodamviet.com\/wp-content\/uploads\/2024\/07\/May-bo-dam-cam-tay-5-768x284.jpg 768w, https:\/\/bodamviet.com\/wp-content\/uploads\/2024\/07\/May-bo-dam-cam-tay-5-600x222.jpg 600w\" sizes=\"auto, (max-width: 800px) 100vw, 800px\" \/><\/p>\n<h2><span style=\"color: #ff0000;\">B\u1ed9 \u0111\u00e0m Kenwood TK-450Plus<\/span><span style=\"color: #ff0000;\">\u00a0C\u00f3 S\u1eb5n Gi\u00e1 R\u1ebb Nh\u1ea5t T\u1ea1i Bodamviet<\/span><\/h2>\n<p><strong>TH\u00d4NG TIN LI\u00caN H\u1ec6<\/strong><\/p>\n<ul>\n<li>H\u00e3y ch\u00e1t ngay v\u1edbi nh\u00e2n vi\u00ean online c\u1ee7a ch\u00fang t\u00f4i t\u1eeb 8h00 t\u1edbi 19h t\u1ed1i \u0111\u1ec3 \u0111\u01b0\u1ee3c gi\u1ea3i \u0111\u00e1p mi\u1ec5n ph\u00ed c\u00e1c c\u00e2u h\u1ecfi th\u01b0\u1eddng g\u1eb7p<\/li>\n<li>Hotline: 098 809 8828 \/ 094 987 7728<\/li>\n<li>Website:\u00a0<a href=\"https:\/\/bodamviet.com\">https:\/\/bodamviet.com<\/a><\/li>\n<li>\u0110\u1ecba Ch\u1ec9: 184 \u0110. Nguy\u1ec5n Tu\u00e2n, Thanh Xu\u00e2n Trung, Thanh Xu\u00e2n, H\u00e0 N\u1ed9i<\/li>\n<li>Gi\u1edd m\u1edf c\u1eeda : 8h00 \u2013 22h00 H\u00e0ng ng\u00e0y \u2013 ( L\u00e0m c\u1ea3 Th\u1ee9 7 &amp; CN)<\/li>\n<\/ul>\n<\/div>\n<\/div>\n","protected":false},"excerpt":{"rendered":"<p>M\u00e1y <strong>B\u1ed9 \u0111\u00e0m Kenwood TK-450Plus<\/strong> gi\u00e1 R\u1ebb th\u00edch h\u1ee3p d\u00f9ng cho c\u00f4ng vi\u1ec7c th\u1eddi v\u1ee5, ng\u1eafn h\u1ea1n.<\/p>\n<p>B\u1ed9 \u0111\u00e0m Kenwood TK-450Plus<strong>Nh\u1ecf \u2013 G\u1ecdn \u2013 Nh\u1eb9<\/strong>\u00a0d\u1ec5 d\u00e0ng s\u1eed d\u1ee5ng v\u00e0 thay th\u1ebf linh ki\u1ec7n.<\/p>\n<p><strong>B\u1ed9 \u0111\u00e0m Kenwood TK-450Plus<\/strong>: Kho\u1ea3ng c\u00e1ch li\u00ean l\u1ea1c 500m \u2013 1km T\u00f9y tr\u1ed1ng tho\u00e1ng; 5-10 t\u1ea7ng. Pin d\u00f9ng 6-8h<\/p>\n<p>S\u1ea3n xu\u1ea5t T\u1ea1i China; B\u1ea3o h\u00e0nh 12 th\u00e1ng th\u00e2n m\u00e1y; 03 th\u00e1ng pin s\u1ea1c<\/p>\n","protected":false},"featured_media":3106,"comment_status":"open","ping_status":"closed","template":"","meta":[],"product_cat":[451,437],"product_tag":[],"class_list":{"0":"post-3091","1":"product","2":"type-product","3":"status-publish","4":"has-post-thumbnail","6":"product_cat-bo-dam-gia-re","7":"product_cat-bo-dam-kenwood","9":"first","10":"instock","11":"sale","12":"shipping-taxable","13":"purchasable","14":"product-type-simple"},"_links":{"self":[{"href":"https:\/\/bodamviet.com\/index.php?rest_route=\/wp\/v2\/product\/3091","targetHints":{"allow":["GET"]}}],"collection":[{"href":"https:\/\/bodamviet.com\/index.php?rest_route=\/wp\/v2\/product"}],"about":[{"href":"https:\/\/bodamviet.com\/index.php?rest_route=\/wp\/v2\/types\/product"}],"replies":[{"embeddable":true,"href":"https:\/\/bodamviet.com\/index.php?rest_route=%2Fwp%2Fv2%2Fcomments&post=3091"}],"wp:featuredmedia":[{"embeddable":true,"href":"https:\/\/bodamviet.com\/index.php?rest_route=\/wp\/v2\/media\/3106"}],"wp:attachment":[{"href":"https:\/\/bodamviet.com\/index.php?rest_route=%2Fwp%2Fv2%2Fmedia&parent=3091"}],"wp:term":[{"taxonomy":"product_cat","embeddable":true,"href":"https:\/\/bodamviet.com\/index.php?rest_route=%2Fwp%2Fv2%2Fproduct_cat&post=3091"},{"taxonomy":"product_tag","embeddable":true,"href":"https:\/\/bodamviet.com\/index.php?rest_route=%2Fwp%2Fv2%2Fproduct_tag&post=3091"}],"curies":[{"name":"wp","href":"https:\/\/api.w.org\/{rel}","templated":true}]}}