{"id":3097,"date":"2024-07-30T13:58:02","date_gmt":"2024-07-30T06:58:02","guid":{"rendered":"https:\/\/bodamviet.com\/?post_type=product&#038;p=3097"},"modified":"2024-11-08T15:50:08","modified_gmt":"2024-11-08T08:50:08","slug":"bo-dam-kenwood-tk-320","status":"publish","type":"product","link":"https:\/\/bodamviet.com\/?product=bo-dam-kenwood-tk-320","title":{"rendered":"B\u1ed9 \u0110\u00e0m Kenwood TK-320"},"content":{"rendered":"<h2><span style=\"color: #ff0000;\">B\u1ed9 \u0111\u00e0m Kenwood TK-320 gi\u00e1 r\u1ebb<\/span><\/h2>\n<p><a href=\"https:\/\/bodamviet.com\/?product_cat=bo-dam-kenwood\"><strong>Kenwood TK-320<\/strong><\/a> l\u00e0 m\u1ed9t l\u1ef1a ch\u1ecdn l\u00fd t\u01b0\u1edfng cho c\u00e1c nhu c\u1ea7u li\u00ean l\u1ea1c trong nhi\u1ec1u m\u00f4i tr\u01b0\u1eddng kh\u00e1c nhau, t\u1eeb c\u00f4ng tr\u01b0\u1eddng x\u00e2y d\u1ef1ng, nh\u00e0 kho, \u0111\u1ebfn c\u00e1c s\u1ef1 ki\u1ec7n ngo\u00e0i tr\u1eddi. V\u1edbi thi\u1ebft k\u1ebf ch\u1eafc ch\u1eafn, \u0111\u1ed9 b\u1ec1n cao, v\u00e0 kh\u1ea3 n\u0103ng ch\u1ecbu \u0111\u01b0\u1ee3c c\u00e1c \u0111i\u1ec1u ki\u1ec7n kh\u1eafc nghi\u1ec7t, <strong>Kenwood TK-320<\/strong> \u0111\u1ea3m b\u1ea3o hi\u1ec7u su\u1ea5t ho\u1ea1t \u0111\u1ed9ng \u1ed5n \u0111\u1ecbnh trong m\u1ecdi ho\u00e0n c\u1ea3nh. Thi\u1ebft b\u1ecb n\u00e0y c\u0169ng c\u00f3 kh\u1ea3 n\u0103ng ph\u00e1t s\u00f3ng m\u1ea1nh m\u1ebd, gi\u00fap duy tr\u00ec k\u1ebft n\u1ed1i \u1ed5n \u0111\u1ecbnh ngay c\u1ea3 trong khu v\u1ef1c r\u1ed9ng l\u1edbn hay c\u00f3 nhi\u1ec1u v\u1eadt c\u1ea3n<\/p>\n<p><img loading=\"lazy\" decoding=\"async\" class=\"aligncenter wp-image-3111 size-full\" title=\"B\u1ed9 \u0111\u00e0m Kenwood TK-320 | B\u1ed9 \u0110\u00e0m Vi\u1ec7t\" src=\"http:\/\/bodamviet.com\/wp-content\/uploads\/2024\/07\/pin-bo-dam-kenwood-tk-320.jpg\" alt=\"B\u1ed9 \u0111\u00e0m Kenwood TK-320 | B\u1ed9 \u0110\u00e0m Vi\u1ec7t\" width=\"600\" height=\"600\" srcset=\"https:\/\/bodamviet.com\/wp-content\/uploads\/2024\/07\/pin-bo-dam-kenwood-tk-320.jpg 600w, https:\/\/bodamviet.com\/wp-content\/uploads\/2024\/07\/pin-bo-dam-kenwood-tk-320-300x300.jpg 300w, https:\/\/bodamviet.com\/wp-content\/uploads\/2024\/07\/pin-bo-dam-kenwood-tk-320-100x100.jpg 100w\" sizes=\"auto, (max-width: 600px) 100vw, 600px\" \/><\/p>\n<p><strong style=\"color: #ff0000;\">Nh\u1eefng \u01b0u \u0111i\u1ec3m v\u01b0\u1ee3t tr\u1ed9i c\u1ee7a m\u00e1y b\u1ed9 \u0111\u00e0m Kenwood TK-320<\/strong><\/p>\n<div class=\"vc_row wpb_row vc_row-fluid\">\n<div class=\"wpb_column vc_column_container vc_col-sm-12\">\n<div class=\"vc_column-inner\">\n<div class=\"wpb_wrapper\">\n<div class=\"wpb_text_column wpb_content_element wpb_animate_when_almost_visible wpb_bottom-to-top bottom-to-top wpb_start_animation animated\">\n<div class=\"wpb_wrapper\">\n<p><strong>B\u1ed9 \u0111\u00e0m kenwood TK-320<\/strong> \u0111\u01b0\u1ee3c thi\u1ebft k\u1ebf ki\u1ec3u d\u00e1ng ph\u00e1 c\u00e1ch l\u00e0 s\u1ef1 pha tr\u1ed9n gi\u1eefa m\u1eabu b\u1ed9 \u0111\u00e0m truy\u1ec1n th\u1ed1ng k\u1ebft h\u1ee3p hi\u1ec7n \u0111\u1ea1i v\u1edbi 2 n\u00fat v\u1eb7n to tr\u00ean th\u00e2n m\u00e1y<\/p>\n<p><strong>M\u00e1y b\u1ed9 \u0111\u00e0m Kenwood TK-320<\/strong>\u00a0r\u1ea5t nh\u1ecf g\u1ecdn, c\u1ea7m kh\u00e1 ch\u1eafc tay, s\u1ea3n ph\u1ea9m c\u00f3 kh\u1ea3 n\u0103ng ch\u1ed1ng va \u0111\u1eadp t\u1ed1t. \u0110\u1eb7c bi\u1ec7t\u00a0<strong>TK-320<\/strong> ho\u00e0n to\u00e0n \u0111\u00e1p \u1ee9ng ti\u00eau chu\u1ea9n ch\u1ed1ng b\u1ee5i v\u00e0 n\u01b0\u1edbc IP54, ph\u00f9 h\u1ee3p s\u1eed d\u1ee5ng trong m\u1ecdi m\u00f4i tr\u01b0\u1eddng kh\u00e1c nhau<\/p>\n<\/div>\n<\/div>\n<\/div>\n<\/div>\n<\/div>\n<\/div>\n<div class=\"vc_row wpb_row vc_row-fluid\">\n<div class=\"wpb_column vc_column_container vc_col-sm-12\">\n<div class=\"vc_column-inner\">\n<div class=\"wpb_wrapper\">\n<div class=\"wpb_text_column wpb_content_element wpb_animate_when_almost_visible wpb_bottom-to-top bottom-to-top wpb_start_animation animated\">\n<div class=\"wpb_wrapper\">\n<p><strong>M\u00e1y b\u1ed9 \u0111\u00e0m\u00a0kenwood TK320<\/strong> l\u00e0 d\u00f2ng m\u00e1y thu\u1ed9c ph\u00e2n kh\u00fac t\u1ea7m trung, s\u1ea3n ph\u1ea9m \u0111\u01b0\u1ee3c s\u1ea3n xu\u1ea5t theo ti\u00eau chu\u1ea9n qu\u00e2n s\u1ef1 c\u00f3 \u0111\u1ed9 b\u1ec1n cao, ch\u1ea5t l\u01b0\u1ee3ng \u00e2m thanh v\u01b0\u1ee3t tr\u1ed9i<\/p>\n<p>S\u1ea3n ph\u1ea9m n\u00e0y c\u00f3 16 k\u00eanh, m\u1ed7i k\u00eanh \u0111\u1ec1u \u0111\u01b0\u1ee3c c\u00e0i \u0111\u1eb7t ch\u1ebf \u0111\u1ed9 ph\u00edm QT v\u00e0 DQT \u0111\u1ec3 h\u1ea1n ch\u1ebf t\u00edn hi\u1ec7u g\u00e2y nhi\u1ec5u<\/p>\n<p>M\u00e1y b\u1ed9 \u0111\u00e0m Kenwood TK 320 c\u00f3 c\u1ef1 ly ho\u1ea1t \u0111\u1ed9ng trong kho\u1ea3ng t\u1eeb 1km \u2013 2km<\/p>\n<p>Thi\u1ebft b\u1ecb ph\u00f9 h\u1ee3p v\u1edbi c\u00e1c c\u00f4ng vi\u1ec7c nh\u01b0 qu\u00e1n \u0103n, nh\u00e0 h\u00e0ng, cafe, c\u00f4ng tr\u00ecnh, nh\u00e0 x\u01b0\u1edfng, kh\u00e1ch s\u1ea1n<\/p>\n<h3><span style=\"color: #ff0000;\"><strong>Th\u00f4ng s\u1ed1 k\u1ef9 thu\u1eadt b\u1ed9 \u0111\u00e0m Kenwood TK-320<\/strong><\/span><\/h3>\n<p>\u2013 D\u1ea3i t\u1ea7n:\u00a0 D\u1ea3i t\u1ea7n UHF 403 -480<br \/>\n\u2013 C\u00f4ng su\u1ea5t: 4W (UHF)<br \/>\n\u2013\u00a0S\u1ed1 k\u00eanh: 16 k\u00eanh<br \/>\n\u2013 Lo\u1ea1i Pin Li-Ion :2200 mAh<br \/>\n\u2013\u00a0Th\u1eddi gian s\u1eed d\u1ee5ng Pin: 12 gi\u1edd<br \/>\n\u2013 M\u00f4i tr\u01b0\u1eddng nhi\u1ec7t \u0111\u1ed9: -30 \u2013 +60 \u0111\u1ed9<br \/>\n\u2013\u00a0\u0110\u1ed9 d\u00e3n k\u00eanh: 12,5 \/ 25 kHz chuy\u1ec3n \u0111\u1ed5i<br \/>\n\u2013 \u0110\u1ed9 m\u00e9o \u00e2m thanh: &lt;5% \u2013 K\u00edch th\u01b0\u1edbc (r\u1ed9ng x d\u00e0i x cao): 50 x 100x 30mm \u2013 Tr\u1ecdng l\u01b0\u1ee3ng (Pin &amp; Anten): 260g \u2013 C\u1ef1 li li\u00ean l\u1ea1c t\u1ed1t: 1-2 km<\/p>\n<p><img loading=\"lazy\" decoding=\"async\" class=\"aligncenter wp-image-3086 size-full\" title=\"B\u1ed9 \u0111\u00e0m Kenwood TK-320 | B\u1ed9 \u0110\u00e0m Vi\u1ec7t\" src=\"http:\/\/bodamviet.com\/wp-content\/uploads\/2024\/07\/May-bo-dam-cam-tay-5.jpg\" alt=\"B\u1ed9 \u0111\u00e0m Kenwood TK-320 | B\u1ed9 \u0110\u00e0m Vi\u1ec7t\" width=\"800\" height=\"296\" srcset=\"https:\/\/bodamviet.com\/wp-content\/uploads\/2024\/07\/May-bo-dam-cam-tay-5.jpg 800w, https:\/\/bodamviet.com\/wp-content\/uploads\/2024\/07\/May-bo-dam-cam-tay-5-768x284.jpg 768w, https:\/\/bodamviet.com\/wp-content\/uploads\/2024\/07\/May-bo-dam-cam-tay-5-600x222.jpg 600w\" sizes=\"auto, (max-width: 800px) 100vw, 800px\" \/><\/p>\n<h3><span style=\"color: #ff0000;\"><strong>\u0110\u1ed2NG B\u1ed8 S\u1ea2N PH\u1ea8M KENWOOD TK-320<\/strong><\/span><\/h3>\n<p>\u2013\u00a001 Th\u00e2n m\u00e1y KENWOOD TK-320<br \/>\n\u2013\u00a001 Antenna<br \/>\n\u2013\u00a001 Pin (Pin Li \u2013 ion PMLN 4081 \u2013 2800mAh)<br \/>\n\u2013\u00a001 Adaptor<br \/>\n\u2013\u00a001 S\u1ea1c b\u00e0n<br \/>\n\u2013\u00a001 B\u00e1t c\u00e0i l\u01b0ng<\/p>\n<h2><span style=\"color: #ff0000;\">B\u1ed9 \u0111\u00e0m Kenwood TK-320<\/span><span style=\"color: #ff0000;\"> C\u00f3 S\u1eb5n Gi\u00e1 R\u1ebb Nh\u1ea5t T\u1ea1i Bodamviet<\/span><\/h2>\n<p><strong>TH\u00d4NG TIN LI\u00caN H\u1ec6<\/strong><\/p>\n<ul>\n<li>H\u00e3y ch\u00e1t ngay v\u1edbi nh\u00e2n vi\u00ean online c\u1ee7a ch\u00fang t\u00f4i t\u1eeb 8h00 t\u1edbi 19h t\u1ed1i \u0111\u1ec3 \u0111\u01b0\u1ee3c gi\u1ea3i \u0111\u00e1p mi\u1ec5n ph\u00ed c\u00e1c c\u00e2u h\u1ecfi th\u01b0\u1eddng g\u1eb7p<\/li>\n<li>Hotline: 098 809 8828 \/ 094 987 7728<\/li>\n<li>Website:\u00a0<a href=\"https:\/\/bodamviet.com\">https:\/\/bodamviet.com<\/a><\/li>\n<li>\u0110\u1ecba Ch\u1ec9: 184 \u0110. Nguy\u1ec5n Tu\u00e2n, Thanh Xu\u00e2n Trung, Thanh Xu\u00e2n, H\u00e0 N\u1ed9i<\/li>\n<li>Gi\u1edd m\u1edf c\u1eeda : 8h00 \u2013 22h00 H\u00e0ng ng\u00e0y \u2013 ( L\u00e0m c\u1ea3 Th\u1ee9 7 &amp; CN)<\/li>\n<\/ul>\n<\/div>\n<\/div>\n<\/div>\n<\/div>\n<\/div>\n<\/div>\n","protected":false},"excerpt":{"rendered":"<p><strong>B\u1ed9 \u0111\u00e0m Kenwood TK-320<\/strong> gi\u00e1 R\u1ebb th\u00edch h\u1ee3p d\u00f9ng cho c\u00f4ng vi\u1ec7c th\u1eddi v\u1ee5, ng\u1eafn h\u1ea1n.\u00a0B\u1ed9 \u0111\u00e0m Kenwood TK-320<strong> Nh\u1ecf \u2013 G\u1ecdn \u2013 Nh\u1eb9<\/strong>\u00a0d\u1ec5 d\u00e0ng s\u1eed d\u1ee5ng v\u00e0 thay th\u1ebf linh ki\u1ec7n.<\/p>\n<p><strong>B\u1ed9 \u0111\u00e0m Kenwood TK-320<\/strong>: Kho\u1ea3ng c\u00e1ch li\u00ean l\u1ea1c 500m \u2013 1km T\u00f9y tr\u1ed1ng tho\u00e1ng; 5-10 t\u1ea7ng. Pin d\u00f9ng 6-8h<\/p>\n<p>S\u1ea3n xu\u1ea5t T\u1ea1i China; B\u1ea3o h\u00e0nh 12 th\u00e1ng th\u00e2n m\u00e1y; 03 th\u00e1ng pin s\u1ea1c<\/p>\n","protected":false},"featured_media":3112,"comment_status":"open","ping_status":"closed","template":"","meta":[],"product_cat":[453,451,437],"product_tag":[],"class_list":{"0":"post-3097","1":"product","2":"type-product","3":"status-publish","4":"has-post-thumbnail","6":"product_cat-bo-dam-dung-sim-3g-4g","7":"product_cat-bo-dam-gia-re","8":"product_cat-bo-dam-kenwood","10":"first","11":"instock","12":"sale","13":"shipping-taxable","14":"purchasable","15":"product-type-simple"},"_links":{"self":[{"href":"https:\/\/bodamviet.com\/index.php?rest_route=\/wp\/v2\/product\/3097","targetHints":{"allow":["GET"]}}],"collection":[{"href":"https:\/\/bodamviet.com\/index.php?rest_route=\/wp\/v2\/product"}],"about":[{"href":"https:\/\/bodamviet.com\/index.php?rest_route=\/wp\/v2\/types\/product"}],"replies":[{"embeddable":true,"href":"https:\/\/bodamviet.com\/index.php?rest_route=%2Fwp%2Fv2%2Fcomments&post=3097"}],"wp:featuredmedia":[{"embeddable":true,"href":"https:\/\/bodamviet.com\/index.php?rest_route=\/wp\/v2\/media\/3112"}],"wp:attachment":[{"href":"https:\/\/bodamviet.com\/index.php?rest_route=%2Fwp%2Fv2%2Fmedia&parent=3097"}],"wp:term":[{"taxonomy":"product_cat","embeddable":true,"href":"https:\/\/bodamviet.com\/index.php?rest_route=%2Fwp%2Fv2%2Fproduct_cat&post=3097"},{"taxonomy":"product_tag","embeddable":true,"href":"https:\/\/bodamviet.com\/index.php?rest_route=%2Fwp%2Fv2%2Fproduct_tag&post=3097"}],"curies":[{"name":"wp","href":"https:\/\/api.w.org\/{rel}","templated":true}]}}