{"id":3114,"date":"2024-08-01T09:55:32","date_gmt":"2024-08-01T02:55:32","guid":{"rendered":"https:\/\/bodamviet.com\/?post_type=product&#038;p=3114"},"modified":"2024-11-12T07:54:13","modified_gmt":"2024-11-12T00:54:13","slug":"bo-dam-motorola-cp-1688","status":"publish","type":"product","link":"https:\/\/bodamviet.com\/?product=bo-dam-motorola-cp-1688","title":{"rendered":"B\u1ed9 \u0110\u00e0m Motorola CP-1688"},"content":{"rendered":"<h2><span style=\"color: #ff0000;\">B\u1ed9 \u0111\u00e0m Motorola CP-1688 gi\u00e1 r\u1ebb<\/span><\/h2>\n<p><a href=\"https:\/\/bodamviet.com\/?product_cat=bo-dam-motorola\"><strong>M\u00e1y b\u1ed9 \u0111\u00e0m Motorola 1688<\/strong><\/a> l\u00e0 m\u1ed9t trong nh\u1eefng s\u1ea3n ph\u1ea9m c\u1ee7a Motorola \u0111\u01b0\u1ee3c nhi\u1ec1u ng\u01b0\u1eddi s\u1eed d\u1ee5ng v\u00e0 tin t\u01b0\u1edfng nh\u1ea5t hi\u1ec7n nay. B\u1ed9 \u0111\u00e0m\u00a0 Motorola 1688 \u0111\u01b0\u1ee3c thi\u1ebft k\u1ebf r\u1ea5t \u0111\u01a1n gi\u1ea3n, d\u1ec5 s\u1eed d\u1ee5ng c\u00f9ng v\u1edbi kh\u1ea3 n\u0103ng ch\u1ed1ng n\u01b0\u1edbc, ch\u1ed1ng va \u0111\u1eadp, gi\u00e1 c\u1ea3 r\u1ea5t h\u1ee3p l\u00fd. Th\u00e2n m\u00e1y, ki\u1ec3u d\u00e1ng nh\u1ecf g\u1ecdn ph\u00f9 h\u1ee3p \u0111\u1ec3 l\u00e0m vi\u1ec7c trong nhi\u1ec1u m\u00f4i tr\u01b0\u1eddng kh\u00e1c nhau<\/p>\n<p><img loading=\"lazy\" decoding=\"async\" class=\"aligncenter wp-image-3117 size-full\" title=\"B\u1ed9 \u0111\u00e0m Motorola CP-1688 | B\u1ed9 \u0110\u00e0m Vi\u1ec7t\" src=\"http:\/\/bodamviet.com\/wp-content\/uploads\/2024\/07\/bo-dam-cong-trinh-xay-dung-bo-dam-motorola.png\" alt=\"B\u1ed9 \u0111\u00e0m Motorola CP-1688 | B\u1ed9 \u0110\u00e0m Vi\u1ec7t\" width=\"600\" height=\"311\" \/><\/p>\n<h4><span style=\"color: #ff0000;\"><strong>T\u00ednh n\u0103ng n\u1ed5i tr\u1ed9i c\u1ee7a b\u1ed9 \u0111\u00e0m Motorola CP-1688<\/strong><\/span><\/h4>\n<p>\u2013 D\u00f2ng m\u00e1y <strong>B\u1ed9 \u0111\u00e0m Motorola CP-1688<\/strong> d\u00f9ng pin Li-ion 3,7V cho ph\u00e9p s\u1ea1c nh\u1ed3i m\u00e0 kh\u00f4ng g\u00e2y gi\u00e1n \u0111o\u1ea1n c\u00f4ng vi\u1ec7c<br \/>\n\u2013 Dung l\u01b0\u1ee3ng pin l\u1edbn 2500mAh gi\u00fap b\u1ed9 \u0111\u00e0m <strong>B\u1ed9 \u0111\u00e0m Motorola CP-1688<\/strong>\u00a0ho\u1ea1t \u0111\u1ed9ng \u0111\u01b0\u1ee3c l\u00e2u h\u01a1n<br \/>\n\u2013 C\u00f4ng xu\u1ea5t ph\u00e1t 4W c\u00f3 kh\u1ea3 n\u0103ng gi\u1eef c\u1ef1 ly li\u00ean l\u1ea1c t\u1ed1t h\u01a1n<br \/>\n\u2013 S\u1eed d\u1ee5ng b\u1ed9 nh\u1edb v\u1edbi 16 k\u00eanh li\u00ean l\u1ea1c cho ph\u00e9p b\u1ea1n li\u00ean l\u1ea1c \u0111\u01b0\u1ee3c v\u1edbi nhi\u1ec1u ng\u01b0\u1eddi, nhi\u1ec1u nh\u00f3m ng\u01b0\u1eddi m\u00e0 kh\u00f4ng t\u1ed1n chi ph\u00ed s\u1eed d\u1ee5ng nhi\u1ec1u m\u00e1y<br \/>\n\u2013 K\u00edch th\u01b0\u1edbc g\u1ecdn, nh\u1eb9 d\u1ec5 d\u00e0ng c\u1ea7m n\u1eafm s\u1eed d\u1ee5ng m\u00e0 kh\u00f4ng s\u1ee3 v\u01b0\u1edbng v\u00edu..<br \/>\n\u2013 \u0110\u01b0\u1ee3c thi\u1ebft k\u1ebf ch\u1eafc ch\u1eafn c\u00f3 kh\u1ea3 n\u0103ng ch\u1ecbu \u0111\u01b0\u1ee3c va \u0111\u1eadp, ch\u1ea5n \u0111\u1ed9ng<br \/>\n\u2013 M\u00e1y ph\u00f9 h\u1ee3p \u0111\u1ec3 s\u1eed d\u1ee5ng trong nhi\u1ec1u m\u00f4i tr\u01b0\u1eddng kh\u00e1c nhau nh\u01b0 nh\u00e0 cao t\u1ea7ng, nh\u00e0 h\u00e0ng, qu\u00e1n \u0103n, qu\u00e1n cafe,..<br \/>\nTr\u1ecdn b\u1ed9 <strong>B\u1ed9 \u0111\u00e0m Motorola CP-1688<\/strong> bao g\u1ed3m :Th\u00e2n m\u00e1y,Pin,S\u1ea1c,Anten,b\u00e1t g\u00e0i,d\u00e2y \u0111eo,v\u00e0 s\u00e1ch h\u01b0\u1edbng d\u1eabn..<\/p>\n<p><img loading=\"lazy\" decoding=\"async\" class=\"aligncenter wp-image-3118 size-full\" title=\"B\u1ed9 \u0111\u00e0m Motorola CP-1688 | B\u1ed9 \u0110\u00e0m Vi\u1ec7t\" src=\"http:\/\/bodamviet.com\/wp-content\/uploads\/2024\/07\/anh-minh-hoa.jpg\" alt=\"B\u1ed9 \u0111\u00e0m Motorola CP-1688 | B\u1ed9 \u0110\u00e0m Vi\u1ec7t\" width=\"800\" height=\"260\" srcset=\"https:\/\/bodamviet.com\/wp-content\/uploads\/2024\/07\/anh-minh-hoa.jpg 800w, https:\/\/bodamviet.com\/wp-content\/uploads\/2024\/07\/anh-minh-hoa-768x250.jpg 768w, https:\/\/bodamviet.com\/wp-content\/uploads\/2024\/07\/anh-minh-hoa-600x195.jpg 600w\" sizes=\"auto, (max-width: 800px) 100vw, 800px\" \/><\/p>\n<h3><span style=\"color: #ff0000;\"><strong>Th\u00f4ng s\u1ed1 k\u1ef9 thu\u1eadt B\u1ed9 \u0111\u00e0m Motorola CP-1688<\/strong><\/span><\/h3>\n<p>\u2013 T\u1ea7n s\u1ed1: 400-470 Mhz<br \/>\n\u2013 C\u00f4ng su\u1ea5t ph\u00e1t: 4 W<br \/>\n\u2013 Dung l\u01b0\u1ee3ng Pin: 2500 mAh<br \/>\n\u2013 Th\u1eddi gian s\u1eed d\u1ee5ng: 12 gi\u1edd<br \/>\n\u2013 Lo\u1ea1i Pin: Li-on 3,7 V<br \/>\n\u2013 Ch\u1ed1ng n\u01b0\u1edbc: Kh\u00f4ng<br \/>\n\u2013 Ch\u1ed1ng b\u1ee5i: C\u00f3<br \/>\n\u2013 Tr\u1ecdng L\u01b0\u1ee3ng: 200 g<br \/>\n\u2013 K\u00edch th\u01b0\u1edbc; 111x 55 x 30 mm<br \/>\n\u2013 Xu\u1ea5t x\u1ee9: China<\/p>\n<h2><span style=\"color: #ff0000;\">B\u1ed9 \u0111\u00e0m <strong>B\u1ed9 \u0111\u00e0m Motorola CP-1688<\/strong><\/span><span style=\"color: #ff0000;\">\u00a0C\u00f3 S\u1eb5n Gi\u00e1 R\u1ebb Nh\u1ea5t T\u1ea1i Bodamviet<\/span><\/h2>\n<p><strong>TH\u00d4NG TIN LI\u00caN H\u1ec6<\/strong><\/p>\n<ul>\n<li>H\u00e3y ch\u00e1t ngay v\u1edbi nh\u00e2n vi\u00ean online c\u1ee7a ch\u00fang t\u00f4i t\u1eeb 8h00 t\u1edbi 19h t\u1ed1i \u0111\u1ec3 \u0111\u01b0\u1ee3c gi\u1ea3i \u0111\u00e1p mi\u1ec5n ph\u00ed c\u00e1c c\u00e2u h\u1ecfi th\u01b0\u1eddng g\u1eb7p<\/li>\n<li>Hotline: 098 809 8828 \/ 094 987 7728<\/li>\n<li>Website:\u00a0<a href=\"https:\/\/bodamviet.com\">https:\/\/bodamviet.com<\/a><\/li>\n<li>\u0110\u1ecba Ch\u1ec9: 184 \u0110. Nguy\u1ec5n Tu\u00e2n, Thanh Xu\u00e2n Trung, Thanh Xu\u00e2n, H\u00e0 N\u1ed9i<\/li>\n<li>Gi\u1edd m\u1edf c\u1eeda : 8h00 \u2013 22h00 H\u00e0ng ng\u00e0y \u2013 ( L\u00e0m c\u1ea3 Th\u1ee9 7 &amp; CN)<\/li>\n<\/ul>\n","protected":false},"excerpt":{"rendered":"<p><strong>B\u1ed9 \u0111\u00e0m Motorola CP 1688<\/strong> gi\u00e1 R\u1ebb th\u00edch h\u1ee3p d\u00f9ng cho c\u00f4ng vi\u1ec7c th\u1eddi v\u1ee5, ng\u1eafn h\u1ea1n. <strong>B\u1ed9 \u0111\u00e0m Motorola CP 1688\u00a0Nh\u1ecf \u2013 G\u1ecdn \u2013 Nh\u1eb9<\/strong>\u00a0d\u1ec5 d\u00e0ng s\u1eed d\u1ee5ng v\u00e0 thay th\u1ebf linh ki\u1ec7n.<\/p>\n<p><strong>B\u1ed9 \u0111\u00e0m Motorola CP 1688<\/strong>: Kho\u1ea3ng c\u00e1ch li\u00ean l\u1ea1c 500m \u2013 1km T\u00f9y tr\u1ed1ng tho\u00e1ng; 5-10 t\u1ea7ng. Pin d\u00f9ng 6-8h<\/p>\n<p>S\u1ea3n xu\u1ea5t T\u1ea1i China; B\u1ea3o h\u00e0nh 12 th\u00e1ng th\u00e2n m\u00e1y; 03 th\u00e1ng pin s\u1ea1c<\/p>\n","protected":false},"featured_media":3124,"comment_status":"open","ping_status":"closed","template":"","meta":[],"product_cat":[451,442],"product_tag":[],"class_list":{"0":"post-3114","1":"product","2":"type-product","3":"status-publish","4":"has-post-thumbnail","6":"product_cat-bo-dam-gia-re","7":"product_cat-bo-dam-motorola","9":"first","10":"instock","11":"sale","12":"shipping-taxable","13":"purchasable","14":"product-type-simple"},"_links":{"self":[{"href":"https:\/\/bodamviet.com\/index.php?rest_route=\/wp\/v2\/product\/3114","targetHints":{"allow":["GET"]}}],"collection":[{"href":"https:\/\/bodamviet.com\/index.php?rest_route=\/wp\/v2\/product"}],"about":[{"href":"https:\/\/bodamviet.com\/index.php?rest_route=\/wp\/v2\/types\/product"}],"replies":[{"embeddable":true,"href":"https:\/\/bodamviet.com\/index.php?rest_route=%2Fwp%2Fv2%2Fcomments&post=3114"}],"wp:featuredmedia":[{"embeddable":true,"href":"https:\/\/bodamviet.com\/index.php?rest_route=\/wp\/v2\/media\/3124"}],"wp:attachment":[{"href":"https:\/\/bodamviet.com\/index.php?rest_route=%2Fwp%2Fv2%2Fmedia&parent=3114"}],"wp:term":[{"taxonomy":"product_cat","embeddable":true,"href":"https:\/\/bodamviet.com\/index.php?rest_route=%2Fwp%2Fv2%2Fproduct_cat&post=3114"},{"taxonomy":"product_tag","embeddable":true,"href":"https:\/\/bodamviet.com\/index.php?rest_route=%2Fwp%2Fv2%2Fproduct_tag&post=3114"}],"curies":[{"name":"wp","href":"https:\/\/api.w.org\/{rel}","templated":true}]}}