{"id":3167,"date":"2024-08-08T11:26:45","date_gmt":"2024-08-08T04:26:45","guid":{"rendered":"https:\/\/bodamviet.com\/?post_type=product&#038;p=3167"},"modified":"2024-11-08T16:21:06","modified_gmt":"2024-11-08T09:21:06","slug":"bo-dam-motorola-cp-1550plus","status":"publish","type":"product","link":"https:\/\/bodamviet.com\/?product=bo-dam-motorola-cp-1550plus","title":{"rendered":"B\u1ed9 \u0110\u00e0m Motorola CP-1550Plus"},"content":{"rendered":"<h2 class=\"product-name\"><span style=\"color: #ff0000;\">B\u1ed9 \u0111\u00e0m Motorola CP-1550Plus gi\u00e1 r\u1ebb<\/span><\/h2>\n<p><a href=\"https:\/\/bodamviet.com\/?product_cat=bo-dam-motorola\"><strong>B\u1ed9 \u0111\u00e0m Motorola CP-1550Plus<\/strong><\/a> l\u00e0 m\u1ed9t thi\u1ebft b\u1ecb li\u00ean l\u1ea1c v\u00f4 tuy\u1ebfn c\u1ea7m tay \u0111\u00e1ng tin c\u1eady v\u00e0 m\u1ea1nh m\u1ebd, \u0111\u01b0\u1ee3c thi\u1ebft k\u1ebf cho nhi\u1ec1u ng\u00e0nh c\u00f4ng nghi\u1ec7p kh\u00e1c nhau nh\u01b0 x\u00e2y d\u1ef1ng, an ninh, v\u00e0 d\u1ecbch v\u1ee5 c\u00f4ng c\u1ed9ng. V\u1edbi c\u00f4ng su\u1ea5t ph\u00e1t s\u00f3ng 5W, thi\u1ebft b\u1ecb n\u00e0y \u0111\u1ea3m b\u1ea3o ph\u1ea1m vi li\u00ean l\u1ea1c r\u1ed9ng v\u00e0 \u00e2m thanh r\u00f5 r\u00e0ng ngay c\u1ea3 trong m\u00f4i tr\u01b0\u1eddng nhi\u1ec1u nhi\u1ec5u<\/p>\n<p><strong>Motorola CP-1550Plus<\/strong> t\u00edch h\u1ee3p c\u00f4ng ngh\u1ec7 ch\u1ed1ng n\u01b0\u1edbc v\u00e0 b\u1ee5i IP54, gi\u00fap t\u0103ng \u0111\u1ed9 b\u1ec1n v\u00e0 tu\u1ed5i th\u1ecd trong c\u00e1c \u0111i\u1ec1u ki\u1ec7n l\u00e0m vi\u1ec7c kh\u1eafc nghi\u1ec7t. B\u1ed9 \u0111\u00e0m c\u00f2n c\u00f3 nhi\u1ec1u k\u00eanh li\u00ean l\u1ea1c, pin dung l\u01b0\u1ee3ng l\u1edbn, v\u00e0 th\u1eddi gian s\u1eed d\u1ee5ng d\u00e0i, \u0111\u00e1p \u1ee9ng nhu c\u1ea7u li\u00ean l\u1ea1c li\u00ean t\u1ee5c trong su\u1ed1t c\u1ea3 ng\u00e0y. Ngo\u00e0i ra, thi\u1ebft b\u1ecb n\u00e0y c\u0169ng d\u1ec5 d\u00e0ng s\u1eed d\u1ee5ng v\u1edbi giao di\u1ec7n th\u00e2n thi\u1ec7n v\u00e0 c\u00e1c ph\u00edm ch\u1ee9c n\u0103ng ti\u1ec7n l\u1ee3i.<\/p>\n<p><img loading=\"lazy\" decoding=\"async\" class=\"aligncenter wp-image-2324 size-full\" title=\"B\u1ed9 \u0110\u00e0m C\u1ea7m Tay Motorola CP-1550Plus | B\u1ed9 \u0110\u00e0m Vi\u1ec7t\" src=\"http:\/\/bodamviet.com\/wp-content\/uploads\/2018\/09\/kenwood-tk-3401.png\" alt=\"B\u1ed9 \u0110\u00e0m C\u1ea7m Tay Motorola CP-1550Plus | B\u1ed9 \u0110\u00e0m Vi\u1ec7t\" width=\"700\" height=\"525\" srcset=\"https:\/\/bodamviet.com\/wp-content\/uploads\/2018\/09\/kenwood-tk-3401.png 700w, https:\/\/bodamviet.com\/wp-content\/uploads\/2018\/09\/kenwood-tk-3401-600x450.png 600w\" sizes=\"auto, (max-width: 700px) 100vw, 700px\" \/><\/p>\n<h3><span style=\"color: #ff0000;\">Th\u00f4ng s\u1ed1 k\u1ef9 thu\u1eadt c\u1ee7a B\u1ed9 \u0111\u00e0m <strong>Motorola CP-1550Plus<\/strong><\/span><\/h3>\n<p>D\u1ea3i t\u1ea7n s\u1ed1: 136-174 MHz\/400-480MHz<br \/>\nNhi\u1ec7t \u0111\u1ed9 ho\u1ea1t \u0111\u1ed9ng: -20\u2103 \u0111\u1ebfn +55\u2103<br \/>\nK\u1ebft h\u1ee3p t\u1ea7n s\u1ed1: Kh\u00f3a t\u1ea7n s\u1ed1 t\u1ed5ng h\u1ee3p<br \/>\n\u0110\u1ed9 \u1ed5n \u0111\u1ecbnh t\u1ea7n s\u1ed1: \u00b12.5ppm<br \/>\nS\u1ed1 k\u00eanh nh\u1edb: 16<br \/>\n\u0110i\u1ec7n \u00e1p ho\u1ea1t \u0111\u1ed9ng: 3.7V<br \/>\nTr\u1edf kh\u00e1ng \u0103ng-ten: 50\u03a9<br \/>\nCh\u1ebf \u0111\u1ed9 ho\u1ea1t \u0111\u1ed9ng: \u0110\u01a1n gi\u1ea3n tr\u00ean t\u1ea7n s\u1ed1 \u0111\u1ed3ng ho\u1eb7c kh\u00e1c t\u1ea7n s\u1ed1<br \/>\nK\u00edch th\u01b0\u1edbc: 125*55<em>*<\/em>36mm<br \/>\nTr\u1ecdng l\u01b0\u1ee3ng: 0.45kg<\/p>\n<p><strong>PH\u1ea6N PH\u00c1T<\/strong><br \/>\nC\u00f4ng su\u1ea5t RF: 4W<br \/>\nCh\u1ebf \u0111\u1ed9 \u0111i\u1ec1u ch\u1ebf: F3E<br \/>\n\u0110\u1ed9 l\u1ec7ch t\u1ea7n s\u1ed1 t\u1ed1i \u0111a: \u22645KHz<br \/>\nB\u1ee9c x\u1ea1 s\u00f3ng c\u00f2n l\u1ea1i: \uff1c-60dB<br \/>\nD\u00f2ng \u0111i\u1ec7n ph\u00e1t: \u22641000mA<\/p>\n<p><strong>PH\u1ea6N THU<\/strong><br \/>\n\u0110\u1ed9 nh\u1ea1y: \uff1c0.20uV (12dB SINAD)<br \/>\n\u0110\u1ed9 nh\u1ea1y squelch: \uff1c0.20uV<br \/>\nKh\u1ea3 n\u0103ng ch\u1ed1ng nhi\u1ec5u li\u00ean k\u00eanh: 50dB<br \/>\nC\u00f4ng su\u1ea5t \u00e2m thanh \u0111\u1ea7u ra: 500mW<br \/>\nD\u00f2ng \u0111i\u1ec7n thu: \u2264100mA<br \/>\nD\u00f2ng ch\u1edd squelch: 20mA<\/p>\n<p><img loading=\"lazy\" decoding=\"async\" class=\"aligncenter wp-image-2618 size-full\" title=\"B\u1ed9 \u0110\u00e0m C\u1ea7m Tay Motorola CP-1550Plus | B\u1ed9 \u0110\u00e0m Vi\u1ec7t\" src=\"http:\/\/bodamviet.com\/wp-content\/uploads\/2023\/04\/0508_bovbm.jpg\" alt=\"B\u1ed9 \u0110\u00e0m C\u1ea7m Tay Motorola CP-1550Plus | B\u1ed9 \u0110\u00e0m Vi\u1ec7t\" width=\"1000\" height=\"400\" srcset=\"https:\/\/bodamviet.com\/wp-content\/uploads\/2023\/04\/0508_bovbm.jpg 1000w, https:\/\/bodamviet.com\/wp-content\/uploads\/2023\/04\/0508_bovbm-768x307.jpg 768w, https:\/\/bodamviet.com\/wp-content\/uploads\/2023\/04\/0508_bovbm-600x240.jpg 600w\" sizes=\"auto, (max-width: 1000px) 100vw, 1000px\" \/><\/p>\n<h2 class=\"product-name\"><span style=\"color: #ff0000;\">B\u1ed9 \u0111\u00e0m <strong>Motorola CP-1550Plus<\/strong><\/span><span style=\"color: #ff0000;\">\u00a0C\u00f3 S\u1eb5n Gi\u00e1 R\u1ebb Nh\u1ea5t T\u1ea1i Bodamviet<\/span><\/h2>\n<p><strong>TH\u00d4NG TIN LI\u00caN H\u1ec6<\/strong><\/p>\n<ul>\n<li>H\u00e3y ch\u00e1t ngay v\u1edbi nh\u00e2n vi\u00ean online c\u1ee7a ch\u00fang t\u00f4i t\u1eeb 8h00 t\u1edbi 19h t\u1ed1i \u0111\u1ec3 \u0111\u01b0\u1ee3c gi\u1ea3i \u0111\u00e1p mi\u1ec5n ph\u00ed c\u00e1c c\u00e2u h\u1ecfi th\u01b0\u1eddng g\u1eb7p<\/li>\n<li>Hotline: 098 809 8828 \/ 094 987 7728<\/li>\n<li>Website:\u00a0<a href=\"https:\/\/bodamviet.com\">https:\/\/bodamviet.com<\/a><\/li>\n<li>\u0110\u1ecba Ch\u1ec9: 184 \u0110. Nguy\u1ec5n Tu\u00e2n, Thanh Xu\u00e2n Trung, Thanh Xu\u00e2n, H\u00e0 N\u1ed9i<\/li>\n<li>Gi\u1edd m\u1edf c\u1eeda : 8h00 \u2013 22h00 H\u00e0ng ng\u00e0y \u2013 ( L\u00e0m c\u1ea3 Th\u1ee9 7 &amp; CN)<\/li>\n<\/ul>\n","protected":false},"excerpt":{"rendered":"<p><strong>B\u1ed9 \u0110\u00e0m Motorola CP-1550Plus <\/strong>c\u1ea7m n\u1eafm ch\u1eafc tay, tho\u1ea3i m\u00e1i khi s\u1eed d\u1ee5ng, th\u00edch h\u1ee3p v\u1edbi c\u00f4ng tr\u01b0\u1eddng x\u00e2y d\u1ef1ng, b\u1ea3o v\u1ec7 t\u00f2a nh\u00e0\u2026<\/p>\n<p>B\u1ed9 \u0110\u00e0m Motorola CP-1550Plus <strong>Nh\u1ecf \u2013 G\u1ecdn \u2013 Nh\u1eb9<\/strong>\u00a0d\u1ec5 d\u00e0ng s\u1eed d\u1ee5ng v\u00e0 thay th\u1ebf linh ki\u1ec7n.<\/p>\n<p><strong>CP-1550Plus<\/strong> : Kho\u1ea3ng c\u00e1ch li\u00ean l\u1ea1c 1 \u2013 4km T\u00f9y tr\u1ed1ng tho\u00e1ng; 5-25 t\u1ea7ng. Dung l\u01b0\u1ee3ng pin 3500Mah d\u00f9ng 20h<\/p>\n<p>S\u1ea3n xu\u1ea5t t\u1ea1i China; B\u1ea3o h\u00e0nh 24 th\u00e1ng th\u00e2n m\u00e1y; 06 th\u00e1ng pin x\u1ea1c<\/p>\n","protected":false},"featured_media":3194,"comment_status":"open","ping_status":"closed","template":"","meta":[],"product_cat":[442,413,411],"product_tag":[],"class_list":{"0":"post-3167","1":"product","2":"type-product","3":"status-publish","4":"has-post-thumbnail","6":"product_cat-bo-dam-motorola","7":"product_cat-bo-dam-bao-ve","8":"product_cat-bo-dam-cong-truong","10":"first","11":"instock","12":"sale","13":"shipping-taxable","14":"purchasable","15":"product-type-simple"},"_links":{"self":[{"href":"https:\/\/bodamviet.com\/index.php?rest_route=\/wp\/v2\/product\/3167","targetHints":{"allow":["GET"]}}],"collection":[{"href":"https:\/\/bodamviet.com\/index.php?rest_route=\/wp\/v2\/product"}],"about":[{"href":"https:\/\/bodamviet.com\/index.php?rest_route=\/wp\/v2\/types\/product"}],"replies":[{"embeddable":true,"href":"https:\/\/bodamviet.com\/index.php?rest_route=%2Fwp%2Fv2%2Fcomments&post=3167"}],"wp:featuredmedia":[{"embeddable":true,"href":"https:\/\/bodamviet.com\/index.php?rest_route=\/wp\/v2\/media\/3194"}],"wp:attachment":[{"href":"https:\/\/bodamviet.com\/index.php?rest_route=%2Fwp%2Fv2%2Fmedia&parent=3167"}],"wp:term":[{"taxonomy":"product_cat","embeddable":true,"href":"https:\/\/bodamviet.com\/index.php?rest_route=%2Fwp%2Fv2%2Fproduct_cat&post=3167"},{"taxonomy":"product_tag","embeddable":true,"href":"https:\/\/bodamviet.com\/index.php?rest_route=%2Fwp%2Fv2%2Fproduct_tag&post=3167"}],"curies":[{"name":"wp","href":"https:\/\/api.w.org\/{rel}","templated":true}]}}