{"id":3226,"date":"2024-08-14T10:57:35","date_gmt":"2024-08-14T03:57:35","guid":{"rendered":"https:\/\/bodamviet.com\/?post_type=product&#038;p=3226"},"modified":"2024-11-07T16:23:28","modified_gmt":"2024-11-07T09:23:28","slug":"bo-dam-kenwood-tk-3400","status":"publish","type":"product","link":"https:\/\/bodamviet.com\/?product=bo-dam-kenwood-tk-3400","title":{"rendered":"B\u1ed9 \u0110\u00e0m Kenwood TK-3400"},"content":{"rendered":"<h2 class=\"product-name\"><span style=\"color: #ff0000;\">B\u1ed9 \u0111\u00e0m Kenwood TK-3400 gi\u00e1 r\u1ebb<\/span><\/h2>\n<p><a href=\"https:\/\/bodamviet.com\/?product_cat=bo-dam-kenwood\"><strong>B\u1ed9 \u0111\u00e0m Kenwood TK-3400<\/strong><\/a> l\u00e0 m\u1ed9t thi\u1ebft b\u1ecb li\u00ean l\u1ea1c m\u1ea1nh m\u1ebd v\u00e0 b\u1ec1n b\u1ec9, \u0111\u01b0\u1ee3c thi\u1ebft k\u1ebf \u0111\u1eb7c bi\u1ec7t \u0111\u1ec3 \u0111\u00e1p \u1ee9ng nhu c\u1ea7u c\u1ee7a c\u00e1c \u0111\u1ed9i ng\u0169 l\u00e0m vi\u1ec7c trong nhi\u1ec1u m\u00f4i tr\u01b0\u1eddng kh\u00e1c nhau. S\u1ea3n ph\u1ea9m n\u00e0y n\u1ed5i b\u1eadt v\u1edbi kh\u1ea3 n\u0103ng truy\u1ec1n t\u1ea3i \u00e2m thanh r\u00f5 r\u00e0ng, gi\u00fap ng\u01b0\u1eddi d\u00f9ng duy tr\u00ec k\u1ebft n\u1ed1i hi\u1ec7u qu\u1ea3 trong su\u1ed1t qu\u00e1 tr\u00ecnh l\u00e0m vi\u1ec7c.<\/p>\n<p>V\u1edbi thi\u1ebft k\u1ebf ch\u1eafc ch\u1eafn v\u00e0 d\u1ec5 s\u1eed d\u1ee5ng, <strong>TK-3400<\/strong> l\u00e0 l\u1ef1a ch\u1ecdn l\u00fd t\u01b0\u1edfng cho nh\u1eefng ai c\u1ea7n m\u1ed9t c\u00f4ng c\u1ee5 li\u00ean l\u1ea1c \u0111\u00e1ng tin c\u1eady, d\u00f9 trong m\u00f4i tr\u01b0\u1eddng c\u00f4ng nghi\u1ec7p, x\u00e2y d\u1ef1ng, hay s\u1ef1 ki\u1ec7n. B\u1ed9 \u0111\u00e0m n\u00e0y gi\u00fap t\u1ed1i \u01b0u h\u00f3a quy tr\u00ecnh l\u00e0m vi\u1ec7c v\u00e0 \u0111\u1ea3m b\u1ea3o s\u1ef1 ph\u1ed1i h\u1ee3p nh\u1ecbp nh\u00e0ng gi\u1eefa c\u00e1c th\u00e0nh vi\u00ean trong nh\u00f3m<\/p>\n<p><img loading=\"lazy\" decoding=\"async\" class=\"aligncenter wp-image-3228\" title=\"B\u1ed9 \u0111\u00e0m Kenwood TK-3400 gi\u00e1 r\u1ebb | B\u1ed9 \u0110\u00e0m Vi\u1ec7t\" src=\"http:\/\/bodamviet.com\/wp-content\/uploads\/2024\/08\/Tk-3400.png\" alt=\"B\u1ed9 \u0111\u00e0m Kenwood TK-3400 gi\u00e1 r\u1ebb | B\u1ed9 \u0110\u00e0m Vi\u1ec7t\" width=\"800\" height=\"1068\" srcset=\"https:\/\/bodamviet.com\/wp-content\/uploads\/2024\/08\/Tk-3400.png 719w, https:\/\/bodamviet.com\/wp-content\/uploads\/2024\/08\/Tk-3400-600x801.png 600w\" sizes=\"auto, (max-width: 800px) 100vw, 800px\" \/><\/p>\n<h4><span style=\"color: #ff0000;\"><strong>Th\u00f4ng s\u1ed1 k\u1ef9 thu\u1eadt chung B\u1ed9 \u0111\u00e0m Kenwood TK-3400<\/strong><\/span><\/h4>\n<p>\u2013 D\u1ea3i t\u1ea7n s\u1ed1: 400-480MHz<\/p>\n<p>\u2013 Dung l\u01b0\u1ee3ng k\u00eanh: 16<\/p>\n<p>\u2013 Kho\u1ea3ng c\u00e1ch k\u00eanh: 25.0kHz \/ 12.5kHz<\/p>\n<p>\u2013 \u0110\u1ed9 \u1ed5n \u0111\u1ecbnh t\u1ea7n s\u1ed1: \u00b11.5ppm<\/p>\n<p>\u2013 Nhi\u1ec7t \u0111\u1ed9 l\u00e0m vi\u1ec7c: -20\u2103 ~ +60\u2103<\/p>\n<p>\u2013 Tr\u1edf kh\u00e1ng \u0103ng-ten: 50\u03a9<\/p>\n<p>\u2013 \u0110i\u1ec7n \u00e1p l\u00e0m vi\u1ec7c: 3.7V<\/p>\n<p>\u2013 K\u00edch th\u01b0\u1edbc (D\u00e0i * R\u1ed9ng * Cao): 118*55*34 mm<\/p>\n<p>\u2013 Tr\u1ecdng l\u01b0\u1ee3ng (bao g\u1ed3m pin v\u00e0 \u0103ng-ten): 252g<\/p>\n<p>\u2013 Pin: 2000mAh (Pin Lithium ion)<\/p>\n<h4><span style=\"color: #ff0000;\"><strong>Th\u00f4ng s\u1ed1 k\u1ef9 thu\u1eadt thu nh\u1eadn B\u1ed9 \u0111\u00e0m Kenwood TK-3400<\/strong><\/span><\/h4>\n<p>\u2013 \u0110\u1ed9 nh\u1ea1y thu: 0.15\u03bcV \/ 0.18\u03bcV<\/p>\n<p>\u2013 Ch\u1ecdn l\u1ecdc k\u00eanh li\u1ec1n k\u1ec1: 65dB \/ 55dB<\/p>\n<p>\u2013 Kh\u1ea3 n\u0103ng ch\u1ed1ng nhi\u1ec5u xuy\u00ean \u0111i\u1ec1u ch\u1ebf: 55dB<\/p>\n<p>\u2013 Ph\u1ea3n h\u1ed3i t\u1ea1p: \u226560dB<\/p>\n<p>\u2013 T\u1ef7 l\u1ec7 t\u00edn hi\u1ec7u tr\u00ean nhi\u1ec5u: 40dB \/ 35dB<\/p>\n<p>\u2013 C\u00f4ng su\u1ea5t \u00e2m thanh \u0111\u1ecbnh m\u1ee9c: \u2265600mW<\/p>\n<p>\u2013 \u0110\u1ed9 m\u00e9o \u00e2m thanh \u0111\u1ecbnh m\u1ee9c: \u22645%<\/p>\n<p>\u2013 Th\u00f4ng s\u1ed1 k\u1ef9 thu\u1eadt ph\u00e1t<\/p>\n<p>\u2013 C\u00f4ng su\u1ea5t ph\u00e1t: \u22648W<\/p>\n<p>\u2013 Ch\u1ebf \u0111\u1ed9 \u0111i\u1ec1u ch\u1ebf: 16K\u03a6F3E \/ 8K\u03a6F3E<\/p>\n<p>\u2013 Gi\u1edbi h\u1ea1n \u0111i\u1ec1u ch\u1ebf: \u22645kHz \/ \u00b12.5kHz<\/p>\n<p>\u2013 \u0110\u1ed9 m\u00e9o FM: \u22645%<\/p>\n<p>\u2013 FM d\u01b0: -45dB \/ -35dB<\/p>\n<p>\u2013 C\u00f4ng su\u1ea5t k\u00eanh li\u1ec1n k\u1ec1: -65dB \/ -55dB<\/p>\n<p>\u2013 B\u1ee9c x\u1ea1 v\u00e0 h\u00e0i: \u2264-36 dBm<\/p>\n<p><img loading=\"lazy\" decoding=\"async\" class=\"aligncenter wp-image-3089 size-full\" src=\"http:\/\/bodamviet.com\/wp-content\/uploads\/2024\/07\/anh-cam-dam.jpg\" alt=\"B\u1ed9 \u0111\u00e0m Kenwood TK-3400 gi\u00e1 r\u1ebb | B\u1ed9 \u0110\u00e0m Vi\u1ec7t\" width=\"720\" height=\"480\" srcset=\"https:\/\/bodamviet.com\/wp-content\/uploads\/2024\/07\/anh-cam-dam.jpg 720w, https:\/\/bodamviet.com\/wp-content\/uploads\/2024\/07\/anh-cam-dam-600x400.jpg 600w\" sizes=\"auto, (max-width: 720px) 100vw, 720px\" \/><\/p>\n<h4 class=\"product-name\"><span style=\"color: #ff0000;\">M\u00e1y B\u1ed9 \u0111\u00e0m Kenwood TK-3400 gi\u00e1 r\u1ebb | B\u1ed9 \u0110\u00e0m Vi\u1ec7t<\/span><span style=\"color: #ff0000;\">\u00a0C\u00f3 S\u1eb5n Gi\u00e1 R\u1ebb Nh\u1ea5t T\u1ea1i Bodamviet<\/span><\/h4>\n<p><strong>TH\u00d4NG TIN LI\u00caN H\u1ec6<\/strong><\/p>\n<ul>\n<li>H\u00e3y ch\u00e1t ngay v\u1edbi nh\u00e2n vi\u00ean online c\u1ee7a ch\u00fang t\u00f4i t\u1eeb 8h00 t\u1edbi 19h t\u1ed1i \u0111\u1ec3 \u0111\u01b0\u1ee3c gi\u1ea3i \u0111\u00e1p mi\u1ec5n ph\u00ed c\u00e1c c\u00e2u h\u1ecfi th\u01b0\u1eddng g\u1eb7p<\/li>\n<li>Hotline: 098 809 8828\u00a0 \/\u00a0 094 987 7728<\/li>\n<li>Website:\u00a0<a href=\"https:\/\/bodamviet.com\">https:\/\/bodamviet.com<\/a><\/li>\n<li>\u0110\u1ecba Ch\u1ec9: 184 \u0110. Nguy\u1ec5n Tu\u00e2n, Thanh Xu\u00e2n Trung, Thanh Xu\u00e2n, H\u00e0 N\u1ed9i<\/li>\n<li>Gi\u1edd m\u1edf c\u1eeda : 8h00 \u2013 22h00 H\u00e0ng ng\u00e0y \u2013 ( L\u00e0m c\u1ea3 Th\u1ee9 7 &amp; CN)<\/li>\n<\/ul>\n","protected":false},"excerpt":{"rendered":"<p><strong>M\u00e1y B\u1ed9 \u0111\u00e0m Kenwood TK-3400<\/strong>\u00a0gi\u00e1 R\u1ebb th\u00edch h\u1ee3p d\u00f9ng cho c\u00f4ng vi\u1ec7c th\u1eddi v\u1ee5, ng\u1eafn h\u1ea1n. M\u00e1y B\u1ed9 \u0111\u00e0m Kenwood TK-3400<strong>\u00a0Nh\u1ecf \u2013 G\u1ecdn \u2013 Nh\u1eb9<\/strong>\u00a0d\u1ec5 d\u00e0ng s\u1eed d\u1ee5ng v\u00e0 thay th\u1ebf linh ki\u1ec7n.<\/p>\n<p><strong>M\u00e1y B\u1ed9 \u0111\u00e0m Kenwood TK-3400<\/strong>: Kho\u1ea3ng c\u00e1ch li\u00ean l\u1ea1c 1-3km T\u00f9y tr\u1ed1ng tho\u00e1ng; 5 &#8211; 10\u00a0 t\u1ea7ng. Th\u1eddi gian \u0111\u00e0m tho\u1ea1i l\u00ean \u0111\u1ebfn 18 gi\u1edd, c\u00f3 th\u1ec3 k\u00e9o d\u00e0i h\u01a1n n\u1ebfu \u00edt li\u00ean l\u1ea1c.<\/p>\n<p>S\u1ea3n xu\u1ea5t T\u1ea1i China; B\u1ea3o h\u00e0nh 12 th\u00e1ng th\u00e2n m\u00e1y; 03 th\u00e1ng pin s\u1ea1c.<\/p>\n","protected":false},"featured_media":3227,"comment_status":"open","ping_status":"closed","template":"","meta":[],"product_cat":[451,437],"product_tag":[],"class_list":{"0":"post-3226","1":"product","2":"type-product","3":"status-publish","4":"has-post-thumbnail","6":"product_cat-bo-dam-gia-re","7":"product_cat-bo-dam-kenwood","9":"first","10":"instock","11":"sale","12":"shipping-taxable","13":"purchasable","14":"product-type-simple"},"_links":{"self":[{"href":"https:\/\/bodamviet.com\/index.php?rest_route=\/wp\/v2\/product\/3226","targetHints":{"allow":["GET"]}}],"collection":[{"href":"https:\/\/bodamviet.com\/index.php?rest_route=\/wp\/v2\/product"}],"about":[{"href":"https:\/\/bodamviet.com\/index.php?rest_route=\/wp\/v2\/types\/product"}],"replies":[{"embeddable":true,"href":"https:\/\/bodamviet.com\/index.php?rest_route=%2Fwp%2Fv2%2Fcomments&post=3226"}],"wp:featuredmedia":[{"embeddable":true,"href":"https:\/\/bodamviet.com\/index.php?rest_route=\/wp\/v2\/media\/3227"}],"wp:attachment":[{"href":"https:\/\/bodamviet.com\/index.php?rest_route=%2Fwp%2Fv2%2Fmedia&parent=3226"}],"wp:term":[{"taxonomy":"product_cat","embeddable":true,"href":"https:\/\/bodamviet.com\/index.php?rest_route=%2Fwp%2Fv2%2Fproduct_cat&post=3226"},{"taxonomy":"product_tag","embeddable":true,"href":"https:\/\/bodamviet.com\/index.php?rest_route=%2Fwp%2Fv2%2Fproduct_tag&post=3226"}],"curies":[{"name":"wp","href":"https:\/\/api.w.org\/{rel}","templated":true}]}}