{"id":3355,"date":"2024-08-28T09:45:39","date_gmt":"2024-08-28T02:45:39","guid":{"rendered":"https:\/\/bodamviet.com\/?post_type=product&#038;p=3355"},"modified":"2024-11-09T07:32:34","modified_gmt":"2024-11-09T00:32:34","slug":"bo-dam-motorola-c-3008-uhf","status":"publish","type":"product","link":"https:\/\/bodamviet.com\/?product=bo-dam-motorola-c-3008-uhf","title":{"rendered":"B\u1ed9 \u0110\u00e0m Motorola C-3008 UHF"},"content":{"rendered":"<h2 class=\"product-title product_title entry-title\"><span style=\"color: #ff0000;\">B\u1ed9 \u0110\u00e0m Motorola C-3008 UHF gi\u00e1 r\u1ebb<\/span><\/h2>\n<p><strong><a href=\"https:\/\/bodamviet.com\/?product_cat=bo-dam-motorola\">B\u00f4\u0323 \u0111a\u0300m Motorola C-3008 UHF<\/a><\/strong> ti\u00eau chu\u1ea9n IP54 \u0111\u01b0\u1ee3c trang b\u1ecb chip c\u00f4ng su\u1ea5t thu ph\u00e1t t\u00edn hi\u1ec7u l\u00ean \u0111\u1ebfn 10W v\u1edbi t\u1ea7n s\u1ed1 (UHF) cho kh\u1ea3 n\u0103ng li\u00ean l\u1ea1c \u1edf khu \u0111\u00f4 th\u1ecb nhi\u1ec1u nh\u00e0 \u1edf l\u00ean \u0111\u1ebfn 1-2 km, 10-20 t\u1ea7ng nh\u00e0 cao t\u1ea7ng, ngo\u1ea1i th\u00e0nh tr\u00ean 2-4km.<\/p>\n<p>M\u00e1y \u00a0\u0111\u01b0\u1ee3c trang b\u1ecb pin Li-ion dung l\u01b0\u1ee3ng cao 2100mAh cho th\u1eddi gian \u0111\u00e0m tho\u1ea1i l\u00ean \u0111\u1ebfn 20 n\u1ebfu b\u1ea1n \u00edt li\u00ean l\u1ea1c th\u1eddi gian \u0111\u00e0m tho\u1ea1i c\u00f3 th\u1ec3 k\u00e9o d\u00e0i h\u01a1n n\u1eefa.<\/p>\n<p>M\u00e1y \u0111\u01b0\u1ee3c trang b\u1ecb c\u1ed5ng c\u1eafm tai nghe 2.5mm v\u00e0 3.5mm c\u00f3 th\u1ec3 s\u1eed d\u1ee5ng chung v\u1edbi t\u1ea5t c\u1ea3 c\u00e1c d\u00f2ng tai nghe cao c\u1ea5p c\u1ee7a h\u00e3ng motorola,\u00a0 gi\u00fap cho b\u1ea1n s\u1eed d\u1ee5ng \u1edf m\u00f4i tr\u01b0\u1eddng nhi\u1ec1u ti\u1ebfng \u1ed3n nh\u01b0 nh\u00e0 m\u00e1y, c\u00f4ng tr\u01b0\u1eddng t\u1ed5 ch\u1ee9c s\u1ef1 ki\u1ec7n ho\u1eb7c Bar, Karaoke nghe \u0111\u01b0\u1ee3c \u00e2m thanh g\u1ecdi \u0111\u1ebfn c\u1ef1c trong v\u00e0 r\u00f5<\/p>\n<p><img loading=\"lazy\" decoding=\"async\" class=\"aligncenter wp-image-3343 size-full\" title=\"B\u1ed9 \u0111\u00e0m Motorola C-3008 UHF gi\u00e1 r\u1ebb | B\u1ed9 \u0110\u00e0m Vi\u1ec7t\" src=\"http:\/\/bodamviet.com\/wp-content\/uploads\/2024\/08\/Anhcamdam.jpg\" alt=\"B\u1ed9 \u0111\u00e0m Motorola C-3008 UHF gi\u00e1 r\u1ebb | B\u1ed9 \u0110\u00e0m Vi\u1ec7t\" width=\"940\" height=\"302\" srcset=\"https:\/\/bodamviet.com\/wp-content\/uploads\/2024\/08\/Anhcamdam.jpg 940w, https:\/\/bodamviet.com\/wp-content\/uploads\/2024\/08\/Anhcamdam-768x247.jpg 768w, https:\/\/bodamviet.com\/wp-content\/uploads\/2024\/08\/Anhcamdam-600x193.jpg 600w\" sizes=\"auto, (max-width: 940px) 100vw, 940px\" \/><\/p>\n<h4><span style=\"color: #ff0000;\"><strong>Th\u00f4ng s\u1ed1 k\u1ef9 thu\u1eadt B\u1ed9 \u0110\u00e0m Motorola C-3008 UHF<\/strong><\/span><\/h4>\n<p>S\u1eed d\u1ee5ng t\u1ea7n s\u1ed1 UHF 400-470mHz xuy\u00ean b\u00ea t\u00f4ng c\u1ef1c t\u1ed1t.<\/p>\n<p>S\u1ed1 k\u00eanh nh\u1edb: 16CH<\/p>\n<p>C\u00f4ng su\u1ea5t : 5W<\/p>\n<p>Pin Li-ion 7.4V dung l\u01b0\u1ee3ng cao 4200mAh d\u00f9ng li\u00ean t\u1ee5c 24 gi\u1edd<\/p>\n<p>Tr\u1ecdng l\u01b0\u1ee3ng 150g, k\u00edch th\u01b0\u1edbc 57x 118 x 28 mm \u00a0m\u00e1y r\u1ea5t ch\u1eafc ch\u1eafn, c\u1ea7m v\u1eeba tay<\/p>\n<p>Trang b\u1ecb CODE ch\u1ed1ng nhi\u1ec5u s\u00f3ng, l\u1eabn s\u00f3ng.<\/p>\n<p><img loading=\"lazy\" decoding=\"async\" class=\"aligncenter wp-image-3255 size-full\" title=\"B\u1ed9 \u0111\u00e0m Motorola C-3008 UHF gi\u00e1 r\u1ebb | B\u1ed9 \u0110\u00e0m Vi\u1ec7t\" src=\"http:\/\/bodamviet.com\/wp-content\/uploads\/2023\/11\/may-bo-dam-cho-cong-trinh-xay-dung.jpg\" alt=\"B\u1ed9 \u0111\u00e0m Motorola C-3008 UHF gi\u00e1 r\u1ebb | B\u1ed9 \u0110\u00e0m Vi\u1ec7t\" width=\"800\" height=\"576\" srcset=\"https:\/\/bodamviet.com\/wp-content\/uploads\/2023\/11\/may-bo-dam-cho-cong-trinh-xay-dung.jpg 800w, https:\/\/bodamviet.com\/wp-content\/uploads\/2023\/11\/may-bo-dam-cho-cong-trinh-xay-dung-768x553.jpg 768w, https:\/\/bodamviet.com\/wp-content\/uploads\/2023\/11\/may-bo-dam-cho-cong-trinh-xay-dung-600x432.jpg 600w\" sizes=\"auto, (max-width: 800px) 100vw, 800px\" \/><\/p>\n<h2 class=\"product-title product_title entry-title\"><span style=\"color: #ff0000;\">B\u1ed9 \u0111\u00e0m Motorola C-3008 UHF<\/span><span style=\"color: #ff0000;\"> C\u00f3 S\u1eb5n Gi\u00e1 R\u1ebb Nh\u1ea5t T\u1ea1i B\u1ed9 \u0110\u00e0m Vi\u1ec7t<\/span><\/h2>\n<p><strong>TH\u00d4NG TIN LI\u00caN H\u1ec6<\/strong><\/p>\n<ul>\n<li>H\u00e3y ch\u00e1t ngay v\u1edbi nh\u00e2n vi\u00ean online c\u1ee7a ch\u00fang t\u00f4i t\u1eeb 8h00 t\u1edbi 19h t\u1ed1i \u0111\u1ec3 \u0111\u01b0\u1ee3c gi\u1ea3i \u0111\u00e1p mi\u1ec5n ph\u00ed c\u00e1c c\u00e2u h\u1ecfi th\u01b0\u1eddng g\u1eb7p<\/li>\n<li>Hotline: 098 809 8828 \/ 094 987 7728<\/li>\n<li>Website:\u00a0<a href=\"https:\/\/bodamviet.com\">https:\/\/bodamviet.com<\/a><\/li>\n<li>\u0110\u1ecba Ch\u1ec9: 184 \u0110. Nguy\u1ec5n Tu\u00e2n, Thanh Xu\u00e2n Trung, Thanh Xu\u00e2n, H\u00e0 N\u1ed9i<\/li>\n<li>Gi\u1edd m\u1edf c\u1eeda : 8h00 \u2013 22h00 H\u00e0ng ng\u00e0y \u2013 ( L\u00e0m c\u1ea3 Th\u1ee9 7 &amp; CN)<\/li>\n<\/ul>\n","protected":false},"excerpt":{"rendered":"<p><strong>M\u00e1y B\u1ed9 \u0111\u00e0m Motorola C-3008 UHF<\/strong> gi\u00e1 R\u1ebb th\u00edch h\u1ee3p d\u00f9ng cho c\u00f4ng vi\u1ec7c th\u1eddi v\u1ee5, ng\u1eafn h\u1ea1n. M\u00e1y B\u1ed9 \u0111\u00e0m Motorola C-3008 UHF<strong>\u00a0Nh\u1ecf \u2013 G\u1ecdn \u2013 Nh\u1eb9<\/strong>\u00a0d\u1ec5 d\u00e0ng s\u1eed d\u1ee5ng v\u00e0 thay th\u1ebf linh ki\u1ec7n.<\/p>\n<p><strong>M\u00e1y B\u1ed9 \u0111\u00e0m Motorola C-3008 UHF:<\/strong> Kho\u1ea3ng c\u00e1ch li\u00ean l\u1ea1c 1-3km T\u00f9y tr\u1ed1ng tho\u00e1ng; 5-10 t\u1ea7ng. Th\u1eddi gian \u0111\u00e0m tho\u1ea1i l\u00ean \u0111\u1ebfn 12 gi\u1edd, c\u00f3 th\u1ec3 k\u00e9o d\u00e0i h\u01a1n n\u1ebfu \u00edt li\u00ean l\u1ea1c.<\/p>\n<p>S\u1ea3n xu\u1ea5t T\u1ea1i China; B\u1ea3o h\u00e0nh 12 th\u00e1ng th\u00e2n m\u00e1y; 03 th\u00e1ng pin s\u1ea1c.<\/p>\n","protected":false},"featured_media":3521,"comment_status":"open","ping_status":"closed","template":"","meta":[],"product_cat":[442],"product_tag":[],"class_list":{"0":"post-3355","1":"product","2":"type-product","3":"status-publish","4":"has-post-thumbnail","6":"product_cat-bo-dam-motorola","8":"first","9":"instock","10":"sale","11":"shipping-taxable","12":"purchasable","13":"product-type-simple"},"_links":{"self":[{"href":"https:\/\/bodamviet.com\/index.php?rest_route=\/wp\/v2\/product\/3355","targetHints":{"allow":["GET"]}}],"collection":[{"href":"https:\/\/bodamviet.com\/index.php?rest_route=\/wp\/v2\/product"}],"about":[{"href":"https:\/\/bodamviet.com\/index.php?rest_route=\/wp\/v2\/types\/product"}],"replies":[{"embeddable":true,"href":"https:\/\/bodamviet.com\/index.php?rest_route=%2Fwp%2Fv2%2Fcomments&post=3355"}],"wp:featuredmedia":[{"embeddable":true,"href":"https:\/\/bodamviet.com\/index.php?rest_route=\/wp\/v2\/media\/3521"}],"wp:attachment":[{"href":"https:\/\/bodamviet.com\/index.php?rest_route=%2Fwp%2Fv2%2Fmedia&parent=3355"}],"wp:term":[{"taxonomy":"product_cat","embeddable":true,"href":"https:\/\/bodamviet.com\/index.php?rest_route=%2Fwp%2Fv2%2Fproduct_cat&post=3355"},{"taxonomy":"product_tag","embeddable":true,"href":"https:\/\/bodamviet.com\/index.php?rest_route=%2Fwp%2Fv2%2Fproduct_tag&post=3355"}],"curies":[{"name":"wp","href":"https:\/\/api.w.org\/{rel}","templated":true}]}}